{"id":5910,"date":"2024-05-10T10:21:15","date_gmt":"2024-05-10T08:21:15","guid":{"rendered":"https:\/\/www.ferrisrl.it\/settori\/"},"modified":"2025-05-28T15:22:18","modified_gmt":"2025-05-28T13:22:18","slug":"sectors","status":"publish","type":"page","link":"https:\/\/ferrisrl.it\/en\/sectors\/?countries=USA","title":{"rendered":"Sectors"},"content":{"rendered":"\t\t<div data-elementor-type=\"wp-page\" data-elementor-id=\"5910\" class=\"elementor elementor-5910 elementor-1996\" data-elementor-post-type=\"page\">\n\t\t\t\t<div class=\"elementor-element elementor-element-991c5a8 e-flex e-con-boxed e-con e-parent\" data-id=\"991c5a8\" data-element_type=\"container\" data-settings=\"{&quot;background_background&quot;:&quot;classic&quot;}\">\n\t\t\t\t\t<div class=\"e-con-inner\">\n\t\t\t\t<div class=\"elementor-element elementor-element-4d7dd02 elementor-widget elementor-widget-heading\" data-id=\"4d7dd02\" data-element_type=\"widget\" data-widget_type=\"heading.default\">\n\t\t\t\t<div class=\"elementor-widget-container\">\n\t\t\t\t\t<p class=\"elementor-heading-title elementor-size-default\">Sectors<\/p>\t\t\t\t<\/div>\n\t\t\t\t<\/div>\n\t\t<div class=\"elementor-element elementor-element-8712f0d e-flex e-con-boxed e-con e-child\" data-id=\"8712f0d\" data-element_type=\"container\">\n\t\t\t\t\t<div class=\"e-con-inner\">\n\t\t\t\t<div class=\"elementor-element elementor-element-a5d0e62 elementor-widget elementor-widget-heading\" data-id=\"a5d0e62\" data-element_type=\"widget\" data-widget_type=\"heading.default\">\n\t\t\t\t<div class=\"elementor-widget-container\">\n\t\t\t\t\t<p class=\"elementor-heading-title elementor-size-default\"><a href=\"http:\/\/www.ferrisrl.it\/\">home<\/a><\/p>\t\t\t\t<\/div>\n\t\t\t\t<\/div>\n\t\t\t\t<div class=\"elementor-element elementor-element-79708b6 elementor-widget elementor-widget-heading\" data-id=\"79708b6\" data-element_type=\"widget\" data-widget_type=\"heading.default\">\n\t\t\t\t<div class=\"elementor-widget-container\">\n\t\t\t\t\t<p class=\"elementor-heading-title elementor-size-default\">\u25cb<\/p>\t\t\t\t<\/div>\n\t\t\t\t<\/div>\n\t\t\t\t<div class=\"elementor-element elementor-element-867fd0f elementor-widget elementor-widget-heading\" data-id=\"867fd0f\" data-element_type=\"widget\" data-widget_type=\"heading.default\">\n\t\t\t\t<div class=\"elementor-widget-container\">\n\t\t\t\t\t<p class=\"elementor-heading-title elementor-size-default\">Settori<\/p>\t\t\t\t<\/div>\n\t\t\t\t<\/div>\n\t\t\t\t\t<\/div>\n\t\t\t\t<\/div>\n\t\t\t\t\t<\/div>\n\t\t\t\t<\/div>\n\t\t<div class=\"elementor-element elementor-element-7943772 e-flex e-con-boxed e-con e-parent\" data-id=\"7943772\" data-element_type=\"container\">\n\t\t\t\t\t<div class=\"e-con-inner\">\n\t\t<div class=\"elementor-element elementor-element-6e47b83 e-con-full e-flex e-con e-child\" data-id=\"6e47b83\" data-element_type=\"container\">\n\t\t<div class=\"elementor-element elementor-element-19f38a0 e-con-full e-flex e-con e-child\" data-id=\"19f38a0\" data-element_type=\"container\">\n\t\t\t\t<div class=\"elementor-element elementor-element-88b19fb border elementor-widget elementor-widget-heading\" data-id=\"88b19fb\" data-element_type=\"widget\" id=\"pubblica-amministrazione\" data-widget_type=\"heading.default\">\n\t\t\t\t<div class=\"elementor-widget-container\">\n\t\t\t\t\t<p class=\"elementor-heading-title elementor-size-default\">Pubblica Amministrazione <br \/>\ne Municipalit\u00e0<\/p>\t\t\t\t<\/div>\n\t\t\t\t<\/div>\n\t\t\t\t<div class=\"elementor-element elementor-element-0044cca elementor-widget elementor-widget-text-editor\" data-id=\"0044cca\" data-element_type=\"widget\" data-widget_type=\"text-editor.default\">\n\t\t\t\t<div class=\"elementor-widget-container\">\n\t\t\t\t\t\t\t\t\t<p><strong>CERTIFICAZIONE<\/strong><br \/>Progettiamo e produciamo tutte le nostre attrezzature seguendo gli standard di qualit\u00e0 ISO 9001: 2021. Siamo certificati da Kiwa Cermet Italia, filiale del Kiwa Group, che \u00e8 uno dei pi\u00f9 prestigiosi organismi europei indipendenti e qualificati per la certificazione di conformit\u00e0 alle norme ISO.<\/p>\t\t\t\t\t\t\t\t<\/div>\n\t\t\t\t<\/div>\n\t\t\t\t<\/div>\n\t\t<div class=\"elementor-element elementor-element-536a323 e-flex e-con-boxed e-con e-child\" data-id=\"536a323\" data-element_type=\"container\">\n\t\t\t\t\t<div class=\"e-con-inner\">\n\t\t\t\t<div class=\"elementor-element elementor-element-3c11ffe elementor-widget elementor-widget-image\" data-id=\"3c11ffe\" data-element_type=\"widget\" data-widget_type=\"image.default\">\n\t\t\t\t<div class=\"elementor-widget-container\">\n\t\t\t\t\t\t\t\t\t\t\t\t\t\t\t<img fetchpriority=\"high\" decoding=\"async\" width=\"1000\" height=\"731\" src=\"https:\/\/ferrisrl.it\/wp-content\/uploads\/2024\/04\/TSKQF_1600_DIAPORAMA1.jpg\" class=\"attachment-full size-full wp-image-4576\" alt=\"\" srcset=\"https:\/\/ferrisrl.it\/wp-content\/uploads\/2024\/04\/TSKQF_1600_DIAPORAMA1.jpg 1000w, https:\/\/ferrisrl.it\/wp-content\/uploads\/2024\/04\/TSKQF_1600_DIAPORAMA1-300x219.jpg 300w, https:\/\/ferrisrl.it\/wp-content\/uploads\/2024\/04\/TSKQF_1600_DIAPORAMA1-768x561.jpg 768w, https:\/\/ferrisrl.it\/wp-content\/uploads\/2024\/04\/TSKQF_1600_DIAPORAMA1-600x439.jpg 600w\" sizes=\"(max-width: 1000px) 100vw, 1000px\" \/>\t\t\t\t\t\t\t\t\t\t\t\t\t\t\t<\/div>\n\t\t\t\t<\/div>\n\t\t\t\t\t<\/div>\n\t\t\t\t<\/div>\n\t\t\t\t<\/div>\n\t\t\t\t\t<\/div>\n\t\t\t\t<\/div>\n\t\t<div class=\"elementor-element elementor-element-418c448 e-flex e-con-boxed e-con e-parent\" data-id=\"418c448\" data-element_type=\"container\">\n\t\t\t\t\t<div class=\"e-con-inner\">\n\t\t<div class=\"elementor-element elementor-element-635dc45 e-con-full e-flex e-con e-child\" data-id=\"635dc45\" data-element_type=\"container\">\n\t\t<div class=\"elementor-element elementor-element-60b0c21 e-con-full e-flex e-con e-child\" data-id=\"60b0c21\" data-element_type=\"container\">\n\t\t\t\t<div class=\"elementor-element elementor-element-0e5f4bd elementor-widget elementor-widget-heading\" data-id=\"0e5f4bd\" data-element_type=\"widget\" id=\"utilizzatore\" data-widget_type=\"heading.default\">\n\t\t\t\t<div class=\"elementor-widget-container\">\n\t\t\t\t\t<p class=\"elementor-heading-title elementor-size-default\">Utilizzatore<\/p>\t\t\t\t<\/div>\n\t\t\t\t<\/div>\n\t\t\t\t<div class=\"elementor-element elementor-element-c206c20 elementor-widget elementor-widget-text-editor\" data-id=\"c206c20\" data-element_type=\"widget\" data-widget_type=\"text-editor.default\">\n\t\t\t\t<div class=\"elementor-widget-container\">\n\t\t\t\t\t\t\t\t\t<p><strong>ASSISTENZA<\/strong><br \/>L\u2019azienda non deve avere come unico obiettivo quello della vendita. Ancor pi\u00f9 importante \u00e8 la soddisfazione del Cliente! Questo obiettivo lo si raggiunge in svariati modi: qualit\u00e0 dei prodotti, valida rete distributiva, reperibilit\u00e0 dei ricambi, ecc. Tra questi valori un efficiente servizio post-vendita, gestito da personale qualificato, \u00e8 il pi\u00f9 importante contributo che l\u2019azienda pu\u00f2 fornire ai propri Clienti. <br \/>Abbiamo investito risorse umane e materiali, tali da garantire al nostro Cliente la certezza di avere sempre a fianco una ditta amica. Il personale di assistenza FERRI \u00e8 costituito da tecnici altamente qualificati e costantemente aggiornato sulle tecnologie in continua evoluzione e sulle tecniche di assistenza.<\/p>\t\t\t\t\t\t\t\t<\/div>\n\t\t\t\t<\/div>\n\t\t\t\t<div class=\"elementor-element elementor-element-79ed15d link_red elementor-widget elementor-widget-text-editor\" data-id=\"79ed15d\" data-element_type=\"widget\" data-widget_type=\"text-editor.default\">\n\t\t\t\t<div class=\"elementor-widget-container\">\n\t\t\t\t\t\t\t\t\t<p><strong>Servizio post-vendita:<\/strong><\/p><p>Tel.: <a href=\"tel:+390532866866\">+39 0532 866866<\/a> <br \/>Fax: <a href=\"fax:+390532866851\">+39 0532 866851<\/a> <br \/>Email: <a href=\"mailto:service@ferrisrl.it\">service@ferrisrl.it<\/a><\/p>\t\t\t\t\t\t\t\t<\/div>\n\t\t\t\t<\/div>\n\t\t\t\t<\/div>\n\t\t\t\t<\/div>\n\t\t\t\t\t<\/div>\n\t\t\t\t<\/div>\n\t\t<div class=\"elementor-element elementor-element-c36acd6 e-flex e-con-boxed e-con e-parent\" data-id=\"c36acd6\" data-element_type=\"container\" data-settings=\"{&quot;background_background&quot;:&quot;classic&quot;}\">\n\t\t\t\t\t<div class=\"e-con-inner\">\n\t\t\t\t<div class=\"elementor-element elementor-element-bacd19b remove_br elementor-widget elementor-widget-heading\" data-id=\"bacd19b\" data-element_type=\"widget\" id=\"rivenditore\" data-widget_type=\"heading.default\">\n\t\t\t\t<div class=\"elementor-widget-container\">\n\t\t\t\t\t<p class=\"elementor-heading-title elementor-size-default\">Rivenditore<\/p>\t\t\t\t<\/div>\n\t\t\t\t<\/div>\n\t\t\t\t<div class=\"elementor-element elementor-element-b0ff29f remove_br link elementor-widget elementor-widget-text-editor\" data-id=\"b0ff29f\" data-element_type=\"widget\" data-widget_type=\"text-editor.default\">\n\t\t\t\t<div class=\"elementor-widget-container\">\n\t\t\t\t\t\t\t\t\t<p><strong>BACK OFFICE COMMERCIALE<\/strong><\/p><p>Sosteniamo la nostra rete distributiva con un back office dedicato, organizato con personale qualificato, <br \/>di esperienza e poliglota (italiano, inglese, francese, tedesco e spagnolo).<\/p>\t\t\t\t\t\t\t\t<\/div>\n\t\t\t\t<\/div>\n\t\t\t\t<div class=\"elementor-element elementor-element-2d411a0 link elementor-widget elementor-widget-text-editor\" data-id=\"2d411a0\" data-element_type=\"widget\" data-widget_type=\"text-editor.default\">\n\t\t\t\t<div class=\"elementor-widget-container\">\n\t\t\t\t\t\t\t\t\t<p><strong>Back Office Commerciale:<\/strong><\/p><p>Tel.: <a href=\"tel:+3940532866866\">+39 0532866866<\/a> <br \/>Email: <a href=\"mailto:info@ferrisrl.it\">info@ferrisrl.it<\/a><\/p>\t\t\t\t\t\t\t\t<\/div>\n\t\t\t\t<\/div>\n\t\t\t\t<div class=\"elementor-element elementor-element-4c4d759 remove_br link elementor-widget elementor-widget-text-editor\" data-id=\"4c4d759\" data-element_type=\"widget\" data-widget_type=\"text-editor.default\">\n\t\t\t\t<div class=\"elementor-widget-container\">\n\t\t\t\t\t\t\t\t\t<p><strong>POST VENDITA<\/strong><\/p><p>Mettiamo a disposizione un efficiente servizio post-vendita multilingue, gestito da personale <br \/>altamente qualificato e dedicato, affiancati da tecnici specializazti e costantemente <br \/>aggiornati sulle tecnologie in continua evoluzione.<\/p>\t\t\t\t\t\t\t\t<\/div>\n\t\t\t\t<\/div>\n\t\t\t\t<div class=\"elementor-element elementor-element-fc80c30 link elementor-widget elementor-widget-text-editor\" data-id=\"fc80c30\" data-element_type=\"widget\" data-widget_type=\"text-editor.default\">\n\t\t\t\t<div class=\"elementor-widget-container\">\n\t\t\t\t\t\t\t\t\t<p><strong>Servizio post-vendita:<\/strong><\/p><p>Tel.: <a href=\"tel:+390532866866\">+39 0532 866866<\/a> <br \/>Fax: <a href=\"fax:+390532866851\">+39 0532 866851<\/a> <br \/>Email: <a href=\"mailto:service@ferrisrl.it\">service@ferrisrl.it<\/a><\/p>\t\t\t\t\t\t\t\t<\/div>\n\t\t\t\t<\/div>\n\t\t\t\t<div class=\"elementor-element elementor-element-a1c1329 link elementor-widget elementor-widget-text-editor\" data-id=\"a1c1329\" data-element_type=\"widget\" data-widget_type=\"text-editor.default\">\n\t\t\t\t<div class=\"elementor-widget-container\">\n\t\t\t\t\t\t\t\t\t<p><strong>RICAMBI<\/strong><\/p>\t\t\t\t\t\t\t\t<\/div>\n\t\t\t\t<\/div>\n\t\t\t\t<div class=\"elementor-element elementor-element-9e4b0b7 link remove_br elementor-widget elementor-widget-text-editor\" data-id=\"9e4b0b7\" data-element_type=\"widget\" data-widget_type=\"text-editor.default\">\n\t\t\t\t<div class=\"elementor-widget-container\">\n\t\t\t\t\t\t\t\t\t<p>I nostri ricambi originali FERRI sono garantiti fino a <br \/>10 anni dopo l&#8217;uscita di produzione del modello di macchine. <br \/>I distributori FERRI sono in grado di offrire ai Clienti tutte <br \/>le conoscenze, l\u2019assistenza qualificata e gli accessori di cui necessitano.<br \/>Come procedere per effettuare l&#8217;ordinazione delle parti di ricambio:<\/p><p>LINK PAGINA RICAMBI VS MODULO<\/p>\t\t\t\t\t\t\t\t<\/div>\n\t\t\t\t<\/div>\n\t\t\t\t\t<\/div>\n\t\t\t\t<\/div>\n\t\t\t\t<\/div>\n\t\t","protected":false},"excerpt":{"rendered":"","protected":false},"author":1,"featured_media":0,"parent":0,"menu_order":0,"comment_status":"closed","ping_status":"closed","template":"pagine\/settori.php","meta":{"_acf_changed":false,"inline_featured_image":false,"footnotes":""},"class_list":["post-5910","page","type-page","status-publish","hentry"],"acf":[],"_links":{"self":[{"href":"https:\/\/ferrisrl.it\/en\/wp-json\/wp\/v2\/pages\/5910","targetHints":{"allow":["GET"]}}],"collection":[{"href":"https:\/\/ferrisrl.it\/en\/wp-json\/wp\/v2\/pages"}],"about":[{"href":"https:\/\/ferrisrl.it\/en\/wp-json\/wp\/v2\/types\/page"}],"author":[{"embeddable":true,"href":"https:\/\/ferrisrl.it\/en\/wp-json\/wp\/v2\/users\/1"}],"replies":[{"embeddable":true,"href":"https:\/\/ferrisrl.it\/en\/wp-json\/wp\/v2\/comments?post=5910"}],"version-history":[{"count":10,"href":"https:\/\/ferrisrl.it\/en\/wp-json\/wp\/v2\/pages\/5910\/revisions"}],"predecessor-version":[{"id":8750,"href":"https:\/\/ferrisrl.it\/en\/wp-json\/wp\/v2\/pages\/5910\/revisions\/8750"}],"wp:attachment":[{"href":"https:\/\/ferrisrl.it\/en\/wp-json\/wp\/v2\/media?parent=5910"}],"curies":[{"name":"wp","href":"https:\/\/api.w.org\/{rel}","templated":true}]}}