{"id":7766,"date":"2024-07-16T11:19:09","date_gmt":"2024-07-16T09:19:09","guid":{"rendered":"http:\/\/www.ferrisrl.it\/prodotto\/tsf-600-unimog\/"},"modified":"2025-06-09T15:59:34","modified_gmt":"2025-06-09T13:59:34","slug":"tsf-600-unimog","status":"publish","type":"product","link":"https:\/\/ferrisrl.it\/en\/product\/tsf-600-unimog\/?countries=Italia","title":{"rendered":"TSF 600 Unimog"},"content":{"rendered":"<p>Il braccio decespugliatore frontale Ferri TSF 600U \u00e8 stato progettato per essere applicato specificatamente sul porta-attrezzi Unimog agganciato alla piastra anteriore. \u00c8 realizzato in tubolare in acciaio di alta qualit\u00e0 permettendo cos\u00ec una elevata robustezza ed un peso contenuto.<\/p>\n","protected":false},"excerpt":{"rendered":"<p>Il braccio decespugliatore frontale Ferri TSF 600U \u00e8 stato progettato per essere applicato specificatamente sul porta-attrezzi Unimog agganciato alla piastra anteriore. \u00c8 realizzato in tubolare in acciaio di alta qualit\u00e0 permettendo cos\u00ec una elevata robustezza ed un peso contenuto.<\/p>\n","protected":false},"featured_media":4510,"template":"","meta":{"_acf_changed":false,"inline_featured_image":false},"product_brand":[],"product_cat":[54],"product_tag":[92],"class_list":{"0":"post-7766","1":"product","2":"type-product","3":"status-publish","4":"has-post-thumbnail","6":"product_cat-unimog-reach-mowers","7":"product_tag-tsf600","9":"first","10":"instock","11":"shipping-taxable","12":"product-type-simple"},"acf":[],"_links":{"self":[{"href":"https:\/\/ferrisrl.it\/en\/wp-json\/wp\/v2\/product\/7766","targetHints":{"allow":["GET"]}}],"collection":[{"href":"https:\/\/ferrisrl.it\/en\/wp-json\/wp\/v2\/product"}],"about":[{"href":"https:\/\/ferrisrl.it\/en\/wp-json\/wp\/v2\/types\/product"}],"wp:featuredmedia":[{"embeddable":true,"href":"https:\/\/ferrisrl.it\/en\/wp-json\/wp\/v2\/media\/4510"}],"wp:attachment":[{"href":"https:\/\/ferrisrl.it\/en\/wp-json\/wp\/v2\/media?parent=7766"}],"wp:term":[{"taxonomy":"product_brand","embeddable":true,"href":"https:\/\/ferrisrl.it\/en\/wp-json\/wp\/v2\/product_brand?post=7766"},{"taxonomy":"product_cat","embeddable":true,"href":"https:\/\/ferrisrl.it\/en\/wp-json\/wp\/v2\/product_cat?post=7766"},{"taxonomy":"product_tag","embeddable":true,"href":"https:\/\/ferrisrl.it\/en\/wp-json\/wp\/v2\/product_tag?post=7766"}],"curies":[{"name":"wp","href":"https:\/\/api.w.org\/{rel}","templated":true}]}}