{"id":6232,"date":"2024-06-07T12:45:36","date_gmt":"2024-06-07T10:45:36","guid":{"rendered":"http:\/\/www.ferrisrl.it\/prodotti-forestali\/"},"modified":"2025-06-05T14:26:44","modified_gmt":"2025-06-05T12:26:44","slug":"produits-forestiers","status":"publish","type":"page","link":"https:\/\/ferrisrl.it\/fr\/produits-forestiers\/?countries=Usa\/2\/4\/3\/3\/","title":{"rendered":"Produits &#8211; forestiers"},"content":{"rendered":"\t\t<div data-elementor-type=\"wp-page\" data-elementor-id=\"6232\" class=\"elementor elementor-6232 elementor-2521\" data-elementor-post-type=\"page\">\n\t\t\t\t<div class=\"elementor-element elementor-element-e459276 e-flex e-con-boxed e-con e-parent\" data-id=\"e459276\" data-element_type=\"container\">\n\t\t\t\t\t<div class=\"e-con-inner\">\n\t\t<div class=\"elementor-element elementor-element-3dbd17d e-con-full e-flex e-con e-child\" data-id=\"3dbd17d\" data-element_type=\"container\">\n\t\t\t\t<div class=\"elementor-element elementor-element-0f94d78 elementor-widget elementor-widget-heading\" data-id=\"0f94d78\" data-element_type=\"widget\" data-widget_type=\"heading.default\">\n\t\t\t\t<div class=\"elementor-widget-container\">\n\t\t\t\t\t<h2 class=\"elementor-heading-title elementor-size-default\"> Forestiers\n<\/h2>\t\t\t\t<\/div>\n\t\t\t\t<\/div>\n\t\t\t\t<\/div>\n\t\t<div class=\"elementor-element elementor-element-00d4407 e-con-full e-flex e-con e-child\" data-id=\"00d4407\" data-element_type=\"container\">\n\t\t<div class=\"elementor-element elementor-element-fe6ff7e e-flex e-con-boxed e-con e-child\" data-id=\"fe6ff7e\" data-element_type=\"container\">\n\t\t\t\t\t<div class=\"e-con-inner\">\n\t\t\t\t<div class=\"elementor-element elementor-element-72cc159 elementor-widget elementor-widget-heading\" data-id=\"72cc159\" data-element_type=\"widget\" data-widget_type=\"heading.default\">\n\t\t\t\t<div class=\"elementor-widget-container\">\n\t\t\t\t\t<p class=\"elementor-heading-title elementor-size-default\"><a href=\"http:\/\/www.ferrisrl.it\/\">home<\/a><\/p>\t\t\t\t<\/div>\n\t\t\t\t<\/div>\n\t\t\t\t<div class=\"elementor-element elementor-element-a8e66ae elementor-widget elementor-widget-heading\" data-id=\"a8e66ae\" data-element_type=\"widget\" data-widget_type=\"heading.default\">\n\t\t\t\t<div class=\"elementor-widget-container\">\n\t\t\t\t\t<p class=\"elementor-heading-title elementor-size-default\">\u25cb<\/p>\t\t\t\t<\/div>\n\t\t\t\t<\/div>\n\t\t\t\t<div class=\"elementor-element elementor-element-7e2868e elementor-widget elementor-widget-heading\" data-id=\"7e2868e\" data-element_type=\"widget\" data-widget_type=\"heading.default\">\n\t\t\t\t<div class=\"elementor-widget-container\">\n\t\t\t\t\t<p class=\"elementor-heading-title elementor-size-default\">produits<\/p>\t\t\t\t<\/div>\n\t\t\t\t<\/div>\n\t\t\t\t<div class=\"elementor-element elementor-element-e5cf076 elementor-widget elementor-widget-heading\" data-id=\"e5cf076\" data-element_type=\"widget\" data-widget_type=\"heading.default\">\n\t\t\t\t<div class=\"elementor-widget-container\">\n\t\t\t\t\t<p class=\"elementor-heading-title elementor-size-default\">\u25cb<\/p>\t\t\t\t<\/div>\n\t\t\t\t<\/div>\n\t\t\t\t<div class=\"elementor-element elementor-element-d430042 elementor-widget elementor-widget-heading\" data-id=\"d430042\" data-element_type=\"widget\" data-widget_type=\"heading.default\">\n\t\t\t\t<div class=\"elementor-widget-container\">\n\t\t\t\t\t<p class=\"elementor-heading-title elementor-size-default\">FORESTIER<\/p>\t\t\t\t<\/div>\n\t\t\t\t<\/div>\n\t\t\t\t\t<\/div>\n\t\t\t\t<\/div>\n\t\t\t\t<\/div>\n\t\t<div class=\"elementor-element elementor-element-3bedf8d e-con-full e-flex e-con e-child\" data-id=\"3bedf8d\" data-element_type=\"container\">\n\t\t\t\t<div class=\"elementor-element elementor-element-77892a5 no_br_desk elementor-widget elementor-widget-text-editor\" data-id=\"77892a5\" data-element_type=\"widget\" data-widget_type=\"text-editor.default\">\n\t\t\t\t<div class=\"elementor-widget-container\">\n\t\t\t\t\t\t\t\t\tProduits destin\u00e9s \u00e0 l&rsquo;entretien professionnel des for\u00eats, des zones non cultiv\u00e9es et des maquis, \u00e0 la cr\u00e9ation et \u00e0 l&rsquo;entretien des chemins coupe-feu, des talus et des voies ferr\u00e9es contamin\u00e9s par la v\u00e9g\u00e9tation.\n\t\t\t\t\t\t\t\t<\/div>\n\t\t\t\t<\/div>\n\t\t\t\t<\/div>\n\t\t\t\t\t<\/div>\n\t\t\t\t<\/div>\n\t\t<div class=\"elementor-element elementor-element-3ea3207 box_product e-flex e-con-boxed e-con e-parent\" data-id=\"3ea3207\" data-element_type=\"container\" data-settings=\"{&quot;background_background&quot;:&quot;gradient&quot;}\">\n\t\t\t\t\t<div class=\"e-con-inner\">\n\t\t<div class=\"elementor-element elementor-element-7d175a2 e-con-full e-flex e-con e-child\" data-id=\"7d175a2\" data-element_type=\"container\">\n\t\t<div class=\"elementor-element elementor-element-faaa9c9 e-flex e-con-boxed e-con e-child\" data-id=\"faaa9c9\" data-element_type=\"container\">\n\t\t\t\t\t<div class=\"e-con-inner\">\n\t\t\t\t<div class=\"elementor-element elementor-element-55899f0 elementor-widget elementor-widget-heading\" data-id=\"55899f0\" data-element_type=\"widget\" data-widget_type=\"heading.default\">\n\t\t\t\t<div class=\"elementor-widget-container\">\n\t\t\t\t\t<p class=\"elementor-heading-title elementor-size-default\">Broyeurs forestiers\n<\/p>\t\t\t\t<\/div>\n\t\t\t\t<\/div>\n\t\t\t\t<div class=\"elementor-element elementor-element-486e8b5 no_br_desk elementor-widget elementor-widget-text-editor\" data-id=\"486e8b5\" data-element_type=\"widget\" data-widget_type=\"text-editor.default\">\n\t\t\t\t<div class=\"elementor-widget-container\">\n\t\t\t\t\t\t\t\t\tNos broyeurs forestiers sont con\u00e7us pour broyer des branches, des arbustes d&rsquo;un diam\u00e8tre de 20 cm \u00e0 40 cm. Mont\u00e9s de mani\u00e8re optimale sur les tracteurs pour l&rsquo;entretien des espaces verts non cultiv\u00e9s et des broussailles.\n\t\t\t\t\t\t\t\t<\/div>\n\t\t\t\t<\/div>\n\t\t\t\t<div class=\"elementor-element elementor-element-3c1003b elementor-widget elementor-widget-button\" data-id=\"3c1003b\" data-element_type=\"widget\" data-widget_type=\"button.default\">\n\t\t\t\t<div class=\"elementor-widget-container\">\n\t\t\t\t\t\t\t\t\t<div class=\"elementor-button-wrapper\">\n\t\t\t\t\t<a class=\"elementor-button elementor-button-link elementor-size-sm\" href=\"https:\/\/www.ferrisrl.it\/fr\/broyeurs-forestiers\">\n\t\t\t\t\t\t<span class=\"elementor-button-content-wrapper\">\n\t\t\t\t\t\t<span class=\"elementor-button-icon\">\n\t\t\t\t<svg aria-hidden=\"true\" class=\"e-font-icon-svg e-fas-chevron-right\" viewBox=\"0 0 320 512\" xmlns=\"http:\/\/www.w3.org\/2000\/svg\"><path d=\"M285.476 272.971L91.132 467.314c-9.373 9.373-24.569 9.373-33.941 0l-22.667-22.667c-9.357-9.357-9.375-24.522-.04-33.901L188.505 256 34.484 101.255c-9.335-9.379-9.317-24.544.04-33.901l22.667-22.667c9.373-9.373 24.569-9.373 33.941 0L285.475 239.03c9.373 9.372 9.373 24.568.001 33.941z\"><\/path><\/svg>\t\t\t<\/span>\n\t\t\t\t\t\t\t\t\t<span class=\"elementor-button-text\">D\u00e9couvrez nos broyeurs forestiers<\/span>\n\t\t\t\t\t<\/span>\n\t\t\t\t\t<\/a>\n\t\t\t\t<\/div>\n\t\t\t\t\t\t\t\t<\/div>\n\t\t\t\t<\/div>\n\t\t\t\t\t<\/div>\n\t\t\t\t<\/div>\n\t\t\t\t<\/div>\n\t\t<div class=\"elementor-element elementor-element-c639874 box_img e-flex e-con-boxed e-con e-child\" data-id=\"c639874\" data-element_type=\"container\">\n\t\t\t\t\t<div class=\"e-con-inner\">\n\t\t\t\t<div class=\"elementor-element elementor-element-a86d25b hov_image_prod elementor-widget elementor-widget-image\" data-id=\"a86d25b\" data-element_type=\"widget\" data-widget_type=\"image.default\">\n\t\t\t\t<div class=\"elementor-widget-container\">\n\t\t\t\t\t\t\t\t\t\t\t\t\t\t\t\t<a href=\"#\">\n\t\t\t\t\t\t\t<img fetchpriority=\"high\" decoding=\"async\" width=\"2560\" height=\"1920\" src=\"https:\/\/ferrisrl.it\/wp-content\/uploads\/2024\/04\/TFCDTF_2200_DIAPORAMA1-scaled.jpg\" class=\"attachment-full size-full wp-image-6568\" alt=\"\" srcset=\"https:\/\/ferrisrl.it\/wp-content\/uploads\/2024\/04\/TFCDTF_2200_DIAPORAMA1-scaled.jpg 2560w, https:\/\/ferrisrl.it\/wp-content\/uploads\/2024\/04\/TFCDTF_2200_DIAPORAMA1-300x225.jpg 300w, https:\/\/ferrisrl.it\/wp-content\/uploads\/2024\/04\/TFCDTF_2200_DIAPORAMA1-1024x768.jpg 1024w, https:\/\/ferrisrl.it\/wp-content\/uploads\/2024\/04\/TFCDTF_2200_DIAPORAMA1-768x576.jpg 768w, https:\/\/ferrisrl.it\/wp-content\/uploads\/2024\/04\/TFCDTF_2200_DIAPORAMA1-1536x1152.jpg 1536w, https:\/\/ferrisrl.it\/wp-content\/uploads\/2024\/04\/TFCDTF_2200_DIAPORAMA1-2048x1536.jpg 2048w, https:\/\/ferrisrl.it\/wp-content\/uploads\/2024\/04\/TFCDTF_2200_DIAPORAMA1-600x450.jpg 600w\" sizes=\"(max-width: 2560px) 100vw, 2560px\" \/>\t\t\t\t\t\t\t\t<\/a>\n\t\t\t\t\t\t\t\t\t\t\t\t\t\t\t<\/div>\n\t\t\t\t<\/div>\n\t\t\t\t<div class=\"elementor-element elementor-element-16ae016 elementor-absolute icon elementor-widget elementor-widget-image\" data-id=\"16ae016\" data-element_type=\"widget\" data-settings=\"{&quot;_position&quot;:&quot;absolute&quot;}\" data-widget_type=\"image.default\">\n\t\t\t\t<div class=\"elementor-widget-container\">\n\t\t\t\t\t\t\t\t\t\t\t\t\t\t\t\t<a href=\"#\">\n\t\t\t\t\t\t\t<img decoding=\"async\" width=\"88\" height=\"88\" src=\"https:\/\/ferrisrl.it\/wp-content\/uploads\/2024\/03\/esplora_eventi.png\" class=\"attachment-full size-full wp-image-6178\" alt=\"\" \/>\t\t\t\t\t\t\t\t<\/a>\n\t\t\t\t\t\t\t\t\t\t\t\t\t\t\t<\/div>\n\t\t\t\t<\/div>\n\t\t\t\t\t<\/div>\n\t\t\t\t<\/div>\n\t\t\t\t\t<\/div>\n\t\t\t\t<\/div>\n\t\t\t\t<\/div>\n\t\t","protected":false},"excerpt":{"rendered":"<p>Forestiers home \u25cb produits \u25cb FORESTIER Produits destin\u00e9s \u00e0 l&rsquo;entretien professionnel des for\u00eats, des zones non cultiv\u00e9es et des maquis, \u00e0 la cr\u00e9ation et \u00e0 l&rsquo;entretien des chemins coupe-feu, des talus et des voies ferr\u00e9es contamin\u00e9s par la v\u00e9g\u00e9tation. Broyeurs forestiers Nos broyeurs forestiers sont con\u00e7us pour broyer des branches, des arbustes d&rsquo;un diam\u00e8tre de [&hellip;]<\/p>\n","protected":false},"author":2,"featured_media":0,"parent":0,"menu_order":0,"comment_status":"closed","ping_status":"closed","template":"","meta":{"_acf_changed":false,"inline_featured_image":false,"footnotes":""},"class_list":["post-6232","page","type-page","status-publish","hentry"],"acf":[],"_links":{"self":[{"href":"https:\/\/ferrisrl.it\/fr\/wp-json\/wp\/v2\/pages\/6232","targetHints":{"allow":["GET"]}}],"collection":[{"href":"https:\/\/ferrisrl.it\/fr\/wp-json\/wp\/v2\/pages"}],"about":[{"href":"https:\/\/ferrisrl.it\/fr\/wp-json\/wp\/v2\/types\/page"}],"author":[{"embeddable":true,"href":"https:\/\/ferrisrl.it\/fr\/wp-json\/wp\/v2\/users\/2"}],"replies":[{"embeddable":true,"href":"https:\/\/ferrisrl.it\/fr\/wp-json\/wp\/v2\/comments?post=6232"}],"version-history":[{"count":13,"href":"https:\/\/ferrisrl.it\/fr\/wp-json\/wp\/v2\/pages\/6232\/revisions"}],"predecessor-version":[{"id":8955,"href":"https:\/\/ferrisrl.it\/fr\/wp-json\/wp\/v2\/pages\/6232\/revisions\/8955"}],"wp:attachment":[{"href":"https:\/\/ferrisrl.it\/fr\/wp-json\/wp\/v2\/media?parent=6232"}],"curies":[{"name":"wp","href":"https:\/\/api.w.org\/{rel}","templated":true}]}}