{"id":6243,"date":"2024-06-07T12:50:13","date_gmt":"2024-06-07T10:50:13","guid":{"rendered":"http:\/\/www.ferrisrl.it\/prodotti-construction\/"},"modified":"2025-06-23T12:52:51","modified_gmt":"2025-06-23T10:52:51","slug":"produits-terrassement","status":"publish","type":"page","link":"https:\/\/ferrisrl.it\/fr\/produits-terrassement\/?countries=Usa\/4\/2\/4\/","title":{"rendered":"Produits &#8211; Terrassement"},"content":{"rendered":"\t\t<div data-elementor-type=\"wp-page\" data-elementor-id=\"6243\" class=\"elementor elementor-6243 elementor-2526\" data-elementor-post-type=\"page\">\n\t\t\t\t<div class=\"elementor-element elementor-element-e459276 e-flex e-con-boxed e-con e-parent\" data-id=\"e459276\" data-element_type=\"container\">\n\t\t\t\t\t<div class=\"e-con-inner\">\n\t\t<div class=\"elementor-element elementor-element-3dbd17d e-con-full e-flex e-con e-child\" data-id=\"3dbd17d\" data-element_type=\"container\">\n\t\t\t\t<div class=\"elementor-element elementor-element-0f94d78 elementor-widget elementor-widget-heading\" data-id=\"0f94d78\" data-element_type=\"widget\" data-widget_type=\"heading.default\">\n\t\t\t\t<div class=\"elementor-widget-container\">\n\t\t\t\t\t<h2 class=\"elementor-heading-title elementor-size-default\">Terrassement\n<\/h2>\t\t\t\t<\/div>\n\t\t\t\t<\/div>\n\t\t\t\t<\/div>\n\t\t<div class=\"elementor-element elementor-element-00d4407 e-con-full e-flex e-con e-child\" data-id=\"00d4407\" data-element_type=\"container\">\n\t\t<div class=\"elementor-element elementor-element-fe6ff7e e-flex e-con-boxed e-con e-child\" data-id=\"fe6ff7e\" data-element_type=\"container\">\n\t\t\t\t\t<div class=\"e-con-inner\">\n\t\t\t\t<div class=\"elementor-element elementor-element-72cc159 elementor-widget elementor-widget-heading\" data-id=\"72cc159\" data-element_type=\"widget\" data-widget_type=\"heading.default\">\n\t\t\t\t<div class=\"elementor-widget-container\">\n\t\t\t\t\t<p class=\"elementor-heading-title elementor-size-default\"><a href=\"http:\/\/www.ferrisrl.it\/\">home<\/a><\/p>\t\t\t\t<\/div>\n\t\t\t\t<\/div>\n\t\t\t\t<div class=\"elementor-element elementor-element-a8e66ae elementor-widget elementor-widget-heading\" data-id=\"a8e66ae\" data-element_type=\"widget\" data-widget_type=\"heading.default\">\n\t\t\t\t<div class=\"elementor-widget-container\">\n\t\t\t\t\t<p class=\"elementor-heading-title elementor-size-default\">\u25cb<\/p>\t\t\t\t<\/div>\n\t\t\t\t<\/div>\n\t\t\t\t<div class=\"elementor-element elementor-element-7e2868e elementor-widget elementor-widget-heading\" data-id=\"7e2868e\" data-element_type=\"widget\" data-widget_type=\"heading.default\">\n\t\t\t\t<div class=\"elementor-widget-container\">\n\t\t\t\t\t<p class=\"elementor-heading-title elementor-size-default\">produits<\/p>\t\t\t\t<\/div>\n\t\t\t\t<\/div>\n\t\t\t\t<div class=\"elementor-element elementor-element-e5cf076 elementor-widget elementor-widget-heading\" data-id=\"e5cf076\" data-element_type=\"widget\" data-widget_type=\"heading.default\">\n\t\t\t\t<div class=\"elementor-widget-container\">\n\t\t\t\t\t<p class=\"elementor-heading-title elementor-size-default\">\u25cb<\/p>\t\t\t\t<\/div>\n\t\t\t\t<\/div>\n\t\t\t\t<div class=\"elementor-element elementor-element-d430042 elementor-widget elementor-widget-heading\" data-id=\"d430042\" data-element_type=\"widget\" data-widget_type=\"heading.default\">\n\t\t\t\t<div class=\"elementor-widget-container\">\n\t\t\t\t\t<p class=\"elementor-heading-title elementor-size-default\">TERRASSEMENT<\/p>\t\t\t\t<\/div>\n\t\t\t\t<\/div>\n\t\t\t\t\t<\/div>\n\t\t\t\t<\/div>\n\t\t\t\t<\/div>\n\t\t<div class=\"elementor-element elementor-element-3bedf8d e-con-full e-flex e-con e-child\" data-id=\"3bedf8d\" data-element_type=\"container\">\n\t\t\t\t<div class=\"elementor-element elementor-element-77892a5 no_br_desk elementor-widget elementor-widget-text-editor\" data-id=\"77892a5\" data-element_type=\"widget\" data-widget_type=\"text-editor.default\">\n\t\t\t\t<div class=\"elementor-widget-container\">\n\t\t\t\t\t\t\t\t\tUne gamme d\u00e9di\u00e9e d&rsquo;engins de terrassement comprend des groupes de broyages hydrauliques, des broyeurs forestiers et des d\u00e9broussailleuses hydrauliques pour l&rsquo;entretien des espaces verts et des for\u00eats.\n\t\t\t\t\t\t\t\t<\/div>\n\t\t\t\t<\/div>\n\t\t\t\t<\/div>\n\t\t\t\t\t<\/div>\n\t\t\t\t<\/div>\n\t\t<div class=\"elementor-element elementor-element-3ea3207 box_product e-flex e-con-boxed e-con e-parent\" data-id=\"3ea3207\" data-element_type=\"container\" data-settings=\"{&quot;background_background&quot;:&quot;gradient&quot;}\">\n\t\t\t\t\t<div class=\"e-con-inner\">\n\t\t<div class=\"elementor-element elementor-element-7d175a2 e-con-full e-flex e-con e-child\" data-id=\"7d175a2\" data-element_type=\"container\">\n\t\t<div class=\"elementor-element elementor-element-faaa9c9 e-flex e-con-boxed e-con e-child\" data-id=\"faaa9c9\" data-element_type=\"container\">\n\t\t\t\t\t<div class=\"e-con-inner\">\n\t\t\t\t<div class=\"elementor-element elementor-element-55899f0 elementor-widget elementor-widget-heading\" data-id=\"55899f0\" data-element_type=\"widget\" data-widget_type=\"heading.default\">\n\t\t\t\t<div class=\"elementor-widget-container\">\n\t\t\t\t\t<p class=\"elementor-heading-title elementor-size-default\">Groupes de broyages hydrauliques pour mini-pelles\n<\/p>\t\t\t\t<\/div>\n\t\t\t\t<\/div>\n\t\t\t\t<div class=\"elementor-element elementor-element-486e8b5 no_br_desk elementor-widget elementor-widget-text-editor\" data-id=\"486e8b5\" data-element_type=\"widget\" data-widget_type=\"text-editor.default\">\n\t\t\t\t<div class=\"elementor-widget-container\">\n\t\t\t\t\t\t\t\t\tLes groupes de broyage hydrauliques pour mini-pelles coupent jusqu&rsquo;\u00e0 un diam\u00e8tre de 7 cm.\n\t\t\t\t\t\t\t\t<\/div>\n\t\t\t\t<\/div>\n\t\t\t\t<div class=\"elementor-element elementor-element-3c1003b elementor-widget elementor-widget-button\" data-id=\"3c1003b\" data-element_type=\"widget\" data-widget_type=\"button.default\">\n\t\t\t\t<div class=\"elementor-widget-container\">\n\t\t\t\t\t\t\t\t\t<div class=\"elementor-button-wrapper\">\n\t\t\t\t\t<a class=\"elementor-button elementor-button-link elementor-size-sm\" href=\"https:\/\/www.ferrisrl.it\/fr\/groupes-de-broyages-hydrauliques-pour-mini-pelles\">\n\t\t\t\t\t\t<span class=\"elementor-button-content-wrapper\">\n\t\t\t\t\t\t<span class=\"elementor-button-icon\">\n\t\t\t\t<svg aria-hidden=\"true\" class=\"e-font-icon-svg e-fas-chevron-right\" viewBox=\"0 0 320 512\" xmlns=\"http:\/\/www.w3.org\/2000\/svg\"><path d=\"M285.476 272.971L91.132 467.314c-9.373 9.373-24.569 9.373-33.941 0l-22.667-22.667c-9.357-9.357-9.375-24.522-.04-33.901L188.505 256 34.484 101.255c-9.335-9.379-9.317-24.544.04-33.901l22.667-22.667c9.373-9.373 24.569-9.373 33.941 0L285.475 239.03c9.373 9.372 9.373 24.568.001 33.941z\"><\/path><\/svg>\t\t\t<\/span>\n\t\t\t\t\t\t\t\t\t<span class=\"elementor-button-text\">D\u00e9couvrez les produits<\/span>\n\t\t\t\t\t<\/span>\n\t\t\t\t\t<\/a>\n\t\t\t\t<\/div>\n\t\t\t\t\t\t\t\t<\/div>\n\t\t\t\t<\/div>\n\t\t\t\t\t<\/div>\n\t\t\t\t<\/div>\n\t\t\t\t<\/div>\n\t\t<div class=\"elementor-element elementor-element-c639874 box_img e-flex e-con-boxed e-con e-child\" data-id=\"c639874\" data-element_type=\"container\">\n\t\t\t\t\t<div class=\"e-con-inner\">\n\t\t\t\t<div class=\"elementor-element elementor-element-a86d25b hov_image_prod elementor-widget elementor-widget-image\" data-id=\"a86d25b\" data-element_type=\"widget\" data-widget_type=\"image.default\">\n\t\t\t\t<div class=\"elementor-widget-container\">\n\t\t\t\t\t\t\t\t\t\t\t\t\t\t\t\t<a href=\"#\">\n\t\t\t\t\t\t\t<img fetchpriority=\"high\" decoding=\"async\" width=\"2560\" height=\"2066\" src=\"https:\/\/ferrisrl.it\/wp-content\/uploads\/2025\/06\/Trinciatrici-idrauliche-e-forestali-per-mini-pale-scaled.jpg\" class=\"attachment-full size-full wp-image-8913\" alt=\"Trinciatrice idraulica per mini pale di Ferri\" srcset=\"https:\/\/ferrisrl.it\/wp-content\/uploads\/2025\/06\/Trinciatrici-idrauliche-e-forestali-per-mini-pale-scaled.jpg 2560w, https:\/\/ferrisrl.it\/wp-content\/uploads\/2025\/06\/Trinciatrici-idrauliche-e-forestali-per-mini-pale-300x242.jpg 300w, https:\/\/ferrisrl.it\/wp-content\/uploads\/2025\/06\/Trinciatrici-idrauliche-e-forestali-per-mini-pale-1024x826.jpg 1024w, https:\/\/ferrisrl.it\/wp-content\/uploads\/2025\/06\/Trinciatrici-idrauliche-e-forestali-per-mini-pale-768x620.jpg 768w, https:\/\/ferrisrl.it\/wp-content\/uploads\/2025\/06\/Trinciatrici-idrauliche-e-forestali-per-mini-pale-1536x1240.jpg 1536w, https:\/\/ferrisrl.it\/wp-content\/uploads\/2025\/06\/Trinciatrici-idrauliche-e-forestali-per-mini-pale-2048x1653.jpg 2048w, https:\/\/ferrisrl.it\/wp-content\/uploads\/2025\/06\/Trinciatrici-idrauliche-e-forestali-per-mini-pale-600x484.jpg 600w\" sizes=\"(max-width: 2560px) 100vw, 2560px\" \/>\t\t\t\t\t\t\t\t<\/a>\n\t\t\t\t\t\t\t\t\t\t\t\t\t\t\t<\/div>\n\t\t\t\t<\/div>\n\t\t\t\t<div class=\"elementor-element elementor-element-16ae016 elementor-absolute icon elementor-widget elementor-widget-image\" data-id=\"16ae016\" data-element_type=\"widget\" data-settings=\"{&quot;_position&quot;:&quot;absolute&quot;}\" data-widget_type=\"image.default\">\n\t\t\t\t<div class=\"elementor-widget-container\">\n\t\t\t\t\t\t\t\t\t\t\t\t\t\t\t\t<a href=\"#\">\n\t\t\t\t\t\t\t<img decoding=\"async\" width=\"88\" height=\"88\" src=\"https:\/\/ferrisrl.it\/wp-content\/uploads\/2024\/03\/esplora_eventi.png\" class=\"attachment-full size-full wp-image-6178\" alt=\"\" \/>\t\t\t\t\t\t\t\t<\/a>\n\t\t\t\t\t\t\t\t\t\t\t\t\t\t\t<\/div>\n\t\t\t\t<\/div>\n\t\t\t\t\t<\/div>\n\t\t\t\t<\/div>\n\t\t\t\t\t<\/div>\n\t\t\t\t<\/div>\n\t\t<div class=\"elementor-element elementor-element-644c040 box_product e-flex e-con-boxed e-con e-parent\" data-id=\"644c040\" data-element_type=\"container\" data-settings=\"{&quot;background_background&quot;:&quot;gradient&quot;}\">\n\t\t\t\t\t<div class=\"e-con-inner\">\n\t\t<div class=\"elementor-element elementor-element-afb2bf2 box_img e-flex e-con-boxed e-con e-child\" data-id=\"afb2bf2\" data-element_type=\"container\">\n\t\t\t\t\t<div class=\"e-con-inner\">\n\t\t\t\t<div class=\"elementor-element elementor-element-830d0e1 hov_image_prod elementor-widget elementor-widget-image\" data-id=\"830d0e1\" data-element_type=\"widget\" data-widget_type=\"image.default\">\n\t\t\t\t<div class=\"elementor-widget-container\">\n\t\t\t\t\t\t\t\t\t\t\t\t\t\t\t\t<a href=\"#\">\n\t\t\t\t\t\t\t<img decoding=\"async\" width=\"2560\" height=\"1994\" src=\"https:\/\/ferrisrl.it\/wp-content\/uploads\/2025\/06\/Testate-Trincianti-Idrauliche-per-Mini-Escavatori-scaled.jpg\" class=\"attachment-full size-full wp-image-8907\" alt=\"Testata trinciante idraulica per mini escavatori\" srcset=\"https:\/\/ferrisrl.it\/wp-content\/uploads\/2025\/06\/Testate-Trincianti-Idrauliche-per-Mini-Escavatori-scaled.jpg 2560w, https:\/\/ferrisrl.it\/wp-content\/uploads\/2025\/06\/Testate-Trincianti-Idrauliche-per-Mini-Escavatori-300x234.jpg 300w, https:\/\/ferrisrl.it\/wp-content\/uploads\/2025\/06\/Testate-Trincianti-Idrauliche-per-Mini-Escavatori-1024x797.jpg 1024w, https:\/\/ferrisrl.it\/wp-content\/uploads\/2025\/06\/Testate-Trincianti-Idrauliche-per-Mini-Escavatori-768x598.jpg 768w, https:\/\/ferrisrl.it\/wp-content\/uploads\/2025\/06\/Testate-Trincianti-Idrauliche-per-Mini-Escavatori-1536x1196.jpg 1536w, https:\/\/ferrisrl.it\/wp-content\/uploads\/2025\/06\/Testate-Trincianti-Idrauliche-per-Mini-Escavatori-2048x1595.jpg 2048w, https:\/\/ferrisrl.it\/wp-content\/uploads\/2025\/06\/Testate-Trincianti-Idrauliche-per-Mini-Escavatori-600x467.jpg 600w\" sizes=\"(max-width: 2560px) 100vw, 2560px\" \/>\t\t\t\t\t\t\t\t<\/a>\n\t\t\t\t\t\t\t\t\t\t\t\t\t\t\t<\/div>\n\t\t\t\t<\/div>\n\t\t\t\t<div class=\"elementor-element elementor-element-c667b44 elementor-absolute icon elementor-widget elementor-widget-image\" data-id=\"c667b44\" data-element_type=\"widget\" data-settings=\"{&quot;_position&quot;:&quot;absolute&quot;}\" data-widget_type=\"image.default\">\n\t\t\t\t<div class=\"elementor-widget-container\">\n\t\t\t\t\t\t\t\t\t\t\t\t\t\t\t\t<a href=\"#\">\n\t\t\t\t\t\t\t<img decoding=\"async\" width=\"88\" height=\"88\" src=\"https:\/\/ferrisrl.it\/wp-content\/uploads\/2024\/03\/esplora_eventi.png\" class=\"attachment-full size-full wp-image-6178\" alt=\"\" \/>\t\t\t\t\t\t\t\t<\/a>\n\t\t\t\t\t\t\t\t\t\t\t\t\t\t\t<\/div>\n\t\t\t\t<\/div>\n\t\t\t\t\t<\/div>\n\t\t\t\t<\/div>\n\t\t<div class=\"elementor-element elementor-element-6b08950 e-con-full e-flex e-con e-child\" data-id=\"6b08950\" data-element_type=\"container\">\n\t\t<div class=\"elementor-element elementor-element-0590234 e-flex e-con-boxed e-con e-child\" data-id=\"0590234\" data-element_type=\"container\">\n\t\t\t\t\t<div class=\"e-con-inner\">\n\t\t\t\t<div class=\"elementor-element elementor-element-1b19836 elementor-widget elementor-widget-heading\" data-id=\"1b19836\" data-element_type=\"widget\" data-widget_type=\"heading.default\">\n\t\t\t\t<div class=\"elementor-widget-container\">\n\t\t\t\t\t<p class=\"elementor-heading-title elementor-size-default\">Broyeurs hydrauliques forestiers pour mini chargeurs<\/p>\t\t\t\t<\/div>\n\t\t\t\t<\/div>\n\t\t\t\t<div class=\"elementor-element elementor-element-b79bdab no_br_desk elementor-widget elementor-widget-text-editor\" data-id=\"b79bdab\" data-element_type=\"widget\" data-widget_type=\"text-editor.default\">\n\t\t\t\t<div class=\"elementor-widget-container\">\n\t\t\t\t\t\t\t\t\tNos broyeurs hydrauliques sont parfaits pour les travaux sur les terrains non cultiv\u00e9s, les sous-bois et les espaces verts, avec de l&rsquo;herbe, des buissons, des \u00e9lagages et des ronces jusqu&rsquo;\u00e0 un diam\u00e8tre de 4 cm. Ils se fixent sur les mini chargeurs et les chargeuses compactes.\n\t\t\t\t\t\t\t\t<\/div>\n\t\t\t\t<\/div>\n\t\t\t\t<div class=\"elementor-element elementor-element-37f42e5 elementor-widget elementor-widget-button\" data-id=\"37f42e5\" data-element_type=\"widget\" data-widget_type=\"button.default\">\n\t\t\t\t<div class=\"elementor-widget-container\">\n\t\t\t\t\t\t\t\t\t<div class=\"elementor-button-wrapper\">\n\t\t\t\t\t<a class=\"elementor-button elementor-button-link elementor-size-sm\" href=\"https:\/\/www.ferrisrl.it\/fr\/broyeurs-hydrauliques-forestiers-pour-mini-chargeurs\">\n\t\t\t\t\t\t<span class=\"elementor-button-content-wrapper\">\n\t\t\t\t\t\t<span class=\"elementor-button-icon\">\n\t\t\t\t<svg aria-hidden=\"true\" class=\"e-font-icon-svg e-fas-chevron-right\" viewBox=\"0 0 320 512\" xmlns=\"http:\/\/www.w3.org\/2000\/svg\"><path d=\"M285.476 272.971L91.132 467.314c-9.373 9.373-24.569 9.373-33.941 0l-22.667-22.667c-9.357-9.357-9.375-24.522-.04-33.901L188.505 256 34.484 101.255c-9.335-9.379-9.317-24.544.04-33.901l22.667-22.667c9.373-9.373 24.569-9.373 33.941 0L285.475 239.03c9.373 9.372 9.373 24.568.001 33.941z\"><\/path><\/svg>\t\t\t<\/span>\n\t\t\t\t\t\t\t\t\t<span class=\"elementor-button-text\">D\u00e9couvrez nos broyeurs hydrauliques pour chargeuses compactes<\/span>\n\t\t\t\t\t<\/span>\n\t\t\t\t\t<\/a>\n\t\t\t\t<\/div>\n\t\t\t\t\t\t\t\t<\/div>\n\t\t\t\t<\/div>\n\t\t\t\t\t<\/div>\n\t\t\t\t<\/div>\n\t\t\t\t<\/div>\n\t\t\t\t\t<\/div>\n\t\t\t\t<\/div>\n\t\t<div class=\"elementor-element elementor-element-01a13b3 box_product e-flex e-con-boxed e-con e-parent\" data-id=\"01a13b3\" data-element_type=\"container\" data-settings=\"{&quot;background_background&quot;:&quot;gradient&quot;}\">\n\t\t\t\t\t<div class=\"e-con-inner\">\n\t\t<div class=\"elementor-element elementor-element-e66f711 e-con-full e-flex e-con e-child\" data-id=\"e66f711\" data-element_type=\"container\">\n\t\t<div class=\"elementor-element elementor-element-571852e e-flex e-con-boxed e-con e-child\" data-id=\"571852e\" data-element_type=\"container\">\n\t\t\t\t\t<div class=\"e-con-inner\">\n\t\t\t\t<div class=\"elementor-element elementor-element-f2b7e60 elementor-widget elementor-widget-heading\" data-id=\"f2b7e60\" data-element_type=\"widget\" data-widget_type=\"heading.default\">\n\t\t\t\t<div class=\"elementor-widget-container\">\n\t\t\t\t\t<p class=\"elementor-heading-title elementor-size-default\">Groupes de broyage forestiers pour excavateurs<\/p>\t\t\t\t<\/div>\n\t\t\t\t<\/div>\n\t\t\t\t<div class=\"elementor-element elementor-element-0eda962 no_br_desk elementor-widget elementor-widget-text-editor\" data-id=\"0eda962\" data-element_type=\"widget\" data-widget_type=\"text-editor.default\">\n\t\t\t\t<div class=\"elementor-widget-container\">\n\t\t\t\t\t\t\t\t\tNos broyeurs hydrauliques sont parfaits pour les travaux sur les terres non cultiv\u00e9s, les sous-bois, les buissons, les tailles et les ronces jusqu&rsquo;\u00e0 un diam\u00e8tre de 40 cm. Ils se fixent sur des EXCAVATEURs de diff\u00e9rentes tailles.\n\t\t\t\t\t\t\t\t<\/div>\n\t\t\t\t<\/div>\n\t\t\t\t<div class=\"elementor-element elementor-element-d84c8ec elementor-widget elementor-widget-button\" data-id=\"d84c8ec\" data-element_type=\"widget\" data-widget_type=\"button.default\">\n\t\t\t\t<div class=\"elementor-widget-container\">\n\t\t\t\t\t\t\t\t\t<div class=\"elementor-button-wrapper\">\n\t\t\t\t\t<a class=\"elementor-button elementor-button-link elementor-size-sm\" href=\"https:\/\/www.ferrisrl.it\/fr\/groupes-de-broyage-forestiers-pour-excavateurs\">\n\t\t\t\t\t\t<span class=\"elementor-button-content-wrapper\">\n\t\t\t\t\t\t<span class=\"elementor-button-icon\">\n\t\t\t\t<svg aria-hidden=\"true\" class=\"e-font-icon-svg e-fas-chevron-right\" viewBox=\"0 0 320 512\" xmlns=\"http:\/\/www.w3.org\/2000\/svg\"><path d=\"M285.476 272.971L91.132 467.314c-9.373 9.373-24.569 9.373-33.941 0l-22.667-22.667c-9.357-9.357-9.375-24.522-.04-33.901L188.505 256 34.484 101.255c-9.335-9.379-9.317-24.544.04-33.901l22.667-22.667c9.373-9.373 24.569-9.373 33.941 0L285.475 239.03c9.373 9.372 9.373 24.568.001 33.941z\"><\/path><\/svg>\t\t\t<\/span>\n\t\t\t\t\t\t\t\t\t<span class=\"elementor-button-text\">D\u00e9couvrez nos broyeurs forestiers hydrauliques pour EXCAVATEURs<\/span>\n\t\t\t\t\t<\/span>\n\t\t\t\t\t<\/a>\n\t\t\t\t<\/div>\n\t\t\t\t\t\t\t\t<\/div>\n\t\t\t\t<\/div>\n\t\t\t\t\t<\/div>\n\t\t\t\t<\/div>\n\t\t\t\t<\/div>\n\t\t<div class=\"elementor-element elementor-element-0aa779d box_img e-flex e-con-boxed e-con e-child\" data-id=\"0aa779d\" data-element_type=\"container\">\n\t\t\t\t\t<div class=\"e-con-inner\">\n\t\t\t\t<div class=\"elementor-element elementor-element-2b0340d hov_image_prod elementor-widget elementor-widget-image\" data-id=\"2b0340d\" data-element_type=\"widget\" data-widget_type=\"image.default\">\n\t\t\t\t<div class=\"elementor-widget-container\">\n\t\t\t\t\t\t\t\t\t\t\t\t\t\t\t\t<a href=\"#\">\n\t\t\t\t\t\t\t<img loading=\"lazy\" decoding=\"async\" width=\"2560\" height=\"1920\" src=\"https:\/\/ferrisrl.it\/wp-content\/uploads\/2025\/06\/Testate-Trincianti-Idrauliche-Forestali-per-Escavatori-scaled.jpg\" class=\"attachment-full size-full wp-image-8904\" alt=\"Testata trinciante idraulica forestale per escavatore Ferri\" srcset=\"https:\/\/ferrisrl.it\/wp-content\/uploads\/2025\/06\/Testate-Trincianti-Idrauliche-Forestali-per-Escavatori-scaled.jpg 2560w, https:\/\/ferrisrl.it\/wp-content\/uploads\/2025\/06\/Testate-Trincianti-Idrauliche-Forestali-per-Escavatori-300x225.jpg 300w, https:\/\/ferrisrl.it\/wp-content\/uploads\/2025\/06\/Testate-Trincianti-Idrauliche-Forestali-per-Escavatori-1024x768.jpg 1024w, https:\/\/ferrisrl.it\/wp-content\/uploads\/2025\/06\/Testate-Trincianti-Idrauliche-Forestali-per-Escavatori-768x576.jpg 768w, https:\/\/ferrisrl.it\/wp-content\/uploads\/2025\/06\/Testate-Trincianti-Idrauliche-Forestali-per-Escavatori-1536x1152.jpg 1536w, https:\/\/ferrisrl.it\/wp-content\/uploads\/2025\/06\/Testate-Trincianti-Idrauliche-Forestali-per-Escavatori-2048x1536.jpg 2048w, https:\/\/ferrisrl.it\/wp-content\/uploads\/2025\/06\/Testate-Trincianti-Idrauliche-Forestali-per-Escavatori-600x450.jpg 600w\" sizes=\"(max-width: 2560px) 100vw, 2560px\" \/>\t\t\t\t\t\t\t\t<\/a>\n\t\t\t\t\t\t\t\t\t\t\t\t\t\t\t<\/div>\n\t\t\t\t<\/div>\n\t\t\t\t<div class=\"elementor-element elementor-element-aabb554 elementor-absolute icon elementor-widget elementor-widget-image\" data-id=\"aabb554\" data-element_type=\"widget\" data-settings=\"{&quot;_position&quot;:&quot;absolute&quot;}\" data-widget_type=\"image.default\">\n\t\t\t\t<div class=\"elementor-widget-container\">\n\t\t\t\t\t\t\t\t\t\t\t\t\t\t\t\t<a href=\"#\">\n\t\t\t\t\t\t\t<img decoding=\"async\" width=\"88\" height=\"88\" src=\"https:\/\/ferrisrl.it\/wp-content\/uploads\/2024\/03\/esplora_eventi.png\" class=\"attachment-full size-full wp-image-6178\" alt=\"\" \/>\t\t\t\t\t\t\t\t<\/a>\n\t\t\t\t\t\t\t\t\t\t\t\t\t\t\t<\/div>\n\t\t\t\t<\/div>\n\t\t\t\t\t<\/div>\n\t\t\t\t<\/div>\n\t\t\t\t\t<\/div>\n\t\t\t\t<\/div>\n\t\t<div class=\"elementor-element elementor-element-344c74b box_product e-flex e-con-boxed e-con e-parent\" data-id=\"344c74b\" data-element_type=\"container\" data-settings=\"{&quot;background_background&quot;:&quot;gradient&quot;}\">\n\t\t\t\t\t<div class=\"e-con-inner\">\n\t\t<div class=\"elementor-element elementor-element-bf1993a box_img e-flex e-con-boxed e-con e-child\" data-id=\"bf1993a\" data-element_type=\"container\">\n\t\t\t\t\t<div class=\"e-con-inner\">\n\t\t\t\t<div class=\"elementor-element elementor-element-69324b6 hov_image_prod elementor-widget elementor-widget-image\" data-id=\"69324b6\" data-element_type=\"widget\" data-widget_type=\"image.default\">\n\t\t\t\t<div class=\"elementor-widget-container\">\n\t\t\t\t\t\t\t\t\t\t\t\t\t\t\t\t<a href=\"#\">\n\t\t\t\t\t\t\t<img loading=\"lazy\" decoding=\"async\" width=\"1200\" height=\"800\" src=\"https:\/\/ferrisrl.it\/wp-content\/uploads\/2025\/06\/Decespugliatrice-Idraulica-per-Terne-e-Pale-Articolate.jpg\" class=\"attachment-full size-full wp-image-8895\" alt=\"Decespugliatrice Idraulica per Terne e Pale Articolate\" srcset=\"https:\/\/ferrisrl.it\/wp-content\/uploads\/2025\/06\/Decespugliatrice-Idraulica-per-Terne-e-Pale-Articolate.jpg 1200w, https:\/\/ferrisrl.it\/wp-content\/uploads\/2025\/06\/Decespugliatrice-Idraulica-per-Terne-e-Pale-Articolate-300x200.jpg 300w, https:\/\/ferrisrl.it\/wp-content\/uploads\/2025\/06\/Decespugliatrice-Idraulica-per-Terne-e-Pale-Articolate-1024x683.jpg 1024w, https:\/\/ferrisrl.it\/wp-content\/uploads\/2025\/06\/Decespugliatrice-Idraulica-per-Terne-e-Pale-Articolate-768x512.jpg 768w, https:\/\/ferrisrl.it\/wp-content\/uploads\/2025\/06\/Decespugliatrice-Idraulica-per-Terne-e-Pale-Articolate-600x400.jpg 600w\" sizes=\"(max-width: 1200px) 100vw, 1200px\" \/>\t\t\t\t\t\t\t\t<\/a>\n\t\t\t\t\t\t\t\t\t\t\t\t\t\t\t<\/div>\n\t\t\t\t<\/div>\n\t\t\t\t\t<\/div>\n\t\t\t\t<\/div>\n\t\t<div class=\"elementor-element elementor-element-b96dfbf e-con-full e-flex e-con e-child\" data-id=\"b96dfbf\" data-element_type=\"container\">\n\t\t<div class=\"elementor-element elementor-element-4183ada e-flex e-con-boxed e-con e-child\" data-id=\"4183ada\" data-element_type=\"container\">\n\t\t\t\t\t<div class=\"e-con-inner\">\n\t\t\t\t<div class=\"elementor-element elementor-element-9e641cc elementor-widget elementor-widget-heading\" data-id=\"9e641cc\" data-element_type=\"widget\" data-widget_type=\"heading.default\">\n\t\t\t\t<div class=\"elementor-widget-container\">\n\t\t\t\t\t<p class=\"elementor-heading-title elementor-size-default\">D\u00e9broussailleuse pour tracto-pelles et chargeuses articul\u00e9s\n<\/p>\t\t\t\t<\/div>\n\t\t\t\t<\/div>\n\t\t\t\t<div class=\"elementor-element elementor-element-bff2b0c no_br_desk elementor-widget elementor-widget-text-editor\" data-id=\"bff2b0c\" data-element_type=\"widget\" data-widget_type=\"text-editor.default\">\n\t\t\t\t<div class=\"elementor-widget-container\">\n\t\t\t\t\t\t\t\t\tLes d\u00e9broussailleuses hydrauliques pour tractopelles et chargeurs articul\u00e9s sont particuli\u00e8rement adapt\u00e9s aux entreprises communales et d&rsquo;entretien des bords de route pour le broyage jusqu&rsquo;\u00e0 3 cm de diam\u00e8tre.\n\t\t\t\t\t\t\t\t<\/div>\n\t\t\t\t<\/div>\n\t\t\t\t<div class=\"elementor-element elementor-element-2978881 elementor-widget elementor-widget-button\" data-id=\"2978881\" data-element_type=\"widget\" data-widget_type=\"button.default\">\n\t\t\t\t<div class=\"elementor-widget-container\">\n\t\t\t\t\t\t\t\t\t<div class=\"elementor-button-wrapper\">\n\t\t\t\t\t<a class=\"elementor-button elementor-button-link elementor-size-sm\" href=\"https:\/\/www.ferrisrl.it\/fr\/debroussailleuse-pour-tracto-pelles-et-chargeues-articules\">\n\t\t\t\t\t\t<span class=\"elementor-button-content-wrapper\">\n\t\t\t\t\t\t<span class=\"elementor-button-icon\">\n\t\t\t\t<svg aria-hidden=\"true\" class=\"e-font-icon-svg e-fas-chevron-right\" viewBox=\"0 0 320 512\" xmlns=\"http:\/\/www.w3.org\/2000\/svg\"><path d=\"M285.476 272.971L91.132 467.314c-9.373 9.373-24.569 9.373-33.941 0l-22.667-22.667c-9.357-9.357-9.375-24.522-.04-33.901L188.505 256 34.484 101.255c-9.335-9.379-9.317-24.544.04-33.901l22.667-22.667c9.373-9.373 24.569-9.373 33.941 0L285.475 239.03c9.373 9.372 9.373 24.568.001 33.941z\"><\/path><\/svg>\t\t\t<\/span>\n\t\t\t\t\t\t\t\t\t<span class=\"elementor-button-text\">D\u00e9couvrez nos d\u00e9broussailleuses hydrauliques pour tracto-pelles et chargeuses articul\u00e9es<\/span>\n\t\t\t\t\t<\/span>\n\t\t\t\t\t<\/a>\n\t\t\t\t<\/div>\n\t\t\t\t\t\t\t\t<\/div>\n\t\t\t\t<\/div>\n\t\t\t\t\t<\/div>\n\t\t\t\t<\/div>\n\t\t\t\t<\/div>\n\t\t\t\t\t<\/div>\n\t\t\t\t<\/div>\n\t\t\t\t<\/div>\n\t\t","protected":false},"excerpt":{"rendered":"<p>Terrassement home \u25cb produits \u25cb TERRASSEMENT Une gamme d\u00e9di\u00e9e d&rsquo;engins de terrassement comprend des groupes de broyages hydrauliques, des broyeurs forestiers et des d\u00e9broussailleuses hydrauliques pour l&rsquo;entretien des espaces verts et des for\u00eats. Groupes de broyages hydrauliques pour mini-pelles Les groupes de broyage hydrauliques pour mini-pelles coupent jusqu&rsquo;\u00e0 un diam\u00e8tre de 7 cm. D\u00e9couvrez les [&hellip;]<\/p>\n","protected":false},"author":2,"featured_media":0,"parent":0,"menu_order":0,"comment_status":"closed","ping_status":"closed","template":"","meta":{"_acf_changed":false,"inline_featured_image":false,"footnotes":""},"class_list":["post-6243","page","type-page","status-publish","hentry"],"acf":[],"_links":{"self":[{"href":"https:\/\/ferrisrl.it\/fr\/wp-json\/wp\/v2\/pages\/6243","targetHints":{"allow":["GET"]}}],"collection":[{"href":"https:\/\/ferrisrl.it\/fr\/wp-json\/wp\/v2\/pages"}],"about":[{"href":"https:\/\/ferrisrl.it\/fr\/wp-json\/wp\/v2\/types\/page"}],"author":[{"embeddable":true,"href":"https:\/\/ferrisrl.it\/fr\/wp-json\/wp\/v2\/users\/2"}],"replies":[{"embeddable":true,"href":"https:\/\/ferrisrl.it\/fr\/wp-json\/wp\/v2\/comments?post=6243"}],"version-history":[{"count":19,"href":"https:\/\/ferrisrl.it\/fr\/wp-json\/wp\/v2\/pages\/6243\/revisions"}],"predecessor-version":[{"id":9108,"href":"https:\/\/ferrisrl.it\/fr\/wp-json\/wp\/v2\/pages\/6243\/revisions\/9108"}],"wp:attachment":[{"href":"https:\/\/ferrisrl.it\/fr\/wp-json\/wp\/v2\/media?parent=6243"}],"curies":[{"name":"wp","href":"https:\/\/api.w.org\/{rel}","templated":true}]}}