{"id":6262,"date":"2024-06-07T12:56:35","date_gmt":"2024-06-07T10:56:35","guid":{"rendered":"http:\/\/www.ferrisrl.it\/prodotti-progetti-speciali\/"},"modified":"2025-06-05T14:27:20","modified_gmt":"2025-06-05T12:27:20","slug":"produits-projets-speciaux","status":"publish","type":"page","link":"https:\/\/ferrisrl.it\/fr\/produits-projets-speciaux\/?countries=Usa\/4\/3\/","title":{"rendered":"Produits &#8211; Projets sp\u00e9ciaux"},"content":{"rendered":"\t\t<div data-elementor-type=\"wp-page\" data-elementor-id=\"6262\" class=\"elementor elementor-6262 elementor-2535\" data-elementor-post-type=\"page\">\n\t\t\t\t<div class=\"elementor-element elementor-element-e459276 e-flex e-con-boxed e-con e-parent\" data-id=\"e459276\" data-element_type=\"container\">\n\t\t\t\t\t<div class=\"e-con-inner\">\n\t\t<div class=\"elementor-element elementor-element-3dbd17d e-con-full e-flex e-con e-child\" data-id=\"3dbd17d\" data-element_type=\"container\">\n\t\t\t\t<div class=\"elementor-element elementor-element-0f94d78 elementor-widget elementor-widget-heading\" data-id=\"0f94d78\" data-element_type=\"widget\" data-widget_type=\"heading.default\">\n\t\t\t\t<div class=\"elementor-widget-container\">\n\t\t\t\t\t<h2 class=\"elementor-heading-title elementor-size-default\">Projets sp\u00e9ciaux<\/h2>\t\t\t\t<\/div>\n\t\t\t\t<\/div>\n\t\t\t\t<\/div>\n\t\t<div class=\"elementor-element elementor-element-00d4407 e-con-full e-flex e-con e-child\" data-id=\"00d4407\" data-element_type=\"container\">\n\t\t<div class=\"elementor-element elementor-element-fe6ff7e e-flex e-con-boxed e-con e-child\" data-id=\"fe6ff7e\" data-element_type=\"container\">\n\t\t\t\t\t<div class=\"e-con-inner\">\n\t\t\t\t<div class=\"elementor-element elementor-element-72cc159 elementor-widget elementor-widget-heading\" data-id=\"72cc159\" data-element_type=\"widget\" data-widget_type=\"heading.default\">\n\t\t\t\t<div class=\"elementor-widget-container\">\n\t\t\t\t\t<p class=\"elementor-heading-title elementor-size-default\"><a href=\"http:\/\/www.ferrisrl.it\/\">home<\/a><\/p>\t\t\t\t<\/div>\n\t\t\t\t<\/div>\n\t\t\t\t<div class=\"elementor-element elementor-element-a8e66ae elementor-widget elementor-widget-heading\" data-id=\"a8e66ae\" data-element_type=\"widget\" data-widget_type=\"heading.default\">\n\t\t\t\t<div class=\"elementor-widget-container\">\n\t\t\t\t\t<p class=\"elementor-heading-title elementor-size-default\">\u25cb<\/p>\t\t\t\t<\/div>\n\t\t\t\t<\/div>\n\t\t\t\t<div class=\"elementor-element elementor-element-7e2868e elementor-widget elementor-widget-heading\" data-id=\"7e2868e\" data-element_type=\"widget\" data-widget_type=\"heading.default\">\n\t\t\t\t<div class=\"elementor-widget-container\">\n\t\t\t\t\t<p class=\"elementor-heading-title elementor-size-default\">produits<\/p>\t\t\t\t<\/div>\n\t\t\t\t<\/div>\n\t\t\t\t<div class=\"elementor-element elementor-element-e5cf076 elementor-widget elementor-widget-heading\" data-id=\"e5cf076\" data-element_type=\"widget\" data-widget_type=\"heading.default\">\n\t\t\t\t<div class=\"elementor-widget-container\">\n\t\t\t\t\t<p class=\"elementor-heading-title elementor-size-default\">\u25cb<\/p>\t\t\t\t<\/div>\n\t\t\t\t<\/div>\n\t\t\t\t<div class=\"elementor-element elementor-element-d430042 elementor-widget elementor-widget-heading\" data-id=\"d430042\" data-element_type=\"widget\" data-widget_type=\"heading.default\">\n\t\t\t\t<div class=\"elementor-widget-container\">\n\t\t\t\t\t<p class=\"elementor-heading-title elementor-size-default\">Projets sp\u00e9ciaux<\/p>\t\t\t\t<\/div>\n\t\t\t\t<\/div>\n\t\t\t\t\t<\/div>\n\t\t\t\t<\/div>\n\t\t\t\t<\/div>\n\t\t<div class=\"elementor-element elementor-element-3bedf8d e-con-full e-flex e-con e-child\" data-id=\"3bedf8d\" data-element_type=\"container\">\n\t\t\t\t<div class=\"elementor-element elementor-element-77892a5 no_br_desk elementor-widget elementor-widget-text-editor\" data-id=\"77892a5\" data-element_type=\"widget\" data-widget_type=\"text-editor.default\">\n\t\t\t\t<div class=\"elementor-widget-container\">\n\t\t\t\t\t\t\t\t\tLignes de produits d\u00e9di\u00e9s aux professionnels de l&rsquo;entretien des espaces verts. Gamme de porte-outils radiocommand\u00e9s pour intervenir dans des conditions difficiles l\u00e0 ou il est impossible d&rsquo;utiliser des moyens traditionnels. Gamme de  d\u00e9broussailleuses\npour l&rsquo;entretien professionnel des espaces verts publics destin\u00e9s \u00e0 un usage intensif appliqu\u00e9s aux v\u00e9hicules Mercedes Unimog.\n\t\t\t\t\t\t\t\t<\/div>\n\t\t\t\t<\/div>\n\t\t\t\t<\/div>\n\t\t\t\t\t<\/div>\n\t\t\t\t<\/div>\n\t\t<div class=\"elementor-element elementor-element-3ea3207 box_product e-flex e-con-boxed e-con e-parent\" data-id=\"3ea3207\" data-element_type=\"container\" data-settings=\"{&quot;background_background&quot;:&quot;gradient&quot;}\">\n\t\t\t\t\t<div class=\"e-con-inner\">\n\t\t<div class=\"elementor-element elementor-element-7d175a2 e-con-full e-flex e-con e-child\" data-id=\"7d175a2\" data-element_type=\"container\">\n\t\t<div class=\"elementor-element elementor-element-faaa9c9 e-flex e-con-boxed e-con e-child\" data-id=\"faaa9c9\" data-element_type=\"container\">\n\t\t\t\t\t<div class=\"e-con-inner\">\n\t\t\t\t<div class=\"elementor-element elementor-element-55899f0 elementor-widget elementor-widget-heading\" data-id=\"55899f0\" data-element_type=\"widget\" data-widget_type=\"heading.default\">\n\t\t\t\t<div class=\"elementor-widget-container\">\n\t\t\t\t\t<p class=\"elementor-heading-title elementor-size-default\">PORTE-OUTILS RADIOCOMMAND\u00c9\n<\/p>\t\t\t\t<\/div>\n\t\t\t\t<\/div>\n\t\t\t\t<div class=\"elementor-element elementor-element-486e8b5 no_br_desk elementor-widget elementor-widget-text-editor\" data-id=\"486e8b5\" data-element_type=\"widget\" data-widget_type=\"text-editor.default\">\n\t\t\t\t<div class=\"elementor-widget-container\">\n\t\t\t\t\t\t\t\t\tPORTE OUTILS RADIOCOmmand\u00e9 iCUT est la famille des porte-outils professionnels radiocommand\u00e9s con\u00e7us pour des utilisations particuli\u00e8rement exigeantes ou des environnements potentiellement critiques pour l&rsquo;op\u00e9rateur, permettant un contr\u00f4le et une man\u0153uvrabilit\u00e9 maximum dans les zones inaccessibles et difficiles d&rsquo;acc\u00e8s. Gr\u00e2ce \u00e0 leur stabilit\u00e9 exceptionnelle, \u00e0 leurs commandes intuitives du bout des doigts et \u00e0 une port\u00e9e de t\u00e9l\u00e9commande pouvant atteindre 150 \u00e0 200 m\u00e8tres, ces machines facilitent les travaux fastidieux, \u00e0 forte intensit\u00e9 de main-d&rsquo;\u0153uvre et potentiellement dangereux.\n\t\t\t\t\t\t\t\t<\/div>\n\t\t\t\t<\/div>\n\t\t\t\t<div class=\"elementor-element elementor-element-3c1003b elementor-widget elementor-widget-button\" data-id=\"3c1003b\" data-element_type=\"widget\" data-widget_type=\"button.default\">\n\t\t\t\t<div class=\"elementor-widget-container\">\n\t\t\t\t\t\t\t\t\t<div class=\"elementor-button-wrapper\">\n\t\t\t\t\t<a class=\"elementor-button elementor-button-link elementor-size-sm\" href=\"https:\/\/www.ferrisrl.it\/porta-attrezzi-radiocomandato\/\">\n\t\t\t\t\t\t<span class=\"elementor-button-content-wrapper\">\n\t\t\t\t\t\t<span class=\"elementor-button-icon\">\n\t\t\t\t<svg aria-hidden=\"true\" class=\"e-font-icon-svg e-fas-chevron-right\" viewBox=\"0 0 320 512\" xmlns=\"http:\/\/www.w3.org\/2000\/svg\"><path d=\"M285.476 272.971L91.132 467.314c-9.373 9.373-24.569 9.373-33.941 0l-22.667-22.667c-9.357-9.357-9.375-24.522-.04-33.901L188.505 256 34.484 101.255c-9.335-9.379-9.317-24.544.04-33.901l22.667-22.667c9.373-9.373 24.569-9.373 33.941 0L285.475 239.03c9.373 9.372 9.373 24.568.001 33.941z\"><\/path><\/svg>\t\t\t<\/span>\n\t\t\t\t\t\t\t\t\t<span class=\"elementor-button-text\">D\u00e9couvrez nos PORTE OUTILS RADIOCOmmand\u00e9s professionnels<\/span>\n\t\t\t\t\t<\/span>\n\t\t\t\t\t<\/a>\n\t\t\t\t<\/div>\n\t\t\t\t\t\t\t\t<\/div>\n\t\t\t\t<\/div>\n\t\t\t\t\t<\/div>\n\t\t\t\t<\/div>\n\t\t\t\t<\/div>\n\t\t<div class=\"elementor-element elementor-element-c639874 box_img e-flex e-con-boxed e-con e-child\" data-id=\"c639874\" data-element_type=\"container\">\n\t\t\t\t\t<div class=\"e-con-inner\">\n\t\t\t\t<div class=\"elementor-element elementor-element-a86d25b hov_image_prod elementor-widget elementor-widget-image\" data-id=\"a86d25b\" data-element_type=\"widget\" data-widget_type=\"image.default\">\n\t\t\t\t<div class=\"elementor-widget-container\">\n\t\t\t\t\t\t\t\t\t\t\t\t\t\t\t\t<a href=\"#\">\n\t\t\t\t\t\t\t<img fetchpriority=\"high\" decoding=\"async\" width=\"634\" height=\"417\" src=\"https:\/\/ferrisrl.it\/wp-content\/uploads\/2024\/06\/icut-3.60.jpg\" class=\"attachment-full size-full wp-image-6817\" alt=\"\" srcset=\"https:\/\/ferrisrl.it\/wp-content\/uploads\/2024\/06\/icut-3.60.jpg 634w, https:\/\/ferrisrl.it\/wp-content\/uploads\/2024\/06\/icut-3.60-300x197.jpg 300w, https:\/\/ferrisrl.it\/wp-content\/uploads\/2024\/06\/icut-3.60-600x395.jpg 600w\" sizes=\"(max-width: 634px) 100vw, 634px\" \/>\t\t\t\t\t\t\t\t<\/a>\n\t\t\t\t\t\t\t\t\t\t\t\t\t\t\t<\/div>\n\t\t\t\t<\/div>\n\t\t\t\t<div class=\"elementor-element elementor-element-16ae016 elementor-absolute icon elementor-widget elementor-widget-image\" data-id=\"16ae016\" data-element_type=\"widget\" data-settings=\"{&quot;_position&quot;:&quot;absolute&quot;}\" data-widget_type=\"image.default\">\n\t\t\t\t<div class=\"elementor-widget-container\">\n\t\t\t\t\t\t\t\t\t\t\t\t\t\t\t\t<a href=\"#\">\n\t\t\t\t\t\t\t<img decoding=\"async\" width=\"88\" height=\"88\" src=\"https:\/\/ferrisrl.it\/wp-content\/uploads\/2024\/03\/esplora_eventi.png\" class=\"attachment-full size-full wp-image-6178\" alt=\"\" \/>\t\t\t\t\t\t\t\t<\/a>\n\t\t\t\t\t\t\t\t\t\t\t\t\t\t\t<\/div>\n\t\t\t\t<\/div>\n\t\t\t\t\t<\/div>\n\t\t\t\t<\/div>\n\t\t\t\t\t<\/div>\n\t\t\t\t<\/div>\n\t\t<div class=\"elementor-element elementor-element-644c040 box_product e-flex e-con-boxed e-con e-parent\" data-id=\"644c040\" data-element_type=\"container\" data-settings=\"{&quot;background_background&quot;:&quot;gradient&quot;}\">\n\t\t\t\t\t<div class=\"e-con-inner\">\n\t\t<div class=\"elementor-element elementor-element-afb2bf2 box_img e-flex e-con-boxed e-con e-child\" data-id=\"afb2bf2\" data-element_type=\"container\">\n\t\t\t\t\t<div class=\"e-con-inner\">\n\t\t\t\t<div class=\"elementor-element elementor-element-830d0e1 hov_image_prod elementor-widget elementor-widget-image\" data-id=\"830d0e1\" data-element_type=\"widget\" data-widget_type=\"image.default\">\n\t\t\t\t<div class=\"elementor-widget-container\">\n\t\t\t\t\t\t\t\t\t\t\t\t\t\t\t\t<a href=\"#\">\n\t\t\t\t\t\t\t<img decoding=\"async\" width=\"978\" height=\"606\" src=\"https:\/\/ferrisrl.it\/wp-content\/uploads\/2024\/03\/Rectangle.jpg\" class=\"attachment-full size-full wp-image-6172\" alt=\"\" srcset=\"https:\/\/ferrisrl.it\/wp-content\/uploads\/2024\/03\/Rectangle.jpg 978w, https:\/\/ferrisrl.it\/wp-content\/uploads\/2024\/03\/Rectangle-300x186.jpg 300w, https:\/\/ferrisrl.it\/wp-content\/uploads\/2024\/03\/Rectangle-768x476.jpg 768w\" sizes=\"(max-width: 978px) 100vw, 978px\" \/>\t\t\t\t\t\t\t\t<\/a>\n\t\t\t\t\t\t\t\t\t\t\t\t\t\t\t<\/div>\n\t\t\t\t<\/div>\n\t\t\t\t<div class=\"elementor-element elementor-element-c667b44 elementor-absolute icon elementor-widget elementor-widget-image\" data-id=\"c667b44\" data-element_type=\"widget\" data-settings=\"{&quot;_position&quot;:&quot;absolute&quot;}\" data-widget_type=\"image.default\">\n\t\t\t\t<div class=\"elementor-widget-container\">\n\t\t\t\t\t\t\t\t\t\t\t\t\t\t\t\t<a href=\"#\">\n\t\t\t\t\t\t\t<img decoding=\"async\" width=\"88\" height=\"88\" src=\"https:\/\/ferrisrl.it\/wp-content\/uploads\/2024\/03\/esplora_eventi.png\" class=\"attachment-full size-full wp-image-6178\" alt=\"\" \/>\t\t\t\t\t\t\t\t<\/a>\n\t\t\t\t\t\t\t\t\t\t\t\t\t\t\t<\/div>\n\t\t\t\t<\/div>\n\t\t\t\t\t<\/div>\n\t\t\t\t<\/div>\n\t\t<div class=\"elementor-element elementor-element-6b08950 e-con-full e-flex e-con e-child\" data-id=\"6b08950\" data-element_type=\"container\">\n\t\t<div class=\"elementor-element elementor-element-0590234 e-flex e-con-boxed e-con e-child\" data-id=\"0590234\" data-element_type=\"container\">\n\t\t\t\t\t<div class=\"e-con-inner\">\n\t\t\t\t<div class=\"elementor-element elementor-element-1b19836 elementor-widget elementor-widget-heading\" data-id=\"1b19836\" data-element_type=\"widget\" data-widget_type=\"heading.default\">\n\t\t\t\t<div class=\"elementor-widget-container\">\n\t\t\t\t\t<p class=\"elementor-heading-title elementor-size-default\">D\u00c9BROUSSAILLEUSE UNIMOG\n<\/p>\t\t\t\t<\/div>\n\t\t\t\t<\/div>\n\t\t\t\t<div class=\"elementor-element elementor-element-b79bdab no_br_desk elementor-widget elementor-widget-text-editor\" data-id=\"b79bdab\" data-element_type=\"widget\" data-widget_type=\"text-editor.default\">\n\t\t\t\t<div class=\"elementor-widget-container\">\n\t\t\t\t\t\t\t\t\tLes d\u00e9broussailleuses frontales TSF 600-U et TST50-U de Ferri ont \u00e9t\u00e9 con\u00e7us pour \u00eatre fix\u00e9s sp\u00e9cifiquement au porte-outils Unimog accroch\u00e9 \u00e0 la plaque avant. Elles sont fabriqu\u00e9es en acier tubulaire de haute qualit\u00e9, ce qui leur conf\u00e8re une grande r\u00e9sistance et un faible poids.\n\t\t\t\t\t\t\t\t<\/div>\n\t\t\t\t<\/div>\n\t\t\t\t<div class=\"elementor-element elementor-element-37f42e5 elementor-widget elementor-widget-button\" data-id=\"37f42e5\" data-element_type=\"widget\" data-widget_type=\"button.default\">\n\t\t\t\t<div class=\"elementor-widget-container\">\n\t\t\t\t\t\t\t\t\t<div class=\"elementor-button-wrapper\">\n\t\t\t\t\t<a class=\"elementor-button elementor-button-link elementor-size-sm\" href=\"https:\/\/www.ferrisrl.it\/trinciatrici-idrauliche-e-forestali-per-mini-pale\/\">\n\t\t\t\t\t\t<span class=\"elementor-button-content-wrapper\">\n\t\t\t\t\t\t<span class=\"elementor-button-icon\">\n\t\t\t\t<svg aria-hidden=\"true\" class=\"e-font-icon-svg e-fas-chevron-right\" viewBox=\"0 0 320 512\" xmlns=\"http:\/\/www.w3.org\/2000\/svg\"><path d=\"M285.476 272.971L91.132 467.314c-9.373 9.373-24.569 9.373-33.941 0l-22.667-22.667c-9.357-9.357-9.375-24.522-.04-33.901L188.505 256 34.484 101.255c-9.335-9.379-9.317-24.544.04-33.901l22.667-22.667c9.373-9.373 24.569-9.373 33.941 0L285.475 239.03c9.373 9.372 9.373 24.568.001 33.941z\"><\/path><\/svg>\t\t\t<\/span>\n\t\t\t\t\t\t\t\t\t<span class=\"elementor-button-text\">D\u00e9couvrez nos bras de d\u00e9broussaillage avant UNIMOG<\/span>\n\t\t\t\t\t<\/span>\n\t\t\t\t\t<\/a>\n\t\t\t\t<\/div>\n\t\t\t\t\t\t\t\t<\/div>\n\t\t\t\t<\/div>\n\t\t\t\t\t<\/div>\n\t\t\t\t<\/div>\n\t\t\t\t<\/div>\n\t\t\t\t\t<\/div>\n\t\t\t\t<\/div>\n\t\t\t\t<\/div>\n\t\t","protected":false},"excerpt":{"rendered":"<p>Projets sp\u00e9ciaux home \u25cb produits \u25cb Projets sp\u00e9ciaux Lignes de produits d\u00e9di\u00e9s aux professionnels de l&rsquo;entretien des espaces verts. Gamme de porte-outils radiocommand\u00e9s pour intervenir dans des conditions difficiles l\u00e0 ou il est impossible d&rsquo;utiliser des moyens traditionnels. Gamme de d\u00e9broussailleuses pour l&rsquo;entretien professionnel des espaces verts publics destin\u00e9s \u00e0 un usage intensif appliqu\u00e9s aux [&hellip;]<\/p>\n","protected":false},"author":2,"featured_media":0,"parent":0,"menu_order":0,"comment_status":"closed","ping_status":"closed","template":"","meta":{"_acf_changed":false,"inline_featured_image":false,"footnotes":""},"class_list":["post-6262","page","type-page","status-publish","hentry"],"acf":[],"_links":{"self":[{"href":"https:\/\/ferrisrl.it\/fr\/wp-json\/wp\/v2\/pages\/6262","targetHints":{"allow":["GET"]}}],"collection":[{"href":"https:\/\/ferrisrl.it\/fr\/wp-json\/wp\/v2\/pages"}],"about":[{"href":"https:\/\/ferrisrl.it\/fr\/wp-json\/wp\/v2\/types\/page"}],"author":[{"embeddable":true,"href":"https:\/\/ferrisrl.it\/fr\/wp-json\/wp\/v2\/users\/2"}],"replies":[{"embeddable":true,"href":"https:\/\/ferrisrl.it\/fr\/wp-json\/wp\/v2\/comments?post=6262"}],"version-history":[{"count":7,"href":"https:\/\/ferrisrl.it\/fr\/wp-json\/wp\/v2\/pages\/6262\/revisions"}],"predecessor-version":[{"id":8958,"href":"https:\/\/ferrisrl.it\/fr\/wp-json\/wp\/v2\/pages\/6262\/revisions\/8958"}],"wp:attachment":[{"href":"https:\/\/ferrisrl.it\/fr\/wp-json\/wp\/v2\/media?parent=6262"}],"curies":[{"name":"wp","href":"https:\/\/api.w.org\/{rel}","templated":true}]}}