{"id":6267,"date":"2024-05-10T10:20:07","date_gmt":"2024-05-10T08:20:07","guid":{"rendered":"http:\/\/www.ferrisrl.it\/servizi\/"},"modified":"2024-08-30T10:51:26","modified_gmt":"2024-08-30T08:51:26","slug":"services","status":"publish","type":"page","link":"https:\/\/ferrisrl.it\/fr\/services\/?countries=Usa\/5\/4\/5\/","title":{"rendered":"Services"},"content":{"rendered":"<p><a href=\"https:\/\/www.ferrisrl.it\/fr\/\">home<\/a><\/p>\n<p>\u25cb<\/p>\n<p>Servizi<\/p>\n<p>Ricambi originali FERRI<\/p>\n<p>I distributori FERRI sono in grado di offrire ai Clienti tutte le conoscenze, l\u2019assistenza qualificata e gli accessori di cui necessitano. Per effettuare l&rsquo;ordinazione delle parti di ricambio specificare al distributore FERRI i dati relativi alla macchina riferendosi alla targhetta apposta sulla stessa, quali:<\/p>\n<p>&gt; Modello \u00ab\u00a0MOD.\u00a0\u00bb<br \/>&gt; Serial no.<br \/>&gt; Series<\/p>\n<h3><strong>Servizio Ricambi<\/strong><\/h3>\n<p><strong>Email: <a href=\"mailto:ricambi@ferrisrl.it\">ricambi@ferrisrl.it<\/a><br \/>Email: <a href=\"mailto:parts@ferrisrl.it\">parts@ferrisrl.it<\/a><br \/><\/strong><\/p>\n<p><a href=\"#contattaci\"><strong>CONTATTACI<\/strong><\/a><\/p>\n<p>\t\t\t\t\t\t\t\t\t\t\t\t\t<img fetchpriority=\"high\" decoding=\"async\" width=\"788\" height=\"550\" src=\"https:\/\/www.ferrisrl.it\/wp-content\/uploads\/2024\/06\/targhetta-CE_2.jpg\" alt=\"\" srcset=\"https:\/\/www.ferrisrl.it\/wp-content\/uploads\/2024\/06\/targhetta-CE_2.jpg 788w, https:\/\/www.ferrisrl.it\/wp-content\/uploads\/2024\/06\/targhetta-CE_2-300x209.jpg 300w, https:\/\/www.ferrisrl.it\/wp-content\/uploads\/2024\/06\/targhetta-CE_2-768x536.jpg 768w, https:\/\/www.ferrisrl.it\/wp-content\/uploads\/2024\/06\/targhetta-CE_2-600x419.jpg 600w\" sizes=\"(max-width: 788px) 100vw, 788px\" \/>\t\t\t\t\t\t\t\t\t\t\t\t\t<\/p>\n<p>ASSISTENZA POST-VENDITA<\/p>\n<p>L\u2019azienda non deve avere come unico obiettivo quello della vendita. Ancor pi\u00f9 importante \u00e8 la soddisfazione del Cliente! Questo obiettivo lo si raggiunge in svariati modi: qualit\u00e0 dei prodotti, valida rete distributiva, reperibilit\u00e0 dei ricambi, ecc.<\/p>\n<p>Tra questi valori un efficiente servizio post-vendita, gestito da personale qualificato, \u00e8 il pi\u00f9 importante contributo che l\u2019azienda pu\u00f2 fornire ai propri Clienti. Ed \u00e8 in questa direzione che la FERRI ha investito risorse umane e materiali, tali da garantire al Cliente la certezza di avere sempre a fianco una ditta amica.<\/p>\n<p>Il personale di assistenza FERRI \u00e8 costituito da tecnici altamente qualificati. Corsi tenuti in fabbrica e corsi pratici di addestramento permettono un aggiornamento costante dei tecnici sulle tecnologie in continua evoluzione e sulle tecniche di assistenza.<\/p>\n<h3><strong>Servizio post-vendita<\/strong><\/h3>\n<h5>Tel.: +39 0532 866866<br \/>Fax: +39 0532 866851<br \/>Email:\u00a0service@ferrisrl.it<\/h5>\n<p>CONTATTACI<\/p>\n<p style=\"text-align: center;\">Compilando il presente modulo riceverete al pi\u00f9 presto una risposta specifica per le vostre esigenze.<\/p>\n<p style=\"text-align: center;\">Si prega di compilare accuratamente tutte le voci, prestando attenzione <br \/>a digitare i dati correttamente per consentirci di contattarvi.<\/p>\n","protected":false},"excerpt":{"rendered":"<p>home \u25cb Servizi Ricambi originali FERRI I distributori FERRI sono in grado di offrire ai Clienti tutte le conoscenze, l\u2019assistenza qualificata e gli accessori di cui necessitano. Per effettuare l&rsquo;ordinazione delle parti di ricambio specificare al distributore FERRI i dati relativi alla macchina riferendosi alla targhetta apposta sulla stessa, quali: &gt; Modello \u00ab\u00a0MOD.\u00a0\u00bb&gt; Serial no.&gt; [&hellip;]<\/p>\n","protected":false},"author":1,"featured_media":0,"parent":0,"menu_order":0,"comment_status":"closed","ping_status":"closed","template":"pagine\/servizi.php","meta":{"_acf_changed":false,"inline_featured_image":false,"footnotes":""},"class_list":["post-6267","page","type-page","status-publish","hentry"],"acf":[],"_links":{"self":[{"href":"https:\/\/ferrisrl.it\/fr\/wp-json\/wp\/v2\/pages\/6267","targetHints":{"allow":["GET"]}}],"collection":[{"href":"https:\/\/ferrisrl.it\/fr\/wp-json\/wp\/v2\/pages"}],"about":[{"href":"https:\/\/ferrisrl.it\/fr\/wp-json\/wp\/v2\/types\/page"}],"author":[{"embeddable":true,"href":"https:\/\/ferrisrl.it\/fr\/wp-json\/wp\/v2\/users\/1"}],"replies":[{"embeddable":true,"href":"https:\/\/ferrisrl.it\/fr\/wp-json\/wp\/v2\/comments?post=6267"}],"version-history":[{"count":2,"href":"https:\/\/ferrisrl.it\/fr\/wp-json\/wp\/v2\/pages\/6267\/revisions"}],"predecessor-version":[{"id":6273,"href":"https:\/\/ferrisrl.it\/fr\/wp-json\/wp\/v2\/pages\/6267\/revisions\/6273"}],"wp:attachment":[{"href":"https:\/\/ferrisrl.it\/fr\/wp-json\/wp\/v2\/media?parent=6267"}],"curies":[{"name":"wp","href":"https:\/\/api.w.org\/{rel}","templated":true}]}}