{"id":7045,"date":"2024-07-03T16:02:50","date_gmt":"2024-07-03T14:02:50","guid":{"rendered":"http:\/\/www.ferrisrl.it\/trinciatrici-forestali\/"},"modified":"2025-11-11T12:53:10","modified_gmt":"2025-11-11T11:53:10","slug":"broyeurs-forestiers","status":"publish","type":"page","link":"https:\/\/ferrisrl.it\/fr\/broyeurs-forestiers\/?countries=Usa\/3\/3\/","title":{"rendered":"Broyeurs forestiers"},"content":{"rendered":"\t\t<div data-elementor-type=\"wp-page\" data-elementor-id=\"7045\" class=\"elementor elementor-7045 elementor-4001\" data-elementor-post-type=\"page\">\n\t\t\t\t<div class=\"elementor-element elementor-element-afab7ed e-flex e-con-boxed e-con e-parent\" data-id=\"afab7ed\" data-element_type=\"container\">\n\t\t\t\t\t<div class=\"e-con-inner\">\n\t\t<div class=\"elementor-element elementor-element-21cf2d2 e-con-full e-flex e-con e-child\" data-id=\"21cf2d2\" data-element_type=\"container\">\n\t\t\t\t<div class=\"elementor-element elementor-element-bc269ca elementor-widget elementor-widget-heading\" data-id=\"bc269ca\" data-element_type=\"widget\" data-widget_type=\"heading.default\">\n\t\t\t\t<div class=\"elementor-widget-container\">\n\t\t\t\t\t<h1 class=\"elementor-heading-title elementor-size-default\">Broyeurs forestiers<\/h1>\t\t\t\t<\/div>\n\t\t\t\t<\/div>\n\t\t\t\t<\/div>\n\t\t<div class=\"elementor-element elementor-element-7b3c485 e-con-full e-flex e-con e-child\" data-id=\"7b3c485\" data-element_type=\"container\">\n\t\t<div class=\"elementor-element elementor-element-640f34f elementor-hidden-mobile e-flex e-con-boxed e-con e-child\" data-id=\"640f34f\" data-element_type=\"container\">\n\t\t\t\t\t<div class=\"e-con-inner\">\n\t\t\t\t<div class=\"elementor-element elementor-element-f5659e4 elementor-widget elementor-widget-heading\" data-id=\"f5659e4\" data-element_type=\"widget\" data-widget_type=\"heading.default\">\n\t\t\t\t<div class=\"elementor-widget-container\">\n\t\t\t\t\t<p class=\"elementor-heading-title elementor-size-default\"><a href=\"http:\/\/www.ferrisrl.it\/fr\/\">home<\/a><\/p>\t\t\t\t<\/div>\n\t\t\t\t<\/div>\n\t\t\t\t<div class=\"elementor-element elementor-element-0acdc9a elementor-widget elementor-widget-heading\" data-id=\"0acdc9a\" data-element_type=\"widget\" data-widget_type=\"heading.default\">\n\t\t\t\t<div class=\"elementor-widget-container\">\n\t\t\t\t\t<p class=\"elementor-heading-title elementor-size-default\">\u25cb<\/p>\t\t\t\t<\/div>\n\t\t\t\t<\/div>\n\t\t\t\t<div class=\"elementor-element elementor-element-4c035b1 elementor-widget elementor-widget-heading\" data-id=\"4c035b1\" data-element_type=\"widget\" data-widget_type=\"heading.default\">\n\t\t\t\t<div class=\"elementor-widget-container\">\n\t\t\t\t\t<p class=\"elementor-heading-title elementor-size-default\">produits<\/p>\t\t\t\t<\/div>\n\t\t\t\t<\/div>\n\t\t\t\t<div class=\"elementor-element elementor-element-0fb04ea elementor-widget elementor-widget-heading\" data-id=\"0fb04ea\" data-element_type=\"widget\" data-widget_type=\"heading.default\">\n\t\t\t\t<div class=\"elementor-widget-container\">\n\t\t\t\t\t<p class=\"elementor-heading-title elementor-size-default\">\u25cb<\/p>\t\t\t\t<\/div>\n\t\t\t\t<\/div>\n\t\t\t\t<div class=\"elementor-element elementor-element-3ac0311 elementor-widget elementor-widget-heading\" data-id=\"3ac0311\" data-element_type=\"widget\" data-widget_type=\"heading.default\">\n\t\t\t\t<div class=\"elementor-widget-container\">\n\t\t\t\t\t<p class=\"elementor-heading-title elementor-size-default\"><a href=\"http:\/\/www.ferrisrl.it\/fr\/produits-forestiers\/\">Forestiers<\/a><\/p>\t\t\t\t<\/div>\n\t\t\t\t<\/div>\n\t\t\t\t<div class=\"elementor-element elementor-element-68f6a91 elementor-widget elementor-widget-heading\" data-id=\"68f6a91\" data-element_type=\"widget\" data-widget_type=\"heading.default\">\n\t\t\t\t<div class=\"elementor-widget-container\">\n\t\t\t\t\t<p class=\"elementor-heading-title elementor-size-default\">\u25cb<\/p>\t\t\t\t<\/div>\n\t\t\t\t<\/div>\n\t\t\t\t<div class=\"elementor-element elementor-element-89440ad elementor-widget elementor-widget-heading\" data-id=\"89440ad\" data-element_type=\"widget\" data-widget_type=\"heading.default\">\n\t\t\t\t<div class=\"elementor-widget-container\">\n\t\t\t\t\t<p class=\"elementor-heading-title elementor-size-default\">Broyeurs forestiers<\/p>\t\t\t\t<\/div>\n\t\t\t\t<\/div>\n\t\t\t\t\t<\/div>\n\t\t\t\t<\/div>\n\t\t\t\t<\/div>\n\t\t<div class=\"elementor-element elementor-element-60e2141 e-con-full e-flex e-con e-child\" data-id=\"60e2141\" data-element_type=\"container\">\n\t\t\t\t<div class=\"elementor-element elementor-element-98d078a elementor-widget elementor-widget-text-editor\" data-id=\"98d078a\" data-element_type=\"widget\" data-widget_type=\"text-editor.default\">\n\t\t\t\t<div class=\"elementor-widget-container\">\n\t\t\t\t\t\t\t\t\t<p>Les <strong>broyeurs forestiers Ferri<\/strong> sont con\u00e7us pour le broyage intensif de branches, buissons et v\u00e9g\u00e9tation ligneuse jusqu\u2019\u00e0 un diam\u00e8tre de 40 cm. Ces machines sont id\u00e9ales pour l\u2019entretien des terrains en friche, des broussailles et des zones foresti\u00e8res, offrant d\u2019excellentes performances m\u00eame sur des terrains irr\u00e9guliers ou difficiles. Mont\u00e9s sur des tracteurs de puissance adapt\u00e9e, ils garantissent une capacit\u00e9 de broyage \u00e9lev\u00e9e et une grande fiabilit\u00e9 dans le temps, ce qui en fait le choix parfait pour un usage professionnel et continu.<\/p><p>Chaque broyeur Ferri est le fruit d\u2019une longue exp\u00e9rience dans le secteur forestier et d\u2019une recherche constante en mati\u00e8re d\u2019efficacit\u00e9, de s\u00e9curit\u00e9 et de robustesse. L\u2019utilisation de mat\u00e9riaux de haute qualit\u00e9, la pr\u00e9cision de la fabrication et les solutions techniques avanc\u00e9es assurent des r\u00e9sultats exceptionnels dans toutes les conditions de travail, tout en r\u00e9duisant au minimum les vibrations, l\u2019usure et les besoins de maintenance.<\/p>\t\t\t\t\t\t\t\t<\/div>\n\t\t\t\t<\/div>\n\t\t\t\t<\/div>\n\t\t<div class=\"elementor-element elementor-element-68aab0b e-con-full e-flex e-con e-child\" data-id=\"68aab0b\" data-element_type=\"container\" data-settings=\"{&quot;background_background&quot;:&quot;classic&quot;}\">\n\t\t\t\t<div class=\"elementor-element elementor-element-c0ded8e elementor-widget-tablet__width-initial elementor-widget-mobile_extra__width-inherit elementor-widget elementor-widget-heading\" data-id=\"c0ded8e\" data-element_type=\"widget\" data-widget_type=\"heading.default\">\n\t\t\t\t<div class=\"elementor-widget-container\">\n\t\t\t\t\t<p class=\"elementor-heading-title elementor-size-default\">Filtrer les mod\u00e8les par<\/p>\t\t\t\t<\/div>\n\t\t\t\t<\/div>\n\t\t\t\t<div class=\"elementor-element elementor-element-efd4b2d elementor-widget__width-inherit elementor-widget elementor-widget-shortcode\" data-id=\"efd4b2d\" data-element_type=\"widget\" data-widget_type=\"shortcode.default\">\n\t\t\t\t<div class=\"elementor-widget-container\">\n\t\t\t\t\t\t\t<div class=\"elementor-shortcode\">        <form id=\"filterForm\" method=\"GET\" class=\"all\">\n            <!-- Campo nascosto per mantenere la country -->\n            <input type=\"hidden\" name=\"countries\" value=\"Usa\/3\/3\/\">\n\n            <div class=\"wrapper\">\n                <div class=\"colonne\">\n                    <label for=\"potenza_trattrice\">Puissance du tracteur:<\/label>\n                    <div id=\"potenza_trattrice_slider\" class=\"slider\"><\/div>\n                    <div class=\"input-fields\">\n                        <input type=\"text\" id=\"potenza_trattrice_min\" name=\"potenza_trattrice_min\" readonly value=\"60.00\">\n                        <input type=\"text\" id=\"potenza_trattrice_max\" name=\"potenza_trattrice_max\" readonly value=\"250.00\">\n                    <\/div>\n                <\/div>\n                <div class=\"colonne\">\n                    <label for=\"larghezza_di_lavoro\">Largeur de travail:<\/label>\n                    <div id=\"larghezza_di_lavoro_slider\" class=\"slider\"><\/div>\n                    <div class=\"input-fields\">\n                        <input type=\"text\" id=\"larghezza_di_lavoro_min\" name=\"larghezza_di_lavoro_min\" readonly value=\"1.60\">\n                        <input type=\"text\" id=\"larghezza_di_lavoro_max\" name=\"larghezza_di_lavoro_max\" readonly value=\"2.20\">\n                    <\/div>\n                <\/div>\n                <div class=\"colonne\">\n                    <label for=\"diametro\">Diam\u00e8tre de coupe maximal:<\/label>\n                    <div id=\"diametro_slider\" class=\"slider\"><\/div>\n                    <div class=\"input-fields\">\n                        <input type=\"text\" id=\"diametro_min\" name=\"diametro_min\" readonly value=\"20.00\">\n                        <input type=\"text\" id=\"diametro_max\" name=\"diametro_max\" readonly value=\"40.00\">\n                    <\/div>\n                <\/div>\n            <\/div>\n            <button type=\"submit\" class=\"filter-button\">Filtre<\/button>\n        <\/form>\n\n        <script>\n        document.addEventListener(\"DOMContentLoaded\", function() {\n            var potenza_min_value = 60;\n            var potenza_max_value = 250;\n            var larghezza_min_value = 1.6;\n            var larghezza_max_value = 2.2;\n            var diametro_min_value = 20;\n            var diametro_max_value = 40;\n\n            var selected_potenza_min = 60;\n            var selected_potenza_max = 250;\n            var selected_larghezza_min = 1.6;\n            var selected_larghezza_max = 2.2;\n            var selected_diametro_min = 20;\n            var selected_diametro_max = 40;\n\n            \/\/ Slider per Potenza Trattrice\n            var potenzaSlider = document.getElementById('potenza_trattrice_slider');\n            noUiSlider.create(potenzaSlider, {\n                start: [selected_potenza_min, selected_potenza_max],\n                connect: true,\n                range: {\n                    'min': potenza_min_value,\n                    'max': potenza_max_value\n                },\n                step: 0.01 \/\/ Step per mantenere i decimali\n            });\n            var potenzaMinInput = document.getElementById('potenza_trattrice_min');\n            var potenzaMaxInput = document.getElementById('potenza_trattrice_max');\n            potenzaSlider.noUiSlider.on('update', function (values) {\n                potenzaMinInput.value = parseFloat(values[0]).toFixed(2);\n                potenzaMaxInput.value = parseFloat(values[1]).toFixed(2);\n            });\n\n            \/\/ Slider per Larghezza di Lavoro\n            var larghezzaSlider = document.getElementById('larghezza_di_lavoro_slider');\n            noUiSlider.create(larghezzaSlider, {\n                start: [selected_larghezza_min, selected_larghezza_max],\n                connect: true,\n                range: {\n                    'min': larghezza_min_value,\n                    'max': larghezza_max_value\n                },\n                step: 0.01\n            });\n            var larghezzaMinInput = document.getElementById('larghezza_di_lavoro_min');\n            var larghezzaMaxInput = document.getElementById('larghezza_di_lavoro_max');\n            larghezzaSlider.noUiSlider.on('update', function (values) {\n                larghezzaMinInput.value = parseFloat(values[0]).toFixed(2);\n                larghezzaMaxInput.value = parseFloat(values[1]).toFixed(2);\n            });\n\n            \/\/ Slider per Diametro Max di Taglio\n            var diametroSlider = document.getElementById('diametro_slider');\n            noUiSlider.create(diametroSlider, {\n                start: [selected_diametro_min, selected_diametro_max],\n                connect: true,\n                range: {\n                    'min': diametro_min_value,\n                    'max': diametro_max_value\n                },\n                step: 0.01\n            });\n            var diametroMinInput = document.getElementById('diametro_min');\n            var diametroMaxInput = document.getElementById('diametro_max');\n            diametroSlider.noUiSlider.on('update', function (values) {\n                diametroMinInput.value = parseFloat(values[0]).toFixed(2);\n                diametroMaxInput.value = parseFloat(values[1]).toFixed(2);\n            });\n        });\n        <\/script>\n\n        <style>\n            .wrapper{display: flex; gap: 70px; width: 85%;}\n            .wrapper .colonne{width: 33.33%}\n            .slider{margin: 10px 0;}\n            .input-fields{display: flex; justify-content: space-between; align-items: center; margin-top: 10px;}\n            .input-fields input[type=\"text\"]{width: 70px; padding: 5px; border: 1px solid #ddd; border-radius: 5px; text-align: center;}\n            .filter-button{background-color: #e2001a; color: white; padding: 11px 20px; text-align: center; border: none; cursor: pointer; font-size: 18px; border-radius: 10px; width: 15%; text-transform: uppercase;}\n            .filter-button:hover{background-color: #c00018;}\n            form#filterForm{gap: 60px; align-items: center;}\n            .noUi-connect{background: #e2001a !important;}\n            .input-fields input[type=\"text\"]{background: #e2001a !important; color: #fff !important;}\n        <\/style>\n        <!-- OUTPUT HTML e JavaScript -->\n        <\/div>\n\t\t\t\t\t\t<\/div>\n\t\t\t\t<\/div>\n\t\t\t\t<\/div>\n\t\t\t\t\t<\/div>\n\t\t\t\t<\/div>\n\t\t<div class=\"elementor-element elementor-element-2a57c9e e-flex e-con-boxed e-con e-parent\" data-id=\"2a57c9e\" data-element_type=\"container\">\n\t\t\t\t\t<div class=\"e-con-inner\">\n\t\t<div class=\"elementor-element elementor-element-f0fa04e e-flex e-con-boxed e-con e-child\" data-id=\"f0fa04e\" data-element_type=\"container\">\n\t\t\t\t\t<div class=\"e-con-inner\">\n\t\t\t\t<div class=\"elementor-element elementor-element-d1325f2 elementor-widget elementor-widget-shortcode\" data-id=\"d1325f2\" data-element_type=\"widget\" data-widget_type=\"shortcode.default\">\n\t\t\t\t<div class=\"elementor-widget-container\">\n\t\t\t\t\t\t\t<div class=\"elementor-shortcode\">\n            <style>\n                .container-products {\n                    display: grid;\n                    grid-template-columns: repeat(4, 1fr);\n                    gap: 1rem;\n                }\n                @media (max-width: 768px) {\n                    .container-products {\n                        grid-template-columns: repeat(2, 1fr);\n                    }\n                }\n            <\/style>\n        <div class=\"container-products\"><p style=\"text-align:center;\">Nessun prodotto trovato per i filtri applicati.<\/p><\/div><\/div>\n\t\t\t\t\t\t<\/div>\n\t\t\t\t<\/div>\n\t\t\t\t\t<\/div>\n\t\t\t\t<\/div>\n\t\t\t\t\t<\/div>\n\t\t\t\t<\/div>\n\t\t<div class=\"elementor-element elementor-element-58fabf3 e-flex e-con-boxed e-con e-parent\" data-id=\"58fabf3\" data-element_type=\"container\">\n\t\t\t\t\t<div class=\"e-con-inner\">\n\t\t\t\t<div class=\"elementor-element elementor-element-1e6b5a4 elementor-widget elementor-widget-text-editor\" data-id=\"1e6b5a4\" data-element_type=\"widget\" data-widget_type=\"text-editor.default\">\n\t\t\t\t<div class=\"elementor-widget-container\">\n\t\t\t\t\t\t\t\t\t<h2><strong>Caract\u00e9ristiques principales<\/strong><\/h2>\n<p>Les <strong>broyeurs forestiers Ferri<\/strong> se distinguent par leur puissance, leur robustesse et leur efficacit\u00e9 de coupe. Le rotor est con\u00e7u pour r\u00e9sister \u00e0 des contraintes \u00e9lev\u00e9es et garantir un broyage performant du bois dur et de la v\u00e9g\u00e9tation dense. Les broyeurs sont \u00e9quip\u00e9es d\u2019outils fixes renforc\u00e9s au tungst\u00e8ne, assurant une r\u00e9duction homog\u00e8ne du mat\u00e9riau et facilitant les op\u00e9rations ult\u00e9rieures d\u2019entretien ou de pr\u00e9paration du sol. Les rotors \u00e0 dents fixes avec plaques de renforcement en carbure de tungst\u00e8ne peuvent \u00e9galement \u00eatre combin\u00e9s avec des limiteurs de p\u00e9n\u00e9tration, qui emp\u00eachent les troncs ou la terre de p\u00e9n\u00e9trer excessivement dans ce dernier, ce qui garantit une puissance constante et des performances optimales.<\/p>\n<p>La structure en acier haute r\u00e9sistance et les protections anti-usure prolongent la dur\u00e9e de vie de la machine, tandis que les roulements et supports renforc\u00e9s permettent un fonctionnement continu m\u00eame dans les environnements les plus exigeants. Le syst\u00e8me de transmission, dimensionn\u00e9 pour supporter des couples \u00e9lev\u00e9s, garantit une efficacit\u00e9 constante et une stabilit\u00e9 durable. Tous les mod\u00e8les sont con\u00e7us pour simplifier la maintenance, avec un acc\u00e8s facile aux composants et des pi\u00e8ces d\u2019usure rapidement rempla\u00e7ables.<\/p><p><br><\/p>\n<h2><strong>Avantages<\/strong><\/h2>\n<p>Choisir un <strong>broyeur forestier Ferri<\/strong>, c\u2019est opter pour une machine con\u00e7ue pour les travaux intensifs de d\u00e9frichage et d\u2019entretien forestier. Sa grande capacit\u00e9 de broyage permet de r\u00e9duire rapidement la v\u00e9g\u00e9tation la plus r\u00e9sistante, augmentant la productivit\u00e9 et la s\u00e9curit\u00e9 de l\u2019op\u00e9rateur. Le rotor, parfaitement \u00e9quilibr\u00e9, limite les vibrations et am\u00e9liore le confort d\u2019utilisation ainsi que la pr\u00e9cision de coupe.<\/p>\n<p>Gr\u00e2ce \u00e0 leur polyvalence, les broyeurs Ferri peuvent \u00eatre utilis\u00e9s pour le nettoyage du sous-bois, l\u2019entretien des zones broussailleuses et la pr\u00e9paration du terrain en vue de reboisements ou de cultures agricoles. Chaque machine b\u00e9n\u00e9ficie du service apr\u00e8s-vente sp\u00e9cialis\u00e9 Ferri et d\u2019un r\u00e9seau de pi\u00e8ces d\u2019origine disponibles rapidement jusqu\u2019\u00e0 10 ans apr\u00e8s la fin de la production, garantissant un fonctionnement continu et des performances constantes dans le temps.<\/p><p><br><\/p>\n<h2><strong>Applications<\/strong><\/h2>\n<p>Les <strong>broyeurs forestiers Ferri<\/strong> sont adapt\u00e9s \u00e0 de nombreux contextes professionnels :<\/p>\n<ul>\n<li>broyage de branches, buissons et v\u00e9g\u00e9tation jusqu\u2019\u00e0 40 cm de diam\u00e8tre\n<\/li>\n<li>nettoyage du sous-bois et entretien des zones foresti\u00e8res\n<\/li>\n<li>remise en \u00e9tat de terrains abandonn\u00e9s ou en friche\n<\/li>\n<li>pr\u00e9paration du sol pour le reboisement ou la culture\n<\/li>\n<li>r\u00e9duction des r\u00e9sidus apr\u00e8s les travaux forestiers ou l\u2019abattage\n<\/li>\n<li>entretien des parcs, berges et zones vertes non cultiv\u00e9es<\/li>\n<\/ul>\n<p><br><\/p><p>Con\u00e7us pour la puissance et l\u2019endurance, les broyeurs forestiers Ferri garantissent des performances \u00e9lev\u00e9es, pr\u00e9cises et continues, constituant une solution fiable pour les professionnels de la sylviculture et de l\u2019entretien environnemental.<\/p>\t\t\t\t\t\t\t\t<\/div>\n\t\t\t\t<\/div>\n\t\t\t\t\t<\/div>\n\t\t\t\t<\/div>\n\t\t\t\t<\/div>\n\t\t","protected":false},"excerpt":{"rendered":"<p>home \u25cb produits \u25cb Forestiers \u25cb Les broyeurs forestiers Ferri sont con\u00e7us pour le broyage intensif de branches, buissons et v\u00e9g\u00e9tation ligneuse jusqu\u2019\u00e0 un diam\u00e8tre de 40 cm. Ces machines sont id\u00e9ales pour l\u2019entretien des terrains en friche, des broussailles et des zones foresti\u00e8res, offrant d\u2019excellentes performances m\u00eame sur des terrains irr\u00e9guliers ou difficiles. Mont\u00e9s [&hellip;]<\/p>\n","protected":false},"author":2,"featured_media":7353,"parent":0,"menu_order":0,"comment_status":"closed","ping_status":"closed","template":"","meta":{"_acf_changed":false,"inline_featured_image":false,"footnotes":""},"class_list":["post-7045","page","type-page","status-publish","has-post-thumbnail","hentry"],"acf":[],"_links":{"self":[{"href":"https:\/\/ferrisrl.it\/fr\/wp-json\/wp\/v2\/pages\/7045","targetHints":{"allow":["GET"]}}],"collection":[{"href":"https:\/\/ferrisrl.it\/fr\/wp-json\/wp\/v2\/pages"}],"about":[{"href":"https:\/\/ferrisrl.it\/fr\/wp-json\/wp\/v2\/types\/page"}],"author":[{"embeddable":true,"href":"https:\/\/ferrisrl.it\/fr\/wp-json\/wp\/v2\/users\/2"}],"replies":[{"embeddable":true,"href":"https:\/\/ferrisrl.it\/fr\/wp-json\/wp\/v2\/comments?post=7045"}],"version-history":[{"count":18,"href":"https:\/\/ferrisrl.it\/fr\/wp-json\/wp\/v2\/pages\/7045\/revisions"}],"predecessor-version":[{"id":11104,"href":"https:\/\/ferrisrl.it\/fr\/wp-json\/wp\/v2\/pages\/7045\/revisions\/11104"}],"wp:featuredmedia":[{"embeddable":true,"href":"https:\/\/ferrisrl.it\/fr\/wp-json\/wp\/v2\/media\/7353"}],"wp:attachment":[{"href":"https:\/\/ferrisrl.it\/fr\/wp-json\/wp\/v2\/media?parent=7045"}],"curies":[{"name":"wp","href":"https:\/\/api.w.org\/{rel}","templated":true}]}}