{"id":7237,"date":"2024-03-19T16:13:07","date_gmt":"2024-03-19T15:13:07","guid":{"rendered":"http:\/\/www.ferrisrl.it\/broyeurs\/"},"modified":"2025-11-11T12:13:14","modified_gmt":"2025-11-11T11:13:14","slug":"broyeurs","status":"publish","type":"page","link":"https:\/\/ferrisrl.it\/fr\/broyeurs\/?countries=Italia\/3\/","title":{"rendered":"Broyeurs"},"content":{"rendered":"\t\t<div data-elementor-type=\"wp-page\" data-elementor-id=\"7237\" class=\"elementor elementor-7237 elementor-569\" data-elementor-post-type=\"page\">\n\t\t\t\t<div class=\"elementor-element elementor-element-afab7ed e-flex e-con-boxed e-con e-parent\" data-id=\"afab7ed\" data-element_type=\"container\">\n\t\t\t\t\t<div class=\"e-con-inner\">\n\t\t<div class=\"elementor-element elementor-element-21cf2d2 e-con-full e-flex e-con e-child\" data-id=\"21cf2d2\" data-element_type=\"container\">\n\t\t\t\t<div class=\"elementor-element elementor-element-bc269ca elementor-widget elementor-widget-heading\" data-id=\"bc269ca\" data-element_type=\"widget\" data-widget_type=\"heading.default\">\n\t\t\t\t<div class=\"elementor-widget-container\">\n\t\t\t\t\t<h1 class=\"elementor-heading-title elementor-size-default\">Broyeurs<\/h1>\t\t\t\t<\/div>\n\t\t\t\t<\/div>\n\t\t\t\t<\/div>\n\t\t<div class=\"elementor-element elementor-element-7b3c485 e-con-full e-flex e-con e-child\" data-id=\"7b3c485\" data-element_type=\"container\">\n\t\t<div class=\"elementor-element elementor-element-640f34f elementor-hidden-mobile e-flex e-con-boxed e-con e-child\" data-id=\"640f34f\" data-element_type=\"container\">\n\t\t\t\t\t<div class=\"e-con-inner\">\n\t\t\t\t<div class=\"elementor-element elementor-element-f5659e4 elementor-widget elementor-widget-heading\" data-id=\"f5659e4\" data-element_type=\"widget\" data-widget_type=\"heading.default\">\n\t\t\t\t<div class=\"elementor-widget-container\">\n\t\t\t\t\t<p class=\"elementor-heading-title elementor-size-default\"><a href=\"http:\/\/www.ferrisrl.it\/fr\/\">home<\/a><\/p>\t\t\t\t<\/div>\n\t\t\t\t<\/div>\n\t\t\t\t<div class=\"elementor-element elementor-element-0acdc9a elementor-widget elementor-widget-heading\" data-id=\"0acdc9a\" data-element_type=\"widget\" data-widget_type=\"heading.default\">\n\t\t\t\t<div class=\"elementor-widget-container\">\n\t\t\t\t\t<p class=\"elementor-heading-title elementor-size-default\">\u25cb<\/p>\t\t\t\t<\/div>\n\t\t\t\t<\/div>\n\t\t\t\t<div class=\"elementor-element elementor-element-4c035b1 elementor-widget elementor-widget-heading\" data-id=\"4c035b1\" data-element_type=\"widget\" data-widget_type=\"heading.default\">\n\t\t\t\t<div class=\"elementor-widget-container\">\n\t\t\t\t\t<p class=\"elementor-heading-title elementor-size-default\">produits<\/p>\t\t\t\t<\/div>\n\t\t\t\t<\/div>\n\t\t\t\t<div class=\"elementor-element elementor-element-0fb04ea elementor-widget elementor-widget-heading\" data-id=\"0fb04ea\" data-element_type=\"widget\" data-widget_type=\"heading.default\">\n\t\t\t\t<div class=\"elementor-widget-container\">\n\t\t\t\t\t<p class=\"elementor-heading-title elementor-size-default\">\u25cb<\/p>\t\t\t\t<\/div>\n\t\t\t\t<\/div>\n\t\t\t\t<div class=\"elementor-element elementor-element-3ac0311 elementor-widget elementor-widget-heading\" data-id=\"3ac0311\" data-element_type=\"widget\" data-widget_type=\"heading.default\">\n\t\t\t\t<div class=\"elementor-widget-container\">\n\t\t\t\t\t<p class=\"elementor-heading-title elementor-size-default\"><a href=\"http:\/\/www.ferrisrl.it\/fr\/produits-agricole\/\">Agriculture, municipalit\u00e9s, am\u00e9nagement paysager<\/a><\/p>\t\t\t\t<\/div>\n\t\t\t\t<\/div>\n\t\t\t\t<div class=\"elementor-element elementor-element-68f6a91 elementor-widget elementor-widget-heading\" data-id=\"68f6a91\" data-element_type=\"widget\" data-widget_type=\"heading.default\">\n\t\t\t\t<div class=\"elementor-widget-container\">\n\t\t\t\t\t<p class=\"elementor-heading-title elementor-size-default\">\u25cb<\/p>\t\t\t\t<\/div>\n\t\t\t\t<\/div>\n\t\t\t\t<div class=\"elementor-element elementor-element-89440ad elementor-widget elementor-widget-heading\" data-id=\"89440ad\" data-element_type=\"widget\" data-widget_type=\"heading.default\">\n\t\t\t\t<div class=\"elementor-widget-container\">\n\t\t\t\t\t<p class=\"elementor-heading-title elementor-size-default\">Broyeurs<\/p>\t\t\t\t<\/div>\n\t\t\t\t<\/div>\n\t\t\t\t\t<\/div>\n\t\t\t\t<\/div>\n\t\t\t\t<\/div>\n\t\t<div class=\"elementor-element elementor-element-60e2141 e-con-full e-flex e-con e-child\" data-id=\"60e2141\" data-element_type=\"container\">\n\t\t\t\t<div class=\"elementor-element elementor-element-98d078a elementor-widget elementor-widget-text-editor\" data-id=\"98d078a\" data-element_type=\"widget\" data-widget_type=\"text-editor.default\">\n\t\t\t\t<div class=\"elementor-widget-container\">\n\t\t\t\t\t\t\t\t\t<p>Les <strong>broyeurs Ferri<\/strong> sont con\u00e7us pour le broyage professionnel de l\u2019herbe, des r\u00e9sidus de culture, des branches et de la v\u00e9g\u00e9tation semi ligneuse. Ces machines conviennent \u00e0 de nombreuses applications agricoles, foresti\u00e8res et d\u2019entretien du paysage et offrent des performances \u00e9lev\u00e9es m\u00eame dans des conditions difficiles.<\/p><p>La gamme Ferri comprend des broyeurs de diff\u00e9rentes largeurs, configurations et puissances, adapt\u00e9s aux besoins des exploitations agricoles, des entreprises de services environnementaux et des collectivit\u00e9s. Chaque mod\u00e8le est le fruit d\u2019une expertise approfondie et consolid\u00e9e dans la conception de machines robustes, efficaces et fiables, pens\u00e9es pour garantir durabilit\u00e9 et facilit\u00e9 d\u2019utilisation, m\u00eame sur tout type de terrain.<\/p>\t\t\t\t\t\t\t\t<\/div>\n\t\t\t\t<\/div>\n\t\t\t\t<\/div>\n\t\t<div class=\"elementor-element elementor-element-68aab0b e-con-full e-flex e-con e-child\" data-id=\"68aab0b\" data-element_type=\"container\" data-settings=\"{&quot;background_background&quot;:&quot;classic&quot;}\">\n\t\t\t\t<div class=\"elementor-element elementor-element-c0ded8e elementor-widget-tablet__width-initial elementor-widget-mobile_extra__width-inherit elementor-widget elementor-widget-heading\" data-id=\"c0ded8e\" data-element_type=\"widget\" data-widget_type=\"heading.default\">\n\t\t\t\t<div class=\"elementor-widget-container\">\n\t\t\t\t\t<p class=\"elementor-heading-title elementor-size-default\">Filtrer les mod\u00e8les par<\/p>\t\t\t\t<\/div>\n\t\t\t\t<\/div>\n\t\t\t\t<div class=\"elementor-element elementor-element-efd4b2d elementor-widget__width-inherit elementor-widget elementor-widget-shortcode\" data-id=\"efd4b2d\" data-element_type=\"widget\" data-widget_type=\"shortcode.default\">\n\t\t\t\t<div class=\"elementor-widget-container\">\n\t\t\t\t\t\t\t<div class=\"elementor-shortcode\">        <form id=\"filterForm\" method=\"GET\" class=\"all\">\n            <!-- Campo nascosto per mantenere la country -->\n            <input type=\"hidden\" name=\"countries\" value=\"Italia\/3\/\">\n\n            <div class=\"wrapper\">\n                <div class=\"colonne\">\n                    <label for=\"potenza_trattrice\">Puissance du tracteur:<\/label>\n                    <div id=\"potenza_trattrice_slider\" class=\"slider\"><\/div>\n                    <div class=\"input-fields\">\n                        <input type=\"text\" id=\"potenza_trattrice_min\" name=\"potenza_trattrice_min\" readonly value=\"20.00\">\n                        <input type=\"text\" id=\"potenza_trattrice_max\" name=\"potenza_trattrice_max\" readonly value=\"100.00\">\n                    <\/div>\n                <\/div>\n                <div class=\"colonne\">\n                    <label for=\"larghezza_di_lavoro\">Largeur de travail:<\/label>\n                    <div id=\"larghezza_di_lavoro_slider\" class=\"slider\"><\/div>\n                    <div class=\"input-fields\">\n                        <input type=\"text\" id=\"larghezza_di_lavoro_min\" name=\"larghezza_di_lavoro_min\" readonly value=\"1.25\">\n                        <input type=\"text\" id=\"larghezza_di_lavoro_max\" name=\"larghezza_di_lavoro_max\" readonly value=\"5.00\">\n                    <\/div>\n                <\/div>\n                <div class=\"colonne\">\n                    <label for=\"diametro\">Diam\u00e8tre de coupe maximal:<\/label>\n                    <div id=\"diametro_slider\" class=\"slider\"><\/div>\n                    <div class=\"input-fields\">\n                        <input type=\"text\" id=\"diametro_min\" name=\"diametro_min\" readonly value=\"2.00\">\n                        <input type=\"text\" id=\"diametro_max\" name=\"diametro_max\" readonly value=\"6.00\">\n                    <\/div>\n                <\/div>\n            <\/div>\n            <button type=\"submit\" class=\"filter-button\">Filtre<\/button>\n        <\/form>\n\n        <script>\n        document.addEventListener(\"DOMContentLoaded\", function() {\n            var potenza_min_value = 20;\n            var potenza_max_value = 100;\n            var larghezza_min_value = 1.25;\n            var larghezza_max_value = 5;\n            var diametro_min_value = 2;\n            var diametro_max_value = 6;\n\n            var selected_potenza_min = 20;\n            var selected_potenza_max = 100;\n            var selected_larghezza_min = 1.25;\n            var selected_larghezza_max = 5;\n            var selected_diametro_min = 2;\n            var selected_diametro_max = 6;\n\n            \/\/ Slider per Potenza Trattrice\n            var potenzaSlider = document.getElementById('potenza_trattrice_slider');\n            noUiSlider.create(potenzaSlider, {\n                start: [selected_potenza_min, selected_potenza_max],\n                connect: true,\n                range: {\n                    'min': potenza_min_value,\n                    'max': potenza_max_value\n                },\n                step: 0.01 \/\/ Step per mantenere i decimali\n            });\n            var potenzaMinInput = document.getElementById('potenza_trattrice_min');\n            var potenzaMaxInput = document.getElementById('potenza_trattrice_max');\n            potenzaSlider.noUiSlider.on('update', function (values) {\n                potenzaMinInput.value = parseFloat(values[0]).toFixed(2);\n                potenzaMaxInput.value = parseFloat(values[1]).toFixed(2);\n            });\n\n            \/\/ Slider per Larghezza di Lavoro\n            var larghezzaSlider = document.getElementById('larghezza_di_lavoro_slider');\n            noUiSlider.create(larghezzaSlider, {\n                start: [selected_larghezza_min, selected_larghezza_max],\n                connect: true,\n                range: {\n                    'min': larghezza_min_value,\n                    'max': larghezza_max_value\n                },\n                step: 0.01\n            });\n            var larghezzaMinInput = document.getElementById('larghezza_di_lavoro_min');\n            var larghezzaMaxInput = document.getElementById('larghezza_di_lavoro_max');\n            larghezzaSlider.noUiSlider.on('update', function (values) {\n                larghezzaMinInput.value = parseFloat(values[0]).toFixed(2);\n                larghezzaMaxInput.value = parseFloat(values[1]).toFixed(2);\n            });\n\n            \/\/ Slider per Diametro Max di Taglio\n            var diametroSlider = document.getElementById('diametro_slider');\n            noUiSlider.create(diametroSlider, {\n                start: [selected_diametro_min, selected_diametro_max],\n                connect: true,\n                range: {\n                    'min': diametro_min_value,\n                    'max': diametro_max_value\n                },\n                step: 0.01\n            });\n            var diametroMinInput = document.getElementById('diametro_min');\n            var diametroMaxInput = document.getElementById('diametro_max');\n            diametroSlider.noUiSlider.on('update', function (values) {\n                diametroMinInput.value = parseFloat(values[0]).toFixed(2);\n                diametroMaxInput.value = parseFloat(values[1]).toFixed(2);\n            });\n        });\n        <\/script>\n\n        <style>\n            .wrapper{display: flex; gap: 70px; width: 85%;}\n            .wrapper .colonne{width: 33.33%}\n            .slider{margin: 10px 0;}\n            .input-fields{display: flex; justify-content: space-between; align-items: center; margin-top: 10px;}\n            .input-fields input[type=\"text\"]{width: 70px; padding: 5px; border: 1px solid #ddd; border-radius: 5px; text-align: center;}\n            .filter-button{background-color: #e2001a; color: white; padding: 11px 20px; text-align: center; border: none; cursor: pointer; font-size: 18px; border-radius: 10px; width: 15%; text-transform: uppercase;}\n            .filter-button:hover{background-color: #c00018;}\n            form#filterForm{gap: 60px; align-items: center;}\n            .noUi-connect{background: #e2001a !important;}\n            .input-fields input[type=\"text\"]{background: #e2001a !important; color: #fff !important;}\n        <\/style>\n        <!-- OUTPUT HTML e JavaScript -->\n        <\/div>\n\t\t\t\t\t\t<\/div>\n\t\t\t\t<\/div>\n\t\t\t\t<\/div>\n\t\t\t\t\t<\/div>\n\t\t\t\t<\/div>\n\t\t<div class=\"elementor-element elementor-element-b38dcd8 e-flex e-con-boxed e-con e-parent\" data-id=\"b38dcd8\" data-element_type=\"container\">\n\t\t\t\t\t<div class=\"e-con-inner\">\n\t\t<div class=\"elementor-element elementor-element-e96f81a e-flex e-con-boxed e-con e-child\" data-id=\"e96f81a\" data-element_type=\"container\">\n\t\t\t\t\t<div class=\"e-con-inner\">\n\t\t\t\t<div class=\"elementor-element elementor-element-74c74eb elementor-widget elementor-widget-shortcode\" data-id=\"74c74eb\" data-element_type=\"widget\" data-widget_type=\"shortcode.default\">\n\t\t\t\t<div class=\"elementor-widget-container\">\n\t\t\t\t\t\t\t<div class=\"elementor-shortcode\">\n            <style>\n                .container-products {\n                    display: grid;\n                    grid-template-columns: repeat(4, 1fr);\n                    gap: 1rem;\n                }\n                @media (max-width: 768px) {\n                    .container-products {\n                        grid-template-columns: repeat(2, 1fr);\n                    }\n                }\n            <\/style>\n        <div class=\"container-products\"><p style=\"text-align:center;\">Nessun prodotto trovato per i filtri applicati.<\/p><\/div><\/div>\n\t\t\t\t\t\t<\/div>\n\t\t\t\t<\/div>\n\t\t\t\t\t<\/div>\n\t\t\t\t<\/div>\n\t\t\t\t\t<\/div>\n\t\t\t\t<\/div>\n\t\t<div class=\"elementor-element elementor-element-3be1904 e-flex e-con-boxed e-con e-parent\" data-id=\"3be1904\" data-element_type=\"container\">\n\t\t\t\t\t<div class=\"e-con-inner\">\n\t\t\t\t<div class=\"elementor-element elementor-element-da0be44 elementor-widget elementor-widget-text-editor\" data-id=\"da0be44\" data-element_type=\"widget\" data-widget_type=\"text-editor.default\">\n\t\t\t\t<div class=\"elementor-widget-container\">\n\t\t\t\t\t\t\t\t\t<p><\/p>\n<h2><strong>Caract\u00e9ristiques principales<\/strong><\/h2>\n<p>Les <strong>broyeurs agricole Ferri<\/strong> se distinguent par leur construction de haute qualit\u00e9 et l\u2019efficacit\u00e9 de leur m\u00e9canisme de broyage. Le rotor, c\u0153ur du broyeur, est fabriqu\u00e9 en acier \u00e0 haute r\u00e9sistance et \u00e9quilibr\u00e9 avec soin pour garantir un broyage homog\u00e8ne et minimiser les vibrations. Il peut \u00eatre \u00e9quip\u00e9 de couteaux ou marteaux selon le type de v\u00e9g\u00e9tation \u00e0 broyer.<\/p>\n<p>La structure est compos\u00e9e d\u2019aciers renforc\u00e9s et de soudures certifi\u00e9es, assurant solidit\u00e9 et stabilit\u00e9 m\u00eame en usage intensif. Les flancs, le ch\u00e2ssis et les renforts lat\u00e9raux sont con\u00e7us pour r\u00e9sister aux impacts et sollicitations fr\u00e9quentes. Les rouleaux arri\u00e8re et les patins r\u00e9glables permettent de maintenir une hauteur de coupe constante, la volute interne est soigneusement r\u00e9alis\u00e9e s&rsquo;appuyant sur des d\u00e9cennies d&rsquo;exp\u00e9rience pour assurer une excellente coupe et broyage du mat\u00e9riau en toute situation.<\/p>\n<p>La transmission, fiable et silencieuse, peut \u00eatre entra\u00een\u00e9e par prise de force (PTO) du tracteur. Chaque broyeur Ferri est con\u00e7u pour faciliter l\u2019entretien, offrir une productivit\u00e9 soutenue avec des co\u00fbts de fonctionnement ma\u00eetris\u00e9s et une longue dur\u00e9e de vie.<\/p><p><br><\/p>\n<h2><strong>Avantages<\/strong><\/h2>\n<p>Opter pour un <strong>broyeur agricole Ferri <\/strong>c\u2019est faire le choix d\u2019une machine durable, performante et pr\u00e9cise. L\u2019optimisation de la transmission et des composants r\u00e9duit la consommation \u00e9nerg\u00e9tique et garantit une efficacit\u00e9 constante au fil du temps. Gr\u00e2ce \u00e0 un design \u00e9quilibr\u00e9, les op\u00e9rateurs b\u00e9n\u00e9ficient d\u2019un confort d\u2019utilisation avec des vibrations minimis\u00e9es, tandis que la m\u00e9canique subit moins d\u2019usure.<\/p>\n<p>La polyvalence est un atout majeur : les broyeurs Ferri s\u2019adaptent \u00e0 divers contextes d\u2019utilisation, que ce soit en zone rurale, dans les vergers, en lisi\u00e8re de route ou pour les services municipaux. Le service apr\u00e8s-vente professionnel et la disponibilit\u00e9 rapide des pi\u00e8ces d\u2019origine assurent la long\u00e9vit\u00e9 de l\u2019investissement avec des temps d\u2019arr\u00eat r\u00e9duits tandis que les pi\u00e8ces de rechange garanties pendant 10 ans apr\u00e8s la fin de la production assurent une continuit\u00e9 op\u00e9rationnelle in\u00e9gal\u00e9e. Chaque d\u00e9tail est pens\u00e9 pour offrir fiabilit\u00e9, robustesse et performances optimales dans toutes les conditions.<\/p><p><br><\/p>\n<h2><strong>Applications<\/strong><\/h2>\n<p>Les <strong>broyeurs Ferri<\/strong> sont utilis\u00e9s dans de nombreux domaines gr\u00e2ce \u00e0 leur robustesse et leur adaptabilit\u00e9 :<\/p>\n<ul>\n<li>broyage de r\u00e9sidus agricoles\n<\/li>\n<li>d\u00e9chiquetage d\u2019herbe et de d\u00e9chets verts dans les zones paysag\u00e8res\n<\/li>\n<li>gestion des branches et tailles dans les vergers et vignobles\n<\/li>\n<li>entretien des bas-c\u00f4t\u00e9s routiers, talus et zones enherb\u00e9es\n<\/li>\n<li>travaux forestiers l\u00e9gers et d\u00e9broussaillage d\u2019espaces naturels\n<\/li>\n<li>pr\u00e9paration du sol pour les cultures futures<\/li>\n<\/ul>\n<p><br><\/p><p>Pens\u00e9s pour un usage professionnel, ils assurent un broyage r\u00e9gulier et continu ce qui am\u00e9liore la s\u00e9curit\u00e9 et l\u2019efficacit\u00e9 de chaque intervention.<\/p>\t\t\t\t\t\t\t\t<\/div>\n\t\t\t\t<\/div>\n\t\t\t\t\t<\/div>\n\t\t\t\t<\/div>\n\t\t\t\t<\/div>\n\t\t","protected":false},"excerpt":{"rendered":"<p>home \u25cb produits \u25cb Agriculture, municipalit\u00e9s, am\u00e9nagement paysager \u25cb Les broyeurs Ferri sont con\u00e7us pour le broyage professionnel de l\u2019herbe, des r\u00e9sidus de culture, des branches et de la v\u00e9g\u00e9tation semi ligneuse. Ces machines conviennent \u00e0 de nombreuses applications agricoles, foresti\u00e8res et d\u2019entretien du paysage et offrent des performances \u00e9lev\u00e9es m\u00eame dans des conditions difficiles. [&hellip;]<\/p>\n","protected":false},"author":1,"featured_media":6369,"parent":0,"menu_order":0,"comment_status":"closed","ping_status":"closed","template":"","meta":{"_acf_changed":false,"inline_featured_image":false,"footnotes":""},"class_list":["post-7237","page","type-page","status-publish","has-post-thumbnail","hentry"],"acf":[],"_links":{"self":[{"href":"https:\/\/ferrisrl.it\/fr\/wp-json\/wp\/v2\/pages\/7237","targetHints":{"allow":["GET"]}}],"collection":[{"href":"https:\/\/ferrisrl.it\/fr\/wp-json\/wp\/v2\/pages"}],"about":[{"href":"https:\/\/ferrisrl.it\/fr\/wp-json\/wp\/v2\/types\/page"}],"author":[{"embeddable":true,"href":"https:\/\/ferrisrl.it\/fr\/wp-json\/wp\/v2\/users\/1"}],"replies":[{"embeddable":true,"href":"https:\/\/ferrisrl.it\/fr\/wp-json\/wp\/v2\/comments?post=7237"}],"version-history":[{"count":24,"href":"https:\/\/ferrisrl.it\/fr\/wp-json\/wp\/v2\/pages\/7237\/revisions"}],"predecessor-version":[{"id":11095,"href":"https:\/\/ferrisrl.it\/fr\/wp-json\/wp\/v2\/pages\/7237\/revisions\/11095"}],"wp:featuredmedia":[{"embeddable":true,"href":"https:\/\/ferrisrl.it\/fr\/wp-json\/wp\/v2\/media\/6369"}],"wp:attachment":[{"href":"https:\/\/ferrisrl.it\/fr\/wp-json\/wp\/v2\/media?parent=7237"}],"curies":[{"name":"wp","href":"https:\/\/api.w.org\/{rel}","templated":true}]}}