{"id":7245,"date":"2024-03-19T16:13:31","date_gmt":"2024-03-19T15:13:31","guid":{"rendered":"http:\/\/www.ferrisrl.it\/broyeurs-daccotements\/"},"modified":"2025-07-07T23:44:51","modified_gmt":"2025-07-07T21:44:51","slug":"broyeurs-daccotements","status":"publish","type":"page","link":"https:\/\/ferrisrl.it\/fr\/broyeurs-daccotements\/?countries=USA","title":{"rendered":"Broyeurs d&rsquo;accotements"},"content":{"rendered":"\t\t<div data-elementor-type=\"wp-page\" data-elementor-id=\"7245\" class=\"elementor elementor-7245 elementor-571\" data-elementor-post-type=\"page\">\n\t\t\t\t<div class=\"elementor-element elementor-element-ec1abf8 e-flex e-con-boxed e-con e-parent\" data-id=\"ec1abf8\" data-element_type=\"container\">\n\t\t\t\t\t<div class=\"e-con-inner\">\n\t\t<div class=\"elementor-element elementor-element-c212ca3 e-con-full e-flex e-con e-child\" data-id=\"c212ca3\" data-element_type=\"container\">\n\t\t\t\t<div class=\"elementor-element elementor-element-950edd3 elementor-widget elementor-widget-heading\" data-id=\"950edd3\" data-element_type=\"widget\" data-widget_type=\"heading.default\">\n\t\t\t\t<div class=\"elementor-widget-container\">\n\t\t\t\t\t<h1 class=\"elementor-heading-title elementor-size-default\">Broyeurs d&rsquo;accotements<\/h1>\t\t\t\t<\/div>\n\t\t\t\t<\/div>\n\t\t\t\t<\/div>\n\t\t<div class=\"elementor-element elementor-element-b13c8c7 e-con-full e-flex e-con e-child\" data-id=\"b13c8c7\" data-element_type=\"container\">\n\t\t<div class=\"elementor-element elementor-element-3c6e7b1 elementor-hidden-mobile e-flex e-con-boxed e-con e-child\" data-id=\"3c6e7b1\" data-element_type=\"container\">\n\t\t\t\t\t<div class=\"e-con-inner\">\n\t\t\t\t<div class=\"elementor-element elementor-element-d35a699 elementor-widget elementor-widget-heading\" data-id=\"d35a699\" data-element_type=\"widget\" data-widget_type=\"heading.default\">\n\t\t\t\t<div class=\"elementor-widget-container\">\n\t\t\t\t\t<p class=\"elementor-heading-title elementor-size-default\"><a href=\"http:\/\/www.ferrisrl.it\/fr\/\">home<\/a><\/p>\t\t\t\t<\/div>\n\t\t\t\t<\/div>\n\t\t\t\t<div class=\"elementor-element elementor-element-49f59f1 elementor-widget elementor-widget-heading\" data-id=\"49f59f1\" data-element_type=\"widget\" data-widget_type=\"heading.default\">\n\t\t\t\t<div class=\"elementor-widget-container\">\n\t\t\t\t\t<p class=\"elementor-heading-title elementor-size-default\">\u25cb<\/p>\t\t\t\t<\/div>\n\t\t\t\t<\/div>\n\t\t\t\t<div class=\"elementor-element elementor-element-0549250 elementor-widget elementor-widget-heading\" data-id=\"0549250\" data-element_type=\"widget\" data-widget_type=\"heading.default\">\n\t\t\t\t<div class=\"elementor-widget-container\">\n\t\t\t\t\t<p class=\"elementor-heading-title elementor-size-default\">produits<\/p>\t\t\t\t<\/div>\n\t\t\t\t<\/div>\n\t\t\t\t<div class=\"elementor-element elementor-element-28f18fa elementor-widget elementor-widget-heading\" data-id=\"28f18fa\" data-element_type=\"widget\" data-widget_type=\"heading.default\">\n\t\t\t\t<div class=\"elementor-widget-container\">\n\t\t\t\t\t<p class=\"elementor-heading-title elementor-size-default\">\u25cb<\/p>\t\t\t\t<\/div>\n\t\t\t\t<\/div>\n\t\t\t\t<div class=\"elementor-element elementor-element-cbc590d elementor-widget elementor-widget-heading\" data-id=\"cbc590d\" data-element_type=\"widget\" data-widget_type=\"heading.default\">\n\t\t\t\t<div class=\"elementor-widget-container\">\n\t\t\t\t\t<p class=\"elementor-heading-title elementor-size-default\"><a href=\"http:\/\/www.ferrisrl.it\/fr\/produits-agricole\/\">Agriculture, municipalit\u00e9s, am\u00e9nagement paysager<\/a><\/p>\t\t\t\t<\/div>\n\t\t\t\t<\/div>\n\t\t\t\t<div class=\"elementor-element elementor-element-32a30f6 elementor-widget elementor-widget-heading\" data-id=\"32a30f6\" data-element_type=\"widget\" data-widget_type=\"heading.default\">\n\t\t\t\t<div class=\"elementor-widget-container\">\n\t\t\t\t\t<p class=\"elementor-heading-title elementor-size-default\">\u25cb<\/p>\t\t\t\t<\/div>\n\t\t\t\t<\/div>\n\t\t\t\t<div class=\"elementor-element elementor-element-91c5849 elementor-widget elementor-widget-heading\" data-id=\"91c5849\" data-element_type=\"widget\" data-widget_type=\"heading.default\">\n\t\t\t\t<div class=\"elementor-widget-container\">\n\t\t\t\t\t<p class=\"elementor-heading-title elementor-size-default\">Broyeurs d&rsquo;accotements<\/p>\t\t\t\t<\/div>\n\t\t\t\t<\/div>\n\t\t\t\t\t<\/div>\n\t\t\t\t<\/div>\n\t\t\t\t<\/div>\n\t\t<div class=\"elementor-element elementor-element-0b73595 e-con-full e-flex e-con e-child\" data-id=\"0b73595\" data-element_type=\"container\">\n\t\t\t\t<div class=\"elementor-element elementor-element-2081378 elementor-widget elementor-widget-text-editor\" data-id=\"2081378\" data-element_type=\"widget\" data-widget_type=\"text-editor.default\">\n\t\t\t\t<div class=\"elementor-widget-container\">\n\t\t\t\t\t\t\t\t\tLes broyeurs d&rsquo;accotements sont compacts et polyvalents, id\u00e9aux pour nettoyer les bordures de champs, les berges des foss\u00e9s et les espaces verts en g\u00e9n\u00e9ral. Ils sont recommand\u00e9s pour broyer l&rsquo;herbe, les buissons, les tailles, les arbustes.  \t\t\t\t\t\t\t\t<\/div>\n\t\t\t\t<\/div>\n\t\t\t\t<\/div>\n\t\t<div class=\"elementor-element elementor-element-29be8e7 e-con-full e-flex e-con e-child\" data-id=\"29be8e7\" data-element_type=\"container\" data-settings=\"{&quot;background_background&quot;:&quot;classic&quot;}\">\n\t\t\t\t<div class=\"elementor-element elementor-element-cf7d731 elementor-widget elementor-widget-heading\" data-id=\"cf7d731\" data-element_type=\"widget\" data-widget_type=\"heading.default\">\n\t\t\t\t<div class=\"elementor-widget-container\">\n\t\t\t\t\t<p class=\"elementor-heading-title elementor-size-default\">Filtrer les mod\u00e8les par<\/p>\t\t\t\t<\/div>\n\t\t\t\t<\/div>\n\t\t\t\t<div class=\"elementor-element elementor-element-e0268f4 elementor-widget elementor-widget-shortcode\" data-id=\"e0268f4\" data-element_type=\"widget\" data-widget_type=\"shortcode.default\">\n\t\t\t\t<div class=\"elementor-widget-container\">\n\t\t\t\t\t\t\t<div class=\"elementor-shortcode\">        <form id=\"filterForm\" method=\"GET\" class=\"all\">\n            <!-- Campo nascosto per mantenere la country -->\n            <input type=\"hidden\" name=\"countries\" value=\"USA\">\n\n            <div class=\"wrapper\">\n                <div class=\"colonne\">\n                    <label for=\"potenza_trattrice\">Puissance du tracteur:<\/label>\n                    <div id=\"potenza_trattrice_slider\" class=\"slider\"><\/div>\n                    <div class=\"input-fields\">\n                        <input type=\"text\" id=\"potenza_trattrice_min\" name=\"potenza_trattrice_min\" readonly value=\"18.00\">\n                        <input type=\"text\" id=\"potenza_trattrice_max\" name=\"potenza_trattrice_max\" readonly value=\"160.00\">\n                    <\/div>\n                <\/div>\n                <div class=\"colonne\">\n                    <label for=\"larghezza_di_lavoro\">Largeur de travail:<\/label>\n                    <div id=\"larghezza_di_lavoro_slider\" class=\"slider\"><\/div>\n                    <div class=\"input-fields\">\n                        <input type=\"text\" id=\"larghezza_di_lavoro_min\" name=\"larghezza_di_lavoro_min\" readonly value=\"1.25\">\n                        <input type=\"text\" id=\"larghezza_di_lavoro_max\" name=\"larghezza_di_lavoro_max\" readonly value=\"3.00\">\n                    <\/div>\n                <\/div>\n                <div class=\"colonne\">\n                    <label for=\"diametro\">Diam\u00e8tre de coupe maximal:<\/label>\n                    <div id=\"diametro_slider\" class=\"slider\"><\/div>\n                    <div class=\"input-fields\">\n                        <input type=\"text\" id=\"diametro_min\" name=\"diametro_min\" readonly value=\"1.50\">\n                        <input type=\"text\" id=\"diametro_max\" name=\"diametro_max\" readonly value=\"5.00\">\n                    <\/div>\n                <\/div>\n            <\/div>\n            <button type=\"submit\" class=\"filter-button\">Filtre<\/button>\n        <\/form>\n\n        <script>\n        document.addEventListener(\"DOMContentLoaded\", function() {\n            var potenza_min_value = 18;\n            var potenza_max_value = 160;\n            var larghezza_min_value = 1.25;\n            var larghezza_max_value = 3;\n            var diametro_min_value = 1.5;\n            var diametro_max_value = 5;\n\n            var selected_potenza_min = 18;\n            var selected_potenza_max = 160;\n            var selected_larghezza_min = 1.25;\n            var selected_larghezza_max = 3;\n            var selected_diametro_min = 1.5;\n            var selected_diametro_max = 5;\n\n            \/\/ Slider per Potenza Trattrice\n            var potenzaSlider = document.getElementById('potenza_trattrice_slider');\n            noUiSlider.create(potenzaSlider, {\n                start: [selected_potenza_min, selected_potenza_max],\n                connect: true,\n                range: {\n                    'min': potenza_min_value,\n                    'max': potenza_max_value\n                },\n                step: 0.01 \/\/ Step per mantenere i decimali\n            });\n            var potenzaMinInput = document.getElementById('potenza_trattrice_min');\n            var potenzaMaxInput = document.getElementById('potenza_trattrice_max');\n            potenzaSlider.noUiSlider.on('update', function (values) {\n                potenzaMinInput.value = parseFloat(values[0]).toFixed(2);\n                potenzaMaxInput.value = parseFloat(values[1]).toFixed(2);\n            });\n\n            \/\/ Slider per Larghezza di Lavoro\n            var larghezzaSlider = document.getElementById('larghezza_di_lavoro_slider');\n            noUiSlider.create(larghezzaSlider, {\n                start: [selected_larghezza_min, selected_larghezza_max],\n                connect: true,\n                range: {\n                    'min': larghezza_min_value,\n                    'max': larghezza_max_value\n                },\n                step: 0.01\n            });\n            var larghezzaMinInput = document.getElementById('larghezza_di_lavoro_min');\n            var larghezzaMaxInput = document.getElementById('larghezza_di_lavoro_max');\n            larghezzaSlider.noUiSlider.on('update', function (values) {\n                larghezzaMinInput.value = parseFloat(values[0]).toFixed(2);\n                larghezzaMaxInput.value = parseFloat(values[1]).toFixed(2);\n            });\n\n            \/\/ Slider per Diametro Max di Taglio\n            var diametroSlider = document.getElementById('diametro_slider');\n            noUiSlider.create(diametroSlider, {\n                start: [selected_diametro_min, selected_diametro_max],\n                connect: true,\n                range: {\n                    'min': diametro_min_value,\n                    'max': diametro_max_value\n                },\n                step: 0.01\n            });\n            var diametroMinInput = document.getElementById('diametro_min');\n            var diametroMaxInput = document.getElementById('diametro_max');\n            diametroSlider.noUiSlider.on('update', function (values) {\n                diametroMinInput.value = parseFloat(values[0]).toFixed(2);\n                diametroMaxInput.value = parseFloat(values[1]).toFixed(2);\n            });\n        });\n        <\/script>\n\n        <style>\n            .wrapper{display: flex; gap: 70px; width: 85%;}\n            .wrapper .colonne{width: 33.33%}\n            .slider{margin: 10px 0;}\n            .input-fields{display: flex; justify-content: space-between; align-items: center; margin-top: 10px;}\n            .input-fields input[type=\"text\"]{width: 70px; padding: 5px; border: 1px solid #ddd; border-radius: 5px; text-align: center;}\n            .filter-button{background-color: #e2001a; color: white; padding: 11px 20px; text-align: center; border: none; cursor: pointer; font-size: 18px; border-radius: 10px; width: 15%; text-transform: uppercase;}\n            .filter-button:hover{background-color: #c00018;}\n            form#filterForm{gap: 60px; align-items: center;}\n            .noUi-connect{background: #e2001a !important;}\n            .input-fields input[type=\"text\"]{background: #e2001a !important; color: #fff !important;}\n        <\/style>\n        <!-- OUTPUT HTML e JavaScript -->\n        <\/div>\n\t\t\t\t\t\t<\/div>\n\t\t\t\t<\/div>\n\t\t\t\t<\/div>\n\t\t\t\t\t<\/div>\n\t\t\t\t<\/div>\n\t\t<div class=\"elementor-element elementor-element-9c56cf0 e-flex e-con-boxed e-con e-parent\" data-id=\"9c56cf0\" data-element_type=\"container\">\n\t\t\t\t\t<div class=\"e-con-inner\">\n\t\t<div class=\"elementor-element elementor-element-ed5671d e-flex e-con-boxed e-con e-child\" data-id=\"ed5671d\" data-element_type=\"container\">\n\t\t\t\t\t<div class=\"e-con-inner\">\n\t\t\t\t<div class=\"elementor-element elementor-element-86fd08a elementor-widget elementor-widget-shortcode\" data-id=\"86fd08a\" data-element_type=\"widget\" data-widget_type=\"shortcode.default\">\n\t\t\t\t<div class=\"elementor-widget-container\">\n\t\t\t\t\t\t\t<div class=\"elementor-shortcode\">\n            <style>\n                .container-products {\n                    display: grid;\n                    grid-template-columns: repeat(4, 1fr);\n                    gap: 1rem;\n                }\n                @media (max-width: 768px) {\n                    .container-products {\n                        grid-template-columns: repeat(2, 1fr);\n                    }\n                }\n            <\/style>\n        <div class=\"container-products\">\n                    <div class=\"container-product\" style=\"text-align:center;\">\n                      <a href=\"https:\/\/ferrisrl.it\/fr\/produit\/zhe\/?countries=USA\" style=\"display:block;text-decoration:none;color:inherit;\">\n                        <img decoding=\"async\"\n                          src=\"https:\/\/ferrisrl.it\/wp-content\/uploads\/2024\/04\/ZHE_2500-300x202.jpg\"\n                          alt=\"ZHE\"\n                          style=\"width:100%;height:auto;object-fit:contain;\"\n                        \/>\n                        <div style=\"margin-top:.5em;font-size:1rem;\">\n                          ZHE\n                        <\/div>\n                      <\/a>\n                    <\/div>\n                \n                    <div class=\"container-product\" style=\"text-align:center;\">\n                      <a href=\"https:\/\/ferrisrl.it\/fr\/produit\/zle-pro\/?countries=USA\" style=\"display:block;text-decoration:none;color:inherit;\">\n                        <img decoding=\"async\"\n                          src=\"https:\/\/ferrisrl.it\/wp-content\/uploads\/2024\/04\/ZLE_PRO_1800-300x202.jpg\"\n                          alt=\"ZLE PRO\"\n                          style=\"width:100%;height:auto;object-fit:contain;\"\n                        \/>\n                        <div style=\"margin-top:.5em;font-size:1rem;\">\n                          ZLE PRO\n                        <\/div>\n                      <\/a>\n                    <\/div>\n                \n                    <div class=\"container-product\" style=\"text-align:center;\">\n                      <a href=\"https:\/\/ferrisrl.it\/fr\/produit\/zmte-pro\/?countries=USA\" style=\"display:block;text-decoration:none;color:inherit;\">\n                        <img decoding=\"async\"\n                          src=\"https:\/\/ferrisrl.it\/wp-content\/uploads\/2024\/04\/ZMTE_PRO_1600-300x202.jpg\"\n                          alt=\"ZMTE PRO\"\n                          style=\"width:100%;height:auto;object-fit:contain;\"\n                        \/>\n                        <div style=\"margin-top:.5em;font-size:1rem;\">\n                          ZMTE PRO\n                        <\/div>\n                      <\/a>\n                    <\/div>\n                \n                    <div class=\"container-product\" style=\"text-align:center;\">\n                      <a href=\"https:\/\/ferrisrl.it\/fr\/produit\/zmge\/?countries=USA\" style=\"display:block;text-decoration:none;color:inherit;\">\n                        <img decoding=\"async\"\n                          src=\"https:\/\/ferrisrl.it\/wp-content\/uploads\/2024\/04\/ZMGE_1400-300x202.jpg\"\n                          alt=\"ZMGE\"\n                          style=\"width:100%;height:auto;object-fit:contain;\"\n                        \/>\n                        <div style=\"margin-top:.5em;font-size:1rem;\">\n                          ZMGE\n                        <\/div>\n                      <\/a>\n                    <\/div>\n                \n                    <div class=\"container-product\" style=\"text-align:center;\">\n                      <a href=\"https:\/\/ferrisrl.it\/fr\/produit\/zme\/?countries=USA\" style=\"display:block;text-decoration:none;color:inherit;\">\n                        <img decoding=\"async\"\n                          src=\"https:\/\/ferrisrl.it\/wp-content\/uploads\/2024\/04\/ZME_125-300x202.jpg\"\n                          alt=\"ZME\"\n                          style=\"width:100%;height:auto;object-fit:contain;\"\n                        \/>\n                        <div style=\"margin-top:.5em;font-size:1rem;\">\n                          ZME\n                        <\/div>\n                      <\/a>\n                    <\/div>\n                <\/div><\/div>\n\t\t\t\t\t\t<\/div>\n\t\t\t\t<\/div>\n\t\t\t\t\t<\/div>\n\t\t\t\t<\/div>\n\t\t\t\t\t<\/div>\n\t\t\t\t<\/div>\n\t\t\t\t<\/div>\n\t\t","protected":false},"excerpt":{"rendered":"<p>home \u25cb produits \u25cb Agriculture, municipalit\u00e9s, am\u00e9nagement paysager \u25cb Les broyeurs d&rsquo;accotements sont compacts et polyvalents, id\u00e9aux pour nettoyer les bordures de champs, les berges des foss\u00e9s et les espaces verts en g\u00e9n\u00e9ral. Ils sont recommand\u00e9s pour broyer l&rsquo;herbe, les buissons, les tailles, les arbustes. Filtrer les mod\u00e8les par<\/p>\n","protected":false},"author":1,"featured_media":10543,"parent":0,"menu_order":0,"comment_status":"closed","ping_status":"closed","template":"","meta":{"_acf_changed":false,"inline_featured_image":false,"footnotes":""},"class_list":["post-7245","page","type-page","status-publish","has-post-thumbnail","hentry"],"acf":[],"_links":{"self":[{"href":"https:\/\/ferrisrl.it\/fr\/wp-json\/wp\/v2\/pages\/7245","targetHints":{"allow":["GET"]}}],"collection":[{"href":"https:\/\/ferrisrl.it\/fr\/wp-json\/wp\/v2\/pages"}],"about":[{"href":"https:\/\/ferrisrl.it\/fr\/wp-json\/wp\/v2\/types\/page"}],"author":[{"embeddable":true,"href":"https:\/\/ferrisrl.it\/fr\/wp-json\/wp\/v2\/users\/1"}],"replies":[{"embeddable":true,"href":"https:\/\/ferrisrl.it\/fr\/wp-json\/wp\/v2\/comments?post=7245"}],"version-history":[{"count":10,"href":"https:\/\/ferrisrl.it\/fr\/wp-json\/wp\/v2\/pages\/7245\/revisions"}],"predecessor-version":[{"id":9851,"href":"https:\/\/ferrisrl.it\/fr\/wp-json\/wp\/v2\/pages\/7245\/revisions\/9851"}],"wp:featuredmedia":[{"embeddable":true,"href":"https:\/\/ferrisrl.it\/fr\/wp-json\/wp\/v2\/media\/10543"}],"wp:attachment":[{"href":"https:\/\/ferrisrl.it\/fr\/wp-json\/wp\/v2\/media?parent=7245"}],"curies":[{"name":"wp","href":"https:\/\/api.w.org\/{rel}","templated":true}]}}