{"id":7372,"date":"2024-06-07T17:34:49","date_gmt":"2024-06-07T15:34:49","guid":{"rendered":"http:\/\/www.ferrisrl.it\/eventi-e-news\/"},"modified":"2024-10-04T10:46:08","modified_gmt":"2024-10-04T08:46:08","slug":"evenements-et-actualites","status":"publish","type":"page","link":"https:\/\/ferrisrl.it\/fr\/evenements-et-actualites\/?countries=USA\/2\/3\/5\/","title":{"rendered":"\u00c9v\u00e9nements et actualit\u00e9s"},"content":{"rendered":"\t\t<div data-elementor-type=\"wp-page\" data-elementor-id=\"7372\" class=\"elementor elementor-7372 elementor-2664\" data-elementor-post-type=\"page\">\n\t\t\t\t<div class=\"elementor-element elementor-element-89338c1 e-flex e-con-boxed e-con e-parent\" data-id=\"89338c1\" data-element_type=\"container\" data-settings=\"{&quot;background_background&quot;:&quot;classic&quot;}\">\n\t\t\t\t\t<div class=\"e-con-inner\">\n\t\t\t\t<div class=\"elementor-element elementor-element-230972c elementor-widget elementor-widget-heading\" data-id=\"230972c\" data-element_type=\"widget\" data-widget_type=\"heading.default\">\n\t\t\t\t<div class=\"elementor-widget-container\">\n\t\t\t\t\t<p class=\"elementor-heading-title elementor-size-default\">\u00c9v\u00e9nements et actualit\u00e9s<\/p>\t\t\t\t<\/div>\n\t\t\t\t<\/div>\n\t\t<div class=\"elementor-element elementor-element-dd0ec4e e-flex e-con-boxed e-con e-child\" data-id=\"dd0ec4e\" data-element_type=\"container\">\n\t\t\t\t\t<div class=\"e-con-inner\">\n\t\t\t\t<div class=\"elementor-element elementor-element-8e7d2ee elementor-widget elementor-widget-heading\" data-id=\"8e7d2ee\" data-element_type=\"widget\" data-widget_type=\"heading.default\">\n\t\t\t\t<div class=\"elementor-widget-container\">\n\t\t\t\t\t<p class=\"elementor-heading-title elementor-size-default\"><a href=\"http:\/\/www.ferrisrl.it\/\">home<\/a><\/p>\t\t\t\t<\/div>\n\t\t\t\t<\/div>\n\t\t\t\t<div class=\"elementor-element elementor-element-86410ba elementor-widget elementor-widget-heading\" data-id=\"86410ba\" data-element_type=\"widget\" data-widget_type=\"heading.default\">\n\t\t\t\t<div class=\"elementor-widget-container\">\n\t\t\t\t\t<p class=\"elementor-heading-title elementor-size-default\">\u25cb<\/p>\t\t\t\t<\/div>\n\t\t\t\t<\/div>\n\t\t\t\t<div class=\"elementor-element elementor-element-4ff9f28 elementor-widget elementor-widget-heading\" data-id=\"4ff9f28\" data-element_type=\"widget\" data-widget_type=\"heading.default\">\n\t\t\t\t<div class=\"elementor-widget-container\">\n\t\t\t\t\t<p class=\"elementor-heading-title elementor-size-default\">Actualit\u00e9s et \u00e9v\u00e9nements<\/p>\t\t\t\t<\/div>\n\t\t\t\t<\/div>\n\t\t\t\t\t<\/div>\n\t\t\t\t<\/div>\n\t\t\t\t\t<\/div>\n\t\t\t\t<\/div>\n\t\t<div class=\"elementor-element elementor-element-db07cbc e-flex e-con-boxed e-con e-parent\" data-id=\"db07cbc\" data-element_type=\"container\">\n\t\t\t\t\t<div class=\"e-con-inner\">\n\t\t\t\t<div class=\"elementor-element elementor-element-554cab8 elementor-grid-3 elementor-grid-tablet-2 elementor-grid-mobile-1 elementor-posts--thumbnail-top elementor-widget elementor-widget-posts\" data-id=\"554cab8\" data-element_type=\"widget\" data-settings=\"{&quot;pagination_type&quot;:&quot;numbers&quot;,&quot;classic_columns&quot;:&quot;3&quot;,&quot;classic_columns_tablet&quot;:&quot;2&quot;,&quot;classic_columns_mobile&quot;:&quot;1&quot;,&quot;classic_row_gap&quot;:{&quot;unit&quot;:&quot;px&quot;,&quot;size&quot;:35,&quot;sizes&quot;:[]},&quot;classic_row_gap_widescreen&quot;:{&quot;unit&quot;:&quot;px&quot;,&quot;size&quot;:&quot;&quot;,&quot;sizes&quot;:[]},&quot;classic_row_gap_laptop&quot;:{&quot;unit&quot;:&quot;px&quot;,&quot;size&quot;:&quot;&quot;,&quot;sizes&quot;:[]},&quot;classic_row_gap_tablet_extra&quot;:{&quot;unit&quot;:&quot;px&quot;,&quot;size&quot;:&quot;&quot;,&quot;sizes&quot;:[]},&quot;classic_row_gap_tablet&quot;:{&quot;unit&quot;:&quot;px&quot;,&quot;size&quot;:&quot;&quot;,&quot;sizes&quot;:[]},&quot;classic_row_gap_mobile_extra&quot;:{&quot;unit&quot;:&quot;px&quot;,&quot;size&quot;:&quot;&quot;,&quot;sizes&quot;:[]},&quot;classic_row_gap_mobile&quot;:{&quot;unit&quot;:&quot;px&quot;,&quot;size&quot;:&quot;&quot;,&quot;sizes&quot;:[]}}\" data-widget_type=\"posts.classic\">\n\t\t\t\t<div class=\"elementor-widget-container\">\n\t\t\t\t\t\t\t<div class=\"elementor-posts-container elementor-posts elementor-posts--skin-classic elementor-grid\" role=\"list\">\n\t\t\t\t<article class=\"elementor-post elementor-grid-item post-7311 post type-post status-publish format-standard has-post-thumbnail hentry category-non-classifiee\" role=\"listitem\">\n\t\t\t\t<a class=\"elementor-post__thumbnail__link\" href=\"https:\/\/ferrisrl.it\/fr\/non-classifiee\/prove-dimostrative-icut4-portogruaro\/\" tabindex=\"-1\" >\n\t\t\t<div class=\"elementor-post__thumbnail\"><img fetchpriority=\"high\" decoding=\"async\" width=\"768\" height=\"590\" src=\"https:\/\/ferrisrl.it\/wp-content\/uploads\/2024\/07\/prove-dimostrative-768x590.jpg\" class=\"attachment-medium_large size-medium_large wp-image-7312\" alt=\"\" srcset=\"https:\/\/ferrisrl.it\/wp-content\/uploads\/2024\/07\/prove-dimostrative-768x590.jpg 768w, https:\/\/ferrisrl.it\/wp-content\/uploads\/2024\/07\/prove-dimostrative-300x231.jpg 300w, https:\/\/ferrisrl.it\/wp-content\/uploads\/2024\/07\/prove-dimostrative-600x461.jpg 600w, https:\/\/ferrisrl.it\/wp-content\/uploads\/2024\/07\/prove-dimostrative.jpg 1024w\" sizes=\"(max-width: 768px) 100vw, 768px\" \/><\/div>\n\t\t<\/a>\n\t\t\t\t<div class=\"elementor-post__text\">\n\t\t\t\t<h3 class=\"elementor-post__title\">\n\t\t\t<a href=\"https:\/\/ferrisrl.it\/fr\/non-classifiee\/prove-dimostrative-icut4-portogruaro\/\" >\n\t\t\t\tProve dimostrative iCUT4 Portogruaro\t\t\t<\/a>\n\t\t<\/h3>\n\t\t\n\t\t<a class=\"elementor-post__read-more\" href=\"https:\/\/ferrisrl.it\/fr\/non-classifiee\/prove-dimostrative-icut4-portogruaro\/?countries=USA\/2\/3\/5\/\" aria-label=\"En savoir plus sur Prove dimostrative iCUT4 Portogruaro\" tabindex=\"-1\" >\n\t\t\tLeggi Tutto \u00bb\t\t<\/a>\n\n\t\t\t\t<\/div>\n\t\t\t\t<\/article>\n\t\t\t\t<article class=\"elementor-post elementor-grid-item post-7314 post type-post status-publish format-standard has-post-thumbnail hentry category-non-classifiee\" role=\"listitem\">\n\t\t\t\t<a class=\"elementor-post__thumbnail__link\" href=\"https:\/\/ferrisrl.it\/fr\/non-classifiee\/ferri-in-campo\/\" tabindex=\"-1\" >\n\t\t\t<div class=\"elementor-post__thumbnail\"><img decoding=\"async\" width=\"768\" height=\"422\" src=\"https:\/\/ferrisrl.it\/wp-content\/uploads\/2024\/07\/ferri-in-campo-768x422.jpg\" class=\"attachment-medium_large size-medium_large wp-image-7315\" alt=\"\" srcset=\"https:\/\/ferrisrl.it\/wp-content\/uploads\/2024\/07\/ferri-in-campo-768x422.jpg 768w, https:\/\/ferrisrl.it\/wp-content\/uploads\/2024\/07\/ferri-in-campo-300x165.jpg 300w, https:\/\/ferrisrl.it\/wp-content\/uploads\/2024\/07\/ferri-in-campo-600x330.jpg 600w, https:\/\/ferrisrl.it\/wp-content\/uploads\/2024\/07\/ferri-in-campo.jpg 950w\" sizes=\"(max-width: 768px) 100vw, 768px\" \/><\/div>\n\t\t<\/a>\n\t\t\t\t<div class=\"elementor-post__text\">\n\t\t\t\t<h3 class=\"elementor-post__title\">\n\t\t\t<a href=\"https:\/\/ferrisrl.it\/fr\/non-classifiee\/ferri-in-campo\/\" >\n\t\t\t\tFERRI in Campo\t\t\t<\/a>\n\t\t<\/h3>\n\t\t\n\t\t<a class=\"elementor-post__read-more\" href=\"https:\/\/ferrisrl.it\/fr\/non-classifiee\/ferri-in-campo\/?countries=USA\/2\/3\/5\/\" aria-label=\"En savoir plus sur FERRI in Campo\" tabindex=\"-1\" >\n\t\t\tLeggi Tutto \u00bb\t\t<\/a>\n\n\t\t\t\t<\/div>\n\t\t\t\t<\/article>\n\t\t\t\t<article class=\"elementor-post elementor-grid-item post-8142 post type-post status-publish format-standard has-post-thumbnail hentry category-non-classifiee\" role=\"listitem\">\n\t\t\t\t<a class=\"elementor-post__thumbnail__link\" href=\"https:\/\/ferrisrl.it\/fr\/non-classifiee\/innov-agri-2023\/\" tabindex=\"-1\" >\n\t\t\t<div class=\"elementor-post__thumbnail\"><img decoding=\"async\" width=\"640\" height=\"427\" src=\"https:\/\/ferrisrl.it\/wp-content\/uploads\/2024\/10\/innova.webp\" class=\"attachment-medium_large size-medium_large wp-image-8145\" alt=\"\" srcset=\"https:\/\/ferrisrl.it\/wp-content\/uploads\/2024\/10\/innova.webp 640w, https:\/\/ferrisrl.it\/wp-content\/uploads\/2024\/10\/innova-300x200.webp 300w, https:\/\/ferrisrl.it\/wp-content\/uploads\/2024\/10\/innova-600x400.webp 600w\" sizes=\"(max-width: 640px) 100vw, 640px\" \/><\/div>\n\t\t<\/a>\n\t\t\t\t<div class=\"elementor-post__text\">\n\t\t\t\t<h3 class=\"elementor-post__title\">\n\t\t\t<a href=\"https:\/\/ferrisrl.it\/fr\/non-classifiee\/innov-agri-2023\/\" >\n\t\t\t\tINNOV-AGRI 2023\t\t\t<\/a>\n\t\t<\/h3>\n\t\t\n\t\t<a class=\"elementor-post__read-more\" href=\"https:\/\/ferrisrl.it\/fr\/non-classifiee\/innov-agri-2023\/?countries=USA\/2\/3\/5\/\" aria-label=\"En savoir plus sur INNOV-AGRI 2023\" tabindex=\"-1\" >\n\t\t\tLeggi Tutto \u00bb\t\t<\/a>\n\n\t\t\t\t<\/div>\n\t\t\t\t<\/article>\n\t\t\t\t<article class=\"elementor-post elementor-grid-item post-8133 post type-post status-publish format-standard has-post-thumbnail hentry category-non-classifiee\" role=\"listitem\">\n\t\t\t\t<a class=\"elementor-post__thumbnail__link\" href=\"https:\/\/ferrisrl.it\/fr\/non-classifiee\/sommet-de-lelevage-2023\/\" tabindex=\"-1\" >\n\t\t\t<div class=\"elementor-post__thumbnail\"><img loading=\"lazy\" decoding=\"async\" width=\"634\" height=\"420\" src=\"https:\/\/ferrisrl.it\/wp-content\/uploads\/2024\/10\/sommet.jpg\" class=\"attachment-medium_large size-medium_large wp-image-8136\" alt=\"\" srcset=\"https:\/\/ferrisrl.it\/wp-content\/uploads\/2024\/10\/sommet.jpg 634w, https:\/\/ferrisrl.it\/wp-content\/uploads\/2024\/10\/sommet-300x199.jpg 300w, https:\/\/ferrisrl.it\/wp-content\/uploads\/2024\/10\/sommet-600x397.jpg 600w\" sizes=\"(max-width: 634px) 100vw, 634px\" \/><\/div>\n\t\t<\/a>\n\t\t\t\t<div class=\"elementor-post__text\">\n\t\t\t\t<h3 class=\"elementor-post__title\">\n\t\t\t<a href=\"https:\/\/ferrisrl.it\/fr\/non-classifiee\/sommet-de-lelevage-2023\/\" >\n\t\t\t\tSOMMET de l&rsquo;ELEVAGE 2023\t\t\t<\/a>\n\t\t<\/h3>\n\t\t\n\t\t<a class=\"elementor-post__read-more\" href=\"https:\/\/ferrisrl.it\/fr\/non-classifiee\/sommet-de-lelevage-2023\/?countries=USA\/2\/3\/5\/\" aria-label=\"En savoir plus sur SOMMET de l&rsquo;ELEVAGE 2023\" tabindex=\"-1\" >\n\t\t\tLeggi Tutto \u00bb\t\t<\/a>\n\n\t\t\t\t<\/div>\n\t\t\t\t<\/article>\n\t\t\t\t<article class=\"elementor-post elementor-grid-item post-8123 post type-post status-publish format-standard has-post-thumbnail hentry category-non-classifiee\" role=\"listitem\">\n\t\t\t\t<a class=\"elementor-post__thumbnail__link\" href=\"https:\/\/ferrisrl.it\/fr\/non-classifiee\/sitevi-2023\/\" tabindex=\"-1\" >\n\t\t\t<div class=\"elementor-post__thumbnail\"><img loading=\"lazy\" decoding=\"async\" width=\"650\" height=\"431\" src=\"https:\/\/ferrisrl.it\/wp-content\/uploads\/2024\/10\/sitevi.jpg\" class=\"attachment-medium_large size-medium_large wp-image-8126\" alt=\"\" srcset=\"https:\/\/ferrisrl.it\/wp-content\/uploads\/2024\/10\/sitevi.jpg 650w, https:\/\/ferrisrl.it\/wp-content\/uploads\/2024\/10\/sitevi-300x199.jpg 300w, https:\/\/ferrisrl.it\/wp-content\/uploads\/2024\/10\/sitevi-600x398.jpg 600w\" sizes=\"(max-width: 650px) 100vw, 650px\" \/><\/div>\n\t\t<\/a>\n\t\t\t\t<div class=\"elementor-post__text\">\n\t\t\t\t<h3 class=\"elementor-post__title\">\n\t\t\t<a href=\"https:\/\/ferrisrl.it\/fr\/non-classifiee\/sitevi-2023\/\" >\n\t\t\t\tSITEVI 2023\t\t\t<\/a>\n\t\t<\/h3>\n\t\t\n\t\t<a class=\"elementor-post__read-more\" href=\"https:\/\/ferrisrl.it\/fr\/non-classifiee\/sitevi-2023\/?countries=USA\/2\/3\/5\/\" aria-label=\"En savoir plus sur SITEVI 2023\" tabindex=\"-1\" >\n\t\t\tLeggi Tutto \u00bb\t\t<\/a>\n\n\t\t\t\t<\/div>\n\t\t\t\t<\/article>\n\t\t\t\t<article class=\"elementor-post elementor-grid-item post-7582 post type-post status-publish format-standard has-post-thumbnail hentry category-non-classifiee\" role=\"listitem\">\n\t\t\t\t<a class=\"elementor-post__thumbnail__link\" href=\"https:\/\/ferrisrl.it\/fr\/non-classifiee\/nouveau-porte-outils-radiocommande-icut-3-60\/\" tabindex=\"-1\" >\n\t\t\t<div class=\"elementor-post__thumbnail\"><img loading=\"lazy\" decoding=\"async\" width=\"768\" height=\"506\" src=\"https:\/\/ferrisrl.it\/wp-content\/uploads\/2024\/06\/porta-attrezzi-radiocomandato-768x506.jpg\" class=\"attachment-medium_large size-medium_large wp-image-7583\" alt=\"\" srcset=\"https:\/\/ferrisrl.it\/wp-content\/uploads\/2024\/06\/porta-attrezzi-radiocomandato-768x506.jpg 768w, https:\/\/ferrisrl.it\/wp-content\/uploads\/2024\/06\/porta-attrezzi-radiocomandato-300x198.jpg 300w, https:\/\/ferrisrl.it\/wp-content\/uploads\/2024\/06\/porta-attrezzi-radiocomandato-1024x674.jpg 1024w, https:\/\/ferrisrl.it\/wp-content\/uploads\/2024\/06\/porta-attrezzi-radiocomandato-600x395.jpg 600w, https:\/\/ferrisrl.it\/wp-content\/uploads\/2024\/06\/porta-attrezzi-radiocomandato.jpg 1200w\" sizes=\"(max-width: 768px) 100vw, 768px\" \/><\/div>\n\t\t<\/a>\n\t\t\t\t<div class=\"elementor-post__text\">\n\t\t\t\t<h3 class=\"elementor-post__title\">\n\t\t\t<a href=\"https:\/\/ferrisrl.it\/fr\/non-classifiee\/nouveau-porte-outils-radiocommande-icut-3-60\/\" >\n\t\t\t\tNouveau porte-outils radiocommand\u00e9 iCUT 3.60\t\t\t<\/a>\n\t\t<\/h3>\n\t\t\n\t\t<a class=\"elementor-post__read-more\" href=\"https:\/\/ferrisrl.it\/fr\/non-classifiee\/nouveau-porte-outils-radiocommande-icut-3-60\/?countries=USA\/2\/3\/5\/\" aria-label=\"En savoir plus sur Nouveau porte-outils radiocommand\u00e9 iCUT 3.60\" tabindex=\"-1\" >\n\t\t\tLeggi Tutto \u00bb\t\t<\/a>\n\n\t\t\t\t<\/div>\n\t\t\t\t<\/article>\n\t\t\t\t<\/div>\n\t\t\n\t\t\t\t<div class=\"e-load-more-anchor\" data-page=\"1\" data-max-page=\"3\" data-next-page=\"https:\/\/ferrisrl.it\/fr\/wp-json\/wp\/v2\/pages\/7372\/page\/2\/?countries=USA%2F2%2F3%2F5%2F\"><\/div>\n\t\t\t\t<nav class=\"elementor-pagination\" aria-label=\"Pagination\">\n\t\t\t<span aria-current=\"page\" class=\"page-numbers current\"><span class=\"elementor-screen-only\">Page<\/span>1<\/span>\n<a class=\"page-numbers\" href=\"https:\/\/ferrisrl.it\/fr\/wp-json\/wp\/v2\/pages\/7372\/page\/2\/?countries=USA%2F2%2F3%2F5%2F\"><span class=\"elementor-screen-only\">Page<\/span>2<\/a>\n<a class=\"page-numbers\" href=\"https:\/\/ferrisrl.it\/fr\/wp-json\/wp\/v2\/pages\/7372\/page\/3\/?countries=USA%2F2%2F3%2F5%2F\"><span class=\"elementor-screen-only\">Page<\/span>3<\/a>\t\t<\/nav>\n\t\t\t\t\t\t<\/div>\n\t\t\t\t<\/div>\n\t\t\t\t\t<\/div>\n\t\t\t\t<\/div>\n\t\t\t\t<\/div>\n\t\t","protected":false},"excerpt":{"rendered":"","protected":false},"author":2,"featured_media":0,"parent":0,"menu_order":0,"comment_status":"closed","ping_status":"closed","template":"","meta":{"_acf_changed":false,"inline_featured_image":false,"footnotes":""},"class_list":["post-7372","page","type-page","status-publish","hentry"],"acf":[],"_links":{"self":[{"href":"https:\/\/ferrisrl.it\/fr\/wp-json\/wp\/v2\/pages\/7372","targetHints":{"allow":["GET"]}}],"collection":[{"href":"https:\/\/ferrisrl.it\/fr\/wp-json\/wp\/v2\/pages"}],"about":[{"href":"https:\/\/ferrisrl.it\/fr\/wp-json\/wp\/v2\/types\/page"}],"author":[{"embeddable":true,"href":"https:\/\/ferrisrl.it\/fr\/wp-json\/wp\/v2\/users\/2"}],"replies":[{"embeddable":true,"href":"https:\/\/ferrisrl.it\/fr\/wp-json\/wp\/v2\/comments?post=7372"}],"version-history":[{"count":5,"href":"https:\/\/ferrisrl.it\/fr\/wp-json\/wp\/v2\/pages\/7372\/revisions"}],"predecessor-version":[{"id":7381,"href":"https:\/\/ferrisrl.it\/fr\/wp-json\/wp\/v2\/pages\/7372\/revisions\/7381"}],"wp:attachment":[{"href":"https:\/\/ferrisrl.it\/fr\/wp-json\/wp\/v2\/media?parent=7372"}],"curies":[{"name":"wp","href":"https:\/\/api.w.org\/{rel}","templated":true}]}}