{"id":7640,"date":"2024-06-25T12:04:31","date_gmt":"2024-06-25T10:04:31","guid":{"rendered":"http:\/\/www.ferrisrl.it\/accessoires-pour-debroussailleuses-hydrauliques\/"},"modified":"2025-07-07T23:49:30","modified_gmt":"2025-07-07T21:49:30","slug":"accessoires-pour-debroussailleuses-hydrauliques","status":"publish","type":"page","link":"https:\/\/ferrisrl.it\/fr\/accessoires-pour-debroussailleuses-hydrauliques\/?countries=USA\/5\/5\/","title":{"rendered":"Accessoires pour d\u00e9broussailleuses hydrauliques"},"content":{"rendered":"\t\t<div data-elementor-type=\"wp-page\" data-elementor-id=\"7640\" class=\"elementor elementor-7640 elementor-3490\" data-elementor-post-type=\"page\">\n\t\t\t\t<div class=\"elementor-element elementor-element-021eb09 e-flex e-con-boxed e-con e-parent\" data-id=\"021eb09\" data-element_type=\"container\">\n\t\t\t\t\t<div class=\"e-con-inner\">\n\t\t<div class=\"elementor-element elementor-element-a2a0d59 e-con-full e-flex e-con e-child\" data-id=\"a2a0d59\" data-element_type=\"container\">\n\t\t\t\t<div class=\"elementor-element elementor-element-5aa727a elementor-widget elementor-widget-heading\" data-id=\"5aa727a\" data-element_type=\"widget\" data-widget_type=\"heading.default\">\n\t\t\t\t<div class=\"elementor-widget-container\">\n\t\t\t\t\t<h1 class=\"elementor-heading-title elementor-size-default\">Accessoires pour d\u00e9broussailleuses hydrauliques<\/h1>\t\t\t\t<\/div>\n\t\t\t\t<\/div>\n\t\t\t\t<\/div>\n\t\t<div class=\"elementor-element elementor-element-8469d3d e-con-full e-flex e-con e-child\" data-id=\"8469d3d\" data-element_type=\"container\">\n\t\t<div class=\"elementor-element elementor-element-5c060ff elementor-hidden-mobile e-flex e-con-boxed e-con e-child\" data-id=\"5c060ff\" data-element_type=\"container\">\n\t\t\t\t\t<div class=\"e-con-inner\">\n\t\t\t\t<div class=\"elementor-element elementor-element-2881c1f elementor-widget elementor-widget-heading\" data-id=\"2881c1f\" data-element_type=\"widget\" data-widget_type=\"heading.default\">\n\t\t\t\t<div class=\"elementor-widget-container\">\n\t\t\t\t\t<p class=\"elementor-heading-title elementor-size-default\"><a href=\"http:\/\/www.ferrisrl.it\/fr\/\">home<\/a><\/p>\t\t\t\t<\/div>\n\t\t\t\t<\/div>\n\t\t\t\t<div class=\"elementor-element elementor-element-d04ef08 elementor-widget elementor-widget-heading\" data-id=\"d04ef08\" data-element_type=\"widget\" data-widget_type=\"heading.default\">\n\t\t\t\t<div class=\"elementor-widget-container\">\n\t\t\t\t\t<p class=\"elementor-heading-title elementor-size-default\">\u25cb<\/p>\t\t\t\t<\/div>\n\t\t\t\t<\/div>\n\t\t\t\t<div class=\"elementor-element elementor-element-ab69bb3 elementor-widget elementor-widget-heading\" data-id=\"ab69bb3\" data-element_type=\"widget\" data-widget_type=\"heading.default\">\n\t\t\t\t<div class=\"elementor-widget-container\">\n\t\t\t\t\t<p class=\"elementor-heading-title elementor-size-default\">produits<\/p>\t\t\t\t<\/div>\n\t\t\t\t<\/div>\n\t\t\t\t<div class=\"elementor-element elementor-element-81227de elementor-widget elementor-widget-heading\" data-id=\"81227de\" data-element_type=\"widget\" data-widget_type=\"heading.default\">\n\t\t\t\t<div class=\"elementor-widget-container\">\n\t\t\t\t\t<p class=\"elementor-heading-title elementor-size-default\">\u25cb<\/p>\t\t\t\t<\/div>\n\t\t\t\t<\/div>\n\t\t\t\t<div class=\"elementor-element elementor-element-3be93fa elementor-widget elementor-widget-heading\" data-id=\"3be93fa\" data-element_type=\"widget\" data-widget_type=\"heading.default\">\n\t\t\t\t<div class=\"elementor-widget-container\">\n\t\t\t\t\t<p class=\"elementor-heading-title elementor-size-default\"><a href=\"http:\/\/www.ferrisrl.it\/fr\/produits-agricole\/\">Agriculture, municipalit\u00e9s, am\u00e9nagement paysager<\/a><\/p>\t\t\t\t<\/div>\n\t\t\t\t<\/div>\n\t\t\t\t<div class=\"elementor-element elementor-element-c2f2341 elementor-widget elementor-widget-heading\" data-id=\"c2f2341\" data-element_type=\"widget\" data-widget_type=\"heading.default\">\n\t\t\t\t<div class=\"elementor-widget-container\">\n\t\t\t\t\t<p class=\"elementor-heading-title elementor-size-default\">\u25cb<\/p>\t\t\t\t<\/div>\n\t\t\t\t<\/div>\n\t\t\t\t<div class=\"elementor-element elementor-element-1acc049 elementor-widget elementor-widget-heading\" data-id=\"1acc049\" data-element_type=\"widget\" data-widget_type=\"heading.default\">\n\t\t\t\t<div class=\"elementor-widget-container\">\n\t\t\t\t\t<p class=\"elementor-heading-title elementor-size-default\">Accessoires pour d\u00e9broussailleuses hydrauliques<\/p>\t\t\t\t<\/div>\n\t\t\t\t<\/div>\n\t\t\t\t\t<\/div>\n\t\t\t\t<\/div>\n\t\t\t\t<\/div>\n\t\t<div class=\"elementor-element elementor-element-82d1c31 e-con-full e-flex e-con e-child\" data-id=\"82d1c31\" data-element_type=\"container\">\n\t\t\t\t<div class=\"elementor-element elementor-element-f902adb elementor-widget elementor-widget-text-editor\" data-id=\"f902adb\" data-element_type=\"widget\" data-widget_type=\"text-editor.default\">\n\t\t\t\t<div class=\"elementor-widget-container\">\n\t\t\t\t\t\t\t\t\t<p>Accessoires interchangeables pour d\u00e9broussailleuses hydrauliques avec hydraulique \u00e0 engrenages en circuit ouvert ou hydraulique \u00e0 pistons en circuit ferm\u00e9.<\/p>\n\t\t\t\t\t\t\t\t<\/div>\n\t\t\t\t<\/div>\n\t\t\t\t<\/div>\n\t\t\t\t\t<\/div>\n\t\t\t\t<\/div>\n\t\t<div class=\"elementor-element elementor-element-8a734b8 e-flex e-con-boxed e-con e-parent\" data-id=\"8a734b8\" data-element_type=\"container\">\n\t\t\t\t\t<div class=\"e-con-inner\">\n\t\t<div class=\"elementor-element elementor-element-1cdaf58 e-flex e-con-boxed e-con e-child\" data-id=\"1cdaf58\" data-element_type=\"container\">\n\t\t\t\t\t<div class=\"e-con-inner\">\n\t\t\t\t<div class=\"elementor-element elementor-element-522b57c elementor-widget elementor-widget-shortcode\" data-id=\"522b57c\" data-element_type=\"widget\" data-widget_type=\"shortcode.default\">\n\t\t\t\t<div class=\"elementor-widget-container\">\n\t\t\t\t\t\t\t<div class=\"elementor-shortcode\">\n            <style>\n                .container-products {\n                    display: grid;\n                    grid-template-columns: repeat(4, 1fr);\n                    gap: 1rem;\n                }\n                @media (max-width: 768px) {\n                    .container-products {\n                        grid-template-columns: repeat(2, 1fr);\n                    }\n                }\n            <\/style>\n        <div class=\"container-products\"><p style=\"text-align:center;\">Nessun prodotto trovato per i filtri applicati.<\/p><\/div><\/div>\n\t\t\t\t\t\t<\/div>\n\t\t\t\t<\/div>\n\t\t\t\t\t<\/div>\n\t\t\t\t<\/div>\n\t\t\t\t\t<\/div>\n\t\t\t\t<\/div>\n\t\t\t\t<\/div>\n\t\t","protected":false},"excerpt":{"rendered":"<p>home \u25cb produits \u25cb Agriculture, municipalit\u00e9s, am\u00e9nagement paysager \u25cb Accessoires interchangeables pour d\u00e9broussailleuses hydrauliques avec hydraulique \u00e0 engrenages en circuit ouvert ou hydraulique \u00e0 pistons en circuit ferm\u00e9.<\/p>\n","protected":false},"author":2,"featured_media":0,"parent":0,"menu_order":0,"comment_status":"closed","ping_status":"closed","template":"","meta":{"_acf_changed":false,"inline_featured_image":false,"footnotes":""},"class_list":["post-7640","page","type-page","status-publish","hentry"],"acf":[],"_links":{"self":[{"href":"https:\/\/ferrisrl.it\/fr\/wp-json\/wp\/v2\/pages\/7640","targetHints":{"allow":["GET"]}}],"collection":[{"href":"https:\/\/ferrisrl.it\/fr\/wp-json\/wp\/v2\/pages"}],"about":[{"href":"https:\/\/ferrisrl.it\/fr\/wp-json\/wp\/v2\/types\/page"}],"author":[{"embeddable":true,"href":"https:\/\/ferrisrl.it\/fr\/wp-json\/wp\/v2\/users\/2"}],"replies":[{"embeddable":true,"href":"https:\/\/ferrisrl.it\/fr\/wp-json\/wp\/v2\/comments?post=7640"}],"version-history":[{"count":16,"href":"https:\/\/ferrisrl.it\/fr\/wp-json\/wp\/v2\/pages\/7640\/revisions"}],"predecessor-version":[{"id":9860,"href":"https:\/\/ferrisrl.it\/fr\/wp-json\/wp\/v2\/pages\/7640\/revisions\/9860"}],"wp:attachment":[{"href":"https:\/\/ferrisrl.it\/fr\/wp-json\/wp\/v2\/media?parent=7640"}],"curies":[{"name":"wp","href":"https:\/\/api.w.org\/{rel}","templated":true}]}}