{"id":7695,"date":"2024-06-25T12:30:42","date_gmt":"2024-06-25T10:30:42","guid":{"rendered":"http:\/\/www.ferrisrl.it\/broyeurs-hydrauliques-forestiers-pour-mini-chargeurs\/"},"modified":"2025-07-07T23:50:36","modified_gmt":"2025-07-07T21:50:36","slug":"groupes-de-broyages-hydrauliques-pour-mini-pelles","status":"publish","type":"page","link":"https:\/\/ferrisrl.it\/fr\/groupes-de-broyages-hydrauliques-pour-mini-pelles\/?countries=Usa\/2\/","title":{"rendered":"Groupes de broyages hydrauliques pour mini pelles"},"content":{"rendered":"\t\t<div data-elementor-type=\"wp-page\" data-elementor-id=\"7695\" class=\"elementor elementor-7695 elementor-3497\" data-elementor-post-type=\"page\">\n\t\t\t\t<div class=\"elementor-element elementor-element-afab7ed e-flex e-con-boxed e-con e-parent\" data-id=\"afab7ed\" data-element_type=\"container\">\n\t\t\t\t\t<div class=\"e-con-inner\">\n\t\t<div class=\"elementor-element elementor-element-21cf2d2 e-con-full e-flex e-con e-child\" data-id=\"21cf2d2\" data-element_type=\"container\">\n\t\t\t\t<div class=\"elementor-element elementor-element-bc269ca elementor-widget elementor-widget-heading\" data-id=\"bc269ca\" data-element_type=\"widget\" data-widget_type=\"heading.default\">\n\t\t\t\t<div class=\"elementor-widget-container\">\n\t\t\t\t\t<h1 class=\"elementor-heading-title elementor-size-default\">Groupes de broyages hydrauliques pour mini pelles<\/h1>\t\t\t\t<\/div>\n\t\t\t\t<\/div>\n\t\t\t\t<\/div>\n\t\t<div class=\"elementor-element elementor-element-7b3c485 e-con-full e-flex e-con e-child\" data-id=\"7b3c485\" data-element_type=\"container\">\n\t\t<div class=\"elementor-element elementor-element-640f34f elementor-hidden-mobile e-flex e-con-boxed e-con e-child\" data-id=\"640f34f\" data-element_type=\"container\">\n\t\t\t\t\t<div class=\"e-con-inner\">\n\t\t\t\t<div class=\"elementor-element elementor-element-f5659e4 elementor-widget elementor-widget-heading\" data-id=\"f5659e4\" data-element_type=\"widget\" data-widget_type=\"heading.default\">\n\t\t\t\t<div class=\"elementor-widget-container\">\n\t\t\t\t\t<p class=\"elementor-heading-title elementor-size-default\"><a href=\"http:\/\/www.ferrisrl.it\/fr\/\">home<\/a><\/p>\t\t\t\t<\/div>\n\t\t\t\t<\/div>\n\t\t\t\t<div class=\"elementor-element elementor-element-0acdc9a elementor-widget elementor-widget-heading\" data-id=\"0acdc9a\" data-element_type=\"widget\" data-widget_type=\"heading.default\">\n\t\t\t\t<div class=\"elementor-widget-container\">\n\t\t\t\t\t<p class=\"elementor-heading-title elementor-size-default\">\u25cb<\/p>\t\t\t\t<\/div>\n\t\t\t\t<\/div>\n\t\t\t\t<div class=\"elementor-element elementor-element-4c035b1 elementor-widget elementor-widget-heading\" data-id=\"4c035b1\" data-element_type=\"widget\" data-widget_type=\"heading.default\">\n\t\t\t\t<div class=\"elementor-widget-container\">\n\t\t\t\t\t<p class=\"elementor-heading-title elementor-size-default\">produits<\/p>\t\t\t\t<\/div>\n\t\t\t\t<\/div>\n\t\t\t\t<div class=\"elementor-element elementor-element-0fb04ea elementor-widget elementor-widget-heading\" data-id=\"0fb04ea\" data-element_type=\"widget\" data-widget_type=\"heading.default\">\n\t\t\t\t<div class=\"elementor-widget-container\">\n\t\t\t\t\t<p class=\"elementor-heading-title elementor-size-default\">\u25cb<\/p>\t\t\t\t<\/div>\n\t\t\t\t<\/div>\n\t\t\t\t<div class=\"elementor-element elementor-element-3ac0311 elementor-widget elementor-widget-heading\" data-id=\"3ac0311\" data-element_type=\"widget\" data-widget_type=\"heading.default\">\n\t\t\t\t<div class=\"elementor-widget-container\">\n\t\t\t\t\t<p class=\"elementor-heading-title elementor-size-default\"><a href=\"https:\/\/www.ferrisrl.it\/fr\/produits-terrassement\">Terrassement<\/a><\/p>\t\t\t\t<\/div>\n\t\t\t\t<\/div>\n\t\t\t\t<div class=\"elementor-element elementor-element-68f6a91 elementor-widget elementor-widget-heading\" data-id=\"68f6a91\" data-element_type=\"widget\" data-widget_type=\"heading.default\">\n\t\t\t\t<div class=\"elementor-widget-container\">\n\t\t\t\t\t<p class=\"elementor-heading-title elementor-size-default\">\u25cb<\/p>\t\t\t\t<\/div>\n\t\t\t\t<\/div>\n\t\t\t\t<div class=\"elementor-element elementor-element-89440ad elementor-widget elementor-widget-heading\" data-id=\"89440ad\" data-element_type=\"widget\" data-widget_type=\"heading.default\">\n\t\t\t\t<div class=\"elementor-widget-container\">\n\t\t\t\t\t<p class=\"elementor-heading-title elementor-size-default\">Groupes de broyages hydrauliques pour mini pelles<\/p>\t\t\t\t<\/div>\n\t\t\t\t<\/div>\n\t\t\t\t\t<\/div>\n\t\t\t\t<\/div>\n\t\t\t\t<\/div>\n\t\t<div class=\"elementor-element elementor-element-60e2141 e-con-full e-flex e-con e-child\" data-id=\"60e2141\" data-element_type=\"container\">\n\t\t\t\t<div class=\"elementor-element elementor-element-98d078a elementor-widget elementor-widget-text-editor\" data-id=\"98d078a\" data-element_type=\"widget\" data-widget_type=\"text-editor.default\">\n\t\t\t\t<div class=\"elementor-widget-container\">\n\t\t\t\t\t\t\t\t\t<p>Nos broyeurs hydrauliques sont parfaits pour les travaux sur les terrains non cultiv\u00e9s, les sous-bois et les espaces verts, avec de l&rsquo;herbe, des buissons, des \u00e9lagages et des ronces jusqu&rsquo;\u00e0 un diam\u00e8tre de 4 cm. Ils se fixent sur les mini chargeurs et les chargeuses compactes.<\/p>\t\t\t\t\t\t\t\t<\/div>\n\t\t\t\t<\/div>\n\t\t\t\t<\/div>\n\t\t<div class=\"elementor-element elementor-element-68aab0b e-con-full e-flex e-con e-child\" data-id=\"68aab0b\" data-element_type=\"container\" data-settings=\"{&quot;background_background&quot;:&quot;classic&quot;}\">\n\t\t\t\t<div class=\"elementor-element elementor-element-c0ded8e elementor-widget-tablet__width-initial elementor-widget-mobile_extra__width-inherit elementor-widget elementor-widget-heading\" data-id=\"c0ded8e\" data-element_type=\"widget\" data-widget_type=\"heading.default\">\n\t\t\t\t<div class=\"elementor-widget-container\">\n\t\t\t\t\t<p class=\"elementor-heading-title elementor-size-default\">Filtrer les mod\u00e8les par<\/p>\t\t\t\t<\/div>\n\t\t\t\t<\/div>\n\t\t\t\t<div class=\"elementor-element elementor-element-efd4b2d elementor-widget__width-inherit elementor-widget elementor-widget-shortcode\" data-id=\"efd4b2d\" data-element_type=\"widget\" data-widget_type=\"shortcode.default\">\n\t\t\t\t<div class=\"elementor-widget-container\">\n\t\t\t\t\t\t\t<div class=\"elementor-shortcode\">        <form id=\"filterForm\" method=\"GET\" class=\"all\">\n            <!-- Campo nascosto per mantenere la country -->\n            <input type=\"hidden\" name=\"countries\" value=\"Usa\/2\/\">\n\n            <div class=\"wrapper\">\n                <div class=\"colonne\">\n                    <label for=\"potenza_trattrice\">Puissance du tracteur:<\/label>\n                    <div id=\"potenza_trattrice_slider\" class=\"slider\"><\/div>\n                    <div class=\"input-fields\">\n                        <input type=\"text\" id=\"potenza_trattrice_min\" name=\"potenza_trattrice_min\" readonly value=\"0.00\">\n                        <input type=\"text\" id=\"potenza_trattrice_max\" name=\"potenza_trattrice_max\" readonly value=\"0.00\">\n                    <\/div>\n                <\/div>\n                <div class=\"colonne\">\n                    <label for=\"larghezza_di_lavoro\">Largeur de travail:<\/label>\n                    <div id=\"larghezza_di_lavoro_slider\" class=\"slider\"><\/div>\n                    <div class=\"input-fields\">\n                        <input type=\"text\" id=\"larghezza_di_lavoro_min\" name=\"larghezza_di_lavoro_min\" readonly value=\"1.60\">\n                        <input type=\"text\" id=\"larghezza_di_lavoro_max\" name=\"larghezza_di_lavoro_max\" readonly value=\"2.00\">\n                    <\/div>\n                <\/div>\n                <div class=\"colonne\">\n                    <label for=\"diametro\">Diam\u00e8tre de coupe maximal:<\/label>\n                    <div id=\"diametro_slider\" class=\"slider\"><\/div>\n                    <div class=\"input-fields\">\n                        <input type=\"text\" id=\"diametro_min\" name=\"diametro_min\" readonly value=\"5.00\">\n                        <input type=\"text\" id=\"diametro_max\" name=\"diametro_max\" readonly value=\"20.00\">\n                    <\/div>\n                <\/div>\n            <\/div>\n            <button type=\"submit\" class=\"filter-button\">Filtre<\/button>\n        <\/form>\n\n        <script>\n        document.addEventListener(\"DOMContentLoaded\", function() {\n            var potenza_min_value = ;\n            var potenza_max_value = ;\n            var larghezza_min_value = 1.6;\n            var larghezza_max_value = 2;\n            var diametro_min_value = 5;\n            var diametro_max_value = 20;\n\n            var selected_potenza_min = ;\n            var selected_potenza_max = ;\n            var selected_larghezza_min = 1.6;\n            var selected_larghezza_max = 2;\n            var selected_diametro_min = 5;\n            var selected_diametro_max = 20;\n\n            \/\/ Slider per Potenza Trattrice\n            var potenzaSlider = document.getElementById('potenza_trattrice_slider');\n            noUiSlider.create(potenzaSlider, {\n                start: [selected_potenza_min, selected_potenza_max],\n                connect: true,\n                range: {\n                    'min': potenza_min_value,\n                    'max': potenza_max_value\n                },\n                step: 0.01 \/\/ Step per mantenere i decimali\n            });\n            var potenzaMinInput = document.getElementById('potenza_trattrice_min');\n            var potenzaMaxInput = document.getElementById('potenza_trattrice_max');\n            potenzaSlider.noUiSlider.on('update', function (values) {\n                potenzaMinInput.value = parseFloat(values[0]).toFixed(2);\n                potenzaMaxInput.value = parseFloat(values[1]).toFixed(2);\n            });\n\n            \/\/ Slider per Larghezza di Lavoro\n            var larghezzaSlider = document.getElementById('larghezza_di_lavoro_slider');\n            noUiSlider.create(larghezzaSlider, {\n                start: [selected_larghezza_min, selected_larghezza_max],\n                connect: true,\n                range: {\n                    'min': larghezza_min_value,\n                    'max': larghezza_max_value\n                },\n                step: 0.01\n            });\n            var larghezzaMinInput = document.getElementById('larghezza_di_lavoro_min');\n            var larghezzaMaxInput = document.getElementById('larghezza_di_lavoro_max');\n            larghezzaSlider.noUiSlider.on('update', function (values) {\n                larghezzaMinInput.value = parseFloat(values[0]).toFixed(2);\n                larghezzaMaxInput.value = parseFloat(values[1]).toFixed(2);\n            });\n\n            \/\/ Slider per Diametro Max di Taglio\n            var diametroSlider = document.getElementById('diametro_slider');\n            noUiSlider.create(diametroSlider, {\n                start: [selected_diametro_min, selected_diametro_max],\n                connect: true,\n                range: {\n                    'min': diametro_min_value,\n                    'max': diametro_max_value\n                },\n                step: 0.01\n            });\n            var diametroMinInput = document.getElementById('diametro_min');\n            var diametroMaxInput = document.getElementById('diametro_max');\n            diametroSlider.noUiSlider.on('update', function (values) {\n                diametroMinInput.value = parseFloat(values[0]).toFixed(2);\n                diametroMaxInput.value = parseFloat(values[1]).toFixed(2);\n            });\n        });\n        <\/script>\n\n        <style>\n            .wrapper{display: flex; gap: 70px; width: 85%;}\n            .wrapper .colonne{width: 33.33%}\n            .slider{margin: 10px 0;}\n            .input-fields{display: flex; justify-content: space-between; align-items: center; margin-top: 10px;}\n            .input-fields input[type=\"text\"]{width: 70px; padding: 5px; border: 1px solid #ddd; border-radius: 5px; text-align: center;}\n            .filter-button{background-color: #e2001a; color: white; padding: 11px 20px; text-align: center; border: none; cursor: pointer; font-size: 18px; border-radius: 10px; width: 15%; text-transform: uppercase;}\n            .filter-button:hover{background-color: #c00018;}\n            form#filterForm{gap: 60px; align-items: center;}\n            .noUi-connect{background: #e2001a !important;}\n            .input-fields input[type=\"text\"]{background: #e2001a !important; color: #fff !important;}\n        <\/style>\n        <!-- OUTPUT HTML e JavaScript -->\n        <\/div>\n\t\t\t\t\t\t<\/div>\n\t\t\t\t<\/div>\n\t\t\t\t<\/div>\n\t\t\t\t\t<\/div>\n\t\t\t\t<\/div>\n\t\t<div class=\"elementor-element elementor-element-56a22b6 e-flex e-con-boxed e-con e-parent\" data-id=\"56a22b6\" data-element_type=\"container\">\n\t\t\t\t\t<div class=\"e-con-inner\">\n\t\t\t\t<div class=\"elementor-element elementor-element-33ac9e3 elementor-widget__width-inherit elementor-widget elementor-widget-shortcode\" data-id=\"33ac9e3\" data-element_type=\"widget\" data-widget_type=\"shortcode.default\">\n\t\t\t\t<div class=\"elementor-widget-container\">\n\t\t\t\t\t\t\t<div class=\"elementor-shortcode\">\n            <style>\n                .container-products {\n                    display: grid;\n                    grid-template-columns: repeat(4, 1fr);\n                    gap: 1rem;\n                }\n                @media (max-width: 768px) {\n                    .container-products {\n                        grid-template-columns: repeat(2, 1fr);\n                    }\n                }\n            <\/style>\n        <div class=\"container-products\"><p style=\"text-align:center;\">Nessun prodotto trovato per i filtri applicati.<\/p><\/div><\/div>\n\t\t\t\t\t\t<\/div>\n\t\t\t\t<\/div>\n\t\t\t\t\t<\/div>\n\t\t\t\t<\/div>\n\t\t\t\t<\/div>\n\t\t","protected":false},"excerpt":{"rendered":"<p>home \u25cb produits \u25cb Terrassement \u25cb Nos broyeurs hydrauliques sont parfaits pour les travaux sur les terrains non cultiv\u00e9s, les sous-bois et les espaces verts, avec de l&rsquo;herbe, des buissons, des \u00e9lagages et des ronces jusqu&rsquo;\u00e0 un diam\u00e8tre de 4 cm. Ils se fixent sur les mini chargeurs et les chargeuses compactes. Filtrer les mod\u00e8les [&hellip;]<\/p>\n","protected":false},"author":2,"featured_media":0,"parent":0,"menu_order":0,"comment_status":"closed","ping_status":"closed","template":"","meta":{"_acf_changed":false,"inline_featured_image":false,"footnotes":""},"class_list":["post-7695","page","type-page","status-publish","hentry"],"acf":[],"_links":{"self":[{"href":"https:\/\/ferrisrl.it\/fr\/wp-json\/wp\/v2\/pages\/7695","targetHints":{"allow":["GET"]}}],"collection":[{"href":"https:\/\/ferrisrl.it\/fr\/wp-json\/wp\/v2\/pages"}],"about":[{"href":"https:\/\/ferrisrl.it\/fr\/wp-json\/wp\/v2\/types\/page"}],"author":[{"embeddable":true,"href":"https:\/\/ferrisrl.it\/fr\/wp-json\/wp\/v2\/users\/2"}],"replies":[{"embeddable":true,"href":"https:\/\/ferrisrl.it\/fr\/wp-json\/wp\/v2\/comments?post=7695"}],"version-history":[{"count":34,"href":"https:\/\/ferrisrl.it\/fr\/wp-json\/wp\/v2\/pages\/7695\/revisions"}],"predecessor-version":[{"id":9863,"href":"https:\/\/ferrisrl.it\/fr\/wp-json\/wp\/v2\/pages\/7695\/revisions\/9863"}],"wp:attachment":[{"href":"https:\/\/ferrisrl.it\/fr\/wp-json\/wp\/v2\/media?parent=7695"}],"curies":[{"name":"wp","href":"https:\/\/api.w.org\/{rel}","templated":true}]}}