{"id":7742,"date":"2024-06-25T12:36:26","date_gmt":"2024-06-25T10:36:26","guid":{"rendered":"http:\/\/www.ferrisrl.it\/porte-outils-radiocommande\/"},"modified":"2025-07-07T23:55:14","modified_gmt":"2025-07-07T21:55:14","slug":"porte-outils-radiocommande","status":"publish","type":"page","link":"https:\/\/ferrisrl.it\/fr\/porte-outils-radiocommande\/?countries=Italia\/3\/","title":{"rendered":"Porte-Outils Radiocommand\u00e9"},"content":{"rendered":"\t\t<div data-elementor-type=\"wp-page\" data-elementor-id=\"7742\" class=\"elementor elementor-7742 elementor-3508\" data-elementor-post-type=\"page\">\n\t\t\t\t<div class=\"elementor-element elementor-element-afab7ed e-flex e-con-boxed e-con e-parent\" data-id=\"afab7ed\" data-element_type=\"container\">\n\t\t\t\t\t<div class=\"e-con-inner\">\n\t\t<div class=\"elementor-element elementor-element-21cf2d2 e-con-full e-flex e-con e-child\" data-id=\"21cf2d2\" data-element_type=\"container\">\n\t\t\t\t<div class=\"elementor-element elementor-element-bc269ca elementor-widget elementor-widget-heading\" data-id=\"bc269ca\" data-element_type=\"widget\" data-widget_type=\"heading.default\">\n\t\t\t\t<div class=\"elementor-widget-container\">\n\t\t\t\t\t<h1 class=\"elementor-heading-title elementor-size-default\">Porte-Outils Radiocommand\u00e9<\/h1>\t\t\t\t<\/div>\n\t\t\t\t<\/div>\n\t\t\t\t<\/div>\n\t\t<div class=\"elementor-element elementor-element-7b3c485 e-con-full e-flex e-con e-child\" data-id=\"7b3c485\" data-element_type=\"container\">\n\t\t<div class=\"elementor-element elementor-element-640f34f elementor-hidden-mobile e-flex e-con-boxed e-con e-child\" data-id=\"640f34f\" data-element_type=\"container\">\n\t\t\t\t\t<div class=\"e-con-inner\">\n\t\t\t\t<div class=\"elementor-element elementor-element-f5659e4 elementor-widget elementor-widget-heading\" data-id=\"f5659e4\" data-element_type=\"widget\" data-widget_type=\"heading.default\">\n\t\t\t\t<div class=\"elementor-widget-container\">\n\t\t\t\t\t<p class=\"elementor-heading-title elementor-size-default\"><a href=\"http:\/\/www.ferrisrl.it\/fr\/\">home<\/a><\/p>\t\t\t\t<\/div>\n\t\t\t\t<\/div>\n\t\t\t\t<div class=\"elementor-element elementor-element-0acdc9a elementor-widget elementor-widget-heading\" data-id=\"0acdc9a\" data-element_type=\"widget\" data-widget_type=\"heading.default\">\n\t\t\t\t<div class=\"elementor-widget-container\">\n\t\t\t\t\t<p class=\"elementor-heading-title elementor-size-default\">\u25cb<\/p>\t\t\t\t<\/div>\n\t\t\t\t<\/div>\n\t\t\t\t<div class=\"elementor-element elementor-element-4c035b1 elementor-widget elementor-widget-heading\" data-id=\"4c035b1\" data-element_type=\"widget\" data-widget_type=\"heading.default\">\n\t\t\t\t<div class=\"elementor-widget-container\">\n\t\t\t\t\t<p class=\"elementor-heading-title elementor-size-default\">produits<\/p>\t\t\t\t<\/div>\n\t\t\t\t<\/div>\n\t\t\t\t<div class=\"elementor-element elementor-element-0fb04ea elementor-widget elementor-widget-heading\" data-id=\"0fb04ea\" data-element_type=\"widget\" data-widget_type=\"heading.default\">\n\t\t\t\t<div class=\"elementor-widget-container\">\n\t\t\t\t\t<p class=\"elementor-heading-title elementor-size-default\">\u25cb<\/p>\t\t\t\t<\/div>\n\t\t\t\t<\/div>\n\t\t\t\t<div class=\"elementor-element elementor-element-3ac0311 elementor-widget elementor-widget-heading\" data-id=\"3ac0311\" data-element_type=\"widget\" data-widget_type=\"heading.default\">\n\t\t\t\t<div class=\"elementor-widget-container\">\n\t\t\t\t\t<p class=\"elementor-heading-title elementor-size-default\"><a href=\"http:\/\/www.ferrisrl.it\/fr\/produits-projets-speciaux\/\">Projets sp\u00e9ciaux<\/a><\/p>\t\t\t\t<\/div>\n\t\t\t\t<\/div>\n\t\t\t\t<div class=\"elementor-element elementor-element-68f6a91 elementor-widget elementor-widget-heading\" data-id=\"68f6a91\" data-element_type=\"widget\" data-widget_type=\"heading.default\">\n\t\t\t\t<div class=\"elementor-widget-container\">\n\t\t\t\t\t<p class=\"elementor-heading-title elementor-size-default\">\u25cb<\/p>\t\t\t\t<\/div>\n\t\t\t\t<\/div>\n\t\t\t\t<div class=\"elementor-element elementor-element-89440ad elementor-widget elementor-widget-heading\" data-id=\"89440ad\" data-element_type=\"widget\" data-widget_type=\"heading.default\">\n\t\t\t\t<div class=\"elementor-widget-container\">\n\t\t\t\t\t<p class=\"elementor-heading-title elementor-size-default\">Porte-Outils Radiocommand\u00e9<\/p>\t\t\t\t<\/div>\n\t\t\t\t<\/div>\n\t\t\t\t\t<\/div>\n\t\t\t\t<\/div>\n\t\t\t\t<\/div>\n\t\t<div class=\"elementor-element elementor-element-60e2141 e-con-full e-flex e-con e-child\" data-id=\"60e2141\" data-element_type=\"container\">\n\t\t\t\t<div class=\"elementor-element elementor-element-98d078a elementor-widget elementor-widget-text-editor\" data-id=\"98d078a\" data-element_type=\"widget\" data-widget_type=\"text-editor.default\">\n\t\t\t\t<div class=\"elementor-widget-container\">\n\t\t\t\t\t\t\t\t\t<p>PORTE OUTILS RADIOCOmmand\u00e9 iCUT est la famille des porte-outils professionnels radiocommand\u00e9s con\u00e7us pour des utilisations particuli\u00e8rement exigeantes ou des environnements potentiellement critiques pour l&rsquo;op\u00e9rateur, permettant un contr\u00f4le et une man\u0153uvrabilit\u00e9 maximum dans les zones inaccessibles et difficiles d&rsquo;acc\u00e8s. Gr\u00e2ce \u00e0 leur stabilit\u00e9 exceptionnelle, \u00e0 leurs commandes intuitives du bout des doigts et \u00e0 une port\u00e9e de t\u00e9l\u00e9commande pouvant atteindre 150 \u00e0 200 m\u00e8tres, ces machines facilitent les travaux fastidieux, \u00e0 forte intensit\u00e9 de main-d&rsquo;\u0153uvre et potentiellement dangereux.  <\/p>\n\t\t\t\t\t\t\t\t<\/div>\n\t\t\t\t<\/div>\n\t\t\t\t<\/div>\n\t\t\t\t\t<\/div>\n\t\t\t\t<\/div>\n\t\t<div class=\"elementor-element elementor-element-0751fe9 e-flex e-con-boxed e-con e-parent\" data-id=\"0751fe9\" data-element_type=\"container\">\n\t\t\t\t\t<div class=\"e-con-inner\">\n\t\t<div class=\"elementor-element elementor-element-18ee986 e-flex e-con-boxed e-con e-child\" data-id=\"18ee986\" data-element_type=\"container\">\n\t\t\t\t\t<div class=\"e-con-inner\">\n\t\t\t\t<div class=\"elementor-element elementor-element-40f4822 elementor-widget elementor-widget-shortcode\" data-id=\"40f4822\" data-element_type=\"widget\" data-widget_type=\"shortcode.default\">\n\t\t\t\t<div class=\"elementor-widget-container\">\n\t\t\t\t\t\t\t<div class=\"elementor-shortcode\">\n            <style>\n                .container-products {\n                    display: grid;\n                    grid-template-columns: repeat(4, 1fr);\n                    gap: 1rem;\n                }\n                @media (max-width: 768px) {\n                    .container-products {\n                        grid-template-columns: repeat(2, 1fr);\n                    }\n                }\n            <\/style>\n        <div class=\"container-products\"><p style=\"text-align:center;\">Nessun prodotto trovato per i filtri applicati.<\/p><\/div><\/div>\n\t\t\t\t\t\t<\/div>\n\t\t\t\t<\/div>\n\t\t\t\t\t<\/div>\n\t\t\t\t<\/div>\n\t\t\t\t\t<\/div>\n\t\t\t\t<\/div>\n\t\t\t\t<\/div>\n\t\t","protected":false},"excerpt":{"rendered":"<p>home \u25cb produits \u25cb Projets sp\u00e9ciaux \u25cb PORTE OUTILS RADIOCOmmand\u00e9 iCUT est la famille des porte-outils professionnels radiocommand\u00e9s con\u00e7us pour des utilisations particuli\u00e8rement exigeantes ou des environnements potentiellement critiques pour l&rsquo;op\u00e9rateur, permettant un contr\u00f4le et une man\u0153uvrabilit\u00e9 maximum dans les zones inaccessibles et difficiles d&rsquo;acc\u00e8s. Gr\u00e2ce \u00e0 leur stabilit\u00e9 exceptionnelle, \u00e0 leurs commandes intuitives du [&hellip;]<\/p>\n","protected":false},"author":2,"featured_media":0,"parent":0,"menu_order":0,"comment_status":"closed","ping_status":"closed","template":"","meta":{"_acf_changed":false,"inline_featured_image":false,"footnotes":""},"class_list":["post-7742","page","type-page","status-publish","hentry"],"acf":[],"_links":{"self":[{"href":"https:\/\/ferrisrl.it\/fr\/wp-json\/wp\/v2\/pages\/7742","targetHints":{"allow":["GET"]}}],"collection":[{"href":"https:\/\/ferrisrl.it\/fr\/wp-json\/wp\/v2\/pages"}],"about":[{"href":"https:\/\/ferrisrl.it\/fr\/wp-json\/wp\/v2\/types\/page"}],"author":[{"embeddable":true,"href":"https:\/\/ferrisrl.it\/fr\/wp-json\/wp\/v2\/users\/2"}],"replies":[{"embeddable":true,"href":"https:\/\/ferrisrl.it\/fr\/wp-json\/wp\/v2\/comments?post=7742"}],"version-history":[{"count":16,"href":"https:\/\/ferrisrl.it\/fr\/wp-json\/wp\/v2\/pages\/7742\/revisions"}],"predecessor-version":[{"id":9875,"href":"https:\/\/ferrisrl.it\/fr\/wp-json\/wp\/v2\/pages\/7742\/revisions\/9875"}],"wp:attachment":[{"href":"https:\/\/ferrisrl.it\/fr\/wp-json\/wp\/v2\/media?parent=7742"}],"curies":[{"name":"wp","href":"https:\/\/api.w.org\/{rel}","templated":true}]}}