{"id":8540,"date":"2025-05-15T10:20:12","date_gmt":"2025-05-15T08:20:12","guid":{"rendered":"http:\/\/www.ferrisrl.it\/?page_id=8540"},"modified":"2025-07-16T14:45:41","modified_gmt":"2025-07-16T12:45:41","slug":"contacts-france","status":"publish","type":"page","link":"https:\/\/ferrisrl.it\/fr\/contacts-france\/?countries=Usa","title":{"rendered":"Contacts"},"content":{"rendered":"\t\t<div data-elementor-type=\"wp-page\" data-elementor-id=\"8540\" class=\"elementor elementor-8540 elementor-8539\" data-elementor-post-type=\"page\">\n\t\t\t\t<div class=\"elementor-element elementor-element-c320936 e-flex e-con-boxed e-con e-parent\" data-id=\"c320936\" data-element_type=\"container\" data-settings=\"{&quot;background_background&quot;:&quot;classic&quot;}\">\n\t\t\t\t\t<div class=\"e-con-inner\">\n\t\t\t\t<div class=\"elementor-element elementor-element-2a1cd57 elementor-widget elementor-widget-heading\" data-id=\"2a1cd57\" data-element_type=\"widget\" data-widget_type=\"heading.default\">\n\t\t\t\t<div class=\"elementor-widget-container\">\n\t\t\t\t\t<h1 class=\"elementor-heading-title elementor-size-default\">Contacts<\/h1>\t\t\t\t<\/div>\n\t\t\t\t<\/div>\n\t\t<div class=\"elementor-element elementor-element-9ed2b6e e-flex e-con-boxed e-con e-child\" data-id=\"9ed2b6e\" data-element_type=\"container\">\n\t\t\t\t\t<div class=\"e-con-inner\">\n\t\t\t\t<div class=\"elementor-element elementor-element-bd53240 elementor-widget elementor-widget-heading\" data-id=\"bd53240\" data-element_type=\"widget\" data-widget_type=\"heading.default\">\n\t\t\t\t<div class=\"elementor-widget-container\">\n\t\t\t\t\t<p class=\"elementor-heading-title elementor-size-default\"><a href=\"http:\/\/www.ferrisrl.it\/\">home<\/a><\/p>\t\t\t\t<\/div>\n\t\t\t\t<\/div>\n\t\t\t\t<div class=\"elementor-element elementor-element-ae21272 elementor-widget elementor-widget-heading\" data-id=\"ae21272\" data-element_type=\"widget\" data-widget_type=\"heading.default\">\n\t\t\t\t<div class=\"elementor-widget-container\">\n\t\t\t\t\t<p class=\"elementor-heading-title elementor-size-default\">\u25cb<\/p>\t\t\t\t<\/div>\n\t\t\t\t<\/div>\n\t\t\t\t<div class=\"elementor-element elementor-element-e877f4b elementor-widget elementor-widget-heading\" data-id=\"e877f4b\" data-element_type=\"widget\" data-widget_type=\"heading.default\">\n\t\t\t\t<div class=\"elementor-widget-container\">\n\t\t\t\t\t<p class=\"elementor-heading-title elementor-size-default\">Contacts<\/p>\t\t\t\t<\/div>\n\t\t\t\t<\/div>\n\t\t\t\t\t<\/div>\n\t\t\t\t<\/div>\n\t\t\t\t\t<\/div>\n\t\t\t\t<\/div>\n\t\t<div class=\"elementor-element elementor-element-756cdbc9 e-flex e-con-boxed e-con e-parent\" data-id=\"756cdbc9\" data-element_type=\"container\">\n\t\t\t\t\t<div class=\"e-con-inner\">\n\t\t<div class=\"elementor-element elementor-element-4d99cf65 e-con-full e-flex e-con e-child\" data-id=\"4d99cf65\" data-element_type=\"container\">\n\t\t<div class=\"elementor-element elementor-element-63038c13 e-con-full e-flex e-con e-child\" data-id=\"63038c13\" data-element_type=\"container\">\n\t\t\t\t<div class=\"elementor-element elementor-element-3541e202 border elementor-widget elementor-widget-heading\" data-id=\"3541e202\" data-element_type=\"widget\" data-widget_type=\"heading.default\">\n\t\t\t\t<div class=\"elementor-widget-container\">\n\t\t\t\t\t<h2 class=\"elementor-heading-title elementor-size-default\">ADRESSE SI\u00c8GE SOCIAL<\/h2>\t\t\t\t<\/div>\n\t\t\t\t<\/div>\n\t\t\t\t<div class=\"elementor-element elementor-element-68485b16 link_red elementor-widget elementor-widget-text-editor\" data-id=\"68485b16\" data-element_type=\"widget\" data-widget_type=\"text-editor.default\">\n\t\t\t\t<div class=\"elementor-widget-container\">\n\t\t\t\t\t\t\t\t\t<p><strong>FERRI FRANCE<\/strong><br \/>459 Rue de Fongrave<br \/>81800 Rabastens<br \/>T\u00e9l. +33 (0)563408400<br \/>Fax. +33 (0)563408408<br \/>Email: <a href=\"mailto:contact@ferri-france.fr\">contact@ferri-france.fr<\/a><\/p>\t\t\t\t\t\t\t\t<\/div>\n\t\t\t\t<\/div>\n\t\t\t\t<div class=\"elementor-element elementor-element-6e7464c6 border elementor-widget elementor-widget-heading\" data-id=\"6e7464c6\" data-element_type=\"widget\" data-widget_type=\"heading.default\">\n\t\t\t\t<div class=\"elementor-widget-container\">\n\t\t\t\t\t<p class=\"elementor-heading-title elementor-size-default\">COMMENT NOUS JOINDRE<\/p>\t\t\t\t<\/div>\n\t\t\t\t<\/div>\n\t\t\t\t<div class=\"elementor-element elementor-element-d12b628 link_red elementor-widget elementor-widget-text-editor\" data-id=\"d12b628\" data-element_type=\"widget\" data-widget_type=\"text-editor.default\">\n\t\t\t\t<div class=\"elementor-widget-container\">\n\t\t\t\t\t\t\t\t\t<p><strong>Entr\u00e9e des visiteurs<\/strong><br \/>459 Rue de Fongrave &#8211; 81800 Rabastens<\/p>\t\t\t\t\t\t\t\t<\/div>\n\t\t\t\t<\/div>\n\t\t\t\t<\/div>\n\t\t<div class=\"elementor-element elementor-element-6cbbec08 e-con-full e-flex e-con e-child\" data-id=\"6cbbec08\" data-element_type=\"container\">\n\t\t\t\t<div class=\"elementor-element elementor-element-7b73ce93 elementor-widget elementor-widget-google_maps\" data-id=\"7b73ce93\" data-element_type=\"widget\" data-widget_type=\"google_maps.default\">\n\t\t\t\t<div class=\"elementor-widget-container\">\n\t\t\t\t\t\t\t<div class=\"elementor-custom-embed\">\n\t\t\t<iframe loading=\"lazy\"\n\t\t\t\t\tsrc=\"https:\/\/maps.google.com\/maps?q=459%20Rue%20de%20Fongrave%2081800%20Rabastens&#038;t=m&#038;z=10&#038;output=embed&#038;iwloc=near\"\n\t\t\t\t\ttitle=\"459 Rue de Fongrave 81800 Rabastens\"\n\t\t\t\t\taria-label=\"459 Rue de Fongrave 81800 Rabastens\"\n\t\t\t><\/iframe>\n\t\t<\/div>\n\t\t\t\t\t\t<\/div>\n\t\t\t\t<\/div>\n\t\t\t\t<\/div>\n\t\t\t\t<\/div>\n\t\t\t\t\t<\/div>\n\t\t\t\t<\/div>\n\t\t<div class=\"elementor-element elementor-element-5f08369a e-grid e-con-boxed e-con e-parent\" data-id=\"5f08369a\" data-element_type=\"container\" data-settings=\"{&quot;background_background&quot;:&quot;classic&quot;}\">\n\t\t\t\t\t<div class=\"e-con-inner\">\n\t\t<div class=\"elementor-element elementor-element-7dedfbe6 e-con-full e-flex e-con e-child\" data-id=\"7dedfbe6\" data-element_type=\"container\">\n\t\t\t\t<div class=\"elementor-element elementor-element-456dd6cb border elementor-widget elementor-widget-heading\" data-id=\"456dd6cb\" data-element_type=\"widget\" data-widget_type=\"heading.default\">\n\t\t\t\t<div class=\"elementor-widget-container\">\n\t\t\t\t\t<h2 class=\"elementor-heading-title elementor-size-default\">CONTACTS PROFESSIONNELS\n<\/h2>\t\t\t\t<\/div>\n\t\t\t\t<\/div>\n\t\t\t\t<div class=\"elementor-element elementor-element-38018d69 link_red elementor-widget elementor-widget-text-editor\" data-id=\"38018d69\" data-element_type=\"widget\" data-widget_type=\"text-editor.default\">\n\t\t\t\t<div class=\"elementor-widget-container\">\n\t\t\t\t\t\t\t\t\t<p><strong><span style=\"color: #c8a2c8\">Direction<br><\/span><\/strong><span style=\"color: #c8a2c8\">T\u00e9l.: +33(0)5 63 40 84 00<br><\/span><a href=\"mailto:a.narvaez@ferri-france.fr\">a.narvaez@ferri-france.fr<\/a><\/p>\n<p><\/p>\n<p><strong><span style=\"color: green\">Fabien NIVON<br><\/span><\/strong><span style=\"color: green\">T\u00e9l.: +33(0)6 07 79 31 28<br><\/span>&nbsp;<a href=\"mailto:f.nivon@ferri-france.fr\">f.nivon@ferri-france.fr<\/a><\/p>\n<p><\/p>\n<p><strong><span style=\"color: #facf0a\">Julien MAHAUD<br><\/span><\/strong><span style=\"color: #facf0a\">T\u00e9l.: +33(0)6 68 49 15 29<br><\/span><a href=\"mailto:j.mahaud@ferri-france.fr\">j.mahaud@ferri-france.fr<\/a><\/p>\n<p><\/p>\n<p><strong><span style=\"color: orange\">Flavien COLLIER<br><\/span><\/strong><span style=\"color: orange\">T\u00e9l.: +33(0)6 69 58 39 49<br><\/span><a href=\"mailto:f.collier@ferri-france.fr\">f.collier@ferri-france.fr<\/a><\/p>\n<p><\/p>\n<p><strong><span style=\"color: #87ceeb\">Thierry LAVELLE<br><\/span><\/strong><span style=\"color: #87ceeb\">T\u00e9l. : +33(0)6 67 29 43 13<br><\/span>&nbsp;<a href=\"mailto:t.lavelle@ferri-france.fr\">t.lavelle@ferri-france.fr<\/a><\/p>\t\t\t\t\t\t\t\t<\/div>\n\t\t\t\t<\/div>\n\t\t\t\t<\/div>\n\t\t\t\t<div class=\"elementor-element elementor-element-c566f0f elementor-widget elementor-widget-image\" data-id=\"c566f0f\" data-element_type=\"widget\" data-widget_type=\"image.default\">\n\t\t\t\t<div class=\"elementor-widget-container\">\n\t\t\t\t\t\t\t\t\t\t\t\t\t\t\t<img fetchpriority=\"high\" decoding=\"async\" width=\"497\" height=\"632\" src=\"https:\/\/ferrisrl.it\/wp-content\/uploads\/2025\/05\/ferri-mappa-fra-Modificata.png\" class=\"attachment-medium_large size-medium_large wp-image-8527\" alt=\"Map Ferri France\" srcset=\"https:\/\/ferrisrl.it\/wp-content\/uploads\/2025\/05\/ferri-mappa-fra-Modificata.png 497w, https:\/\/ferrisrl.it\/wp-content\/uploads\/2025\/05\/ferri-mappa-fra-Modificata-236x300.png 236w\" sizes=\"(max-width: 497px) 100vw, 497px\" \/>\t\t\t\t\t\t\t\t\t\t\t\t\t\t\t<\/div>\n\t\t\t\t<\/div>\n\t\t\t\t\t<\/div>\n\t\t\t\t<\/div>\n\t\t\t\t<\/div>\n\t\t","protected":false},"excerpt":{"rendered":"<p>home \u25cb Contacts ADRESSE SI\u00c8GE SOCIAL FERRI FRANCE459 Rue de Fongrave81800 RabastensT\u00e9l. +33 (0)563408400Fax. +33 (0)563408408Email: contact@ferri-france.fr COMMENT NOUS JOINDRE Entr\u00e9e des visiteurs459 Rue de Fongrave &#8211; 81800 Rabastens CONTACTS PROFESSIONNELS DirectionT\u00e9l.: +33(0)5 63 40 84 00a.narvaez@ferri-france.fr Fabien NIVONT\u00e9l.: +33(0)6 07 79 31 28&nbsp;f.nivon@ferri-france.fr Julien MAHAUDT\u00e9l.: +33(0)6 68 49 15 29j.mahaud@ferri-france.fr Flavien COLLIERT\u00e9l.: +33(0)6 69 [&hellip;]<\/p>\n","protected":false},"author":5,"featured_media":0,"parent":0,"menu_order":0,"comment_status":"closed","ping_status":"closed","template":"","meta":{"_acf_changed":false,"inline_featured_image":false,"footnotes":""},"class_list":["post-8540","page","type-page","status-publish","hentry"],"acf":[],"_links":{"self":[{"href":"https:\/\/ferrisrl.it\/fr\/wp-json\/wp\/v2\/pages\/8540","targetHints":{"allow":["GET"]}}],"collection":[{"href":"https:\/\/ferrisrl.it\/fr\/wp-json\/wp\/v2\/pages"}],"about":[{"href":"https:\/\/ferrisrl.it\/fr\/wp-json\/wp\/v2\/types\/page"}],"author":[{"embeddable":true,"href":"https:\/\/ferrisrl.it\/fr\/wp-json\/wp\/v2\/users\/5"}],"replies":[{"embeddable":true,"href":"https:\/\/ferrisrl.it\/fr\/wp-json\/wp\/v2\/comments?post=8540"}],"version-history":[{"count":16,"href":"https:\/\/ferrisrl.it\/fr\/wp-json\/wp\/v2\/pages\/8540\/revisions"}],"predecessor-version":[{"id":10120,"href":"https:\/\/ferrisrl.it\/fr\/wp-json\/wp\/v2\/pages\/8540\/revisions\/10120"}],"wp:attachment":[{"href":"https:\/\/ferrisrl.it\/fr\/wp-json\/wp\/v2\/media?parent=8540"}],"curies":[{"name":"wp","href":"https:\/\/api.w.org\/{rel}","templated":true}]}}