{"id":8753,"date":"2025-05-28T15:32:54","date_gmt":"2025-05-28T13:32:54","guid":{"rendered":"https:\/\/www.ferrisrl.it\/?page_id=8753"},"modified":"2025-06-26T11:40:18","modified_gmt":"2025-06-26T09:40:18","slug":"services-2","status":"publish","type":"page","link":"https:\/\/ferrisrl.it\/fr\/services-2\/?countries=Usa\/5\/3\/","title":{"rendered":"Services"},"content":{"rendered":"\t\t<div data-elementor-type=\"wp-page\" data-elementor-id=\"8753\" class=\"elementor elementor-8753\" data-elementor-post-type=\"page\">\n\t\t\t\t<div class=\"elementor-element elementor-element-991c5a8 e-flex e-con-boxed e-con e-parent\" data-id=\"991c5a8\" data-element_type=\"container\" data-settings=\"{&quot;background_background&quot;:&quot;classic&quot;}\">\n\t\t\t\t\t<div class=\"e-con-inner\">\n\t\t\t\t<div class=\"elementor-element elementor-element-4d7dd02 elementor-widget elementor-widget-heading\" data-id=\"4d7dd02\" data-element_type=\"widget\" data-widget_type=\"heading.default\">\n\t\t\t\t<div class=\"elementor-widget-container\">\n\t\t\t\t\t<p class=\"elementor-heading-title elementor-size-default\">Services<\/p>\t\t\t\t<\/div>\n\t\t\t\t<\/div>\n\t\t<div class=\"elementor-element elementor-element-8712f0d e-flex e-con-boxed e-con e-child\" data-id=\"8712f0d\" data-element_type=\"container\">\n\t\t\t\t\t<div class=\"e-con-inner\">\n\t\t\t\t<div class=\"elementor-element elementor-element-a5d0e62 elementor-widget elementor-widget-heading\" data-id=\"a5d0e62\" data-element_type=\"widget\" data-widget_type=\"heading.default\">\n\t\t\t\t<div class=\"elementor-widget-container\">\n\t\t\t\t\t<p class=\"elementor-heading-title elementor-size-default\"><a href=\"http:\/\/www.ferrisrl.it\/\">home<\/a><\/p>\t\t\t\t<\/div>\n\t\t\t\t<\/div>\n\t\t\t\t<div class=\"elementor-element elementor-element-79708b6 elementor-widget elementor-widget-heading\" data-id=\"79708b6\" data-element_type=\"widget\" data-widget_type=\"heading.default\">\n\t\t\t\t<div class=\"elementor-widget-container\">\n\t\t\t\t\t<p class=\"elementor-heading-title elementor-size-default\">\u25cb<\/p>\t\t\t\t<\/div>\n\t\t\t\t<\/div>\n\t\t\t\t<div class=\"elementor-element elementor-element-867fd0f elementor-widget elementor-widget-heading\" data-id=\"867fd0f\" data-element_type=\"widget\" data-widget_type=\"heading.default\">\n\t\t\t\t<div class=\"elementor-widget-container\">\n\t\t\t\t\t<p class=\"elementor-heading-title elementor-size-default\">Services Fra<\/p>\t\t\t\t<\/div>\n\t\t\t\t<\/div>\n\t\t\t\t\t<\/div>\n\t\t\t\t<\/div>\n\t\t\t\t\t<\/div>\n\t\t\t\t<\/div>\n\t\t<div class=\"elementor-element elementor-element-e41444f e-flex e-con-boxed e-con e-parent\" data-id=\"e41444f\" data-element_type=\"container\">\n\t\t\t\t\t<div class=\"e-con-inner\">\n\t\t<div class=\"elementor-element elementor-element-f88207b e-con-full e-flex e-con e-child\" data-id=\"f88207b\" data-element_type=\"container\">\n\t\t<div class=\"elementor-element elementor-element-94669dc e-con-full e-flex e-con e-child\" data-id=\"94669dc\" data-element_type=\"container\">\n\t\t\t\t<div class=\"elementor-element elementor-element-77d86dd border elementor-widget elementor-widget-heading\" data-id=\"77d86dd\" data-element_type=\"widget\" data-widget_type=\"heading.default\">\n\t\t\t\t<div class=\"elementor-widget-container\">\n\t\t\t\t\t<p class=\"elementor-heading-title elementor-size-default\">Pi\u00e8ces d\u00e9tach\u00e9es d'origine FERRI<\/p>\t\t\t\t<\/div>\n\t\t\t\t<\/div>\n\t\t\t\t<div class=\"elementor-element elementor-element-0f589e0 no_br_desk elementor-widget elementor-widget-text-editor\" data-id=\"0f589e0\" data-element_type=\"widget\" data-widget_type=\"text-editor.default\">\n\t\t\t\t<div class=\"elementor-widget-container\">\n\t\t\t\t\t\t\t\t\t<p>Les distributeurs FERRI sont en mesure d\u2019offrir aux clients<br \/>toutes les connaissances, l\u2019assistance qualifi\u00e9e et les<br \/>accessoires dont ils ont besoin. Lors de la commande de<br \/>pi\u00e8ces de rechange, veuillez indiquer au distributeur FERRI<br \/>les d\u00e9tails de la machine en vous r\u00e9f\u00e9rant \u00e0 sa plaque<br \/>signal\u00e9tique:<\/p><p>&gt;\u00a0Mod\u00e8le \u00ab\u00a0MOD.;<\/p><p>&gt;\u00a0N\u00b0 de s\u00e9rie;<\/p><p>&gt;\u00a0S\u00e9rie.<\/p><h3 style=\"margin-block: 0.5rem 1rem; font-weight: 500; line-height: 1.2; font-size: 1.75rem; background-color: #ffffff;\"><span style=\"font-weight: bolder;\">ATTENTION!<\/span><\/h3><p style=\"margin-block: 0px 0.9rem; font-size: 16px; font-weight: 400; background-color: #ffffff;\">La soci\u00e9t\u00e9 Ferri ne r\u00e9pond pas des \u00e9ventuels dysfonctionnements ou des dommages qui para\u00eet \u00eatre occasionn\u00e9 sur la machine ou sur des personnes qui d\u00e9couleraient ou qui serait provoqu\u00e9 par l\u2019utilisation des pi\u00e8ces d\u00e9tach\u00e9es pas d\u2019origine.\u00a0<\/p><p style=\"margin-block: 0px 0.9rem; background-color: #ffffff;\"><strong>Service des pi\u00e8ces d\u00e9tach\u00e9es<\/strong><br \/>E-mail : jd.boisseau@ferri-france.fr \/ magasin2@ferri-france.fr<\/p><p style=\"margin-block: 0px 0.9rem; background-color: #ffffff;\">Fax: +33 05 6340 84 05<\/p><p><a href=\"#contattaci\"><strong>CONTACTEZ-NOUS<\/strong><\/a><\/p>\t\t\t\t\t\t\t\t<\/div>\n\t\t\t\t<\/div>\n\t\t\t\t<\/div>\n\t\t<div class=\"elementor-element elementor-element-9ecb7a4 e-con-full e-flex e-con e-child\" data-id=\"9ecb7a4\" data-element_type=\"container\">\n\t\t\t\t<div class=\"elementor-element elementor-element-1664d2e elementor-widget elementor-widget-image\" data-id=\"1664d2e\" data-element_type=\"widget\" data-widget_type=\"image.default\">\n\t\t\t\t<div class=\"elementor-widget-container\">\n\t\t\t\t\t\t\t\t\t\t\t\t\t\t\t<img fetchpriority=\"high\" decoding=\"async\" width=\"541\" height=\"576\" src=\"https:\/\/ferrisrl.it\/wp-content\/uploads\/2024\/08\/services-fra-e1750927418902.png\" class=\"attachment-large size-large wp-image-7538\" alt=\"Map of Ferri Services\" srcset=\"https:\/\/ferrisrl.it\/wp-content\/uploads\/2024\/08\/services-fra-e1750927418902.png 541w, https:\/\/ferrisrl.it\/wp-content\/uploads\/2024\/08\/services-fra-e1750927418902-282x300.png 282w\" sizes=\"(max-width: 541px) 100vw, 541px\" \/>\t\t\t\t\t\t\t\t\t\t\t\t\t\t\t<\/div>\n\t\t\t\t<\/div>\n\t\t\t\t<\/div>\n\t\t\t\t<\/div>\n\t\t\t\t\t<\/div>\n\t\t\t\t<\/div>\n\t\t<div class=\"elementor-element elementor-element-c36acd6 e-flex e-con-boxed e-con e-parent\" data-id=\"c36acd6\" data-element_type=\"container\" data-settings=\"{&quot;background_background&quot;:&quot;classic&quot;}\">\n\t\t\t\t\t<div class=\"e-con-inner\">\n\t\t\t\t<div class=\"elementor-element elementor-element-bacd19b remove_br elementor-widget elementor-widget-heading\" data-id=\"bacd19b\" data-element_type=\"widget\" data-widget_type=\"heading.default\">\n\t\t\t\t<div class=\"elementor-widget-container\">\n\t\t\t\t\t<p class=\"elementor-heading-title elementor-size-default\">ASSISTANCE<\/p>\t\t\t\t<\/div>\n\t\t\t\t<\/div>\n\t\t\t\t<div class=\"elementor-element elementor-element-bfe52a7 remove_br elementor-widget elementor-widget-text-editor\" data-id=\"bfe52a7\" data-element_type=\"widget\" data-widget_type=\"text-editor.default\">\n\t\t\t\t<div class=\"elementor-widget-container\">\n\t\t\t\t\t\t\t\t\tASSISTANCE\n\nLes ventes ne doivent pas \u00eatre le seul objectif de l\u2019entreprise. La satisfaction du client est encore plus importante ! Celle-ci peut \u00eatre obtenue de plusieurs mani\u00e8res : qualit\u00e9 du produit, bon r\u00e9seau de distribution, disponibilit\u00e9 des pi\u00e8ces d\u00e9tach\u00e9es, etc. Parmi ces valeurs, un service apr\u00e8s-vente efficace, g\u00e9r\u00e9 par un personnel qualifi\u00e9, est la contribution la plus importante que l\u2019entreprise peut apporter \u00e0 ses clients. C\u2019est dans cette direction que FERRI a investi des ressources humaines et mat\u00e9rielles, de mani\u00e8re \u00e0 garantir au client la certitude d\u2019avoir toujours une entreprise \u00e0 ses c\u00f4t\u00e9s. Le personnel d\u2019assistance de FERRI est compos\u00e9 de techniciens hautement qualifi\u00e9s. Les cours dispens\u00e9s au sein de l\u2019entreprise et les stages pratiques permettent aux techniciens d\u2019\u00eatre constamment mis \u00e0 jour sur les technologies et les techniques d\u2019entretien en constante \u00e9volution.\n\nNotre service client\u00e8le g\u00e8re le traitement de la garantie, de la formation des concessionnaires, de la formation des chauffeurs et de la mise en route pour des mat\u00e9riels haut de gamme.\t\t\t\t\t\t\t\t<\/div>\n\t\t\t\t<\/div>\n\t\t\t\t<div class=\"elementor-element elementor-element-2d340dc remove_br elementor-widget elementor-widget-text-editor\" data-id=\"2d340dc\" data-element_type=\"widget\" data-widget_type=\"text-editor.default\">\n\t\t\t\t<div class=\"elementor-widget-container\">\n\t\t\t\t\t\t\t\t\t<h3><strong>Technicien Nord (zone en jaune)<br \/><\/strong><\/h3><p>David BELLEC<br \/>Tel.: +33 (0)5 63 40 84 00<br \/>Mob. : +33(0)6 67 56 07 75<br \/>d.bellec@ferri-france.fr<\/p><h3><strong>Technicien Sud (zone en bleu ciel)<\/strong><\/h3><p>Mob. : +33(0)6 07 46 58 87<br \/>technicien.sud@ferri-france.fr<\/p>\t\t\t\t\t\t\t\t<\/div>\n\t\t\t\t<\/div>\n\t\t\t\t\t<\/div>\n\t\t\t\t<\/div>\n\t\t<div class=\"elementor-element elementor-element-6078b6e e-flex e-con-boxed e-con e-parent\" data-id=\"6078b6e\" data-element_type=\"container\" id=\"contattaci\">\n\t\t\t\t\t<div class=\"e-con-inner\">\n\t\t<div class=\"elementor-element elementor-element-6cf7a9b e-flex e-con-boxed e-con e-child\" data-id=\"6cf7a9b\" data-element_type=\"container\">\n\t\t\t\t\t<div class=\"e-con-inner\">\n\t\t\t\t<div class=\"elementor-element elementor-element-b4a28d7 elementor-widget elementor-widget-heading\" data-id=\"b4a28d7\" data-element_type=\"widget\" data-widget_type=\"heading.default\">\n\t\t\t\t<div class=\"elementor-widget-container\">\n\t\t\t\t\t<p class=\"elementor-heading-title elementor-size-default\">CONTACTEZ-NOUS<\/p>\t\t\t\t<\/div>\n\t\t\t\t<\/div>\n\t\t\t\t<div class=\"elementor-element elementor-element-5871c09 no_br_desk elementor-widget elementor-widget-text-editor\" data-id=\"5871c09\" data-element_type=\"widget\" data-widget_type=\"text-editor.default\">\n\t\t\t\t<div class=\"elementor-widget-container\">\n\t\t\t\t\t\t\t\t\t<p style=\"text-align: center;\">En remplissant ce formulaire, vous recevrez une r\u00e9ponse rapide adapt\u00e9e \u00e0 vos besoins sp\u00e9cifiques. Veuillez vous assurer que toutes les sections sont compl\u00e9t\u00e9es avec pr\u00e9cision, en prenant soin de saisir correctement les informations afin que nous puissions vous contacter.<\/p>\t\t\t\t\t\t\t\t<\/div>\n\t\t\t\t<\/div>\n\t\t\t\t\t<\/div>\n\t\t\t\t<\/div>\n\t\t\t\t\t<\/div>\n\t\t\t\t<\/div>\n\t\t<div class=\"elementor-element elementor-element-77893cd e-flex e-con-boxed e-con e-parent\" data-id=\"77893cd\" data-element_type=\"container\" data-settings=\"{&quot;background_background&quot;:&quot;classic&quot;}\">\n\t\t\t\t\t<div class=\"e-con-inner\">\n\t\t<div class=\"elementor-element elementor-element-8ddd7f4 e-con-full e-flex e-con e-child\" data-id=\"8ddd7f4\" data-element_type=\"container\">\n\t\t\t\t<div class=\"elementor-element elementor-element-cb4b924 form_pagina elementor-button-align-stretch elementor-widget elementor-widget-form\" data-id=\"cb4b924\" data-element_type=\"widget\" data-settings=\"{&quot;button_width&quot;:&quot;33&quot;,&quot;step_next_label&quot;:&quot;Successivo&quot;,&quot;step_previous_label&quot;:&quot;Precedente&quot;,&quot;step_type&quot;:&quot;number_text&quot;,&quot;step_icon_shape&quot;:&quot;circle&quot;}\" data-widget_type=\"form.default\">\n\t\t\t\t<div class=\"elementor-widget-container\">\n\t\t\t\t\t\t\t<form class=\"elementor-form\" method=\"post\" name=\"Servizio Ricambi\" aria-label=\"Servizio Ricambi\">\n\t\t\t<input type=\"hidden\" name=\"post_id\" value=\"8753\"\/>\n\t\t\t<input type=\"hidden\" name=\"form_id\" value=\"cb4b924\"\/>\n\t\t\t<input type=\"hidden\" name=\"referer_title\" value=\"\" \/>\n\n\t\t\t\n\t\t\t<div class=\"elementor-form-fields-wrapper elementor-labels-above\">\n\t\t\t\t\t\t\t\t<div class=\"elementor-field-type-text elementor-field-group elementor-column elementor-field-group-name elementor-col-33 elementor-field-required elementor-mark-required\">\n\t\t\t\t\t\t\t\t\t\t\t\t<label for=\"form-field-name\" class=\"elementor-field-label\">\n\t\t\t\t\t\t\t\tNome\t\t\t\t\t\t\t<\/label>\n\t\t\t\t\t\t\t\t\t\t\t\t\t\t<input size=\"1\" type=\"text\" name=\"form_fields[name]\" id=\"form-field-name\" class=\"elementor-field elementor-size-sm  elementor-field-textual\" placeholder=\"Nome\" required=\"required\">\n\t\t\t\t\t\t\t\t\t\t\t<\/div>\n\t\t\t\t\t\t\t\t<div class=\"elementor-field-type-text elementor-field-group elementor-column elementor-field-group-field_ac2ad48 elementor-col-33 elementor-field-required elementor-mark-required\">\n\t\t\t\t\t\t\t\t\t\t\t\t<label for=\"form-field-field_ac2ad48\" class=\"elementor-field-label\">\n\t\t\t\t\t\t\t\tCognome\t\t\t\t\t\t\t<\/label>\n\t\t\t\t\t\t\t\t\t\t\t\t\t\t<input size=\"1\" type=\"text\" name=\"form_fields[field_ac2ad48]\" id=\"form-field-field_ac2ad48\" class=\"elementor-field elementor-size-sm  elementor-field-textual\" placeholder=\"Cognome\" required=\"required\">\n\t\t\t\t\t\t\t\t\t\t\t<\/div>\n\t\t\t\t\t\t\t\t<div class=\"elementor-field-type-text elementor-field-group elementor-column elementor-field-group-field_c3bb440 elementor-col-33 elementor-field-required elementor-mark-required\">\n\t\t\t\t\t\t\t\t\t\t\t\t<label for=\"form-field-field_c3bb440\" class=\"elementor-field-label\">\n\t\t\t\t\t\t\t\tRagione Sociale\t\t\t\t\t\t\t<\/label>\n\t\t\t\t\t\t\t\t\t\t\t\t\t\t<input size=\"1\" type=\"text\" name=\"form_fields[field_c3bb440]\" id=\"form-field-field_c3bb440\" class=\"elementor-field elementor-size-sm  elementor-field-textual\" placeholder=\"Ragione Sociale\" required=\"required\">\n\t\t\t\t\t\t\t\t\t\t\t<\/div>\n\t\t\t\t\t\t\t\t<div class=\"elementor-field-type-text elementor-field-group elementor-column elementor-field-group-field_8c52c11 elementor-col-33\">\n\t\t\t\t\t\t\t\t\t\t\t\t<label for=\"form-field-field_8c52c11\" class=\"elementor-field-label\">\n\t\t\t\t\t\t\t\tIndirizzo\t\t\t\t\t\t\t<\/label>\n\t\t\t\t\t\t\t\t\t\t\t\t\t\t<input size=\"1\" type=\"text\" name=\"form_fields[field_8c52c11]\" id=\"form-field-field_8c52c11\" class=\"elementor-field elementor-size-sm  elementor-field-textual\" placeholder=\"Indirizzo\">\n\t\t\t\t\t\t\t\t\t\t\t<\/div>\n\t\t\t\t\t\t\t\t<div class=\"elementor-field-type-text elementor-field-group elementor-column elementor-field-group-field_3b7a6ae elementor-col-33\">\n\t\t\t\t\t\t\t\t\t\t\t\t<label for=\"form-field-field_3b7a6ae\" class=\"elementor-field-label\">\n\t\t\t\t\t\t\t\tCap\t\t\t\t\t\t\t<\/label>\n\t\t\t\t\t\t\t\t\t\t\t\t\t\t<input size=\"1\" type=\"text\" name=\"form_fields[field_3b7a6ae]\" id=\"form-field-field_3b7a6ae\" class=\"elementor-field elementor-size-sm  elementor-field-textual\" placeholder=\"Cap\">\n\t\t\t\t\t\t\t\t\t\t\t<\/div>\n\t\t\t\t\t\t\t\t<div class=\"elementor-field-type-text elementor-field-group elementor-column elementor-field-group-field_e1b8869 elementor-col-33\">\n\t\t\t\t\t\t\t\t\t\t\t\t<label for=\"form-field-field_e1b8869\" class=\"elementor-field-label\">\n\t\t\t\t\t\t\t\tCitt\u00e0\t\t\t\t\t\t\t<\/label>\n\t\t\t\t\t\t\t\t\t\t\t\t\t\t<input size=\"1\" type=\"text\" name=\"form_fields[field_e1b8869]\" id=\"form-field-field_e1b8869\" class=\"elementor-field elementor-size-sm  elementor-field-textual\" placeholder=\"Nome\">\n\t\t\t\t\t\t\t\t\t\t\t<\/div>\n\t\t\t\t\t\t\t\t<div class=\"elementor-field-type-text elementor-field-group elementor-column elementor-field-group-field_e5f9547 elementor-col-33\">\n\t\t\t\t\t\t\t\t\t\t\t\t<label for=\"form-field-field_e5f9547\" class=\"elementor-field-label\">\n\t\t\t\t\t\t\t\tProvincia\t\t\t\t\t\t\t<\/label>\n\t\t\t\t\t\t\t\t\t\t\t\t\t\t<input size=\"1\" type=\"text\" name=\"form_fields[field_e5f9547]\" id=\"form-field-field_e5f9547\" class=\"elementor-field elementor-size-sm  elementor-field-textual\" placeholder=\"Provincia\">\n\t\t\t\t\t\t\t\t\t\t\t<\/div>\n\t\t\t\t\t\t\t\t<div class=\"elementor-field-type-text elementor-field-group elementor-column elementor-field-group-field_fafdee0 elementor-col-33 elementor-field-required elementor-mark-required\">\n\t\t\t\t\t\t\t\t\t\t\t\t<label for=\"form-field-field_fafdee0\" class=\"elementor-field-label\">\n\t\t\t\t\t\t\t\tStato\t\t\t\t\t\t\t<\/label>\n\t\t\t\t\t\t\t\t\t\t\t\t\t\t<input size=\"1\" type=\"text\" name=\"form_fields[field_fafdee0]\" id=\"form-field-field_fafdee0\" class=\"elementor-field elementor-size-sm  elementor-field-textual\" placeholder=\"Stato\" required=\"required\">\n\t\t\t\t\t\t\t\t\t\t\t<\/div>\n\t\t\t\t\t\t\t\t<div class=\"elementor-field-type-tel elementor-field-group elementor-column elementor-field-group-field_a3889b0 elementor-col-33 elementor-field-required elementor-mark-required\">\n\t\t\t\t\t\t\t\t\t\t\t\t<label for=\"form-field-field_a3889b0\" class=\"elementor-field-label\">\n\t\t\t\t\t\t\t\tTelefono\t\t\t\t\t\t\t<\/label>\n\t\t\t\t\t\t\t\t<input size=\"1\" type=\"tel\" name=\"form_fields[field_a3889b0]\" id=\"form-field-field_a3889b0\" class=\"elementor-field elementor-size-sm  elementor-field-textual\" placeholder=\"Telefono\" required=\"required\" pattern=\"[0-9()#&amp;+*-=.]+\" title=\"Seuls les caract\u00e8res de num\u00e9ros de t\u00e9l\u00e9phone (#, -, *, etc.) sont accept\u00e9s.\">\n\n\t\t\t\t\t\t<\/div>\n\t\t\t\t\t\t\t\t<div class=\"elementor-field-type-tel elementor-field-group elementor-column elementor-field-group-field_cd68dee elementor-col-33\">\n\t\t\t\t\t\t\t\t\t\t\t\t<label for=\"form-field-field_cd68dee\" class=\"elementor-field-label\">\n\t\t\t\t\t\t\t\tFax\t\t\t\t\t\t\t<\/label>\n\t\t\t\t\t\t\t\t<input size=\"1\" type=\"tel\" name=\"form_fields[field_cd68dee]\" id=\"form-field-field_cd68dee\" class=\"elementor-field elementor-size-sm  elementor-field-textual\" placeholder=\"Fax\" pattern=\"[0-9()#&amp;+*-=.]+\" title=\"Seuls les caract\u00e8res de num\u00e9ros de t\u00e9l\u00e9phone (#, -, *, etc.) sont accept\u00e9s.\">\n\n\t\t\t\t\t\t<\/div>\n\t\t\t\t\t\t\t\t<div class=\"elementor-field-type-email elementor-field-group elementor-column elementor-field-group-email elementor-col-33 elementor-field-required elementor-mark-required\">\n\t\t\t\t\t\t\t\t\t\t\t\t<label for=\"form-field-email\" class=\"elementor-field-label\">\n\t\t\t\t\t\t\t\tEmail\t\t\t\t\t\t\t<\/label>\n\t\t\t\t\t\t\t\t\t\t\t\t\t\t<input size=\"1\" type=\"email\" name=\"form_fields[email]\" id=\"form-field-email\" class=\"elementor-field elementor-size-sm  elementor-field-textual\" placeholder=\"Email\" required=\"required\">\n\t\t\t\t\t\t\t\t\t\t\t<\/div>\n\t\t\t\t\t\t\t\t<div class=\"elementor-field-type-text elementor-field-group elementor-column elementor-field-group-field_138e907 elementor-col-33 elementor-field-required elementor-mark-required\">\n\t\t\t\t\t\t\t\t\t\t\t\t<label for=\"form-field-field_138e907\" class=\"elementor-field-label\">\n\t\t\t\t\t\t\t\tModello \"MOD\"\t\t\t\t\t\t\t<\/label>\n\t\t\t\t\t\t\t\t\t\t\t\t\t\t<input size=\"1\" type=\"text\" name=\"form_fields[field_138e907]\" id=\"form-field-field_138e907\" class=\"elementor-field elementor-size-sm  elementor-field-textual\" placeholder=\"Modello &quot;MOD&quot;\" required=\"required\">\n\t\t\t\t\t\t\t\t\t\t\t<\/div>\n\t\t\t\t\t\t\t\t<div class=\"elementor-field-type-text elementor-field-group elementor-column elementor-field-group-field_b492c16 elementor-col-33 elementor-field-required elementor-mark-required\">\n\t\t\t\t\t\t\t\t\t\t\t\t<label for=\"form-field-field_b492c16\" class=\"elementor-field-label\">\n\t\t\t\t\t\t\t\tSeriale. NO.\t\t\t\t\t\t\t<\/label>\n\t\t\t\t\t\t\t\t\t\t\t\t\t\t<input size=\"1\" type=\"text\" name=\"form_fields[field_b492c16]\" id=\"form-field-field_b492c16\" class=\"elementor-field elementor-size-sm  elementor-field-textual\" placeholder=\"Seriale. NO.\" required=\"required\">\n\t\t\t\t\t\t\t\t\t\t\t<\/div>\n\t\t\t\t\t\t\t\t<div class=\"elementor-field-type-text elementor-field-group elementor-column elementor-field-group-field_205e08a elementor-col-33 elementor-field-required elementor-mark-required\">\n\t\t\t\t\t\t\t\t\t\t\t\t<label for=\"form-field-field_205e08a\" class=\"elementor-field-label\">\n\t\t\t\t\t\t\t\tSerie\t\t\t\t\t\t\t<\/label>\n\t\t\t\t\t\t\t\t\t\t\t\t\t\t<input size=\"1\" type=\"text\" name=\"form_fields[field_205e08a]\" id=\"form-field-field_205e08a\" class=\"elementor-field elementor-size-sm  elementor-field-textual\" placeholder=\"Serie\" required=\"required\">\n\t\t\t\t\t\t\t\t\t\t\t<\/div>\n\t\t\t\t\t\t\t\t<div class=\"elementor-field-type-text elementor-field-group elementor-column elementor-field-group-field_3de6c95 elementor-col-33\">\n\t\t\t\t\t\t\t\t\t\t\t\t<label for=\"form-field-field_3de6c95\" class=\"elementor-field-label\">\n\t\t\t\t\t\t\t\tAnno\t\t\t\t\t\t\t<\/label>\n\t\t\t\t\t\t\t\t\t\t\t\t\t\t<input size=\"1\" type=\"text\" name=\"form_fields[field_3de6c95]\" id=\"form-field-field_3de6c95\" class=\"elementor-field elementor-size-sm  elementor-field-textual\" placeholder=\"Anno\">\n\t\t\t\t\t\t\t\t\t\t\t<\/div>\n\t\t\t\t\t\t\t\t<div class=\"elementor-field-type-textarea elementor-field-group elementor-column elementor-field-group-message elementor-col-100 elementor-field-required elementor-mark-required\">\n\t\t\t\t\t\t\t\t\t\t\t\t<label for=\"form-field-message\" class=\"elementor-field-label\">\n\t\t\t\t\t\t\t\tMessaggio\t\t\t\t\t\t\t<\/label>\n\t\t\t\t\t\t<textarea class=\"elementor-field-textual elementor-field  elementor-size-sm\" name=\"form_fields[message]\" id=\"form-field-message\" rows=\"5\" placeholder=\"Messaggio\" required=\"required\"><\/textarea>\t\t\t\t<\/div>\n\t\t\t\t\t\t\t\t<div class=\"elementor-field-type-text elementor-field-group elementor-column elementor-field-group-field_c70d89b elementor-col-33 elementor-field-required elementor-mark-required\">\n\t\t\t\t\t\t\t\t\t\t\t\t<label for=\"form-field-field_c70d89b\" class=\"elementor-field-label\">\n\t\t\t\t\t\t\t\tSettore Attivit\u00e0\t\t\t\t\t\t\t<\/label>\n\t\t\t\t\t\t\t\t\t\t\t\t\t\t<input size=\"1\" type=\"text\" name=\"form_fields[field_c70d89b]\" id=\"form-field-field_c70d89b\" class=\"elementor-field elementor-size-sm  elementor-field-textual\" placeholder=\"Settore Attivit\u00e0\" required=\"required\">\n\t\t\t\t\t\t\t\t\t\t\t<\/div>\n\t\t\t\t\t\t\t\t<div class=\"elementor-field-type-text elementor-field-group elementor-column elementor-field-group-field_2caf13d elementor-col-33\">\n\t\t\t\t\t\t\t\t\t\t\t\t<label for=\"form-field-field_2caf13d\" class=\"elementor-field-label\">\n\t\t\t\t\t\t\t\tWeb\t\t\t\t\t\t\t<\/label>\n\t\t\t\t\t\t\t\t\t\t\t\t\t\t<input size=\"1\" type=\"text\" name=\"form_fields[field_2caf13d]\" id=\"form-field-field_2caf13d\" class=\"elementor-field elementor-size-sm  elementor-field-textual\" placeholder=\"Web\">\n\t\t\t\t\t\t\t\t\t\t\t<\/div>\n\t\t\t\t\t\t\t\t<div class=\"elementor-field-type-text elementor-field-group elementor-column elementor-field-group-field_3eb03dd elementor-col-33\">\n\t\t\t\t\t\t\t\t\t\t\t\t<label for=\"form-field-field_3eb03dd\" class=\"elementor-field-label\">\n\t\t\t\t\t\t\t\tCome ci hai conosciuto?\t\t\t\t\t\t\t<\/label>\n\t\t\t\t\t\t\t\t\t\t\t\t\t\t<input size=\"1\" type=\"text\" name=\"form_fields[field_3eb03dd]\" id=\"form-field-field_3eb03dd\" class=\"elementor-field elementor-size-sm  elementor-field-textual\" placeholder=\"Come ci hai conosciuto?\">\n\t\t\t\t\t\t\t\t\t\t\t<\/div>\n\t\t\t\t\t\t\t\t<div class=\"elementor-field-type-acceptance elementor-field-group elementor-column elementor-field-group-field_e17ecf1 elementor-col-100 elementor-field-required elementor-mark-required\">\n\t\t\t\t\t\t\t<div class=\"elementor-field-subgroup\">\n\t\t\t<span class=\"elementor-field-option\">\n\t\t\t\t<input type=\"checkbox\" name=\"form_fields[field_e17ecf1]\" id=\"form-field-field_e17ecf1\" class=\"elementor-field elementor-size-sm  elementor-acceptance-field\" required=\"required\">\n\t\t\t\t<label for=\"form-field-field_e17ecf1\">Ho letto\u00a0L\u2019INFORMATIVA PRIVACY\u00a0e desidero iscrivermi al servizio di newsletter.<\/label>\t\t\t<\/span>\n\t\t<\/div>\n\t\t\t\t\t\t<\/div>\n\t\t\t\t\t\t\t\t<div class=\"elementor-field-type-acceptance elementor-field-group elementor-column elementor-field-group-field_8715587 elementor-col-100 elementor-field-required elementor-mark-required\">\n\t\t\t\t\t\t\t<div class=\"elementor-field-subgroup\">\n\t\t\t<span class=\"elementor-field-option\">\n\t\t\t\t<input type=\"checkbox\" name=\"form_fields[field_8715587]\" id=\"form-field-field_8715587\" class=\"elementor-field elementor-size-sm  elementor-acceptance-field\" required=\"required\">\n\t\t\t\t<label for=\"form-field-field_8715587\">Ho letto la\u00a0PRIVACY POLICY\u00a0e acconsento all\u2019utilizzo dei dati personali da me inseriti.<\/label>\t\t\t<\/span>\n\t\t<\/div>\n\t\t\t\t\t\t<\/div>\n\t\t\t\t\t\t\t\t<div class=\"elementor-field-group elementor-column elementor-field-type-submit elementor-col-33 e-form__buttons\">\n\t\t\t\t\t<button class=\"elementor-button elementor-size-sm\" type=\"submit\">\n\t\t\t\t\t\t<span class=\"elementor-button-content-wrapper\">\n\t\t\t\t\t\t\t\t\t\t\t\t\t\t\t\t\t\t\t\t\t\t<span class=\"elementor-button-text\">INVIA<\/span>\n\t\t\t\t\t\t\t\t\t\t\t\t\t<\/span>\n\t\t\t\t\t<\/button>\n\t\t\t\t<\/div>\n\t\t\t<\/div>\n\t\t<\/form>\n\t\t\t\t\t\t<\/div>\n\t\t\t\t<\/div>\n\t\t\t\t<\/div>\n\t\t\t\t\t<\/div>\n\t\t\t\t<\/div>\n\t\t\t\t<\/div>\n\t\t","protected":false},"excerpt":{"rendered":"<p>home \u25cb Services Fra Pi\u00e8ces d\u00e9tach\u00e9es d&rsquo;origine FERRI Les distributeurs FERRI sont en mesure d\u2019offrir aux clientstoutes les connaissances, l\u2019assistance qualifi\u00e9e et lesaccessoires dont ils ont besoin. Lors de la commande depi\u00e8ces de rechange, veuillez indiquer au distributeur FERRIles d\u00e9tails de la machine en vous r\u00e9f\u00e9rant \u00e0 sa plaquesignal\u00e9tique: &gt;\u00a0Mod\u00e8le \u00ab\u00a0MOD.; &gt;\u00a0N\u00b0 de s\u00e9rie; &gt;\u00a0S\u00e9rie. [&hellip;]<\/p>\n","protected":false},"author":5,"featured_media":0,"parent":0,"menu_order":0,"comment_status":"closed","ping_status":"closed","template":"pagine\/servizi.php","meta":{"_acf_changed":false,"inline_featured_image":false,"footnotes":""},"class_list":["post-8753","page","type-page","status-publish","hentry"],"acf":[],"_links":{"self":[{"href":"https:\/\/ferrisrl.it\/fr\/wp-json\/wp\/v2\/pages\/8753","targetHints":{"allow":["GET"]}}],"collection":[{"href":"https:\/\/ferrisrl.it\/fr\/wp-json\/wp\/v2\/pages"}],"about":[{"href":"https:\/\/ferrisrl.it\/fr\/wp-json\/wp\/v2\/types\/page"}],"author":[{"embeddable":true,"href":"https:\/\/ferrisrl.it\/fr\/wp-json\/wp\/v2\/users\/5"}],"replies":[{"embeddable":true,"href":"https:\/\/ferrisrl.it\/fr\/wp-json\/wp\/v2\/comments?post=8753"}],"version-history":[{"count":9,"href":"https:\/\/ferrisrl.it\/fr\/wp-json\/wp\/v2\/pages\/8753\/revisions"}],"predecessor-version":[{"id":9181,"href":"https:\/\/ferrisrl.it\/fr\/wp-json\/wp\/v2\/pages\/8753\/revisions\/9181"}],"wp:attachment":[{"href":"https:\/\/ferrisrl.it\/fr\/wp-json\/wp\/v2\/media?parent=8753"}],"curies":[{"name":"wp","href":"https:\/\/api.w.org\/{rel}","templated":true}]}}