{"id":9349,"date":"2025-07-02T15:35:32","date_gmt":"2025-07-02T13:35:32","guid":{"rendered":"https:\/\/www.ferrisrl.it\/privacy-policy\/?countries=Italiawpforms\/v1\/elementor\/themes\/"},"modified":"2025-07-02T15:48:24","modified_gmt":"2025-07-02T13:48:24","slug":"mentions-legales","status":"publish","type":"page","link":"https:\/\/ferrisrl.it\/fr\/mentions-legales\/?countries=Usa\/5\/2\/","title":{"rendered":"Privacy Policy"},"content":{"rendered":"\t\t<div data-elementor-type=\"wp-page\" data-elementor-id=\"9349\" class=\"elementor elementor-9349 elementor-9340\" data-elementor-post-type=\"page\">\n\t\t\t\t<div class=\"elementor-element elementor-element-fa30f58 e-flex e-con-boxed e-con e-parent\" data-id=\"fa30f58\" data-element_type=\"container\">\n\t\t\t\t\t<div class=\"e-con-inner\">\n\t\t\t\t<div class=\"elementor-element elementor-element-25ae961 elementor-widget elementor-widget-text-editor\" data-id=\"25ae961\" data-element_type=\"widget\" data-widget_type=\"text-editor.default\">\n\t\t\t\t<div class=\"elementor-widget-container\">\n\t\t\t\t\t\t\t\t\t<header class=\"heading\"><h1>Mentions l\u00e9gales<\/h1><h1>\u00a0<\/h1><\/header><section class=\"article\"><h2 class=\"article-title\">D\u00c9CLARATION DE PROTECTION DES DONN\u00c9ES<\/h2><div class=\"article-content\"><div>Le site \u00ab ferri-france.fr\u00bb est \u00e9dit\u00e9 par :<br \/>FERRI FRANCE SA au capital de 30.000 euros<br \/>RCS ALBI 434 704 706<br \/>Si\u00e8ge Social : Plaine de Fontgrave 81800 RABASTENS<br \/>H\u00e9bergement : FERRI FRANCE<\/div><div>\u00a0<\/div><div>Avertissement aux utilisateurs<br \/>L\u2019utilisateur d\u00e9clare accepter les caract\u00e9ristiques et les limites d\u2019Internet et, en particulier, reconna\u00eetre :<br \/>&#8211; avoir connaissance de la nature du r\u00e9seau de l\u2019Internet et en particulier, de ses performances techniques et des temps de r\u00e9ponse pour consulter, interroger ou transf\u00e9rer les donn\u00e9es d\u2019informations ;<br \/>&#8211; que les donn\u00e9es circulant sur l\u2019Internet ne sont pas n\u00e9cessairement prot\u00e9g\u00e9es, notamment contre les d\u00e9tournements \u00e9ventuels ;<br \/>&#8211; que la communication, par l\u2019utilisateur \u00e0 des tiers de ses identifiants et d\u2019une mani\u00e8re g\u00e9n\u00e9rale, de toute information jug\u00e9e par l\u2019utilisateur comme personnelle ou confidentielle, se fait \u00e0 ses risques et p\u00e9rils ;<br \/>&#8211; qu\u2019il appartient \u00e0 l\u2019utilisateur de prendre toutes les mesures appropri\u00e9es de fa\u00e7on \u00e0 prot\u00e9ger ses propres donn\u00e9es et\/ou logiciels de la contamination par des \u00e9ventuels virus sur le r\u00e9seau de l\u2019internet.<br \/>L\u2019utilisateur est seul responsable du choix, de l\u2019utilisation et de l\u2019interpr\u00e9tation des donn\u00e9es qu\u2019il consulte, interroge et transf\u00e8re sur l\u2019Internet et de l\u2019usage des services en ligne propos\u00e9s par FERRI FRANCE dont la responsabilit\u00e9 ne saurait \u00eatre engag\u00e9e \u00e0 quelque titre que ce soit.<br \/>FERRI FRANCE met tout en \u0153uvre pour offrir aux utilisateurs des informations et\/ou outils disponibles et v\u00e9rifi\u00e9s. Les informations et photos non contractuelles \u00e9manant directement de FERRI FRANCE sont r\u00e9put\u00e9es exactes \u00e0 la date de derni\u00e8re mise \u00e0 jour du site mais ne sauraient \u00eatre exemptes d&rsquo;erreurs typographiques ou d&rsquo;omissions. FERRI FRANCE ne saurait \u00eatre tenu pour responsable des erreurs, d\u2019une absence de disponibilit\u00e9 des informations et\/ou de la pr\u00e9sence de virus sur son site.<\/div><div>\u00a0<\/div><div>Collecte et utilisation des donn\u00e9es \u00e0 caract\u00e8re personnel<br \/>Une simple consultation du site \u00abmagnus.fr\u00bb n\u2019entra\u00eene pas d\u2019enregistrement de donn\u00e9es \u00e0 caract\u00e8re personnel.<br \/>Toutefois, en cas de souscription \u00e0 un abonnement aux informations diffus\u00e9es par FERRI FRANCE, cette derni\u00e8re collectera aupr\u00e8s de chaque utilisateur un certain nombre de donn\u00e9es obligatoires \u00e0 caract\u00e8re personnel (nom, adresse, coordonn\u00e9es\u2026).<br \/>De m\u00eame, en cas de demande d\u2019informations ou de documentation, FERRI FRANCE peut \u00eatre amen\u00e9e \u00e0 utiliser ces donn\u00e9es pour transmettre une r\u00e9ponse.<br \/>FERRI FRANCE garantit :<br \/>&#8211; qu\u2019aucune donn\u00e9e \u00e0 caract\u00e8re personnel n\u2019est collect\u00e9e sans information pr\u00e9alable de l\u2019utilisateur<br \/>&#8211; que les informations personnelles collect\u00e9es en ligne ne peuvent \u00eatre c\u00e9d\u00e9es \u00e0 des tiers.<\/div><div>\u00a0<\/div><div>Informatique, fichiers et libert\u00e9s<br \/>FERRI FRANCE respecte les dispositions protectrices des droits de l\u2019homme et des libert\u00e9s fondamentales, la protection des donn\u00e9es \u00e0 caract\u00e8re personnel et leur libre circulation ainsi que la loi n\u00b0 78-17 du 6 janvier 1978 relative \u00e0 l\u2019informatique, aux fichiers et aux libert\u00e9s. FERRI FRANCE a effectu\u00e9 les proc\u00e9dures et obtenu les autorisations l\u00e9gales et administratives requises et notamment la d\u00e9claration relative \u00e0 la mise en \u0153uvre de traitement automatis\u00e9 de donn\u00e9es nominatives aupr\u00e8s de la Commission Nationale Informatique et Libert\u00e9s (CNIL).<br \/>L\u2019utilisateur est notamment inform\u00e9 que, conform\u00e9ment \u00e0 l\u2019article 27 de la loi n\u00b078-17 du 6 janvier 1978, relative \u00e0 l\u2019informatique, aux fichiers et aux libert\u00e9s, il b\u00e9n\u00e9ficie d\u2019un droit individuel d\u2019acc\u00e8s, de rectification et de suppression des informations personnelles le concernant.<br \/>Ce droit peut \u00eatre exerc\u00e9 par courrier \u00e9lectronique \u00e0 l\u2019adresse suivante :\u00a0direction@ferri-france.fr\u00a0ou par courrier postal adress\u00e9 \u00e0 FERRI FRANCE, Direction Juridique, Plaine de Fontgrave 81800 RABASTENS.<\/div><div>\u00a0<\/div><div>Propri\u00e9t\u00e9 Intellectuelle<br \/>La structure g\u00e9n\u00e9rale ainsi que les logiciels, textes, images, sons, graphismes\u2026 et tout autre \u00e9l\u00e9ment composant le site sont la propri\u00e9t\u00e9 exclusive FERRI FRANCE, ou bien sont r\u00e9guli\u00e8rement exploit\u00e9s sous licence. Toute repr\u00e9sentation totale ou partielle de ce site par quelque proc\u00e9d\u00e9 que ce soit, sans l\u2019autorisation expresse de FERRI FRANCE, est interdite et constituerait une contrefa\u00e7on sanctionn\u00e9e par les articles L.335-2 et suivants du Code de la propri\u00e9t\u00e9 intellectuelle.<br \/>L\u2019ensemble des fonds documentaires, textes, ouvrages et illustrations mis en ligne par FERRI FRANCE sont prot\u00e9g\u00e9s par le droit d\u2019auteur. L&rsquo;impression pour usage priv\u00e9 et documentaire est seule autoris\u00e9e. Les marques de FERRI FRANCE et de ses partenaires, ainsi que les logos, figurant sur le site sont des marques d\u00e9pos\u00e9es. Toute reproduction ou repr\u00e9sentation totale ou partielle de ces marques, toute modification, toute alt\u00e9ration de ces marques et\/ou logos sans l\u2019autorisation expresse de FERRI FRANCE sont donc prohib\u00e9es, au sens de l\u2019article L.713-2 du Code de la propri\u00e9t\u00e9 intellectuelle.<\/div><div>\u00a0<\/div><div>Cookies<br \/>Un cookie ne permet pas d\u2019identifier un individu mais d\u2019enregistrer des informations relatives \u00e0 la navigation d\u2019un ordinateur. Ces cookies ne sont pas enregistr\u00e9s sur le serveur FERRI FRANCE mais uniquement sur l\u2019ordinateur client.<br \/>L\u2019utilisation des services en ligne FERRI FRANCE est subordonn\u00e9e \u00e0 l\u2019acceptation, par le client, de cookies. FERRI FRANCE respecte la vie priv\u00e9e de ses utilisateurs et rappelle que ces cookies sont exclusivement destin\u00e9s \u00e0 lui permettre de mesurer l\u2019audience du site et en aucun cas \u00e0 collecter, frauduleusement, des donn\u00e9es personnelles.<\/div><div>\u00a0<\/div><div>Liens hypertextes<br \/>FERRI FRANCE d\u00e9cline toute responsabilit\u00e9 sur le contenu des sites dont il n\u2019est pas l\u2019\u00e9diteur et qui sont accessibles par l\u2019interm\u00e9diaire de liens hypertextes. Les utilisateurs du site \u00abmagnus.fr\u00bb ne peuvent mettre en place un hyperlien en direction de ce site sans l\u2019autorisation expresse et pr\u00e9alable de FERRI FRANCE.<\/div><\/div><\/section>\t\t\t\t\t\t\t\t<\/div>\n\t\t\t\t<\/div>\n\t\t\t\t\t<\/div>\n\t\t\t\t<\/div>\n\t\t\t\t<\/div>\n\t\t","protected":false},"excerpt":{"rendered":"<p>Mentions l\u00e9gales \u00a0 D\u00c9CLARATION DE PROTECTION DES DONN\u00c9ES Le site \u00ab ferri-france.fr\u00bb est \u00e9dit\u00e9 par :FERRI FRANCE SA au capital de 30.000 eurosRCS ALBI 434 704 706Si\u00e8ge Social : Plaine de Fontgrave 81800 RABASTENSH\u00e9bergement : FERRI FRANCE\u00a0Avertissement aux utilisateursL\u2019utilisateur d\u00e9clare accepter les caract\u00e9ristiques et les limites d\u2019Internet et, en particulier, reconna\u00eetre :&#8211; avoir connaissance de [&hellip;]<\/p>\n","protected":false},"author":5,"featured_media":0,"parent":0,"menu_order":0,"comment_status":"closed","ping_status":"closed","template":"","meta":{"_acf_changed":false,"inline_featured_image":false,"footnotes":""},"class_list":["post-9349","page","type-page","status-publish","hentry"],"acf":[],"_links":{"self":[{"href":"https:\/\/ferrisrl.it\/fr\/wp-json\/wp\/v2\/pages\/9349","targetHints":{"allow":["GET"]}}],"collection":[{"href":"https:\/\/ferrisrl.it\/fr\/wp-json\/wp\/v2\/pages"}],"about":[{"href":"https:\/\/ferrisrl.it\/fr\/wp-json\/wp\/v2\/types\/page"}],"author":[{"embeddable":true,"href":"https:\/\/ferrisrl.it\/fr\/wp-json\/wp\/v2\/users\/5"}],"replies":[{"embeddable":true,"href":"https:\/\/ferrisrl.it\/fr\/wp-json\/wp\/v2\/comments?post=9349"}],"version-history":[{"count":4,"href":"https:\/\/ferrisrl.it\/fr\/wp-json\/wp\/v2\/pages\/9349\/revisions"}],"predecessor-version":[{"id":9362,"href":"https:\/\/ferrisrl.it\/fr\/wp-json\/wp\/v2\/pages\/9349\/revisions\/9362"}],"wp:attachment":[{"href":"https:\/\/ferrisrl.it\/fr\/wp-json\/wp\/v2\/media?parent=9349"}],"curies":[{"name":"wp","href":"https:\/\/api.w.org\/{rel}","templated":true}]}}