{"id":6338,"date":"2024-07-11T18:04:56","date_gmt":"2024-07-11T16:04:56","guid":{"rendered":"http:\/\/www.ferrisrl.it\/prodotto\/mt-mtr\/"},"modified":"2025-06-26T22:34:17","modified_gmt":"2025-06-26T20:34:17","slug":"mt-mtr","status":"publish","type":"product","link":"https:\/\/ferrisrl.it\/fr\/produit\/mt-mtr\/?countries=USA","title":{"rendered":"MT-MTR"},"content":{"rendered":"<p>Les broyeurs de la s\u00e9rie MT conviennent au broyage de l\u2019herbe et des sarments d\u2019un diam\u00e8tre maximum de 4 cm.<br \/>\nLa s\u00e9rie est disponible \u00e0 la fois dans la version avec raccord fixe \u00e0 deux positions et avec mouvement hydraulique.<br \/>\nLa possibilit\u00e9 de r\u00e9gler le rouleau palpeur aussi bien en profondeur qu\u2019en hauteur rend le mod\u00e8le MT particuli\u00e8rement polyvalent et fonctionnel.<\/p>\n","protected":false},"excerpt":{"rendered":"<p>Les broyeurs de la s\u00e9rie MT conviennent au broyage de l\u2019herbe et des sarments d\u2019un diam\u00e8tre maximum de 4 cm. La s\u00e9rie est disponible \u00e0 la fois dans la version avec raccord fixe \u00e0 deux positions et avec mouvement hydraulique. La possibilit\u00e9 de r\u00e9gler le rouleau palpeur aussi bien en profondeur qu\u2019en hauteur rend le [&hellip;]<\/p>\n","protected":false},"featured_media":6339,"template":"","meta":{"_acf_changed":false,"inline_featured_image":false},"product_brand":[],"product_cat":[75],"product_tag":[],"class_list":{"0":"post-6338","1":"product","2":"type-product","3":"status-publish","4":"has-post-thumbnail","6":"product_cat-broyeurs","8":"first","9":"instock","10":"shipping-taxable","11":"product-type-simple"},"acf":[],"_links":{"self":[{"href":"https:\/\/ferrisrl.it\/fr\/wp-json\/wp\/v2\/product\/6338","targetHints":{"allow":["GET"]}}],"collection":[{"href":"https:\/\/ferrisrl.it\/fr\/wp-json\/wp\/v2\/product"}],"about":[{"href":"https:\/\/ferrisrl.it\/fr\/wp-json\/wp\/v2\/types\/product"}],"wp:featuredmedia":[{"embeddable":true,"href":"https:\/\/ferrisrl.it\/fr\/wp-json\/wp\/v2\/media\/6339"}],"wp:attachment":[{"href":"https:\/\/ferrisrl.it\/fr\/wp-json\/wp\/v2\/media?parent=6338"}],"wp:term":[{"taxonomy":"product_brand","embeddable":true,"href":"https:\/\/ferrisrl.it\/fr\/wp-json\/wp\/v2\/product_brand?post=6338"},{"taxonomy":"product_cat","embeddable":true,"href":"https:\/\/ferrisrl.it\/fr\/wp-json\/wp\/v2\/product_cat?post=6338"},{"taxonomy":"product_tag","embeddable":true,"href":"https:\/\/ferrisrl.it\/fr\/wp-json\/wp\/v2\/product_tag?post=6338"}],"curies":[{"name":"wp","href":"https:\/\/api.w.org\/{rel}","templated":true}]}}