{"id":6365,"date":"2024-07-12T15:11:09","date_gmt":"2024-07-12T13:11:09","guid":{"rendered":"http:\/\/www.ferrisrl.it\/prodotto\/mc\/"},"modified":"2025-06-04T17:11:48","modified_gmt":"2025-06-04T15:11:48","slug":"mc","status":"publish","type":"product","link":"https:\/\/ferrisrl.it\/fr\/produit\/mc\/?countries=Italia","title":{"rendered":"MC"},"content":{"rendered":"<p>Les broyeurs de la s\u00e9rie MC conviennent au broyage de l&rsquo;herbe et des sarments jusqu&rsquo;\u00e0 un diam\u00e8tre maximum de 6 cm. La s\u00e9rie MC est particuli\u00e8rement appr\u00e9ci\u00e9e pour la robustesse de son ch\u00e2ssis, de son rouleau et du rotor.<\/p>\n","protected":false},"excerpt":{"rendered":"<p>Les broyeurs de la s\u00e9rie MC conviennent au broyage de l&rsquo;herbe et des sarments jusqu&rsquo;\u00e0 un diam\u00e8tre maximum de 6 cm. La s\u00e9rie MC est particuli\u00e8rement appr\u00e9ci\u00e9e pour la robustesse de son ch\u00e2ssis, de son rouleau et du rotor.<\/p>\n","protected":false},"featured_media":6366,"template":"","meta":{"_acf_changed":false,"inline_featured_image":false},"product_brand":[],"product_cat":[75],"product_tag":[],"class_list":{"0":"post-6365","1":"product","2":"type-product","3":"status-publish","4":"has-post-thumbnail","6":"product_cat-broyeurs","8":"first","9":"instock","10":"shipping-taxable","11":"product-type-simple"},"acf":[],"_links":{"self":[{"href":"https:\/\/ferrisrl.it\/fr\/wp-json\/wp\/v2\/product\/6365","targetHints":{"allow":["GET"]}}],"collection":[{"href":"https:\/\/ferrisrl.it\/fr\/wp-json\/wp\/v2\/product"}],"about":[{"href":"https:\/\/ferrisrl.it\/fr\/wp-json\/wp\/v2\/types\/product"}],"wp:featuredmedia":[{"embeddable":true,"href":"https:\/\/ferrisrl.it\/fr\/wp-json\/wp\/v2\/media\/6366"}],"wp:attachment":[{"href":"https:\/\/ferrisrl.it\/fr\/wp-json\/wp\/v2\/media?parent=6365"}],"wp:term":[{"taxonomy":"product_brand","embeddable":true,"href":"https:\/\/ferrisrl.it\/fr\/wp-json\/wp\/v2\/product_brand?post=6365"},{"taxonomy":"product_cat","embeddable":true,"href":"https:\/\/ferrisrl.it\/fr\/wp-json\/wp\/v2\/product_cat?post=6365"},{"taxonomy":"product_tag","embeddable":true,"href":"https:\/\/ferrisrl.it\/fr\/wp-json\/wp\/v2\/product_tag?post=6365"}],"curies":[{"name":"wp","href":"https:\/\/api.w.org\/{rel}","templated":true}]}}