{"id":6368,"date":"2024-07-12T15:31:58","date_gmt":"2024-07-12T13:31:58","guid":{"rendered":"http:\/\/www.ferrisrl.it\/prodotto\/mkd\/"},"modified":"2025-07-22T15:40:47","modified_gmt":"2025-07-22T13:40:47","slug":"mkd","status":"publish","type":"product","link":"https:\/\/ferrisrl.it\/fr\/produit\/mkd\/?countries=USA","title":{"rendered":"MKD"},"content":{"rendered":"<p>Les broyeurs MKD, con\u00e7us pour les tracteurs avec relevage et prise de force avant et arri\u00e8re, sont des machines polyvalentes destin\u00e9es aux professionnels de l\u2019entretien des espaces verts. Par cons\u00e9quent, la conception a port\u00e9 une attention particuli\u00e8re aux d\u00e9tails qui distinguent une machine professionnelle d\u2019un simple broyeur. Le rotor b\u00e9n\u00e9ficie de la disposition h\u00e9lico\u00efdale des outils de coupe pour r\u00e9partir uniform\u00e9ment la charge de travail et permettre un meilleur \u00e9quilibrage r\u00e9duisant les vibrations. Les contrepoids sont r\u00e9partis sur des disques d\u2019\u00e9quilibrage et non soud\u00e9s au rotor. Le ch\u00e2ssis est caract\u00e9ris\u00e9 par une structure en caisson avec deux traverses distinctes, une dans la partie avant et une autre dans la partie sup\u00e9rieure afin de garantir le meilleur rapport entre poids et rigidit\u00e9. D\u2019autres d\u00e9tails tels que les patins tubulaires, le rouleau palpeur avec brides boulonn\u00e9es, la transmission par courroie avec poulie placent la s\u00e9rie MKD au sommet des broyeurs professionnels.<\/p>\n","protected":false},"excerpt":{"rendered":"<p>Les broyeurs MKD, con\u00e7us pour les tracteurs avec relevage et prise de force avant et arri\u00e8re, sont des machines polyvalentes destin\u00e9es aux professionnels de l\u2019entretien des espaces verts. Par cons\u00e9quent, la conception a port\u00e9 une attention particuli\u00e8re aux d\u00e9tails qui distinguent une machine professionnelle d\u2019un simple broyeur. Le rotor b\u00e9n\u00e9ficie de la disposition h\u00e9lico\u00efdale des [&hellip;]<\/p>\n","protected":false},"featured_media":6370,"template":"","meta":{"_acf_changed":false,"inline_featured_image":false},"product_brand":[],"product_cat":[75],"product_tag":[],"class_list":{"0":"post-6368","1":"product","2":"type-product","3":"status-publish","4":"has-post-thumbnail","6":"product_cat-broyeurs","8":"first","9":"instock","10":"shipping-taxable","11":"product-type-simple"},"acf":[],"_links":{"self":[{"href":"https:\/\/ferrisrl.it\/fr\/wp-json\/wp\/v2\/product\/6368","targetHints":{"allow":["GET"]}}],"collection":[{"href":"https:\/\/ferrisrl.it\/fr\/wp-json\/wp\/v2\/product"}],"about":[{"href":"https:\/\/ferrisrl.it\/fr\/wp-json\/wp\/v2\/types\/product"}],"wp:featuredmedia":[{"embeddable":true,"href":"https:\/\/ferrisrl.it\/fr\/wp-json\/wp\/v2\/media\/6370"}],"wp:attachment":[{"href":"https:\/\/ferrisrl.it\/fr\/wp-json\/wp\/v2\/media?parent=6368"}],"wp:term":[{"taxonomy":"product_brand","embeddable":true,"href":"https:\/\/ferrisrl.it\/fr\/wp-json\/wp\/v2\/product_brand?post=6368"},{"taxonomy":"product_cat","embeddable":true,"href":"https:\/\/ferrisrl.it\/fr\/wp-json\/wp\/v2\/product_cat?post=6368"},{"taxonomy":"product_tag","embeddable":true,"href":"https:\/\/ferrisrl.it\/fr\/wp-json\/wp\/v2\/product_tag?post=6368"}],"curies":[{"name":"wp","href":"https:\/\/api.w.org\/{rel}","templated":true}]}}