{"id":6375,"date":"2024-07-12T17:18:33","date_gmt":"2024-07-12T15:18:33","guid":{"rendered":"http:\/\/www.ferrisrl.it\/prodotto\/zmg\/"},"modified":"2025-06-26T22:38:38","modified_gmt":"2025-06-26T20:38:38","slug":"zmg","status":"publish","type":"product","link":"https:\/\/ferrisrl.it\/fr\/produit\/zmg\/?countries=Francia","title":{"rendered":"ZMG"},"content":{"rendered":"<p>Le nouveau mod\u00e8le de broyeur lat\u00e9ral<br \/>\nZMG est la solution id\u00e9ale pour nettoyer<br \/>\ndes foss\u00e9s, des berges, les bords des parcelles et les petits espaces verts en g\u00e9n\u00e9ral. Il peut travailler derri\u00e8re le tracteur en position lat\u00e9rale mais \u00e9galement centrale, gr\u00e2ce au groupe multiplicateur interne. Il peut \u00eatre \u00e9quip\u00e9 soit de couteaux polyvalents soit de marteaux estampill\u00e9s, pour broyer l\u2019herbe, les buissons, les sarments, les arbustes et le bois jusqu\u2019\u00e0 4 centim\u00e8tres de diam\u00e8tre. Pour assurer une s\u00e9curit\u00e9 maximale pendant le transport, une s\u00e9rie de verrous m\u00e9caniques sont pr\u00e9vus, ce qui \u00e9limine totalement le besoin d\u2019utiliser des cha\u00eenes ou des supports. Il a \u00e9t\u00e9 con\u00e7u pour fonctionner avec des tracteurs de 40 \u00e0 70 HP et est disponible dans une largeur de travail de 1,60 m\u00e8tre.<\/p>\n","protected":false},"excerpt":{"rendered":"<p>Le nouveau mod\u00e8le de broyeur lat\u00e9ral ZMG est la solution id\u00e9ale pour nettoyer des foss\u00e9s, des berges, les bords des parcelles et les petits espaces verts en g\u00e9n\u00e9ral. Il peut travailler derri\u00e8re le tracteur en position lat\u00e9rale mais \u00e9galement centrale, gr\u00e2ce au groupe multiplicateur interne. Il peut \u00eatre \u00e9quip\u00e9 soit de couteaux polyvalents soit de [&hellip;]<\/p>\n","protected":false},"featured_media":6376,"template":"","meta":{"_acf_changed":false,"inline_featured_image":false},"product_brand":[],"product_cat":[76],"product_tag":[],"class_list":{"0":"post-6375","1":"product","2":"type-product","3":"status-publish","4":"has-post-thumbnail","6":"product_cat-broyeurs-daccotements","8":"first","9":"instock","10":"shipping-taxable","11":"product-type-simple"},"acf":[],"_links":{"self":[{"href":"https:\/\/ferrisrl.it\/fr\/wp-json\/wp\/v2\/product\/6375","targetHints":{"allow":["GET"]}}],"collection":[{"href":"https:\/\/ferrisrl.it\/fr\/wp-json\/wp\/v2\/product"}],"about":[{"href":"https:\/\/ferrisrl.it\/fr\/wp-json\/wp\/v2\/types\/product"}],"wp:featuredmedia":[{"embeddable":true,"href":"https:\/\/ferrisrl.it\/fr\/wp-json\/wp\/v2\/media\/6376"}],"wp:attachment":[{"href":"https:\/\/ferrisrl.it\/fr\/wp-json\/wp\/v2\/media?parent=6375"}],"wp:term":[{"taxonomy":"product_brand","embeddable":true,"href":"https:\/\/ferrisrl.it\/fr\/wp-json\/wp\/v2\/product_brand?post=6375"},{"taxonomy":"product_cat","embeddable":true,"href":"https:\/\/ferrisrl.it\/fr\/wp-json\/wp\/v2\/product_cat?post=6375"},{"taxonomy":"product_tag","embeddable":true,"href":"https:\/\/ferrisrl.it\/fr\/wp-json\/wp\/v2\/product_tag?post=6375"}],"curies":[{"name":"wp","href":"https:\/\/api.w.org\/{rel}","templated":true}]}}