{"id":6378,"date":"2024-07-12T17:21:28","date_gmt":"2024-07-12T15:21:28","guid":{"rendered":"http:\/\/www.ferrisrl.it\/prodotto\/zmge\/"},"modified":"2025-06-26T22:39:12","modified_gmt":"2025-06-26T20:39:12","slug":"zmge","status":"publish","type":"product","link":"https:\/\/ferrisrl.it\/fr\/produit\/zmge\/?countries=Italia","title":{"rendered":"ZMGE"},"content":{"rendered":"<p>Le nouveau mod\u00e8le de broyeur lat\u00e9ral ZMGE, compact et polyvalent, est la solution id\u00e9ale pour le nettoyage des bords de parcelles, des talus, des foss\u00e9s et des espaces verts en g\u00e9n\u00e9ral. Convient aux tracteurs de 40 \u00e0 70 CV. Recommand\u00e9 pour l\u2019herbe, les buissons, les sarments jusqu\u2019\u00e0 un diam\u00e8tre de 4 cm.<br \/>\nLe mod\u00e8le ZMGE peut \u00eatre configur\u00e9 avec un rotor \u00e0 marteaux estampill\u00e9s ou avec un rotor \u00e0 couteaux polyvalents pour un broyage de l\u2019herbe particuli\u00e8rement pr\u00e9cis.<\/p>\n","protected":false},"excerpt":{"rendered":"<p>Le nouveau mod\u00e8le de broyeur lat\u00e9ral ZMGE, compact et polyvalent, est la solution id\u00e9ale pour le nettoyage des bords de parcelles, des talus, des foss\u00e9s et des espaces verts en g\u00e9n\u00e9ral. Convient aux tracteurs de 40 \u00e0 70 CV. Recommand\u00e9 pour l\u2019herbe, les buissons, les sarments jusqu\u2019\u00e0 un diam\u00e8tre de 4 cm. Le mod\u00e8le ZMGE [&hellip;]<\/p>\n","protected":false},"featured_media":6379,"template":"","meta":{"_acf_changed":false,"inline_featured_image":false},"product_brand":[],"product_cat":[76],"product_tag":[],"class_list":{"0":"post-6378","1":"product","2":"type-product","3":"status-publish","4":"has-post-thumbnail","6":"product_cat-broyeurs-daccotements","8":"first","9":"instock","10":"shipping-taxable","11":"product-type-simple"},"acf":[],"_links":{"self":[{"href":"https:\/\/ferrisrl.it\/fr\/wp-json\/wp\/v2\/product\/6378","targetHints":{"allow":["GET"]}}],"collection":[{"href":"https:\/\/ferrisrl.it\/fr\/wp-json\/wp\/v2\/product"}],"about":[{"href":"https:\/\/ferrisrl.it\/fr\/wp-json\/wp\/v2\/types\/product"}],"wp:featuredmedia":[{"embeddable":true,"href":"https:\/\/ferrisrl.it\/fr\/wp-json\/wp\/v2\/media\/6379"}],"wp:attachment":[{"href":"https:\/\/ferrisrl.it\/fr\/wp-json\/wp\/v2\/media?parent=6378"}],"wp:term":[{"taxonomy":"product_brand","embeddable":true,"href":"https:\/\/ferrisrl.it\/fr\/wp-json\/wp\/v2\/product_brand?post=6378"},{"taxonomy":"product_cat","embeddable":true,"href":"https:\/\/ferrisrl.it\/fr\/wp-json\/wp\/v2\/product_cat?post=6378"},{"taxonomy":"product_tag","embeddable":true,"href":"https:\/\/ferrisrl.it\/fr\/wp-json\/wp\/v2\/product_tag?post=6378"}],"curies":[{"name":"wp","href":"https:\/\/api.w.org\/{rel}","templated":true}]}}