{"id":6384,"date":"2024-07-12T17:24:30","date_gmt":"2024-07-12T15:24:30","guid":{"rendered":"http:\/\/www.ferrisrl.it\/prodotto\/zmte-pro\/"},"modified":"2025-06-26T22:40:54","modified_gmt":"2025-06-26T20:40:54","slug":"zmte-pro","status":"publish","type":"product","link":"https:\/\/ferrisrl.it\/fr\/produit\/zmte-pro\/?countries=francia","title":{"rendered":"ZMTE PRO"},"content":{"rendered":"<p>Le nouveau mod\u00e8le ZMTE PRO est la solution id\u00e9ale pour le secteur agricole et les petites collectivit\u00e9s pour entretenir les accotements, les bordures de parcelles, les foss\u00e9s et autres zones enherb\u00e9es. Ce broyeur peut travailler en position lat\u00e9rale ou arri\u00e8re. Il est id\u00e9al pour \u00eatre mont\u00e9 sur les tracteurs entre 60 et 80 CV. Equip\u00e9 de s\u00e9rie d\u2019une t\u00f4le de blindage en DOMEX pour une protection maximale du caisson et d\u2019un amortisseur m\u00e9canique prot\u00e9geant la machine en cas d\u2019obstacles, le Broyeur ZMTE PRO est id\u00e9al pour l\u2019herbe, buissons, broussailles, sarments et bois jusqu\u2019\u00e0 4cm de diam\u00e8tre.<\/p>\n","protected":false},"excerpt":{"rendered":"<p>Le nouveau mod\u00e8le ZMTE PRO est la solution id\u00e9ale pour le secteur agricole et les petites collectivit\u00e9s pour entretenir les accotements, les bordures de parcelles, les foss\u00e9s et autres zones enherb\u00e9es. Ce broyeur peut travailler en position lat\u00e9rale ou arri\u00e8re. Il est id\u00e9al pour \u00eatre mont\u00e9 sur les tracteurs entre 60 et 80 CV. Equip\u00e9 [&hellip;]<\/p>\n","protected":false},"featured_media":6385,"template":"","meta":{"_acf_changed":false,"inline_featured_image":false},"product_brand":[],"product_cat":[76],"product_tag":[],"class_list":{"0":"post-6384","1":"product","2":"type-product","3":"status-publish","4":"has-post-thumbnail","6":"product_cat-broyeurs-daccotements","8":"first","9":"instock","10":"shipping-taxable","11":"product-type-simple"},"acf":[],"_links":{"self":[{"href":"https:\/\/ferrisrl.it\/fr\/wp-json\/wp\/v2\/product\/6384","targetHints":{"allow":["GET"]}}],"collection":[{"href":"https:\/\/ferrisrl.it\/fr\/wp-json\/wp\/v2\/product"}],"about":[{"href":"https:\/\/ferrisrl.it\/fr\/wp-json\/wp\/v2\/types\/product"}],"wp:featuredmedia":[{"embeddable":true,"href":"https:\/\/ferrisrl.it\/fr\/wp-json\/wp\/v2\/media\/6385"}],"wp:attachment":[{"href":"https:\/\/ferrisrl.it\/fr\/wp-json\/wp\/v2\/media?parent=6384"}],"wp:term":[{"taxonomy":"product_brand","embeddable":true,"href":"https:\/\/ferrisrl.it\/fr\/wp-json\/wp\/v2\/product_brand?post=6384"},{"taxonomy":"product_cat","embeddable":true,"href":"https:\/\/ferrisrl.it\/fr\/wp-json\/wp\/v2\/product_cat?post=6384"},{"taxonomy":"product_tag","embeddable":true,"href":"https:\/\/ferrisrl.it\/fr\/wp-json\/wp\/v2\/product_tag?post=6384"}],"curies":[{"name":"wp","href":"https:\/\/api.w.org\/{rel}","templated":true}]}}