{"id":6387,"date":"2024-07-12T17:34:08","date_gmt":"2024-07-12T15:34:08","guid":{"rendered":"http:\/\/www.ferrisrl.it\/prodotto\/zle-pro\/"},"modified":"2025-06-26T22:43:59","modified_gmt":"2025-06-26T20:43:59","slug":"zle-pro","status":"publish","type":"product","link":"https:\/\/ferrisrl.it\/fr\/produit\/zle-pro\/?countries=Usa","title":{"rendered":"ZLE PRO"},"content":{"rendered":"<p>Le nouveau mod\u00e8le de broyeur lat\u00e9ral professionnel ZLE PRO est particuli\u00e8rement recommand\u00e9 pour le broyage des sarments, des branchages<br \/>\net en g\u00e9n\u00e9ral pour l\u2019entretien des bords de route, des haies et des talus. Il peut travailler \u00e0 l\u2019arri\u00e8re du tracteur aussi bien en position centrale que lat\u00e9rale. Convient aux tracteurs de 60 \u00e0 120 HP.<br \/>\nDe s\u00e9rie, le mod\u00e8le ZLE PRO dispose d\u2019une structure renforc\u00e9e avec la t\u00f4le de blindage en STRENX pour \u00e9viter d\u2019endommager le ch\u00e2ssis et d\u2019un amortisseur m\u00e9canique efficace pour prot\u00e9ger la machine en cas de collision avec un obstacle.<\/p>\n","protected":false},"excerpt":{"rendered":"<p>Le nouveau mod\u00e8le de broyeur lat\u00e9ral professionnel ZLE PRO est particuli\u00e8rement recommand\u00e9 pour le broyage des sarments, des branchages et en g\u00e9n\u00e9ral pour l\u2019entretien des bords de route, des haies et des talus. Il peut travailler \u00e0 l\u2019arri\u00e8re du tracteur aussi bien en position centrale que lat\u00e9rale. Convient aux tracteurs de 60 \u00e0 120 HP. [&hellip;]<\/p>\n","protected":false},"featured_media":6389,"template":"","meta":{"_acf_changed":false,"inline_featured_image":false},"product_brand":[],"product_cat":[76],"product_tag":[],"class_list":{"0":"post-6387","1":"product","2":"type-product","3":"status-publish","4":"has-post-thumbnail","6":"product_cat-broyeurs-daccotements","8":"first","9":"instock","10":"shipping-taxable","11":"product-type-simple"},"acf":[],"_links":{"self":[{"href":"https:\/\/ferrisrl.it\/fr\/wp-json\/wp\/v2\/product\/6387","targetHints":{"allow":["GET"]}}],"collection":[{"href":"https:\/\/ferrisrl.it\/fr\/wp-json\/wp\/v2\/product"}],"about":[{"href":"https:\/\/ferrisrl.it\/fr\/wp-json\/wp\/v2\/types\/product"}],"wp:featuredmedia":[{"embeddable":true,"href":"https:\/\/ferrisrl.it\/fr\/wp-json\/wp\/v2\/media\/6389"}],"wp:attachment":[{"href":"https:\/\/ferrisrl.it\/fr\/wp-json\/wp\/v2\/media?parent=6387"}],"wp:term":[{"taxonomy":"product_brand","embeddable":true,"href":"https:\/\/ferrisrl.it\/fr\/wp-json\/wp\/v2\/product_brand?post=6387"},{"taxonomy":"product_cat","embeddable":true,"href":"https:\/\/ferrisrl.it\/fr\/wp-json\/wp\/v2\/product_cat?post=6387"},{"taxonomy":"product_tag","embeddable":true,"href":"https:\/\/ferrisrl.it\/fr\/wp-json\/wp\/v2\/product_tag?post=6387"}],"curies":[{"name":"wp","href":"https:\/\/api.w.org\/{rel}","templated":true}]}}