{"id":6391,"date":"2024-07-12T17:51:17","date_gmt":"2024-07-12T15:51:17","guid":{"rendered":"http:\/\/www.ferrisrl.it\/prodotto\/zhe\/"},"modified":"2025-06-26T22:45:17","modified_gmt":"2025-06-26T20:45:17","slug":"zhe","status":"publish","type":"product","link":"https:\/\/ferrisrl.it\/fr\/produit\/zhe\/?countries=USA","title":{"rendered":"ZHE"},"content":{"rendered":"<p>Le broyeur ZHE2500 r\u00e9pond aux besoins d\u2019entretien professionnel qui demande une forte productivit\u00e9 et fiabilit\u00e9. La productivit\u00e9 est assur\u00e9e par l\u2019importante largeur de travail de la machine et par le rotor \u00ab OVERLAP \u00bb \u00e0 double h\u00e9lice tandis que la fiabilit\u00e9 provient de d\u00e9tails structurels tels que la t\u00f4le de blindage, l\u2019amortisseur m\u00e9canique \u00e0 ressorts, la biellette pivotante sur axe bagu\u00e9 et lubrifi\u00e9, le rouleau d\u2019appui r\u00e9glable en hauteur (\u00d8 168 mm avec embouts amovibles). Une attention particuli\u00e8re a \u00e9t\u00e9 accord\u00e9e \u00e0 la s\u00e9curit\u00e9 lors de transport : un double blocage hydraulique emp\u00eache l\u2019inclinaison involontaire du broyeur.<\/p>\n","protected":false},"excerpt":{"rendered":"<p>The ZHE2500 Central and offset mower meets the needs of the professional green maintenance operators, who require high productivity and reliability. The productivity is ensured by the significant cutting width of the machine and by the \u201cOverlap\u201d double helix rotor. The reliability stems from the presence of relevant structural details, such as the inner subframe all round protection, the shock absorber with mechanical springs, the rotation joint mounted on self-lubricating bushings and the height adjustable roller (\u00d8 6.6&Prime; with removable end caps). Particular attention has been paid to the safety during transportation, a double hydraulic lock system prevents unintentional movement or the oscillation of the mower.<\/p>\n","protected":false},"featured_media":6392,"template":"","meta":{"_acf_changed":false,"inline_featured_image":false},"product_brand":[],"product_cat":[76],"product_tag":[],"class_list":{"0":"post-6391","1":"product","2":"type-product","3":"status-publish","4":"has-post-thumbnail","6":"product_cat-broyeurs-daccotements","8":"first","9":"instock","10":"shipping-taxable","11":"product-type-simple"},"acf":[],"_links":{"self":[{"href":"https:\/\/ferrisrl.it\/fr\/wp-json\/wp\/v2\/product\/6391","targetHints":{"allow":["GET"]}}],"collection":[{"href":"https:\/\/ferrisrl.it\/fr\/wp-json\/wp\/v2\/product"}],"about":[{"href":"https:\/\/ferrisrl.it\/fr\/wp-json\/wp\/v2\/types\/product"}],"wp:featuredmedia":[{"embeddable":true,"href":"https:\/\/ferrisrl.it\/fr\/wp-json\/wp\/v2\/media\/6392"}],"wp:attachment":[{"href":"https:\/\/ferrisrl.it\/fr\/wp-json\/wp\/v2\/media?parent=6391"}],"wp:term":[{"taxonomy":"product_brand","embeddable":true,"href":"https:\/\/ferrisrl.it\/fr\/wp-json\/wp\/v2\/product_brand?post=6391"},{"taxonomy":"product_cat","embeddable":true,"href":"https:\/\/ferrisrl.it\/fr\/wp-json\/wp\/v2\/product_cat?post=6391"},{"taxonomy":"product_tag","embeddable":true,"href":"https:\/\/ferrisrl.it\/fr\/wp-json\/wp\/v2\/product_tag?post=6391"}],"curies":[{"name":"wp","href":"https:\/\/api.w.org\/{rel}","templated":true}]}}