{"id":6394,"date":"2024-07-12T17:58:01","date_gmt":"2024-07-12T15:58:01","guid":{"rendered":"http:\/\/www.ferrisrl.it\/prodotto\/tlp\/"},"modified":"2025-09-12T08:59:53","modified_gmt":"2025-09-12T06:59:53","slug":"tlp","status":"publish","type":"product","link":"https:\/\/ferrisrl.it\/fr\/produit\/tlp\/?countries=Italia","title":{"rendered":"TLP"},"content":{"rendered":"<p>Les broyeurs lat\u00e9raux de la s\u00e9rie TLP sont disponibles en deux versions, arri\u00e8re et avant, pour les tracteurs \u00e9quip\u00e9s de relevage et prise de force avant. Ils r\u00e9pondent aux besoins des professionnels de l\u2019entretien des espaces vert, qui exigent une productivit\u00e9 \u00e9lev\u00e9e et une fiabilit\u00e9 dans le temps.<\/p>\n","protected":false},"excerpt":{"rendered":"<p>Les broyeurs lat\u00e9raux de la s\u00e9rie TLP sont disponibles en deux versions, arri\u00e8re et avant, pour les tracteurs \u00e9quip\u00e9s de relevage et prise de force avant. Ils r\u00e9pondent aux besoins des professionnels de l\u2019entretien des espaces vert, qui exigent une productivit\u00e9 \u00e9lev\u00e9e et une fiabilit\u00e9 dans le temps.<\/p>\n","protected":false},"featured_media":6395,"template":"","meta":{"_acf_changed":false,"inline_featured_image":false},"product_brand":[],"product_cat":[76],"product_tag":[],"class_list":{"0":"post-6394","1":"product","2":"type-product","3":"status-publish","4":"has-post-thumbnail","6":"product_cat-broyeurs-daccotements","8":"first","9":"instock","10":"shipping-taxable","11":"product-type-simple"},"acf":[],"_links":{"self":[{"href":"https:\/\/ferrisrl.it\/fr\/wp-json\/wp\/v2\/product\/6394","targetHints":{"allow":["GET"]}}],"collection":[{"href":"https:\/\/ferrisrl.it\/fr\/wp-json\/wp\/v2\/product"}],"about":[{"href":"https:\/\/ferrisrl.it\/fr\/wp-json\/wp\/v2\/types\/product"}],"wp:featuredmedia":[{"embeddable":true,"href":"https:\/\/ferrisrl.it\/fr\/wp-json\/wp\/v2\/media\/6395"}],"wp:attachment":[{"href":"https:\/\/ferrisrl.it\/fr\/wp-json\/wp\/v2\/media?parent=6394"}],"wp:term":[{"taxonomy":"product_brand","embeddable":true,"href":"https:\/\/ferrisrl.it\/fr\/wp-json\/wp\/v2\/product_brand?post=6394"},{"taxonomy":"product_cat","embeddable":true,"href":"https:\/\/ferrisrl.it\/fr\/wp-json\/wp\/v2\/product_cat?post=6394"},{"taxonomy":"product_tag","embeddable":true,"href":"https:\/\/ferrisrl.it\/fr\/wp-json\/wp\/v2\/product_tag?post=6394"}],"curies":[{"name":"wp","href":"https:\/\/api.w.org\/{rel}","templated":true}]}}