{"id":6397,"date":"2024-07-12T18:00:57","date_gmt":"2024-07-12T16:00:57","guid":{"rendered":"http:\/\/www.ferrisrl.it\/prodotto\/t-350-s-t-350-si\/"},"modified":"2025-06-05T14:19:18","modified_gmt":"2025-06-05T12:19:18","slug":"t-350-s-t-350-si","status":"publish","type":"product","link":"https:\/\/ferrisrl.it\/fr\/produit\/t-350-s-t-350-si\/?countries=USA","title":{"rendered":"T 350 S &#8211; T 350 SI"},"content":{"rendered":"<p>Id\u00e9al pour travailler dans des espaces limit\u00e9s et pour la coupe horizontale et verticale des haies.<br \/>\nTr\u00e8s polyvalent, il peut travailler sur les c\u00f4t\u00e9s droit et gauche du tracteur.<br \/>\nPour tracteurs compacts. Equip\u00e9 d&rsquo;un syst\u00e8me hydraulique totalement ind\u00e9pendant du tracteur.<\/p>\n","protected":false},"excerpt":{"rendered":"<p>Id\u00e9al pour travailler dans des espaces limit\u00e9s et pour la coupe horizontale et verticale des haies. Tr\u00e8s polyvalent, il peut travailler sur les c\u00f4t\u00e9s droit et gauche du tracteur. Pour tracteurs compacts. Equip\u00e9 d&rsquo;un syst\u00e8me hydraulique totalement ind\u00e9pendant du tracteur.<\/p>\n","protected":false},"featured_media":6398,"template":"","meta":{"_acf_changed":false,"inline_featured_image":false},"product_brand":[],"product_cat":[77],"product_tag":[],"class_list":{"0":"post-6397","1":"product","2":"type-product","3":"status-publish","4":"has-post-thumbnail","6":"product_cat-debroussailleuses-hydrauliques","8":"first","9":"instock","10":"shipping-taxable","11":"product-type-simple"},"acf":[],"_links":{"self":[{"href":"https:\/\/ferrisrl.it\/fr\/wp-json\/wp\/v2\/product\/6397","targetHints":{"allow":["GET"]}}],"collection":[{"href":"https:\/\/ferrisrl.it\/fr\/wp-json\/wp\/v2\/product"}],"about":[{"href":"https:\/\/ferrisrl.it\/fr\/wp-json\/wp\/v2\/types\/product"}],"wp:featuredmedia":[{"embeddable":true,"href":"https:\/\/ferrisrl.it\/fr\/wp-json\/wp\/v2\/media\/6398"}],"wp:attachment":[{"href":"https:\/\/ferrisrl.it\/fr\/wp-json\/wp\/v2\/media?parent=6397"}],"wp:term":[{"taxonomy":"product_brand","embeddable":true,"href":"https:\/\/ferrisrl.it\/fr\/wp-json\/wp\/v2\/product_brand?post=6397"},{"taxonomy":"product_cat","embeddable":true,"href":"https:\/\/ferrisrl.it\/fr\/wp-json\/wp\/v2\/product_cat?post=6397"},{"taxonomy":"product_tag","embeddable":true,"href":"https:\/\/ferrisrl.it\/fr\/wp-json\/wp\/v2\/product_tag?post=6397"}],"curies":[{"name":"wp","href":"https:\/\/api.w.org\/{rel}","templated":true}]}}