{"id":6409,"date":"2024-07-12T18:18:50","date_gmt":"2024-07-12T16:18:50","guid":{"rendered":"http:\/\/www.ferrisrl.it\/prodotto\/t-320-a-t-320-a-r\/"},"modified":"2025-06-23T12:42:53","modified_gmt":"2025-06-23T10:42:53","slug":"t-320-a-t-320-a-r","status":"publish","type":"product","link":"https:\/\/ferrisrl.it\/fr\/produit\/t-320-a-t-320-a-r\/?countries=USA","title":{"rendered":"T 320 A &#8211; T 320 A\/R"},"content":{"rendered":"<p>La s\u00e9rie de d\u00e9broussailleuses hydrauliques T250A, T320A et T320A\/R r\u00e9versibles est le r\u00e9sultat d\u2019un restyling profond qui a permis d\u2019am\u00e9liorer la fonctionnalit\u00e9 et les performances. Ces nouveaux mod\u00e8les sont particuli\u00e8rement adapt\u00e9s comme entr\u00e9e de gamme pour le march\u00e9 d\u00e9di\u00e9 aux entreprises agricoles de taille moyenne et aux agents d\u00e9di\u00e9s \u00e0 l\u2019entretien des espaces verts. Grace \u00e0 leurs dimensions compactes ces mod\u00e8les sont particuli\u00e8rement adapt\u00e9s aux tracteurs de dimensions contenues.<\/p>\n","protected":false},"excerpt":{"rendered":"<p>La s\u00e9rie de d\u00e9broussailleuses hydrauliques T250A, T320A et T320A\/R r\u00e9versibles est le r\u00e9sultat d\u2019un restyling profond qui a permis d\u2019am\u00e9liorer la fonctionnalit\u00e9 et les performances. Ces nouveaux mod\u00e8les sont particuli\u00e8rement adapt\u00e9s comme entr\u00e9e de gamme pour le march\u00e9 d\u00e9di\u00e9 aux entreprises agricoles de taille moyenne et aux agents d\u00e9di\u00e9s \u00e0 l\u2019entretien des espaces verts. Grace [&hellip;]<\/p>\n","protected":false},"featured_media":6410,"template":"","meta":{"_acf_changed":false,"inline_featured_image":false},"product_brand":[],"product_cat":[77],"product_tag":[],"class_list":{"0":"post-6409","1":"product","2":"type-product","3":"status-publish","4":"has-post-thumbnail","6":"product_cat-debroussailleuses-hydrauliques","8":"first","9":"instock","10":"shipping-taxable","11":"product-type-simple"},"acf":[],"_links":{"self":[{"href":"https:\/\/ferrisrl.it\/fr\/wp-json\/wp\/v2\/product\/6409","targetHints":{"allow":["GET"]}}],"collection":[{"href":"https:\/\/ferrisrl.it\/fr\/wp-json\/wp\/v2\/product"}],"about":[{"href":"https:\/\/ferrisrl.it\/fr\/wp-json\/wp\/v2\/types\/product"}],"wp:featuredmedia":[{"embeddable":true,"href":"https:\/\/ferrisrl.it\/fr\/wp-json\/wp\/v2\/media\/6410"}],"wp:attachment":[{"href":"https:\/\/ferrisrl.it\/fr\/wp-json\/wp\/v2\/media?parent=6409"}],"wp:term":[{"taxonomy":"product_brand","embeddable":true,"href":"https:\/\/ferrisrl.it\/fr\/wp-json\/wp\/v2\/product_brand?post=6409"},{"taxonomy":"product_cat","embeddable":true,"href":"https:\/\/ferrisrl.it\/fr\/wp-json\/wp\/v2\/product_cat?post=6409"},{"taxonomy":"product_tag","embeddable":true,"href":"https:\/\/ferrisrl.it\/fr\/wp-json\/wp\/v2\/product_tag?post=6409"}],"curies":[{"name":"wp","href":"https:\/\/api.w.org\/{rel}","templated":true}]}}