{"id":6422,"date":"2024-07-12T18:31:38","date_gmt":"2024-07-12T16:31:38","guid":{"rendered":"http:\/\/www.ferrisrl.it\/prodotto\/t-430-d-t-430-dr\/"},"modified":"2025-06-26T23:23:23","modified_gmt":"2025-06-26T21:23:23","slug":"t-430-d-t-430-dr","status":"publish","type":"product","link":"https:\/\/ferrisrl.it\/fr\/produit\/t-430-d-t-430-dr\/?countries=Italia","title":{"rendered":"T 430 D &#8211; T 430 DR"},"content":{"rendered":"<p>Innovation technologique et restyling caract\u00e9risent les d\u00e9broussailleuses hydrauliques T430D. La t\u00eate de coupe TID100, largeur 1,00 m, appel\u00e9e \u201cTrial\u201d permet l\u2019utilisation de couteaux manilles. Une caract\u00e9ristique exclusive est la section circulaire des bras (H.T.R. Haute R\u00e9sistance \u00e0 la Torsion). La pr\u00e9sence d\u2019\u00e9l\u00e9ments moul\u00e9s pour l\u2019articulation des bras et les commandes \u00e9lectriques optionnelles avec joystick font de cette petite d\u00e9broussailleuse un outil valable pour l\u2019agriculture et l\u2019entretien des espaces verts.<\/p>\n","protected":false},"excerpt":{"rendered":"<p>Innovation technologique et restyling caract\u00e9risent les d\u00e9broussailleuses hydrauliques T430D. La t\u00eate de coupe TID100, largeur 1,00 m, appel\u00e9e \u201cTrial\u201d permet l\u2019utilisation de couteaux manilles. Une caract\u00e9ristique exclusive est la section circulaire des bras (H.T.R. Haute R\u00e9sistance \u00e0 la Torsion). La pr\u00e9sence d\u2019\u00e9l\u00e9ments moul\u00e9s pour l\u2019articulation des bras et les commandes \u00e9lectriques optionnelles avec joystick font [&hellip;]<\/p>\n","protected":false},"featured_media":6423,"template":"","meta":{"_acf_changed":false,"inline_featured_image":false},"product_brand":[],"product_cat":[77],"product_tag":[],"class_list":{"0":"post-6422","1":"product","2":"type-product","3":"status-publish","4":"has-post-thumbnail","6":"product_cat-debroussailleuses-hydrauliques","8":"first","9":"instock","10":"shipping-taxable","11":"product-type-simple"},"acf":[],"_links":{"self":[{"href":"https:\/\/ferrisrl.it\/fr\/wp-json\/wp\/v2\/product\/6422","targetHints":{"allow":["GET"]}}],"collection":[{"href":"https:\/\/ferrisrl.it\/fr\/wp-json\/wp\/v2\/product"}],"about":[{"href":"https:\/\/ferrisrl.it\/fr\/wp-json\/wp\/v2\/types\/product"}],"wp:featuredmedia":[{"embeddable":true,"href":"https:\/\/ferrisrl.it\/fr\/wp-json\/wp\/v2\/media\/6423"}],"wp:attachment":[{"href":"https:\/\/ferrisrl.it\/fr\/wp-json\/wp\/v2\/media?parent=6422"}],"wp:term":[{"taxonomy":"product_brand","embeddable":true,"href":"https:\/\/ferrisrl.it\/fr\/wp-json\/wp\/v2\/product_brand?post=6422"},{"taxonomy":"product_cat","embeddable":true,"href":"https:\/\/ferrisrl.it\/fr\/wp-json\/wp\/v2\/product_cat?post=6422"},{"taxonomy":"product_tag","embeddable":true,"href":"https:\/\/ferrisrl.it\/fr\/wp-json\/wp\/v2\/product_tag?post=6422"}],"curies":[{"name":"wp","href":"https:\/\/api.w.org\/{rel}","templated":true}]}}