{"id":6427,"date":"2024-07-15T09:16:23","date_gmt":"2024-07-15T07:16:23","guid":{"rendered":"http:\/\/www.ferrisrl.it\/prodotto\/t-460\/"},"modified":"2025-06-26T23:24:03","modified_gmt":"2025-06-26T21:24:03","slug":"t-460","status":"publish","type":"product","link":"https:\/\/ferrisrl.it\/fr\/produit\/t-460\/?countries=USA","title":{"rendered":"T 460"},"content":{"rendered":"<p>Le mod\u00e8le T460 est une d\u00e9broussailleuse hydraulique compacte, fiable, robuste et l\u00e9g\u00e8re pour l\u2019agriculture moderne. Fiabilit\u00e9 et robustesse sont assur\u00e9es par le nouveau ch\u00e2ssis Delta Box. Compacte mais puissante, la pompe qui entra\u00eene le rotor est enti\u00e8rement construite en fonte.<\/p>\n","protected":false},"excerpt":{"rendered":"<p>Le mod\u00e8le T460 est une d\u00e9broussailleuse hydraulique compacte, fiable, robuste et l\u00e9g\u00e8re pour l\u2019agriculture moderne. Fiabilit\u00e9 et robustesse sont assur\u00e9es par le nouveau ch\u00e2ssis Delta Box. Compacte mais puissante, la pompe qui entra\u00eene le rotor est enti\u00e8rement construite en fonte.<\/p>\n","protected":false},"featured_media":6428,"template":"","meta":{"_acf_changed":false,"inline_featured_image":false},"product_brand":[],"product_cat":[77],"product_tag":[],"class_list":{"0":"post-6427","1":"product","2":"type-product","3":"status-publish","4":"has-post-thumbnail","6":"product_cat-debroussailleuses-hydrauliques","8":"first","9":"instock","10":"shipping-taxable","11":"product-type-simple"},"acf":[],"_links":{"self":[{"href":"https:\/\/ferrisrl.it\/fr\/wp-json\/wp\/v2\/product\/6427","targetHints":{"allow":["GET"]}}],"collection":[{"href":"https:\/\/ferrisrl.it\/fr\/wp-json\/wp\/v2\/product"}],"about":[{"href":"https:\/\/ferrisrl.it\/fr\/wp-json\/wp\/v2\/types\/product"}],"wp:featuredmedia":[{"embeddable":true,"href":"https:\/\/ferrisrl.it\/fr\/wp-json\/wp\/v2\/media\/6428"}],"wp:attachment":[{"href":"https:\/\/ferrisrl.it\/fr\/wp-json\/wp\/v2\/media?parent=6427"}],"wp:term":[{"taxonomy":"product_brand","embeddable":true,"href":"https:\/\/ferrisrl.it\/fr\/wp-json\/wp\/v2\/product_brand?post=6427"},{"taxonomy":"product_cat","embeddable":true,"href":"https:\/\/ferrisrl.it\/fr\/wp-json\/wp\/v2\/product_cat?post=6427"},{"taxonomy":"product_tag","embeddable":true,"href":"https:\/\/ferrisrl.it\/fr\/wp-json\/wp\/v2\/product_tag?post=6427"}],"curies":[{"name":"wp","href":"https:\/\/api.w.org\/{rel}","templated":true}]}}