{"id":6433,"date":"2024-07-15T09:22:46","date_gmt":"2024-07-15T07:22:46","guid":{"rendered":"http:\/\/www.ferrisrl.it\/prodotto\/t-530-p\/"},"modified":"2025-06-05T14:11:53","modified_gmt":"2025-06-05T12:11:53","slug":"t-530-p","status":"publish","type":"product","link":"https:\/\/ferrisrl.it\/fr\/produit\/t-530-p\/?countries=Italia","title":{"rendered":"T 530 P"},"content":{"rendered":"<p>T470P et T530P sont les d\u00e9broussailleuses d\u00e9di\u00e9es aux exploitations agricoles comme \u00e0 l\u2019entretien des espaces verts, lorsqu\u2019il<br \/>\nest n\u00e9cessaire d\u2019utiliser un tracteur compact. Les mod\u00e8les T470P et T530P sont les bras les plus compacts \u00e0 \u00eatre \u00e9quip\u00e9s<br \/>\nd\u2019un support pivotant avec une rotation de 102\u00b0 et d\u2019une s\u00e9curit\u00e9 hydraulique.<br \/>\nUn syst\u00e8me hydraulique g\u00e9n\u00e9reux, une pompe et un moteur en fonte garantissent productivit\u00e9 et fiabilit\u00e9.<\/p>\n","protected":false},"excerpt":{"rendered":"<p>T470P et T530P sont les d\u00e9broussailleuses d\u00e9di\u00e9es aux exploitations agricoles comme \u00e0 l\u2019entretien des espaces verts, lorsqu\u2019il est n\u00e9cessaire d\u2019utiliser un tracteur compact. Les mod\u00e8les T470P et T530P sont les bras les plus compacts \u00e0 \u00eatre \u00e9quip\u00e9s d\u2019un support pivotant avec une rotation de 102\u00b0 et d\u2019une s\u00e9curit\u00e9 hydraulique. Un syst\u00e8me hydraulique g\u00e9n\u00e9reux, une pompe [&hellip;]<\/p>\n","protected":false},"featured_media":6434,"template":"","meta":{"_acf_changed":false,"inline_featured_image":false},"product_brand":[],"product_cat":[77],"product_tag":[],"class_list":{"0":"post-6433","1":"product","2":"type-product","3":"status-publish","4":"has-post-thumbnail","6":"product_cat-debroussailleuses-hydrauliques","8":"first","9":"instock","10":"shipping-taxable","11":"product-type-simple"},"acf":[],"_links":{"self":[{"href":"https:\/\/ferrisrl.it\/fr\/wp-json\/wp\/v2\/product\/6433","targetHints":{"allow":["GET"]}}],"collection":[{"href":"https:\/\/ferrisrl.it\/fr\/wp-json\/wp\/v2\/product"}],"about":[{"href":"https:\/\/ferrisrl.it\/fr\/wp-json\/wp\/v2\/types\/product"}],"wp:featuredmedia":[{"embeddable":true,"href":"https:\/\/ferrisrl.it\/fr\/wp-json\/wp\/v2\/media\/6434"}],"wp:attachment":[{"href":"https:\/\/ferrisrl.it\/fr\/wp-json\/wp\/v2\/media?parent=6433"}],"wp:term":[{"taxonomy":"product_brand","embeddable":true,"href":"https:\/\/ferrisrl.it\/fr\/wp-json\/wp\/v2\/product_brand?post=6433"},{"taxonomy":"product_cat","embeddable":true,"href":"https:\/\/ferrisrl.it\/fr\/wp-json\/wp\/v2\/product_cat?post=6433"},{"taxonomy":"product_tag","embeddable":true,"href":"https:\/\/ferrisrl.it\/fr\/wp-json\/wp\/v2\/product_tag?post=6433"}],"curies":[{"name":"wp","href":"https:\/\/api.w.org\/{rel}","templated":true}]}}