{"id":6436,"date":"2024-07-16T10:24:44","date_gmt":"2024-07-16T08:24:44","guid":{"rendered":"http:\/\/www.ferrisrl.it\/prodotto\/t-500-g\/"},"modified":"2025-06-26T23:25:08","modified_gmt":"2025-06-26T21:25:08","slug":"t-500-g","status":"publish","type":"product","link":"https:\/\/ferrisrl.it\/fr\/produit\/t-500-g\/?countries=italia","title":{"rendered":"T 500 G"},"content":{"rendered":"<p>La d\u00e9broussailleuse hydraulique T500G a \u00e9t\u00e9 actualis\u00e9e avec la nouvelle commande EG Tronic Dual, pour \u00eatre encore plus performante et assurer le meilleur confort possible \u00e0 l\u2019utilisateur.<br \/>\nLa cin\u00e9matique particuli\u00e8re du parall\u00e9logramme adopt\u00e9e dans le mod\u00e8le T500G permet \u00e0 l\u2019op\u00e9rateur de r\u00e9gler la port\u00e9e des bras de la d\u00e9broussailleuse, sans avoir besoin de r\u00e9gler en permanence le service de \u201clevage\u201d pour compenser la variation de hauteur.<br \/>\nLa commande EG Tronic Dual offre une maniabilit\u00e9 et un contr\u00f4le proportionnel sur l\u2019\u00e9l\u00e9ment unique qui n\u2019a pas d\u2019\u00e9gal dans sa cat\u00e9gorie, ainsi que dans le cas de plusieurs mouvements combin\u00e9s. L\u2019action donn\u00e9e par la commande est tr\u00e8s pr\u00e9cise tant sur les mouvements du balancier et de la fl\u00e8che que dans le contr\u00f4le du groupe de broyage, gr\u00e2ce, surtout \u00e0 l\u2019ergonomie de la commande, \u00e0 la croix du joystick et au roller pr\u00e9sent dans la poign\u00e9e qui commande la rotation des bras.<\/p>\n","protected":false},"excerpt":{"rendered":"<p>La d\u00e9broussailleuse hydraulique T500G a \u00e9t\u00e9 actualis\u00e9e avec la nouvelle commande EG Tronic Dual, pour \u00eatre encore plus performante et assurer le meilleur confort possible \u00e0 l\u2019utilisateur. La cin\u00e9matique particuli\u00e8re du parall\u00e9logramme adopt\u00e9e dans le mod\u00e8le T500G permet \u00e0 l\u2019op\u00e9rateur de r\u00e9gler la port\u00e9e des bras de la d\u00e9broussailleuse, sans avoir besoin de r\u00e9gler en [&hellip;]<\/p>\n","protected":false},"featured_media":6437,"template":"","meta":{"_acf_changed":false,"inline_featured_image":false},"product_brand":[],"product_cat":[77],"product_tag":[],"class_list":{"0":"post-6436","1":"product","2":"type-product","3":"status-publish","4":"has-post-thumbnail","6":"product_cat-debroussailleuses-hydrauliques","8":"first","9":"instock","10":"shipping-taxable","11":"product-type-simple"},"acf":[],"_links":{"self":[{"href":"https:\/\/ferrisrl.it\/fr\/wp-json\/wp\/v2\/product\/6436","targetHints":{"allow":["GET"]}}],"collection":[{"href":"https:\/\/ferrisrl.it\/fr\/wp-json\/wp\/v2\/product"}],"about":[{"href":"https:\/\/ferrisrl.it\/fr\/wp-json\/wp\/v2\/types\/product"}],"wp:featuredmedia":[{"embeddable":true,"href":"https:\/\/ferrisrl.it\/fr\/wp-json\/wp\/v2\/media\/6437"}],"wp:attachment":[{"href":"https:\/\/ferrisrl.it\/fr\/wp-json\/wp\/v2\/media?parent=6436"}],"wp:term":[{"taxonomy":"product_brand","embeddable":true,"href":"https:\/\/ferrisrl.it\/fr\/wp-json\/wp\/v2\/product_brand?post=6436"},{"taxonomy":"product_cat","embeddable":true,"href":"https:\/\/ferrisrl.it\/fr\/wp-json\/wp\/v2\/product_cat?post=6436"},{"taxonomy":"product_tag","embeddable":true,"href":"https:\/\/ferrisrl.it\/fr\/wp-json\/wp\/v2\/product_tag?post=6436"}],"curies":[{"name":"wp","href":"https:\/\/api.w.org\/{rel}","templated":true}]}}