{"id":6442,"date":"2024-07-16T10:27:00","date_gmt":"2024-07-16T08:27:00","guid":{"rendered":"http:\/\/www.ferrisrl.it\/prodotto\/tm\/"},"modified":"2025-06-26T23:25:45","modified_gmt":"2025-06-26T21:25:45","slug":"tm","status":"publish","type":"product","link":"https:\/\/ferrisrl.it\/fr\/produit\/tm\/?countries=USA","title":{"rendered":"TM"},"content":{"rendered":"<p>Le terme \u00ab multifonctionnalit\u00e9 \u00bb est le plus appropri\u00e9 pour les d\u00e9broussailleuses hydrauliques de la s\u00e9rie TM. Gr\u00e2ce \u00e0 une extension horizontale comprise entre 4,5 et 5,5 m\u00e8tres, les mod\u00e8les TM46 et 56 trouvent une large application tant dans l\u2019activit\u00e9 agricole que dans l\u2019entretien des espaces verts. La possibilit\u00e9 de combiner des tracteurs de puissance limit\u00e9e et de poids contenus avec les d\u00e9broussailleuses permet une \u00e9conomie de fonctionnement et une facilit\u00e9 d\u2019utilisation. La conception pr\u00e9voyait l\u2019utilisation de d\u00e9tails de construction importants, tels que l\u2019utilisation d\u2019\u00e9l\u00e9ments emboutis pour l\u2019articulation des bras et de la t\u00eate, le rotor h\u00e9lico\u00efdal \u00e0 double h\u00e9lice \u00e0 pales superpos\u00e9es, la pompe et le moteur en fonte et le syst\u00e8me flottant pour l\u2019autonivellement de la t\u00eate de fl\u00e9au au sol.<\/p>\n","protected":false},"excerpt":{"rendered":"<p>Le terme \u00ab multifonctionnalit\u00e9 \u00bb est le plus appropri\u00e9 pour les d\u00e9broussailleuses hydrauliques de la s\u00e9rie TM. Gr\u00e2ce \u00e0 une extension horizontale comprise entre 4,5 et 5,5 m\u00e8tres, les mod\u00e8les TM46 et 56 trouvent une large application tant dans l\u2019activit\u00e9 agricole que dans l\u2019entretien des espaces verts. La possibilit\u00e9 de combiner des tracteurs de puissance [&hellip;]<\/p>\n","protected":false},"featured_media":6443,"template":"","meta":{"_acf_changed":false,"inline_featured_image":false},"product_brand":[],"product_cat":[77],"product_tag":[],"class_list":{"0":"post-6442","1":"product","2":"type-product","3":"status-publish","4":"has-post-thumbnail","6":"product_cat-debroussailleuses-hydrauliques","8":"first","9":"instock","10":"shipping-taxable","11":"product-type-simple"},"acf":[],"_links":{"self":[{"href":"https:\/\/ferrisrl.it\/fr\/wp-json\/wp\/v2\/product\/6442","targetHints":{"allow":["GET"]}}],"collection":[{"href":"https:\/\/ferrisrl.it\/fr\/wp-json\/wp\/v2\/product"}],"about":[{"href":"https:\/\/ferrisrl.it\/fr\/wp-json\/wp\/v2\/types\/product"}],"wp:featuredmedia":[{"embeddable":true,"href":"https:\/\/ferrisrl.it\/fr\/wp-json\/wp\/v2\/media\/6443"}],"wp:attachment":[{"href":"https:\/\/ferrisrl.it\/fr\/wp-json\/wp\/v2\/media?parent=6442"}],"wp:term":[{"taxonomy":"product_brand","embeddable":true,"href":"https:\/\/ferrisrl.it\/fr\/wp-json\/wp\/v2\/product_brand?post=6442"},{"taxonomy":"product_cat","embeddable":true,"href":"https:\/\/ferrisrl.it\/fr\/wp-json\/wp\/v2\/product_cat?post=6442"},{"taxonomy":"product_tag","embeddable":true,"href":"https:\/\/ferrisrl.it\/fr\/wp-json\/wp\/v2\/product_tag?post=6442"}],"curies":[{"name":"wp","href":"https:\/\/api.w.org\/{rel}","templated":true}]}}