{"id":6449,"date":"2024-07-16T10:34:15","date_gmt":"2024-07-16T08:34:15","guid":{"rendered":"http:\/\/www.ferrisrl.it\/prodotto\/tp-vision-2\/"},"modified":"2025-06-05T14:00:56","modified_gmt":"2025-06-05T12:00:56","slug":"tp-vision","status":"publish","type":"product","link":"https:\/\/ferrisrl.it\/fr\/produit\/tp-vision\/?countries=Francia","title":{"rendered":"TP Vision"},"content":{"rendered":"<p>La gamme des d\u00e9broussailleuses TP, continue son \u00e9volution pour r\u00e9pondre aux besoins du march\u00e9. Elle est aujourd\u2019hui reconnue comme un point de r\u00e9f\u00e9rence en termes de performances et de durabilit\u00e9. La nouvelle d\u00e9broussailleuse TP est disponible en versions bras avanc\u00e9 de 4,60 m de port\u00e9e.<br \/>\nLa s\u00e9rie TP propose de nouveaux \u00e9quipements et plus de puissance.<br \/>\nDot\u00e9e d\u2019une commande proportionnelle plus ergonomique gr\u00e2ce \u00e0 son joystick cross and roller qui contr\u00f4le les mouvements des bras de fa\u00e7on progressive.<br \/>\nLe nouveau groupe de broyage TNIT 125, \u00e9quipe la gamme TP, plus robuste, il dispose d\u2019une transmission par courroies crant\u00e9es trap\u00e9zo\u00efdales et d\u2019 une t\u00f4le de blindage en DOMEX assurant une r\u00e9sistance accrue.<\/p>\n","protected":false},"excerpt":{"rendered":"<p>La gamme des d\u00e9broussailleuses TP, continue son \u00e9volution pour r\u00e9pondre aux besoins du march\u00e9. Elle est aujourd\u2019hui reconnue comme un point de r\u00e9f\u00e9rence en termes de performances et de durabilit\u00e9. La nouvelle d\u00e9broussailleuse TP est disponible en versions bras avanc\u00e9 de 4,60 m de port\u00e9e. La s\u00e9rie TP propose de nouveaux \u00e9quipements et plus de [&hellip;]<\/p>\n","protected":false},"featured_media":6450,"template":"","meta":{"_acf_changed":false,"inline_featured_image":false},"product_brand":[],"product_cat":[77],"product_tag":[],"class_list":{"0":"post-6449","1":"product","2":"type-product","3":"status-publish","4":"has-post-thumbnail","6":"product_cat-debroussailleuses-hydrauliques","8":"first","9":"instock","10":"shipping-taxable","11":"product-type-simple"},"acf":[],"_links":{"self":[{"href":"https:\/\/ferrisrl.it\/fr\/wp-json\/wp\/v2\/product\/6449","targetHints":{"allow":["GET"]}}],"collection":[{"href":"https:\/\/ferrisrl.it\/fr\/wp-json\/wp\/v2\/product"}],"about":[{"href":"https:\/\/ferrisrl.it\/fr\/wp-json\/wp\/v2\/types\/product"}],"wp:featuredmedia":[{"embeddable":true,"href":"https:\/\/ferrisrl.it\/fr\/wp-json\/wp\/v2\/media\/6450"}],"wp:attachment":[{"href":"https:\/\/ferrisrl.it\/fr\/wp-json\/wp\/v2\/media?parent=6449"}],"wp:term":[{"taxonomy":"product_brand","embeddable":true,"href":"https:\/\/ferrisrl.it\/fr\/wp-json\/wp\/v2\/product_brand?post=6449"},{"taxonomy":"product_cat","embeddable":true,"href":"https:\/\/ferrisrl.it\/fr\/wp-json\/wp\/v2\/product_cat?post=6449"},{"taxonomy":"product_tag","embeddable":true,"href":"https:\/\/ferrisrl.it\/fr\/wp-json\/wp\/v2\/product_tag?post=6449"}],"curies":[{"name":"wp","href":"https:\/\/api.w.org\/{rel}","templated":true}]}}