{"id":6454,"date":"2024-07-16T10:38:41","date_gmt":"2024-07-16T08:38:41","guid":{"rendered":"http:\/\/www.ferrisrl.it\/prodotto\/tp\/"},"modified":"2025-06-26T23:26:53","modified_gmt":"2025-06-26T21:26:53","slug":"tp","status":"publish","type":"product","link":"https:\/\/ferrisrl.it\/fr\/produit\/tp\/?countries=USA","title":{"rendered":"TP"},"content":{"rendered":"<p>La d\u00e9broussailleuse hydraulique mod\u00e8le TP continue son \u00e9volution pour r\u00e9pondre aux besoins du march\u00e9, devenant toujours plus un point de r\u00e9f\u00e9rence en termes de performances et de durabilit\u00e9, sup\u00e9rieure aux autres acteurs pr\u00e9sents. La nouvelle version, PLUS, r\u00e9pond \u00e0 la demande d\u2019un nombre croissant d\u2019utilisateurs qui avaient besoin d\u2019\u00e9quipements plus puissants, d\u2019un circuit hydraulique \u00e0 d\u00e9bit accru, en r\u00e9sum\u00e9 plus performant de ce que propose actuellement le march\u00e9. Dans la nouvelle s\u00e9rie, le mod\u00e8le TP est disponible en versions de 4,9 m, 6,0 et 6,5 m de port\u00e9e et offre une large gamme d\u2019accessoires et d\u2019options pour augmenter la versatilit\u00e9 d\u2019utilisation, permettant de satisfaire toutes les exigences de travail. Les nouveaux mod\u00e8les ont \u00e9t\u00e9 con\u00e7us pour les agriculteurs, les exploitations de taille moyenne et les \u00e9quipes d\u2019entretien des espaces vert des collectivit\u00e9s locales et garantissent une fiabilit\u00e9 et une facilit\u00e9 d\u2019utilisation maximales.<\/p>\n","protected":false},"excerpt":{"rendered":"<p>La d\u00e9broussailleuse hydraulique mod\u00e8le TP continue son \u00e9volution pour r\u00e9pondre aux besoins du march\u00e9, devenant toujours plus un point de r\u00e9f\u00e9rence en termes de performances et de durabilit\u00e9, sup\u00e9rieure aux autres acteurs pr\u00e9sents. La nouvelle version, PLUS, r\u00e9pond \u00e0 la demande d\u2019un nombre croissant d\u2019utilisateurs qui avaient besoin d\u2019\u00e9quipements plus puissants, d\u2019un circuit hydraulique \u00e0 [&hellip;]<\/p>\n","protected":false},"featured_media":6455,"template":"","meta":{"_acf_changed":false,"inline_featured_image":false},"product_brand":[],"product_cat":[77],"product_tag":[],"class_list":{"0":"post-6454","1":"product","2":"type-product","3":"status-publish","4":"has-post-thumbnail","6":"product_cat-debroussailleuses-hydrauliques","8":"first","9":"instock","10":"shipping-taxable","11":"product-type-simple"},"acf":[],"_links":{"self":[{"href":"https:\/\/ferrisrl.it\/fr\/wp-json\/wp\/v2\/product\/6454","targetHints":{"allow":["GET"]}}],"collection":[{"href":"https:\/\/ferrisrl.it\/fr\/wp-json\/wp\/v2\/product"}],"about":[{"href":"https:\/\/ferrisrl.it\/fr\/wp-json\/wp\/v2\/types\/product"}],"wp:featuredmedia":[{"embeddable":true,"href":"https:\/\/ferrisrl.it\/fr\/wp-json\/wp\/v2\/media\/6455"}],"wp:attachment":[{"href":"https:\/\/ferrisrl.it\/fr\/wp-json\/wp\/v2\/media?parent=6454"}],"wp:term":[{"taxonomy":"product_brand","embeddable":true,"href":"https:\/\/ferrisrl.it\/fr\/wp-json\/wp\/v2\/product_brand?post=6454"},{"taxonomy":"product_cat","embeddable":true,"href":"https:\/\/ferrisrl.it\/fr\/wp-json\/wp\/v2\/product_cat?post=6454"},{"taxonomy":"product_tag","embeddable":true,"href":"https:\/\/ferrisrl.it\/fr\/wp-json\/wp\/v2\/product_tag?post=6454"}],"curies":[{"name":"wp","href":"https:\/\/api.w.org\/{rel}","templated":true}]}}