{"id":6463,"date":"2024-07-16T11:08:26","date_gmt":"2024-07-16T09:08:26","guid":{"rendered":"http:\/\/www.ferrisrl.it\/prodotto\/tsi-vision\/"},"modified":"2025-07-31T15:06:18","modified_gmt":"2025-07-31T13:06:18","slug":"tsi-vision","status":"publish","type":"product","link":"https:\/\/ferrisrl.it\/fr\/produit\/tsi-vision\/?countries=Italia","title":{"rendered":"TSI Vision"},"content":{"rendered":"<p>Le nouveau mod\u00e8le de d\u00e9broussailleuse hydraulique TSI a \u00e9t\u00e9 con\u00e7ue pour offrir performance, valeur et durabilit\u00e9. Le mod\u00e8le TSI est le mod\u00e8le le plus repr\u00e9sentatif de sa gamme. Dans la s\u00e9rie TSI, les mod\u00e8les sont disponibles avec des versions \u00e0 partir de 5,0 m et 6,0 m de d\u00e9port, ainsi qu\u2019un mod\u00e8le 5,0 m avec la fl\u00e8che sp\u00e9cialement con\u00e7ue pour offrir une visibilit\u00e9 exceptionnelle du groupe de broyage au travail (version Vision). La s\u00e9rie TSI offre une productivit\u00e9 exceptionnelle et a \u00e9t\u00e9 con\u00e7ue pour r\u00e9sister aux charges importantes de travail, \u00e0 une utilisation intense et prolong\u00e9e. Les d\u00e9broussailleuses hydrauliques de la gamme TSI sont robustes et fiables avec des pompes et un boitier multiplicateur en fonte. Elle est id\u00e9ale pour les entrepreneurs, moyennes et grandes exploitations agricoles et les \u00e9quipes d\u2019entretien des espaces verts des collectivit\u00e9s locales.<\/p>\n","protected":false},"excerpt":{"rendered":"<p>Le nouveau mod\u00e8le de d\u00e9broussailleuse hydraulique TSI a \u00e9t\u00e9 con\u00e7ue pour offrir performance, valeur et durabilit\u00e9. Le mod\u00e8le TSI est le mod\u00e8le le plus repr\u00e9sentatif de sa gamme. Dans la s\u00e9rie TSI, les mod\u00e8les sont disponibles avec des versions \u00e0 partir de 5,0 m et 6,0 m de d\u00e9port, ainsi qu\u2019un mod\u00e8le 5,0 m avec [&hellip;]<\/p>\n","protected":false},"featured_media":6464,"template":"","meta":{"_acf_changed":false,"inline_featured_image":false},"product_brand":[],"product_cat":[77],"product_tag":[],"class_list":{"0":"post-6463","1":"product","2":"type-product","3":"status-publish","4":"has-post-thumbnail","6":"product_cat-debroussailleuses-hydrauliques","8":"first","9":"instock","10":"shipping-taxable","11":"product-type-simple"},"acf":[],"_links":{"self":[{"href":"https:\/\/ferrisrl.it\/fr\/wp-json\/wp\/v2\/product\/6463","targetHints":{"allow":["GET"]}}],"collection":[{"href":"https:\/\/ferrisrl.it\/fr\/wp-json\/wp\/v2\/product"}],"about":[{"href":"https:\/\/ferrisrl.it\/fr\/wp-json\/wp\/v2\/types\/product"}],"wp:featuredmedia":[{"embeddable":true,"href":"https:\/\/ferrisrl.it\/fr\/wp-json\/wp\/v2\/media\/6464"}],"wp:attachment":[{"href":"https:\/\/ferrisrl.it\/fr\/wp-json\/wp\/v2\/media?parent=6463"}],"wp:term":[{"taxonomy":"product_brand","embeddable":true,"href":"https:\/\/ferrisrl.it\/fr\/wp-json\/wp\/v2\/product_brand?post=6463"},{"taxonomy":"product_cat","embeddable":true,"href":"https:\/\/ferrisrl.it\/fr\/wp-json\/wp\/v2\/product_cat?post=6463"},{"taxonomy":"product_tag","embeddable":true,"href":"https:\/\/ferrisrl.it\/fr\/wp-json\/wp\/v2\/product_tag?post=6463"}],"curies":[{"name":"wp","href":"https:\/\/api.w.org\/{rel}","templated":true}]}}