{"id":6469,"date":"2024-07-16T11:10:38","date_gmt":"2024-07-16T09:10:38","guid":{"rendered":"http:\/\/www.ferrisrl.it\/prodotto\/txv\/"},"modified":"2025-11-14T15:50:42","modified_gmt":"2025-11-14T14:50:42","slug":"txv","status":"publish","type":"product","link":"https:\/\/ferrisrl.it\/fr\/produit\/txv\/?countries=Usa","title":{"rendered":"TXV"},"content":{"rendered":"<p>Les d\u00e9broussailleuses hydrauliques de la s\u00e9rie TXV, sont particuli\u00e8rement indiqu\u00e9es et adapt\u00e9es \u00e0 l&rsquo;entretien des communes et des bords de route. Elles sont dot\u00e9es d&rsquo;un syst\u00e8me d&rsquo;engrenages hydrauliques de grande puissance gr\u00e2ce \u00e0 des pompes et des moteurs en fonte et \u00e0 une bo\u00eete de vitesses h\u00e9lico\u00efdale avec transmission de couple \u00e9lev\u00e9. Le confort est assur\u00e9 par la console \u00ab\u00a0Plus\u00a0\u00bb \u00e0 commandes \u00e9lectro-hydrauliques proportionnelles. Les d\u00e9broussailleuses hydrauliques de la s\u00e9rie TXV combinent deux utilisations : position traditionnelle du groupe de broyage ou position avanc\u00e9e pour une meilleure visibilit\u00e9.<\/p>\n","protected":false},"excerpt":{"rendered":"<p>Les d\u00e9broussailleuses hydrauliques de la s\u00e9rie TXV, sont particuli\u00e8rement indiqu\u00e9es et adapt\u00e9es \u00e0 l&rsquo;entretien des communes et des bords de route. Elles sont dot\u00e9es d&rsquo;un syst\u00e8me d&rsquo;engrenages hydrauliques de grande puissance gr\u00e2ce \u00e0 des pompes et des moteurs en fonte et \u00e0 une bo\u00eete de vitesses h\u00e9lico\u00efdale avec transmission de couple \u00e9lev\u00e9. Le confort est [&hellip;]<\/p>\n","protected":false},"featured_media":11107,"template":"","meta":{"_acf_changed":false,"inline_featured_image":false},"product_brand":[],"product_cat":[77],"product_tag":[],"class_list":{"0":"post-6469","1":"product","2":"type-product","3":"status-publish","4":"has-post-thumbnail","6":"product_cat-debroussailleuses-hydrauliques","8":"first","9":"instock","10":"shipping-taxable","11":"product-type-simple"},"acf":[],"_links":{"self":[{"href":"https:\/\/ferrisrl.it\/fr\/wp-json\/wp\/v2\/product\/6469","targetHints":{"allow":["GET"]}}],"collection":[{"href":"https:\/\/ferrisrl.it\/fr\/wp-json\/wp\/v2\/product"}],"about":[{"href":"https:\/\/ferrisrl.it\/fr\/wp-json\/wp\/v2\/types\/product"}],"wp:featuredmedia":[{"embeddable":true,"href":"https:\/\/ferrisrl.it\/fr\/wp-json\/wp\/v2\/media\/11107"}],"wp:attachment":[{"href":"https:\/\/ferrisrl.it\/fr\/wp-json\/wp\/v2\/media?parent=6469"}],"wp:term":[{"taxonomy":"product_brand","embeddable":true,"href":"https:\/\/ferrisrl.it\/fr\/wp-json\/wp\/v2\/product_brand?post=6469"},{"taxonomy":"product_cat","embeddable":true,"href":"https:\/\/ferrisrl.it\/fr\/wp-json\/wp\/v2\/product_cat?post=6469"},{"taxonomy":"product_tag","embeddable":true,"href":"https:\/\/ferrisrl.it\/fr\/wp-json\/wp\/v2\/product_tag?post=6469"}],"curies":[{"name":"wp","href":"https:\/\/api.w.org\/{rel}","templated":true}]}}