{"id":6472,"date":"2024-07-16T11:15:44","date_gmt":"2024-07-16T09:15:44","guid":{"rendered":"http:\/\/www.ferrisrl.it\/prodotto\/tst-anteriore\/"},"modified":"2025-07-31T16:52:47","modified_gmt":"2025-07-31T14:52:47","slug":"tst-anteriore","status":"publish","type":"product","link":"https:\/\/ferrisrl.it\/fr\/produit\/tst-anteriore\/?countries=USA","title":{"rendered":"TST Anteriore"},"content":{"rendered":"<p>Les d\u00e9broussailleuses hydrauliques de la s\u00e9rie TST50 sont particuli\u00e8rement adapt\u00e9es \u00e0 l&rsquo;entretien des communes et des bords de route. Ce mod\u00e8le de d\u00e9broussailleuse hydraulique offre une excellente visibilit\u00e9 d&rsquo;utilisation puisqu&rsquo;il est mont\u00e9 \u00e0 l&rsquo;avant du tracteur. La particularit\u00e9 de ce bras est qu&rsquo;il peut \u00eatre ferm\u00e9 de mani\u00e8re compacte, ce qui favorise la visibilit\u00e9 de l&rsquo;op\u00e9rateur m\u00eame pendant les transferts. \u00c9quip\u00e9 d&rsquo;un dispositif de s\u00e9curit\u00e9 hydraulique sur le deuxi\u00e8me bras, le mod\u00e8le TST50 est \u00e9galement dot\u00e9 d&rsquo;un dispositif anti-basculement automatique, ainsi que d&rsquo;un \u00e9changeur de chaleur, pour une plus grande efficacit\u00e9 op\u00e9rationnelle.<\/p>\n","protected":false},"excerpt":{"rendered":"<p>Les d\u00e9broussailleuses hydrauliques de la s\u00e9rie TST50 sont particuli\u00e8rement adapt\u00e9es \u00e0 l&rsquo;entretien des communes et des bords de route. Ce mod\u00e8le de d\u00e9broussailleuse hydraulique offre une excellente visibilit\u00e9 d&rsquo;utilisation puisqu&rsquo;il est mont\u00e9 \u00e0 l&rsquo;avant du tracteur. La particularit\u00e9 de ce bras est qu&rsquo;il peut \u00eatre ferm\u00e9 de mani\u00e8re compacte, ce qui favorise la visibilit\u00e9 de [&hellip;]<\/p>\n","protected":false},"featured_media":6473,"template":"","meta":{"_acf_changed":false,"inline_featured_image":false},"product_brand":[],"product_cat":[77],"product_tag":[],"class_list":{"0":"post-6472","1":"product","2":"type-product","3":"status-publish","4":"has-post-thumbnail","6":"product_cat-debroussailleuses-hydrauliques","8":"first","9":"instock","10":"shipping-taxable","11":"product-type-simple"},"acf":[],"_links":{"self":[{"href":"https:\/\/ferrisrl.it\/fr\/wp-json\/wp\/v2\/product\/6472","targetHints":{"allow":["GET"]}}],"collection":[{"href":"https:\/\/ferrisrl.it\/fr\/wp-json\/wp\/v2\/product"}],"about":[{"href":"https:\/\/ferrisrl.it\/fr\/wp-json\/wp\/v2\/types\/product"}],"wp:featuredmedia":[{"embeddable":true,"href":"https:\/\/ferrisrl.it\/fr\/wp-json\/wp\/v2\/media\/6473"}],"wp:attachment":[{"href":"https:\/\/ferrisrl.it\/fr\/wp-json\/wp\/v2\/media?parent=6472"}],"wp:term":[{"taxonomy":"product_brand","embeddable":true,"href":"https:\/\/ferrisrl.it\/fr\/wp-json\/wp\/v2\/product_brand?post=6472"},{"taxonomy":"product_cat","embeddable":true,"href":"https:\/\/ferrisrl.it\/fr\/wp-json\/wp\/v2\/product_cat?post=6472"},{"taxonomy":"product_tag","embeddable":true,"href":"https:\/\/ferrisrl.it\/fr\/wp-json\/wp\/v2\/product_tag?post=6472"}],"curies":[{"name":"wp","href":"https:\/\/api.w.org\/{rel}","templated":true}]}}