{"id":6477,"date":"2024-07-16T11:18:41","date_gmt":"2024-07-16T09:18:41","guid":{"rendered":"http:\/\/www.ferrisrl.it\/prodotto\/tsp-energy-power\/"},"modified":"2025-06-26T23:19:08","modified_gmt":"2025-06-26T21:19:08","slug":"tsp-energy-power","status":"publish","type":"product","link":"https:\/\/ferrisrl.it\/fr\/produit\/tsp-energy-power\/?countries=Francia","title":{"rendered":"TSP Energy &#8211; Power"},"content":{"rendered":"<p>Le mod\u00e8le de d\u00e9broussailleuse hydraulique TSP est la machine id\u00e9ale pour une utilisation professionnelle dans l\u2019entretien<br \/>\ndes routes et des autoroutes. Disponible dans la version avec syst\u00e8me hydraulique \u00e0 engrenages \u00e0 circuit ouvert (ENERGY) et avec syst\u00e8me hydraulique \u00e0 pistons \u00e0 circuit ferm\u00e9 (POWER), il peut satisfaire les exigences professionnelles les plus \u00e9lev\u00e9es.<\/p>\n","protected":false},"excerpt":{"rendered":"<p>Le mod\u00e8le de d\u00e9broussailleuse hydraulique TSP est la machine id\u00e9ale pour une utilisation professionnelle dans l\u2019entretien des routes et des autoroutes. Disponible dans la version avec syst\u00e8me hydraulique \u00e0 engrenages \u00e0 circuit ouvert (ENERGY) et avec syst\u00e8me hydraulique \u00e0 pistons \u00e0 circuit ferm\u00e9 (POWER), il peut satisfaire les exigences professionnelles les plus \u00e9lev\u00e9es.<\/p>\n","protected":false},"featured_media":6478,"template":"","meta":{"_acf_changed":false,"inline_featured_image":false},"product_brand":[],"product_cat":[77],"product_tag":[],"class_list":{"0":"post-6477","1":"product","2":"type-product","3":"status-publish","4":"has-post-thumbnail","6":"product_cat-debroussailleuses-hydrauliques","8":"first","9":"instock","10":"shipping-taxable","11":"product-type-simple"},"acf":[],"_links":{"self":[{"href":"https:\/\/ferrisrl.it\/fr\/wp-json\/wp\/v2\/product\/6477","targetHints":{"allow":["GET"]}}],"collection":[{"href":"https:\/\/ferrisrl.it\/fr\/wp-json\/wp\/v2\/product"}],"about":[{"href":"https:\/\/ferrisrl.it\/fr\/wp-json\/wp\/v2\/types\/product"}],"wp:featuredmedia":[{"embeddable":true,"href":"https:\/\/ferrisrl.it\/fr\/wp-json\/wp\/v2\/media\/6478"}],"wp:attachment":[{"href":"https:\/\/ferrisrl.it\/fr\/wp-json\/wp\/v2\/media?parent=6477"}],"wp:term":[{"taxonomy":"product_brand","embeddable":true,"href":"https:\/\/ferrisrl.it\/fr\/wp-json\/wp\/v2\/product_brand?post=6477"},{"taxonomy":"product_cat","embeddable":true,"href":"https:\/\/ferrisrl.it\/fr\/wp-json\/wp\/v2\/product_cat?post=6477"},{"taxonomy":"product_tag","embeddable":true,"href":"https:\/\/ferrisrl.it\/fr\/wp-json\/wp\/v2\/product_tag?post=6477"}],"curies":[{"name":"wp","href":"https:\/\/api.w.org\/{rel}","templated":true}]}}