{"id":6486,"date":"2024-07-16T11:46:57","date_gmt":"2024-07-16T09:46:57","guid":{"rendered":"http:\/\/www.ferrisrl.it\/prodotto\/tsp-vision-energy-power\/"},"modified":"2025-06-26T23:19:37","modified_gmt":"2025-06-26T21:19:37","slug":"tsp-vision-energy-power","status":"publish","type":"product","link":"https:\/\/ferrisrl.it\/fr\/produit\/tsp-vision-energy-power\/?countries=Italia","title":{"rendered":"TSP Vision Energy &#8211; Power"},"content":{"rendered":"<p>Le mod\u00e8le de d\u00e9broussailleuse hydraulique TSP est la machine id\u00e9ale pour une utilisation professionnelle dans l\u2019entretien des routes et des autoroutes. Disponible dans la version avec le syst\u00e8me hydraulique \u00e0 engrenages \u00e0 circuit ouvert (ENERGY) et avec le syst\u00e8me hydraulique \u00e0 piston en circuit ferm\u00e9 (POWER), peut r\u00e9pondre aux exigences professionnelles les plus \u00e9lev\u00e9es.<br \/>\nLa version VISION permet d\u2019op\u00e9rer en toute s\u00e9curit\u00e9, le groupe de broyage travaille avanc\u00e9e \u00e0 c\u00f4t\u00e9 du tracteur, permettant de voir parfaitement o\u00f9 il travaille, \u00e9vitant les rotations g\u00eanantes du corps et de la t\u00eate et donc de travailler en toute s\u00e9curit\u00e9 et confort.<\/p>\n","protected":false},"excerpt":{"rendered":"<p>Le mod\u00e8le de d\u00e9broussailleuse hydraulique TSP est la machine id\u00e9ale pour une utilisation professionnelle dans l\u2019entretien des routes et des autoroutes. Disponible dans la version avec le syst\u00e8me hydraulique \u00e0 engrenages \u00e0 circuit ouvert (ENERGY) et avec le syst\u00e8me hydraulique \u00e0 piston en circuit ferm\u00e9 (POWER), peut r\u00e9pondre aux exigences professionnelles les plus \u00e9lev\u00e9es. La [&hellip;]<\/p>\n","protected":false},"featured_media":6487,"template":"","meta":{"_acf_changed":false,"inline_featured_image":false},"product_brand":[],"product_cat":[77],"product_tag":[],"class_list":{"0":"post-6486","1":"product","2":"type-product","3":"status-publish","4":"has-post-thumbnail","6":"product_cat-debroussailleuses-hydrauliques","8":"first","9":"instock","10":"shipping-taxable","11":"product-type-simple"},"acf":[],"_links":{"self":[{"href":"https:\/\/ferrisrl.it\/fr\/wp-json\/wp\/v2\/product\/6486","targetHints":{"allow":["GET"]}}],"collection":[{"href":"https:\/\/ferrisrl.it\/fr\/wp-json\/wp\/v2\/product"}],"about":[{"href":"https:\/\/ferrisrl.it\/fr\/wp-json\/wp\/v2\/types\/product"}],"wp:featuredmedia":[{"embeddable":true,"href":"https:\/\/ferrisrl.it\/fr\/wp-json\/wp\/v2\/media\/6487"}],"wp:attachment":[{"href":"https:\/\/ferrisrl.it\/fr\/wp-json\/wp\/v2\/media?parent=6486"}],"wp:term":[{"taxonomy":"product_brand","embeddable":true,"href":"https:\/\/ferrisrl.it\/fr\/wp-json\/wp\/v2\/product_brand?post=6486"},{"taxonomy":"product_cat","embeddable":true,"href":"https:\/\/ferrisrl.it\/fr\/wp-json\/wp\/v2\/product_cat?post=6486"},{"taxonomy":"product_tag","embeddable":true,"href":"https:\/\/ferrisrl.it\/fr\/wp-json\/wp\/v2\/product_tag?post=6486"}],"curies":[{"name":"wp","href":"https:\/\/api.w.org\/{rel}","templated":true}]}}