{"id":6490,"date":"2024-07-16T12:10:28","date_gmt":"2024-07-16T10:10:28","guid":{"rendered":"http:\/\/www.ferrisrl.it\/prodotto\/tkz-power\/"},"modified":"2025-06-05T11:05:21","modified_gmt":"2025-06-05T09:05:21","slug":"tkz-power","status":"publish","type":"product","link":"https:\/\/ferrisrl.it\/fr\/produit\/tkz-power\/?countries=italia","title":{"rendered":"TKZ Power"},"content":{"rendered":"<p>Les d\u00e9broussailleuses hydrauliques de la s\u00e9rie TKZ sont particuli\u00e8rement adapt\u00e9es pour r\u00e9pondre aux besoins des entreprises qui les utilisent de mani\u00e8re intensive dans des environnements et des situations o\u00f9 la profondeur de travail est requise. La TKZ80 pr\u00e9sente le premier bras fa\u00e7onn\u00e9 et construit en t\u00f4le Weldox 700. Cette caract\u00e9ristique permet \u00e0 l&rsquo;op\u00e9rateur de franchir facilement les glissi\u00e8res de s\u00e9curit\u00e9 et les barri\u00e8res sans compromettre les travaux en profondeur le long des aires vertes ou des rives de cours d&rsquo;eau. Le profil professionnel de la machine est compl\u00e9t\u00e9 par un syst\u00e8me hydraulique \u00e0 piston en circuit ferm\u00e9 de grande puissance, capable de d\u00e9livrer jusqu&rsquo;\u00e0 74 chevaux au rotor.<\/p>\n","protected":false},"excerpt":{"rendered":"<p>Les d\u00e9broussailleuses hydrauliques de la s\u00e9rie TKZ sont particuli\u00e8rement adapt\u00e9es pour r\u00e9pondre aux besoins des entreprises qui les utilisent de mani\u00e8re intensive dans des environnements et des situations o\u00f9 la profondeur de travail est requise. La TKZ80 pr\u00e9sente le premier bras fa\u00e7onn\u00e9 et construit en t\u00f4le Weldox 700. Cette caract\u00e9ristique permet \u00e0 l&rsquo;op\u00e9rateur de franchir [&hellip;]<\/p>\n","protected":false},"featured_media":6491,"template":"","meta":{"_acf_changed":false,"inline_featured_image":false},"product_brand":[],"product_cat":[77],"product_tag":[],"class_list":{"0":"post-6490","1":"product","2":"type-product","3":"status-publish","4":"has-post-thumbnail","6":"product_cat-debroussailleuses-hydrauliques","8":"first","9":"instock","10":"shipping-taxable","11":"product-type-simple"},"acf":[],"_links":{"self":[{"href":"https:\/\/ferrisrl.it\/fr\/wp-json\/wp\/v2\/product\/6490","targetHints":{"allow":["GET"]}}],"collection":[{"href":"https:\/\/ferrisrl.it\/fr\/wp-json\/wp\/v2\/product"}],"about":[{"href":"https:\/\/ferrisrl.it\/fr\/wp-json\/wp\/v2\/types\/product"}],"wp:featuredmedia":[{"embeddable":true,"href":"https:\/\/ferrisrl.it\/fr\/wp-json\/wp\/v2\/media\/6491"}],"wp:attachment":[{"href":"https:\/\/ferrisrl.it\/fr\/wp-json\/wp\/v2\/media?parent=6490"}],"wp:term":[{"taxonomy":"product_brand","embeddable":true,"href":"https:\/\/ferrisrl.it\/fr\/wp-json\/wp\/v2\/product_brand?post=6490"},{"taxonomy":"product_cat","embeddable":true,"href":"https:\/\/ferrisrl.it\/fr\/wp-json\/wp\/v2\/product_cat?post=6490"},{"taxonomy":"product_tag","embeddable":true,"href":"https:\/\/ferrisrl.it\/fr\/wp-json\/wp\/v2\/product_tag?post=6490"}],"curies":[{"name":"wp","href":"https:\/\/api.w.org\/{rel}","templated":true}]}}