{"id":6493,"date":"2024-07-16T12:30:42","date_gmt":"2024-07-16T10:30:42","guid":{"rendered":"http:\/\/www.ferrisrl.it\/prodotto\/tkd-power\/"},"modified":"2025-06-26T23:20:44","modified_gmt":"2025-06-26T21:20:44","slug":"tkd-power","status":"publish","type":"product","link":"https:\/\/ferrisrl.it\/fr\/produit\/tkd-power\/?countries=Italia","title":{"rendered":"TKD Power"},"content":{"rendered":"<p>Les d\u00e9broussailleuses hydrauliques de la s\u00e9rie TKD ont \u00e9t\u00e9 con\u00e7ues pour une utilisation hautement professionnelle, par cons\u00e9quent la qualit\u00e9 et la fiabilit\u00e9 de chaque composant choisi refl\u00e8te la n\u00e9cessit\u00e9 de servir une utilisation intense. En sont l\u2019exemple la motorisation \u00e0 piston en circuit ferm\u00e9, le couplage des pompes avec un multiplicateur h\u00e9lico\u00efdal en fonte \u00e0 transmission de couple \u00e9lev\u00e9e ; les goupilles et les douilles ciment\u00e9es et tremp\u00e9es, les tuyaux hydrauliques du groupe de broyage tr\u00e8s r\u00e9sistants \u00e0 l\u2019abrasion. La s\u00e9rie TKD se caract\u00e9rise par un \u00ab parall\u00e9logramme \u00bb mobile capable d\u2019avancer hydrauliquement de 245 cm pour le second bras et par cons\u00e9quent la position du corps tranchant. Cette caract\u00e9ristique permet \u00e0 l\u2019op\u00e9rateur professionnel de manoeuvrer la machine sans avoir \u00e0 tourner la t\u00eate ni \u00e0 regarder en arri\u00e8re, procurant ainsi un confort consid\u00e9rable. La position du support pivotant d\u00e9place le centre de gravit\u00e9 de la machine vers une position optimale pour une plus grande stabilit\u00e9 et un meilleur confort de conduite.<\/p>\n","protected":false},"excerpt":{"rendered":"<p>Les d\u00e9broussailleuses hydrauliques de la s\u00e9rie TKD ont \u00e9t\u00e9 con\u00e7ues pour une utilisation hautement professionnelle, par cons\u00e9quent la qualit\u00e9 et la fiabilit\u00e9 de chaque composant choisi refl\u00e8te la n\u00e9cessit\u00e9 de servir une utilisation intense. En sont l\u2019exemple la motorisation \u00e0 piston en circuit ferm\u00e9, le couplage des pompes avec un multiplicateur h\u00e9lico\u00efdal en fonte \u00e0 [&hellip;]<\/p>\n","protected":false},"featured_media":6494,"template":"","meta":{"_acf_changed":false,"inline_featured_image":false},"product_brand":[],"product_cat":[77],"product_tag":[],"class_list":{"0":"post-6493","1":"product","2":"type-product","3":"status-publish","4":"has-post-thumbnail","6":"product_cat-debroussailleuses-hydrauliques","8":"first","9":"instock","10":"shipping-taxable","11":"product-type-simple"},"acf":[],"_links":{"self":[{"href":"https:\/\/ferrisrl.it\/fr\/wp-json\/wp\/v2\/product\/6493","targetHints":{"allow":["GET"]}}],"collection":[{"href":"https:\/\/ferrisrl.it\/fr\/wp-json\/wp\/v2\/product"}],"about":[{"href":"https:\/\/ferrisrl.it\/fr\/wp-json\/wp\/v2\/types\/product"}],"wp:featuredmedia":[{"embeddable":true,"href":"https:\/\/ferrisrl.it\/fr\/wp-json\/wp\/v2\/media\/6494"}],"wp:attachment":[{"href":"https:\/\/ferrisrl.it\/fr\/wp-json\/wp\/v2\/media?parent=6493"}],"wp:term":[{"taxonomy":"product_brand","embeddable":true,"href":"https:\/\/ferrisrl.it\/fr\/wp-json\/wp\/v2\/product_brand?post=6493"},{"taxonomy":"product_cat","embeddable":true,"href":"https:\/\/ferrisrl.it\/fr\/wp-json\/wp\/v2\/product_cat?post=6493"},{"taxonomy":"product_tag","embeddable":true,"href":"https:\/\/ferrisrl.it\/fr\/wp-json\/wp\/v2\/product_tag?post=6493"}],"curies":[{"name":"wp","href":"https:\/\/api.w.org\/{rel}","templated":true}]}}