{"id":6503,"date":"2024-07-16T12:34:19","date_gmt":"2024-07-16T10:34:19","guid":{"rendered":"http:\/\/www.ferrisrl.it\/prodotto\/tkp-power\/"},"modified":"2025-06-26T23:21:20","modified_gmt":"2025-06-26T21:21:20","slug":"tkp-power","status":"publish","type":"product","link":"https:\/\/ferrisrl.it\/fr\/produit\/tkp-power\/?countries=USA","title":{"rendered":"TKP Power"},"content":{"rendered":"<p>Les d\u00e9broussailleuses hydrauliques de la s\u00e9rie TKP ont \u00e9t\u00e9 con\u00e7ues pour une utilisation hautement professionnelle, par cons\u00e9quent la qualit\u00e9 et la fiabilit\u00e9 de chaque composant choisi refl\u00e8te la n\u00e9cessit\u00e9 de servir une utilisation intense. En sont l\u2019exemple la motorisation \u00e0 piston en circuit ferm\u00e9, le couplage des pompes avec un multiplicateur h\u00e9lico\u00efdal en fonte \u00e0 transmission de couple \u00e9lev\u00e9e ; les goupilles et les douilles ciment\u00e9es et tremp\u00e9es, les tuyaux hydrauliques du groupe de broyage tr\u00e8s r\u00e9sistants \u00e0 l\u2019abrasion. La position du support pivotant d\u00e9place le centre de gravit\u00e9 de la machine vers une position optimale pour une plus grande stabilit\u00e9 et un meilleur confort de conduite. Deux paires de v\u00e9rins aliment\u00e9s en parall\u00e8le pour d\u00e9placer le premier et le deuxi\u00e8me bras assurent une manoeuvrabilit\u00e9 tr\u00e8s pr\u00e9cise et stable. De plus, ces derniers sont tous plac\u00e9s sur la face sup\u00e9rieure du tube d\u2019acier afin d\u2019\u00e9liminer l\u2019encombrement sous le bras et donc le risque de heurter des objets d\u00e9passant du sol tels que bornes, piquets, gardecorps.<\/p>\n","protected":false},"excerpt":{"rendered":"<p>Les d\u00e9broussailleuses hydrauliques de la s\u00e9rie TKP ont \u00e9t\u00e9 con\u00e7ues pour une utilisation hautement professionnelle, par cons\u00e9quent la qualit\u00e9 et la fiabilit\u00e9 de chaque composant choisi refl\u00e8te la n\u00e9cessit\u00e9 de servir une utilisation intense. En sont l\u2019exemple la motorisation \u00e0 piston en circuit ferm\u00e9, le couplage des pompes avec un multiplicateur h\u00e9lico\u00efdal en fonte \u00e0 [&hellip;]<\/p>\n","protected":false},"featured_media":6504,"template":"","meta":{"_acf_changed":false,"inline_featured_image":false},"product_brand":[],"product_cat":[77],"product_tag":[],"class_list":{"0":"post-6503","1":"product","2":"type-product","3":"status-publish","4":"has-post-thumbnail","6":"product_cat-debroussailleuses-hydrauliques","8":"first","9":"instock","10":"shipping-taxable","11":"product-type-simple"},"acf":[],"_links":{"self":[{"href":"https:\/\/ferrisrl.it\/fr\/wp-json\/wp\/v2\/product\/6503","targetHints":{"allow":["GET"]}}],"collection":[{"href":"https:\/\/ferrisrl.it\/fr\/wp-json\/wp\/v2\/product"}],"about":[{"href":"https:\/\/ferrisrl.it\/fr\/wp-json\/wp\/v2\/types\/product"}],"wp:featuredmedia":[{"embeddable":true,"href":"https:\/\/ferrisrl.it\/fr\/wp-json\/wp\/v2\/media\/6504"}],"wp:attachment":[{"href":"https:\/\/ferrisrl.it\/fr\/wp-json\/wp\/v2\/media?parent=6503"}],"wp:term":[{"taxonomy":"product_brand","embeddable":true,"href":"https:\/\/ferrisrl.it\/fr\/wp-json\/wp\/v2\/product_brand?post=6503"},{"taxonomy":"product_cat","embeddable":true,"href":"https:\/\/ferrisrl.it\/fr\/wp-json\/wp\/v2\/product_cat?post=6503"},{"taxonomy":"product_tag","embeddable":true,"href":"https:\/\/ferrisrl.it\/fr\/wp-json\/wp\/v2\/product_tag?post=6503"}],"curies":[{"name":"wp","href":"https:\/\/api.w.org\/{rel}","templated":true}]}}