{"id":6514,"date":"2024-07-16T12:43:36","date_gmt":"2024-07-16T10:43:36","guid":{"rendered":"http:\/\/www.ferrisrl.it\/prodotto\/tsf-600-tsf-600-d\/"},"modified":"2025-06-05T10:59:32","modified_gmt":"2025-06-05T08:59:32","slug":"tsf-600-tsf-600-d","status":"publish","type":"product","link":"https:\/\/ferrisrl.it\/fr\/produit\/tsf-600-tsf-600-d\/?countries=francia","title":{"rendered":"TSF 600 &#8211; TSF 600 D"},"content":{"rendered":"<p>La gamme des d\u00e9broussailleuses TSF a \u00e9t\u00e9 mise au point dans le but d&rsquo;obtenir le maximum de visibilit\u00e9 et donc de confort de travail pour l&rsquo;op\u00e9rateur. La TSF offre une grande polyvalence gr\u00e2ce \u00e0 la r\u00e9versibilit\u00e9. En effet la TSF600 est capable de travailler \u00e0 droite comme \u00e0 gauche. Attel\u00e9e \u00e0 l&rsquo;avant du tracteur (en position frontale), c&rsquo;est l&rsquo;outil parfait pour broyer de l&rsquo;herbe, des ronces et autres plantes invasives pr\u00e9sentes en bordure de route.<\/p>\n","protected":false},"excerpt":{"rendered":"<p>La gamme des d\u00e9broussailleuses TSF a \u00e9t\u00e9 mise au point dans le but d&rsquo;obtenir le maximum de visibilit\u00e9 et donc de confort de travail pour l&rsquo;op\u00e9rateur. La TSF offre une grande polyvalence gr\u00e2ce \u00e0 la r\u00e9versibilit\u00e9. En effet la TSF600 est capable de travailler \u00e0 droite comme \u00e0 gauche. Attel\u00e9e \u00e0 l&rsquo;avant du tracteur (en [&hellip;]<\/p>\n","protected":false},"featured_media":6515,"template":"","meta":{"_acf_changed":false,"inline_featured_image":false},"product_brand":[],"product_cat":[77],"product_tag":[],"class_list":{"0":"post-6514","1":"product","2":"type-product","3":"status-publish","4":"has-post-thumbnail","6":"product_cat-debroussailleuses-hydrauliques","8":"first","9":"instock","10":"shipping-taxable","11":"product-type-simple"},"acf":[],"_links":{"self":[{"href":"https:\/\/ferrisrl.it\/fr\/wp-json\/wp\/v2\/product\/6514","targetHints":{"allow":["GET"]}}],"collection":[{"href":"https:\/\/ferrisrl.it\/fr\/wp-json\/wp\/v2\/product"}],"about":[{"href":"https:\/\/ferrisrl.it\/fr\/wp-json\/wp\/v2\/types\/product"}],"wp:featuredmedia":[{"embeddable":true,"href":"https:\/\/ferrisrl.it\/fr\/wp-json\/wp\/v2\/media\/6515"}],"wp:attachment":[{"href":"https:\/\/ferrisrl.it\/fr\/wp-json\/wp\/v2\/media?parent=6514"}],"wp:term":[{"taxonomy":"product_brand","embeddable":true,"href":"https:\/\/ferrisrl.it\/fr\/wp-json\/wp\/v2\/product_brand?post=6514"},{"taxonomy":"product_cat","embeddable":true,"href":"https:\/\/ferrisrl.it\/fr\/wp-json\/wp\/v2\/product_cat?post=6514"},{"taxonomy":"product_tag","embeddable":true,"href":"https:\/\/ferrisrl.it\/fr\/wp-json\/wp\/v2\/product_tag?post=6514"}],"curies":[{"name":"wp","href":"https:\/\/api.w.org\/{rel}","templated":true}]}}