{"id":6524,"date":"2024-07-16T14:32:51","date_gmt":"2024-07-16T12:32:51","guid":{"rendered":"http:\/\/www.ferrisrl.it\/prodotto\/ski-dx-ski-dx-sx\/"},"modified":"2025-06-05T10:57:53","modified_gmt":"2025-06-05T08:57:53","slug":"ski-dx-ski-dx-sx","status":"publish","type":"product","link":"https:\/\/ferrisrl.it\/fr\/produit\/ski-dx-ski-dx-sx\/?countries=francia","title":{"rendered":"SKI DX &#8211; SKI DX-SX"},"content":{"rendered":"<p>Les faucheuses sous glissi\u00e8res frontales de la s\u00e9rie SKI sont con\u00e7ues et construites pour couper l\u2019herbe sur les bords de routes et d\u2019autoroutes, en particulier en pr\u00e9sence de garde-corps, de bornes en plastique et de plantes. Le syst\u00e8me de s\u00e9curit\u00e9 permet l\u2019arr\u00eat imm\u00e9diat du disque de coupe lors du levage du m\u00e2t. Sans interrompre la coupe de l\u2019herbe par le disque interne. \u00c9quip\u00e9e d\u2019un attelage trois points avant, la gamme SKI peut \u00eatre mont\u00e9e sur des tracteurs avec prise de force avant et relevage.<\/p>\n","protected":false},"excerpt":{"rendered":"<p>Les faucheuses sous glissi\u00e8res frontales de la s\u00e9rie SKI sont con\u00e7ues et construites pour couper l\u2019herbe sur les bords de routes et d\u2019autoroutes, en particulier en pr\u00e9sence de garde-corps, de bornes en plastique et de plantes. Le syst\u00e8me de s\u00e9curit\u00e9 permet l\u2019arr\u00eat imm\u00e9diat du disque de coupe lors du levage du m\u00e2t. Sans interrompre la [&hellip;]<\/p>\n","protected":false},"featured_media":6525,"template":"","meta":{"_acf_changed":false,"inline_featured_image":false},"product_brand":[],"product_cat":[77],"product_tag":[],"class_list":{"0":"post-6524","1":"product","2":"type-product","3":"status-publish","4":"has-post-thumbnail","6":"product_cat-debroussailleuses-hydrauliques","8":"first","9":"instock","10":"shipping-taxable","11":"product-type-simple"},"acf":[],"_links":{"self":[{"href":"https:\/\/ferrisrl.it\/fr\/wp-json\/wp\/v2\/product\/6524","targetHints":{"allow":["GET"]}}],"collection":[{"href":"https:\/\/ferrisrl.it\/fr\/wp-json\/wp\/v2\/product"}],"about":[{"href":"https:\/\/ferrisrl.it\/fr\/wp-json\/wp\/v2\/types\/product"}],"wp:featuredmedia":[{"embeddable":true,"href":"https:\/\/ferrisrl.it\/fr\/wp-json\/wp\/v2\/media\/6525"}],"wp:attachment":[{"href":"https:\/\/ferrisrl.it\/fr\/wp-json\/wp\/v2\/media?parent=6524"}],"wp:term":[{"taxonomy":"product_brand","embeddable":true,"href":"https:\/\/ferrisrl.it\/fr\/wp-json\/wp\/v2\/product_brand?post=6524"},{"taxonomy":"product_cat","embeddable":true,"href":"https:\/\/ferrisrl.it\/fr\/wp-json\/wp\/v2\/product_cat?post=6524"},{"taxonomy":"product_tag","embeddable":true,"href":"https:\/\/ferrisrl.it\/fr\/wp-json\/wp\/v2\/product_tag?post=6524"}],"curies":[{"name":"wp","href":"https:\/\/api.w.org\/{rel}","templated":true}]}}