{"id":6531,"date":"2024-07-17T09:20:51","date_gmt":"2024-07-17T07:20:51","guid":{"rendered":"http:\/\/www.ferrisrl.it\/prodotto\/tfcb-f-2\/"},"modified":"2025-06-26T22:47:27","modified_gmt":"2025-06-26T20:47:27","slug":"tfcb-f","status":"publish","type":"product","link":"https:\/\/ferrisrl.it\/fr\/produit\/tfcb-f\/?countries=Italia","title":{"rendered":"TFCB\/F"},"content":{"rendered":"<p>Les broyeurs forestiers l\u00e9gers mod\u00e8le TFCB\/F sont id\u00e9aux pour broyer des branches et des buissons jusqu\u2019\u00e0 20 cm de diam\u00e8tre en combinaison avec des tracteurs de petite et moyenne taille. Indiqu\u00e9 pour l\u2019entretien des routes, des lignes \u00e9lectriques et le nettoyage des for\u00eats apr\u00e8s la r\u00e9colte du bois. Le mod\u00e8le TFCB\/F est \u00e9quip\u00e9 d\u2019un rotor robuste \u00e0 outils fixes, de s\u00e9rie. Les outils et leurs supports sont en acier forg\u00e9 de haute r\u00e9sistance avec inserts en carbure de tungst\u00e8ne. Le rotor \u00e0 outils fixes permet une consommation limit\u00e9e de puissance du tracteur, surtout pendant les phases de d\u00e9marrage des travaux et une longue dur\u00e9e dans le temps. Le remplacement des outils est rapide et facile en toutes conditions de travail.<\/p>\n","protected":false},"excerpt":{"rendered":"<p>Les broyeurs forestiers l\u00e9gers mod\u00e8le TFCB\/F sont id\u00e9aux pour broyer des branches et des buissons jusqu\u2019\u00e0 20 cm de diam\u00e8tre en combinaison avec des tracteurs de petite et moyenne taille. Indiqu\u00e9 pour l\u2019entretien des routes, des lignes \u00e9lectriques et le nettoyage des for\u00eats apr\u00e8s la r\u00e9colte du bois. Le mod\u00e8le TFCB\/F est \u00e9quip\u00e9 d\u2019un rotor [&hellip;]<\/p>\n","protected":false},"featured_media":6533,"template":"","meta":{"_acf_changed":false,"inline_featured_image":false},"product_brand":[],"product_cat":[78],"product_tag":[],"class_list":{"0":"post-6531","1":"product","2":"type-product","3":"status-publish","4":"has-post-thumbnail","6":"product_cat-broyeurs-forestiers","8":"first","9":"instock","10":"shipping-taxable","11":"product-type-simple"},"acf":[],"_links":{"self":[{"href":"https:\/\/ferrisrl.it\/fr\/wp-json\/wp\/v2\/product\/6531","targetHints":{"allow":["GET"]}}],"collection":[{"href":"https:\/\/ferrisrl.it\/fr\/wp-json\/wp\/v2\/product"}],"about":[{"href":"https:\/\/ferrisrl.it\/fr\/wp-json\/wp\/v2\/types\/product"}],"wp:featuredmedia":[{"embeddable":true,"href":"https:\/\/ferrisrl.it\/fr\/wp-json\/wp\/v2\/media\/6533"}],"wp:attachment":[{"href":"https:\/\/ferrisrl.it\/fr\/wp-json\/wp\/v2\/media?parent=6531"}],"wp:term":[{"taxonomy":"product_brand","embeddable":true,"href":"https:\/\/ferrisrl.it\/fr\/wp-json\/wp\/v2\/product_brand?post=6531"},{"taxonomy":"product_cat","embeddable":true,"href":"https:\/\/ferrisrl.it\/fr\/wp-json\/wp\/v2\/product_cat?post=6531"},{"taxonomy":"product_tag","embeddable":true,"href":"https:\/\/ferrisrl.it\/fr\/wp-json\/wp\/v2\/product_tag?post=6531"}],"curies":[{"name":"wp","href":"https:\/\/api.w.org\/{rel}","templated":true}]}}