{"id":6555,"date":"2024-07-17T09:23:38","date_gmt":"2024-07-17T07:23:38","guid":{"rendered":"http:\/\/www.ferrisrl.it\/prodotto\/tfc-dt-f-2000\/"},"modified":"2025-06-26T22:49:25","modified_gmt":"2025-06-26T20:49:25","slug":"tfc-dt-f-2000","status":"publish","type":"product","link":"https:\/\/ferrisrl.it\/fr\/produit\/tfc-dt-f-2000\/?countries=USA","title":{"rendered":"TFC-DT"},"content":{"rendered":"<p>La gamme de puissants broyeurs forestiers TFC est express\u00e9ment d\u00e9di\u00e9e \u00e0 l\u2019entretien des espaces verts et des broussailles non cultiv\u00e9s, \u00e0 la cr\u00e9ation et \u00e0 l\u2019entretien des chemins coupe-feu, remblais et voies ferr\u00e9es contamin\u00e9s par les arbustes, etc. Les principales caract\u00e9ristiques de ces machines sont le ch\u00e2ssis enti\u00e8rement en acier \u00e0 haut rendement, le t\u00f4le de blindage interne en HARDOX 400 et le rotor qui, avec des marteaux forg\u00e9s ou des outils fixes, assure un diam\u00e8tre de coupe jusqu\u2019\u00e0 25 cm. La consolidation des c\u00f4t\u00e9s renforce le corps de la machine \u00e9vitant ainsi d\u2019\u00e9ventuelles fissures dues aux d\u00e9chirures et aux pressions. Autres d\u00e9tails importants : le v\u00e9rin hydraulique pour l\u2019ouverture du capot, les 2 contre-couteaux d\u2019une \u00e9paisseur de 20 mm, les patins de support de grandes dimensions, la transmission \u00e0 5 courroies, les protections avant avec 2 rang\u00e9es de cha\u00eenes, etc.<\/p>\n","protected":false},"excerpt":{"rendered":"<p>La gamme de puissants broyeurs forestiers TFC est express\u00e9ment d\u00e9di\u00e9e \u00e0 l\u2019entretien des espaces verts et des broussailles non cultiv\u00e9s, \u00e0 la cr\u00e9ation et \u00e0 l\u2019entretien des chemins coupe-feu, remblais et voies ferr\u00e9es contamin\u00e9s par les arbustes, etc. Les principales caract\u00e9ristiques de ces machines sont le ch\u00e2ssis enti\u00e8rement en acier \u00e0 haut rendement, le t\u00f4le [&hellip;]<\/p>\n","protected":false},"featured_media":6556,"template":"","meta":{"_acf_changed":false,"inline_featured_image":false},"product_brand":[],"product_cat":[78],"product_tag":[],"class_list":{"0":"post-6555","1":"product","2":"type-product","3":"status-publish","4":"has-post-thumbnail","6":"product_cat-broyeurs-forestiers","8":"first","9":"instock","10":"shipping-taxable","11":"product-type-simple"},"acf":[],"_links":{"self":[{"href":"https:\/\/ferrisrl.it\/fr\/wp-json\/wp\/v2\/product\/6555","targetHints":{"allow":["GET"]}}],"collection":[{"href":"https:\/\/ferrisrl.it\/fr\/wp-json\/wp\/v2\/product"}],"about":[{"href":"https:\/\/ferrisrl.it\/fr\/wp-json\/wp\/v2\/types\/product"}],"wp:featuredmedia":[{"embeddable":true,"href":"https:\/\/ferrisrl.it\/fr\/wp-json\/wp\/v2\/media\/6556"}],"wp:attachment":[{"href":"https:\/\/ferrisrl.it\/fr\/wp-json\/wp\/v2\/media?parent=6555"}],"wp:term":[{"taxonomy":"product_brand","embeddable":true,"href":"https:\/\/ferrisrl.it\/fr\/wp-json\/wp\/v2\/product_brand?post=6555"},{"taxonomy":"product_cat","embeddable":true,"href":"https:\/\/ferrisrl.it\/fr\/wp-json\/wp\/v2\/product_cat?post=6555"},{"taxonomy":"product_tag","embeddable":true,"href":"https:\/\/ferrisrl.it\/fr\/wp-json\/wp\/v2\/product_tag?post=6555"}],"curies":[{"name":"wp","href":"https:\/\/api.w.org\/{rel}","templated":true}]}}