{"id":6810,"date":"2024-07-16T11:16:39","date_gmt":"2024-07-16T09:16:39","guid":{"rendered":"http:\/\/www.ferrisrl.it\/prodotto\/icut-3-40\/"},"modified":"2025-07-04T09:46:17","modified_gmt":"2025-07-04T07:46:17","slug":"icut-3-40","status":"publish","type":"product","link":"https:\/\/ferrisrl.it\/fr\/produit\/icut-3-40\/?countries=francia","title":{"rendered":"iCUT 3.40"},"content":{"rendered":"<p>Les porte-outils radiocommand\u00e9s de la gamme iCUT garantissent une fiabilit\u00e9 maximale dans les situations les plus critiques et difficiles en assurant toujours une adh\u00e9rence et une traction optimales.<br \/>\nId\u00e9al pour l\u2019entretien \u00e0 distance des berges et des talus, de zones d\u00e9limit\u00e9es, des espaces communaux et des services publics, garantissant le maximum de la s\u00e9curit\u00e9 pour l\u2019op\u00e9rateur.<\/p>\n","protected":false},"excerpt":{"rendered":"<p>Les porte-outils radiocommand\u00e9s de la gamme iCUT garantissent une fiabilit\u00e9 maximale dans les situations les plus critiques et difficiles en assurant toujours une adh\u00e9rence et une traction optimales. Id\u00e9al pour l\u2019entretien \u00e0 distance des berges et des talus, de zones d\u00e9limit\u00e9es, des espaces communaux et des services publics, garantissant le maximum de la s\u00e9curit\u00e9 pour [&hellip;]<\/p>\n","protected":false},"featured_media":9507,"template":"","meta":{"_acf_changed":false,"inline_featured_image":false},"product_brand":[],"product_cat":[81],"product_tag":[97],"class_list":{"0":"post-6810","1":"product","2":"type-product","3":"status-publish","4":"has-post-thumbnail","6":"product_cat-porte-outils-radiocommande","7":"product_tag-icut-340-fr","9":"first","10":"instock","11":"shipping-taxable","12":"product-type-simple"},"acf":[],"_links":{"self":[{"href":"https:\/\/ferrisrl.it\/fr\/wp-json\/wp\/v2\/product\/6810","targetHints":{"allow":["GET"]}}],"collection":[{"href":"https:\/\/ferrisrl.it\/fr\/wp-json\/wp\/v2\/product"}],"about":[{"href":"https:\/\/ferrisrl.it\/fr\/wp-json\/wp\/v2\/types\/product"}],"wp:featuredmedia":[{"embeddable":true,"href":"https:\/\/ferrisrl.it\/fr\/wp-json\/wp\/v2\/media\/9507"}],"wp:attachment":[{"href":"https:\/\/ferrisrl.it\/fr\/wp-json\/wp\/v2\/media?parent=6810"}],"wp:term":[{"taxonomy":"product_brand","embeddable":true,"href":"https:\/\/ferrisrl.it\/fr\/wp-json\/wp\/v2\/product_brand?post=6810"},{"taxonomy":"product_cat","embeddable":true,"href":"https:\/\/ferrisrl.it\/fr\/wp-json\/wp\/v2\/product_cat?post=6810"},{"taxonomy":"product_tag","embeddable":true,"href":"https:\/\/ferrisrl.it\/fr\/wp-json\/wp\/v2\/product_tag?post=6810"}],"curies":[{"name":"wp","href":"https:\/\/api.w.org\/{rel}","templated":true}]}}