{"id":6816,"date":"2024-07-16T11:16:59","date_gmt":"2024-07-16T09:16:59","guid":{"rendered":"http:\/\/www.ferrisrl.it\/?post_type=product&#038;p=6816"},"modified":"2025-06-09T11:07:30","modified_gmt":"2025-06-09T09:07:30","slug":"icut-3-60","status":"publish","type":"product","link":"https:\/\/ferrisrl.it\/fr\/produit\/icut-3-60\/?countries=Francia","title":{"rendered":"iCut 3.60"},"content":{"rendered":"<p>iCUT est la famille de porte-outils radiocommand\u00e9s professionnels con\u00e7us pour des travaux particuli\u00e8rement exigeants ou dans des environnements potentiellement critiques pour l&rsquo;op\u00e9rateur, offrant un contr\u00f4le maximal et une man\u0153uvrabilit\u00e9 optimale dans des zones difficiles d&rsquo;acc\u00e8s et accident\u00e9es. Gr\u00e2ce \u00e0 leur stabilit\u00e9 exceptionnelle, \u00e0 des commandes intuitives au bout des doigts et \u00e0 une port\u00e9e de la t\u00e9l\u00e9commande allant jusqu&rsquo;\u00e0 150-200 m\u00e8tres, ces machines facilitent un travail qui, autrefois, demandait beaucoup de temps, de main-d&rsquo;\u0153uvre et comportait des risques potentiels.<\/p>\n","protected":false},"excerpt":{"rendered":"<p>iCUT est la famille de porte-outils radiocommand\u00e9s professionnels con\u00e7us pour des travaux particuli\u00e8rement exigeants ou dans des environnements potentiellement critiques pour l&rsquo;op\u00e9rateur, offrant un contr\u00f4le maximal et une man\u0153uvrabilit\u00e9 optimale dans des zones difficiles d&rsquo;acc\u00e8s et accident\u00e9es. Gr\u00e2ce \u00e0 leur stabilit\u00e9 exceptionnelle, \u00e0 des commandes intuitives au bout des doigts et \u00e0 une port\u00e9e de [&hellip;]<\/p>\n","protected":false},"featured_media":6817,"template":"","meta":{"_acf_changed":false,"inline_featured_image":false},"product_brand":[],"product_cat":[81],"product_tag":[90],"class_list":{"0":"post-6816","1":"product","2":"type-product","3":"status-publish","4":"has-post-thumbnail","6":"product_cat-porte-outils-radiocommande","7":"product_tag-icut360fr","9":"first","10":"instock","11":"shipping-taxable","12":"product-type-simple"},"acf":[],"_links":{"self":[{"href":"https:\/\/ferrisrl.it\/fr\/wp-json\/wp\/v2\/product\/6816","targetHints":{"allow":["GET"]}}],"collection":[{"href":"https:\/\/ferrisrl.it\/fr\/wp-json\/wp\/v2\/product"}],"about":[{"href":"https:\/\/ferrisrl.it\/fr\/wp-json\/wp\/v2\/types\/product"}],"wp:featuredmedia":[{"embeddable":true,"href":"https:\/\/ferrisrl.it\/fr\/wp-json\/wp\/v2\/media\/6817"}],"wp:attachment":[{"href":"https:\/\/ferrisrl.it\/fr\/wp-json\/wp\/v2\/media?parent=6816"}],"wp:term":[{"taxonomy":"product_brand","embeddable":true,"href":"https:\/\/ferrisrl.it\/fr\/wp-json\/wp\/v2\/product_brand?post=6816"},{"taxonomy":"product_cat","embeddable":true,"href":"https:\/\/ferrisrl.it\/fr\/wp-json\/wp\/v2\/product_cat?post=6816"},{"taxonomy":"product_tag","embeddable":true,"href":"https:\/\/ferrisrl.it\/fr\/wp-json\/wp\/v2\/product_tag?post=6816"}],"curies":[{"name":"wp","href":"https:\/\/api.w.org\/{rel}","templated":true}]}}