{"id":7085,"date":"2024-07-11T17:40:41","date_gmt":"2024-07-11T15:40:41","guid":{"rendered":"http:\/\/www.ferrisrl.it\/prodotto\/me-mer\/"},"modified":"2025-06-26T22:36:30","modified_gmt":"2025-06-26T20:36:30","slug":"me-mer","status":"publish","type":"product","link":"https:\/\/ferrisrl.it\/fr\/produit\/me-mer\/?countries=italia","title":{"rendered":"ME-MER"},"content":{"rendered":"<p>Con\u00e7u pour broyer l\u2019herbe, les ronces, etc. dans les parcs, terrains de sport, jardins. Ils sont pr\u00e9f\u00e9r\u00e9s en raison de leur faible absorption de puissance et de leur dimensions compact pour un faible encombrement.<\/p>\n","protected":false},"excerpt":{"rendered":"<p>Con\u00e7u pour broyer l\u2019herbe, les ronces, etc. dans les parcs, terrains de sport, jardins. Ils sont pr\u00e9f\u00e9r\u00e9s en raison de leur faible absorption de puissance et de leur dimensions compact pour un faible encombrement.<\/p>\n","protected":false},"featured_media":7086,"template":"","meta":{"_acf_changed":false,"inline_featured_image":false},"product_brand":[],"product_cat":[75],"product_tag":[],"class_list":{"0":"post-7085","1":"product","2":"type-product","3":"status-publish","4":"has-post-thumbnail","6":"product_cat-broyeurs","8":"first","9":"instock","10":"shipping-taxable","11":"product-type-simple"},"acf":[],"_links":{"self":[{"href":"https:\/\/ferrisrl.it\/fr\/wp-json\/wp\/v2\/product\/7085","targetHints":{"allow":["GET"]}}],"collection":[{"href":"https:\/\/ferrisrl.it\/fr\/wp-json\/wp\/v2\/product"}],"about":[{"href":"https:\/\/ferrisrl.it\/fr\/wp-json\/wp\/v2\/types\/product"}],"wp:featuredmedia":[{"embeddable":true,"href":"https:\/\/ferrisrl.it\/fr\/wp-json\/wp\/v2\/media\/7086"}],"wp:attachment":[{"href":"https:\/\/ferrisrl.it\/fr\/wp-json\/wp\/v2\/media?parent=7085"}],"wp:term":[{"taxonomy":"product_brand","embeddable":true,"href":"https:\/\/ferrisrl.it\/fr\/wp-json\/wp\/v2\/product_brand?post=7085"},{"taxonomy":"product_cat","embeddable":true,"href":"https:\/\/ferrisrl.it\/fr\/wp-json\/wp\/v2\/product_cat?post=7085"},{"taxonomy":"product_tag","embeddable":true,"href":"https:\/\/ferrisrl.it\/fr\/wp-json\/wp\/v2\/product_tag?post=7085"}],"curies":[{"name":"wp","href":"https:\/\/api.w.org\/{rel}","templated":true}]}}