{"id":7299,"date":"2024-07-12T12:12:35","date_gmt":"2024-07-12T10:12:35","guid":{"rendered":"http:\/\/www.ferrisrl.it\/?post_type=product&#038;p=7299"},"modified":"2025-06-04T17:13:43","modified_gmt":"2025-06-04T15:13:43","slug":"f","status":"publish","type":"product","link":"https:\/\/ferrisrl.it\/fr\/produit\/f\/?countries=Italia","title":{"rendered":"F"},"content":{"rendered":"<p>Les broyeurs de la s\u00e9rie F sont id\u00e9aux pour le broyage en plein champ, en particulier pour le ma\u00efs, la paille, le soja, le tournesol et le riz.<\/p>\n","protected":false},"excerpt":{"rendered":"<p>Les broyeurs de la s\u00e9rie F sont id\u00e9aux pour le broyage en plein champ, en particulier pour le ma\u00efs, la paille, le soja, le tournesol et le riz.<\/p>\n","protected":false},"featured_media":7301,"template":"","meta":{"_acf_changed":false,"inline_featured_image":false},"product_brand":[],"product_cat":[75],"product_tag":[],"class_list":{"0":"post-7299","1":"product","2":"type-product","3":"status-publish","4":"has-post-thumbnail","6":"product_cat-broyeurs","8":"first","9":"instock","10":"shipping-taxable","11":"product-type-simple"},"acf":[],"_links":{"self":[{"href":"https:\/\/ferrisrl.it\/fr\/wp-json\/wp\/v2\/product\/7299","targetHints":{"allow":["GET"]}}],"collection":[{"href":"https:\/\/ferrisrl.it\/fr\/wp-json\/wp\/v2\/product"}],"about":[{"href":"https:\/\/ferrisrl.it\/fr\/wp-json\/wp\/v2\/types\/product"}],"wp:featuredmedia":[{"embeddable":true,"href":"https:\/\/ferrisrl.it\/fr\/wp-json\/wp\/v2\/media\/7301"}],"wp:attachment":[{"href":"https:\/\/ferrisrl.it\/fr\/wp-json\/wp\/v2\/media?parent=7299"}],"wp:term":[{"taxonomy":"product_brand","embeddable":true,"href":"https:\/\/ferrisrl.it\/fr\/wp-json\/wp\/v2\/product_brand?post=7299"},{"taxonomy":"product_cat","embeddable":true,"href":"https:\/\/ferrisrl.it\/fr\/wp-json\/wp\/v2\/product_cat?post=7299"},{"taxonomy":"product_tag","embeddable":true,"href":"https:\/\/ferrisrl.it\/fr\/wp-json\/wp\/v2\/product_tag?post=7299"}],"curies":[{"name":"wp","href":"https:\/\/api.w.org\/{rel}","templated":true}]}}